{"id":3055,"date":"2023-04-26T07:34:33","date_gmt":"2023-04-26T05:34:33","guid":{"rendered":"https:\/\/ultrasuoni.pdr-server.it\/privacy-policy\/"},"modified":"2025-01-15T18:01:35","modified_gmt":"2025-01-15T16:01:35","slug":"privacy-policy","status":"publish","type":"page","link":"https:\/\/ultrasuoni.pdr-server.it\/es\/privacy-policy\/","title":{"rendered":"Privacy Policy"},"content":{"rendered":"\t\t<div data-elementor-type=\"wp-page\" data-elementor-id=\"3055\" class=\"elementor elementor-3055 elementor-3\" data-elementor-post-type=\"page\">\n\t\t\t\t<div class=\"elementor-element elementor-element-0a82bbe e-con-full e-flex e-con e-parent\" data-id=\"0a82bbe\" data-element_type=\"container\">\n\t\t\t\t<div class=\"elementor-element elementor-element-edcc344 elementor-widget elementor-widget-text-editor\" data-id=\"edcc344\" data-element_type=\"widget\" data-widget_type=\"text-editor.default\">\n\t\t\t\t<div class=\"elementor-widget-container\">\n\t\t\t\t\t\t\t\t\t<p>AVISO DE PRIVACIDAD<br \/>EN VIRTUD DEL ART\u00cdCULO 13 DEL REGLAMENTO (UE) 2016\/679<\/p>\n<p>Querido usuario,<\/p>\n<p>este documento se le entrega en cumplimiento del art\u00edculo 13 del Reglamento UE 2016\/679 (denominado RGPD) que, en relaci\u00f3n con el tratamiento de datos personales, prev\u00e9 la obligaci\u00f3n para el responsable del tratamiento que recoge los datos del interesado de dar la \u00e9sta, como persona f\u00edsica, una serie de informaci\u00f3n espec\u00edfica sobre su gesti\u00f3n cuando se obtengan dichos datos.<\/p>\n<p>A estos efectos, por lo tanto, le entregamos la presente informaci\u00f3n relativa al tratamiento de los datos personales que usted nos facilitar\u00e1 cuando navegue por nuestro sitio y, en concreto, cuando utilice el servicio \u00abSolicitar m\u00e1s informaci\u00f3n\u00bb que consiste en la cumplimentaci\u00f3n de un formulario en l\u00ednea formulario, ingresando nombre, apellido, n\u00famero de tel\u00e9fono, direcci\u00f3n de correo electr\u00f3nico, asunto y mensaje con el fin de ser contactado para recibir m\u00e1s informaci\u00f3n sobre nuestros servicios y la solicitud del servicio \u00abNewsletter\u00bb, que consiste en la recepci\u00f3n por nuestra parte de una serie de correos electr\u00f3nicos informativos sobre nuestros productos\/servicios.<\/p>\n<p><b>ART.1 \u2013 IDENTIDAD Y DATOS DE CONTACTO DEL TITULAR DEL TRATAMIENTO<\/b><\/p>\n<p>(ver art.13, c.1, letra a, RGPD) El responsable del tratamiento de los datos personales que nos proporcione ser\u00e1 ULTRASUONI MORONI SRL, P.Iva 12954860966, con domicilio social en 20017 Via V. Buzzi, 13 &#8211; Rho (MI), cuyos datos de contacto son los siguientes:<\/p>\n<p>N\u00famero de tel\u00e9fono +39 02 6439242<br \/>e-mail: marcello.moroni@ultrasuoni.it.<\/p>\n<p><b>ART.2 \u2013 DATOS DE CONTACTO DEL RESPONSABLE DE PROTECCI\u00d3N DE DATOS (DPO) (ver art.13, c.1, lett.b, GDPR) <\/b><br \/>El tipo concreto de tratamiento de datos, as\u00ed como la actividad profesional realizada, no exigen la designaci\u00f3n preceptiva de un delegado de protecci\u00f3n de datos.<\/p>\n<p><b>ART.3 \u2013 FINALIDAD Y BASE JUR\u00cdDICA DEL TRATAMIENTO DE DATOS (cfr. art.13, c.1, lett.c, RGPD) <\/b><br \/>El tratamiento de datos tendr\u00e1 como finalidad dar seguimiento a su solicitud de ser contactado para recibir m\u00e1s informaci\u00f3n sobre nuestros servicios y dar seguimiento al env\u00edo de una serie de correos electr\u00f3nicos informativos sobre nuestros productos\/servicios. El tratamiento se basar\u00e1 en el consentimiento del interesado, que deber\u00e1 prestar mediante la firma de las declaraciones al pie de esta declaraci\u00f3n de privacidad a las que se referir\u00e1 expresamente el consentimiento.<\/p>\n<p><b>ART.4 \u2013 INTERESES LEG\u00cdTIMOS PERSEGUIDOS POR EL TITULAR DEL TRATAMIENTO (cfr. art.13, c.1, lett.d, RGPD) <\/b><br \/>El tratamiento no es necesario para la b\u00fasqueda del inter\u00e9s leg\u00edtimo del responsable del tratamiento o de terceros.<\/p>\n<p><b>ART.5 \u2013 DESTINATARIOS O CATEGOR\u00cdAS DE DESTINATARIOS DE DATOS PERSONALES (cf. art.13, c.1, letra e, RGPD) <\/b><br \/>El procesamiento no incluye destinatarios o categor\u00edas de destinatarios de datos personales.<\/p>\n<p><b>ART.6 \u2013 TRANSFERENCIA DE DATOS A PA\u00cdSES FUERA DE LA UE U ORGANIZACIONES INTERNACIONALES (ver art.13, c.1, letra f, RGPD) <\/b><br \/>El tratamiento no implica la transferencia de datos a pa\u00edses no comunitarios u organizaciones internacionales.<\/p>\n<p><b>ART.7 \u2013 PLAZO DE CONSERVACI\u00d3N DE DATOS O CRITERIOS DE DETERMINACI\u00d3N RELACIONADOS (ver art.13, c.2, letra a, RGPD) <\/b><br \/>Los datos del usuario se conservar\u00e1n \u00fanicamente durante el tiempo necesario para garantizar la correcta prestaci\u00f3n de los servicios ofrecidos.<\/p>\n<p><b>ART.8 \u2013 DERECHOS DEL INTERESADO (cfr. art.13, c.2, lett.b, GDPR) <\/b><br \/>El interesado tiene derecho a solicitar al responsable del tratamiento el acceso a los datos personales y su rectificaci\u00f3n, cancelaci\u00f3n o limitaci\u00f3n del tratamiento u oposici\u00f3n al tratamiento, as\u00ed como el derecho a la portabilidad de los datos.<\/p>\n<p><b>ART.9 \u2013 RETIRO DEL CONSENTIMIENTO (cfr. art.13, c.2, lett.c, GDPR) <\/b><br \/>El interesado tiene derecho a revocar el consentimiento al tratamiento en cualquier momento; de conformidad con el art\u00edculo 13, c.2, letra c, RGPD, la retirada del consentimiento no afectar\u00e1 a la licitud del tratamiento basado en el consentimiento prestado antes de la revocaci\u00f3n.<\/p>\n<p><b>ART.10 \u2013 QUEJA (cf. art.13, c.2, letra d, RGPD) <\/b><br \/>El interesado tiene derecho a presentar una reclamaci\u00f3n ante una autoridad de control.<\/p>\n<p><b>ART.11 \u2013 OBLIGACI\u00d3N O NECESIDAD DE SUMINISTRAR DATOS (cfr. art.13, c.2, letra e, RGPD) <\/b><br \/>La comunicaci\u00f3n de datos personales es un requisito necesario para que el usuario pueda ser contactado para recibir m\u00e1s informaci\u00f3n sobre nuestros servicios. El interesado no tiene obligaci\u00f3n legal de facilitar tales datos, pero ello imposibilitar\u00e1 el seguimiento de su solicitud de ser contactado de nuevo para recibir m\u00e1s informaci\u00f3n sobre nuestros servicios. La comunicaci\u00f3n de datos personales es un requisito necesario para que el usuario pueda recibir nuestra newsletter. El interesado no tiene obligaci\u00f3n legal de facilitar dichos datos, pero ello imposibilitar\u00e1 el seguimiento de nuestro env\u00edo de los correos electr\u00f3nicos de informaci\u00f3n solicitados.<\/p>\n<p><b>ART.12 \u2013 PROCESOS AUTOMATIZADOS DE TOMA DE DECISIONES (cf. art.13, c.2, letra f, RGPD)<\/b><br \/>El tratamiento no estar\u00e1 sujeto a un proceso de toma de decisiones automatizado.<\/p>\n<p><b>ART.13 \u2013 DISTINTAS FINALIDADES DEL TRATAMIENTO (cfr. art.13, c.3, RGPD) <\/b><br \/>El procesamiento no tendr\u00e1 lugar para fines distintos a los establecidos en el art\u00edculo 3.<\/p>\n<p><b>Atentamente, ULTRASUONI MORONI SRL<\/b><\/p>\n\t\t\t\t\t\t\t\t<\/div>\n\t\t\t\t<\/div>\n\t\t\t\t<\/div>\n\t\t\t\t<\/div>\n\t\t","protected":false},"excerpt":{"rendered":"<p>AVISO DE PRIVACIDAD EN VIRTUD DEL ART\u00cdCULO 13 DEL REGLAMENTO (UE) 2016\/679 Querido usuario, este documento se le entrega en cumplimiento del art\u00edculo 13 del Reglamento UE 2016\/679 (denominado RGPD) que, en relaci\u00f3n con el tratamiento de datos personales, prev\u00e9 la obligaci\u00f3n para el responsable del tratamiento que recoge los datos del interesado de dar [&hellip;]<\/p>\n","protected":false},"author":1,"featured_media":0,"parent":0,"menu_order":0,"comment_status":"closed","ping_status":"open","template":"","meta":{"footnotes":""},"class_list":["post-3055","page","type-page","status-publish","hentry"],"_links":{"self":[{"href":"https:\/\/ultrasuoni.pdr-server.it\/es\/wp-json\/wp\/v2\/pages\/3055","targetHints":{"allow":["GET"]}}],"collection":[{"href":"https:\/\/ultrasuoni.pdr-server.it\/es\/wp-json\/wp\/v2\/pages"}],"about":[{"href":"https:\/\/ultrasuoni.pdr-server.it\/es\/wp-json\/wp\/v2\/types\/page"}],"author":[{"embeddable":true,"href":"https:\/\/ultrasuoni.pdr-server.it\/es\/wp-json\/wp\/v2\/users\/1"}],"replies":[{"embeddable":true,"href":"https:\/\/ultrasuoni.pdr-server.it\/es\/wp-json\/wp\/v2\/comments?post=3055"}],"version-history":[{"count":1,"href":"https:\/\/ultrasuoni.pdr-server.it\/es\/wp-json\/wp\/v2\/pages\/3055\/revisions"}],"predecessor-version":[{"id":6160,"href":"https:\/\/ultrasuoni.pdr-server.it\/es\/wp-json\/wp\/v2\/pages\/3055\/revisions\/6160"}],"wp:attachment":[{"href":"https:\/\/ultrasuoni.pdr-server.it\/es\/wp-json\/wp\/v2\/media?parent=3055"}],"curies":[{"name":"wp","href":"https:\/\/api.w.org\/{rel}","templated":true}]}}