{"id":3048,"date":"2023-07-07T11:27:18","date_gmt":"2023-07-07T09:27:18","guid":{"rendered":"https:\/\/ultrasuoni.pdr-server.it\/generadores-de-ultrasonido-moroni\/"},"modified":"2023-08-09T09:53:46","modified_gmt":"2023-08-09T07:53:46","slug":"generadores-de-ultrasonido-moroni","status":"publish","type":"page","link":"https:\/\/ultrasuoni.pdr-server.it\/es\/generadores-de-ultrasonido-moroni\/","title":{"rendered":"Generadores de Ultrasonido Moroni"},"content":{"rendered":"\t\t<div data-elementor-type=\"wp-page\" data-elementor-id=\"3048\" class=\"elementor elementor-3048 elementor-2795\" data-elementor-post-type=\"page\">\n\t\t\t\t<div class=\"elementor-element elementor-element-cced9ef e-con-full e-flex e-con e-parent\" data-id=\"cced9ef\" data-element_type=\"container\">\n\t\t<div class=\"elementor-element elementor-element-1a25633 e-con-full animated-slow e-flex elementor-invisible e-con e-parent\" data-id=\"1a25633\" data-element_type=\"container\" data-settings=\"{&quot;animation&quot;:&quot;fadeInLeft&quot;}\">\n\t\t\t\t<div class=\"elementor-element elementor-element-41acdf2 elementor-widget__width-initial elementor-widget-tablet__width-initial elementor-widget elementor-widget-heading\" data-id=\"41acdf2\" data-element_type=\"widget\" data-widget_type=\"heading.default\">\n\t\t\t\t<div class=\"elementor-widget-container\">\n\t\t\t\t\t<h1 class=\"elementor-heading-title elementor-size-default\">Generadores de Ultrasonido Moroni desde 1963<\/h1>\t\t\t\t<\/div>\n\t\t\t\t<\/div>\n\t\t\t\t<div class=\"elementor-element elementor-element-abec01e elementor-widget-divider--view-line elementor-widget elementor-widget-divider\" data-id=\"abec01e\" data-element_type=\"widget\" data-widget_type=\"divider.default\">\n\t\t\t\t<div class=\"elementor-widget-container\">\n\t\t\t\t\t\t\t<div class=\"elementor-divider\">\n\t\t\t<span class=\"elementor-divider-separator\">\n\t\t\t\t\t\t<\/span>\n\t\t<\/div>\n\t\t\t\t\t\t<\/div>\n\t\t\t\t<\/div>\n\t\t\t\t<div class=\"elementor-element elementor-element-2162f3b elementor-widget elementor-widget-heading\" data-id=\"2162f3b\" data-element_type=\"widget\" data-widget_type=\"heading.default\">\n\t\t\t\t<div class=\"elementor-widget-container\">\n\t\t\t\t\t<h3 class=\"elementor-heading-title elementor-size-default\">Generadores de ultrasonido Moroni<\/h3>\t\t\t\t<\/div>\n\t\t\t\t<\/div>\n\t\t\t\t<div class=\"elementor-element elementor-element-93c615c elementor-widget__width-initial elementor-widget-tablet__width-inherit elementor-widget elementor-widget-text-editor\" data-id=\"93c615c\" data-element_type=\"widget\" data-widget_type=\"text-editor.default\">\n\t\t\t\t<div class=\"elementor-widget-container\">\n\t\t\t\t\t\t\t\t\t<p>Lo m\u00e1s moderno y actual que se ha creado en este sector. Son el resultado de una continua evoluci\u00f3n en m\u00e1s de 50 a\u00f1os de actividad.<\/p>\n<p>Moroni Ultrasuoni construye equipos de lavado por ultrasonidos desde el 1963.<\/p>\n<p>Ha adoptado todas las tecnolog\u00edas del sector: de los generadores giratorios a los que tienen SCR o los actuales generadores con IGBT, de los transductores magnetostrictivos a los \u00faltimos piezoel\u00e9ctricos con elementos PZT, que utilizan materiales cer\u00e1micos sinterizados en titanato y zirconato de plomo y de bario.<\/p>\n\t\t\t\t\t\t\t\t<\/div>\n\t\t\t\t<\/div>\n\t\t\t\t<\/div>\n\t\t<div class=\"elementor-element elementor-element-0e55ad7 e-con-full animated-slow e-flex elementor-invisible e-con e-parent\" data-id=\"0e55ad7\" data-element_type=\"container\" data-settings=\"{&quot;animation&quot;:&quot;fadeInRight&quot;}\">\n\t\t\t\t<div class=\"elementor-element elementor-element-8ce75b6 elementor-widget elementor-widget-heading\" data-id=\"8ce75b6\" data-element_type=\"widget\" data-widget_type=\"heading.default\">\n\t\t\t\t<div class=\"elementor-widget-container\">\n\t\t\t\t\t<h3 class=\"elementor-heading-title elementor-size-default\">Conceptos fundamentales - Principios de funcionamiento<\/h3>\t\t\t\t<\/div>\n\t\t\t\t<\/div>\n\t\t\t\t<div class=\"elementor-element elementor-element-fc07f9c elementor-widget elementor-widget-image\" data-id=\"fc07f9c\" data-element_type=\"widget\" data-widget_type=\"image.default\">\n\t\t\t\t<div class=\"elementor-widget-container\">\n\t\t\t\t\t\t\t\t\t\t\t\t\t\t\t<img fetchpriority=\"high\" decoding=\"async\" width=\"768\" height=\"723\" src=\"https:\/\/ultrasuoni.pdr-server.it\/wp-content\/uploads\/Pagina-Note-Tecniche-768x723-1.jpg\" class=\"attachment-large size-large wp-image-2808\" alt=\"note tecniche lavaggio ad ultrasuoni\" srcset=\"https:\/\/ultrasuoni.pdr-server.it\/wp-content\/uploads\/Pagina-Note-Tecniche-768x723-1.jpg 768w, https:\/\/ultrasuoni.pdr-server.it\/wp-content\/uploads\/Pagina-Note-Tecniche-768x723-1-300x282.jpg 300w, https:\/\/ultrasuoni.pdr-server.it\/wp-content\/uploads\/Pagina-Note-Tecniche-768x723-1-20x20.jpg 20w\" sizes=\"(max-width: 768px) 100vw, 768px\" \/>\t\t\t\t\t\t\t\t\t\t\t\t\t\t\t<\/div>\n\t\t\t\t<\/div>\n\t\t\t\t<div class=\"elementor-element elementor-element-75c74f6 elementor-widget elementor-widget-button\" data-id=\"75c74f6\" data-element_type=\"widget\" data-widget_type=\"button.default\">\n\t\t\t\t<div class=\"elementor-widget-container\">\n\t\t\t\t\t\t\t\t\t<div class=\"elementor-button-wrapper\">\n\t\t\t\t\t<a class=\"elementor-button elementor-button-link elementor-size-lg\" href=\"https:\/\/ultrasuoni.pdr-server.it\/es\/maquinas-de-lavado-con-ultrasonidos\/generadores-y-transductores-por-ultrasonidos\/\">\n\t\t\t\t\t\t<span class=\"elementor-button-content-wrapper\">\n\t\t\t\t\t\t\t\t\t<span class=\"elementor-button-text\">Ir a Generadores y Transductores <\/span>\n\t\t\t\t\t<\/span>\n\t\t\t\t\t<\/a>\n\t\t\t\t<\/div>\n\t\t\t\t\t\t\t\t<\/div>\n\t\t\t\t<\/div>\n\t\t\t\t<\/div>\n\t\t\t\t<\/div>\n\t\t<div class=\"elementor-element elementor-element-521088d e-con-full e-flex e-con e-parent\" data-id=\"521088d\" data-element_type=\"container\" data-settings=\"{&quot;background_background&quot;:&quot;classic&quot;}\">\n\t\t<div class=\"elementor-element elementor-element-633c4bd e-con-full animated-slow e-flex elementor-invisible e-con e-parent\" data-id=\"633c4bd\" data-element_type=\"container\" data-settings=\"{&quot;animation&quot;:&quot;fadeInLeft&quot;}\">\n\t\t\t\t<div class=\"elementor-element elementor-element-5133f15 elementor-widget elementor-widget-heading\" data-id=\"5133f15\" data-element_type=\"widget\" data-widget_type=\"heading.default\">\n\t\t\t\t<div class=\"elementor-widget-container\">\n\t\t\t\t\t<h3 class=\"elementor-heading-title elementor-size-default\">En el transcurso de 50 a\u00f1os de actuaci\u00f3n en el sector, hemos experimentado muchos usos de nuestros equipos de ultrasonido diferentes al lavado, hablamos de dos en particular que se aplican con m\u00e1s frecuencia:<\/h3>\t\t\t\t<\/div>\n\t\t\t\t<\/div>\n\t\t\t\t<div class=\"elementor-element elementor-element-0029ec6 elementor-widget-divider--view-line elementor-widget elementor-widget-divider\" data-id=\"0029ec6\" data-element_type=\"widget\" data-widget_type=\"divider.default\">\n\t\t\t\t<div class=\"elementor-widget-container\">\n\t\t\t\t\t\t\t<div class=\"elementor-divider\">\n\t\t\t<span class=\"elementor-divider-separator\">\n\t\t\t\t\t\t<\/span>\n\t\t<\/div>\n\t\t\t\t\t\t<\/div>\n\t\t\t\t<\/div>\n\t\t\t\t<div class=\"elementor-element elementor-element-979b9a6 elementor-widget elementor-widget-heading\" data-id=\"979b9a6\" data-element_type=\"widget\" data-widget_type=\"heading.default\">\n\t\t\t\t<div class=\"elementor-widget-container\">\n\t\t\t\t\t<h3 class=\"elementor-heading-title elementor-size-default\">DESGASIFICACI\u00d3N con transductores ultras\u00f3nicos<\/h3>\t\t\t\t<\/div>\n\t\t\t\t<\/div>\n\t\t\t\t<div class=\"elementor-element elementor-element-a14575e elementor-widget__width-initial elementor-widget-tablet__width-inherit elementor-widget elementor-widget-text-editor\" data-id=\"a14575e\" data-element_type=\"widget\" data-widget_type=\"text-editor.default\">\n\t\t\t\t<div class=\"elementor-widget-container\">\n\t\t\t\t\t\t\t\t\t<p>Un interesante campo de aplicaci\u00f3n de los transductores ultras\u00f3nicos es la disoluci\u00f3n de gases en l\u00edquidos (agua o disolventes).<\/p>\n<p>La solubilidad de los gases en los l\u00edquidos est\u00e1 determinada por la ley de Henry, seg\u00fan la cual la cantidad de gas disuelto en un l\u00edquido es proporcional a su presi\u00f3n parcial. Por lo tanto, la reducci\u00f3n de la presi\u00f3n provocada por la acci\u00f3n de los generadores y transductores de ultrasonidos implica una disminuci\u00f3n de la solubilidad del gas, por lo que estos se liberan en la superficie de la cuba.<\/p>\n\t\t\t\t\t\t\t\t<\/div>\n\t\t\t\t<\/div>\n\t\t\t\t<\/div>\n\t\t<div class=\"elementor-element elementor-element-fcb2eeb e-con-full animated-slow e-flex elementor-invisible e-con e-parent\" data-id=\"fcb2eeb\" data-element_type=\"container\" data-settings=\"{&quot;animation&quot;:&quot;fadeInRight&quot;}\">\n\t\t\t\t<div class=\"elementor-element elementor-element-62f2fd1 elementor-widget elementor-widget-heading\" data-id=\"62f2fd1\" data-element_type=\"widget\" data-widget_type=\"heading.default\">\n\t\t\t\t<div class=\"elementor-widget-container\">\n\t\t\t\t\t<h3 class=\"elementor-heading-title elementor-size-default\">Acci\u00f3n de los transductores ultras\u00f3nicos en la industria alimentaria - SONICATION<\/h3>\t\t\t\t<\/div>\n\t\t\t\t<\/div>\n\t\t\t\t<div class=\"elementor-element elementor-element-78ef636 elementor-widget__width-initial elementor-widget-tablet__width-inherit elementor-widget elementor-widget-text-editor\" data-id=\"78ef636\" data-element_type=\"widget\" data-widget_type=\"text-editor.default\">\n\t\t\t\t<div class=\"elementor-widget-container\">\n\t\t\t\t\t\t\t\t\t<p>Una nueva tendencia se est\u00e1 extendiendo en la industria alimentaria: la de reducir el uso de tratamientos t\u00e9rmicos para conservar todas las caracter\u00edsticas nutricionales y organol\u00e9pticas de los productos alimenticios<\/p>\n<p>La conservaci\u00f3n de los alimentos se basa en m\u00e9todos y t\u00e9cnicas que tienen como objetivo decelerar o bloquear el proceso natural de alteraci\u00f3n, manteniendo bajo control o destruyendo completamente la carga microbiana.<\/p>\n<p>Con modos de acci\u00f3n diversos, las t\u00e9cnicas de conservaci\u00f3n de los alimentos tienen el objetivo com\u00fan de crear un ambiente desfavorable a la vida, al desarrollo y a la actividad de los microorganismos.<\/p>\n<p>Entre estas t\u00e9cnicas innovadoras se incluye la sonicaci\u00f3n, que tiene como principio la utilizaci\u00f3n de los generadores y transductores por ultrasonidos.<\/p>\n\t\t\t\t\t\t\t\t<\/div>\n\t\t\t\t<\/div>\n\t\t\t\t<div class=\"elementor-element elementor-element-7fbe2e3 elementor-widget-divider--view-line elementor-widget elementor-widget-divider\" data-id=\"7fbe2e3\" data-element_type=\"widget\" data-widget_type=\"divider.default\">\n\t\t\t\t<div class=\"elementor-widget-container\">\n\t\t\t\t\t\t\t<div class=\"elementor-divider\">\n\t\t\t<span class=\"elementor-divider-separator\">\n\t\t\t\t\t\t<\/span>\n\t\t<\/div>\n\t\t\t\t\t\t<\/div>\n\t\t\t\t<\/div>\n\t\t\t\t<div class=\"elementor-element elementor-element-9d48c3e elementor-widget elementor-widget-button\" data-id=\"9d48c3e\" data-element_type=\"widget\" data-widget_type=\"button.default\">\n\t\t\t\t<div class=\"elementor-widget-container\">\n\t\t\t\t\t\t\t\t\t<div class=\"elementor-button-wrapper\">\n\t\t\t\t\t<a class=\"elementor-button elementor-button-link elementor-size-lg\" href=\"#contattaci\">\n\t\t\t\t\t\t<span class=\"elementor-button-content-wrapper\">\n\t\t\t\t\t\t\t\t\t<span class=\"elementor-button-text\">Cont\u00e1ctenos<\/span>\n\t\t\t\t\t<\/span>\n\t\t\t\t\t<\/a>\n\t\t\t\t<\/div>\n\t\t\t\t\t\t\t\t<\/div>\n\t\t\t\t<\/div>\n\t\t\t\t<\/div>\n\t\t\t\t<\/div>\n\t\t\t\t<\/div>\n\t\t","protected":false},"excerpt":{"rendered":"<p>Generadores de Ultrasonido Moroni desde 1963 Generadores de ultrasonido Moroni Lo m\u00e1s moderno y actual que se ha creado en este sector. Son el resultado de una continua evoluci\u00f3n en m\u00e1s de 50 a\u00f1os de actividad. Moroni Ultrasuoni construye equipos de lavado por ultrasonidos desde el 1963. Ha adoptado todas las tecnolog\u00edas del sector: de [&hellip;]<\/p>\n","protected":false},"author":1,"featured_media":0,"parent":0,"menu_order":0,"comment_status":"closed","ping_status":"closed","template":"","meta":{"footnotes":""},"class_list":["post-3048","page","type-page","status-publish","hentry"],"_links":{"self":[{"href":"https:\/\/ultrasuoni.pdr-server.it\/es\/wp-json\/wp\/v2\/pages\/3048","targetHints":{"allow":["GET"]}}],"collection":[{"href":"https:\/\/ultrasuoni.pdr-server.it\/es\/wp-json\/wp\/v2\/pages"}],"about":[{"href":"https:\/\/ultrasuoni.pdr-server.it\/es\/wp-json\/wp\/v2\/types\/page"}],"author":[{"embeddable":true,"href":"https:\/\/ultrasuoni.pdr-server.it\/es\/wp-json\/wp\/v2\/users\/1"}],"replies":[{"embeddable":true,"href":"https:\/\/ultrasuoni.pdr-server.it\/es\/wp-json\/wp\/v2\/comments?post=3048"}],"version-history":[{"count":0,"href":"https:\/\/ultrasuoni.pdr-server.it\/es\/wp-json\/wp\/v2\/pages\/3048\/revisions"}],"wp:attachment":[{"href":"https:\/\/ultrasuoni.pdr-server.it\/es\/wp-json\/wp\/v2\/media?parent=3048"}],"curies":[{"name":"wp","href":"https:\/\/api.w.org\/{rel}","templated":true}]}}