{"id":3030,"date":"2023-06-07T10:59:54","date_gmt":"2023-06-07T08:59:54","guid":{"rendered":"https:\/\/ultrasuoni.pdr-server.it\/tecnica-de-lavado-por-ultrasonidos\/desgasificacion-con-ultrasonidos\/"},"modified":"2024-05-13T18:02:37","modified_gmt":"2024-05-13T16:02:37","slug":"desgasificacion-con-ultrasonidos","status":"publish","type":"page","link":"https:\/\/ultrasuoni.pdr-server.it\/es\/tecnica-de-lavado-por-ultrasonidos\/desgasificacion-con-ultrasonidos\/","title":{"rendered":"Desgasificaci\u00f3n Con Ultrasonidos"},"content":{"rendered":"\t\t<div data-elementor-type=\"wp-page\" data-elementor-id=\"3030\" class=\"elementor elementor-3030 elementor-1483\" data-elementor-post-type=\"page\">\n\t\t\t\t<div class=\"elementor-element elementor-element-6273d6cf e-con-full e-flex e-con e-parent\" data-id=\"6273d6cf\" data-element_type=\"container\">\n\t\t<div class=\"elementor-element elementor-element-7ac70031 e-con-full animated-slow e-flex e-con e-child\" data-id=\"7ac70031\" data-element_type=\"container\" data-settings=\"{&quot;animation&quot;:&quot;none&quot;}\">\n\t\t\t\t<div class=\"elementor-element elementor-element-412f3e32 elementor-widget__width-initial elementor-widget-tablet__width-initial elementor-widget elementor-widget-heading\" data-id=\"412f3e32\" data-element_type=\"widget\" data-widget_type=\"heading.default\">\n\t\t\t\t<div class=\"elementor-widget-container\">\n\t\t\t\t\t<h1 class=\"elementor-heading-title elementor-size-default\">Desgasificaci\u00f3n Con Ultrasonidos<\/h1>\t\t\t\t<\/div>\n\t\t\t\t<\/div>\n\t\t\t\t<div class=\"elementor-element elementor-element-7e5e4784 elementor-widget-divider--view-line elementor-widget elementor-widget-divider\" data-id=\"7e5e4784\" data-element_type=\"widget\" data-widget_type=\"divider.default\">\n\t\t\t\t<div class=\"elementor-widget-container\">\n\t\t\t\t\t\t\t<div class=\"elementor-divider\">\n\t\t\t<span class=\"elementor-divider-separator\">\n\t\t\t\t\t\t<\/span>\n\t\t<\/div>\n\t\t\t\t\t\t<\/div>\n\t\t\t\t<\/div>\n\t\t\t\t<div class=\"elementor-element elementor-element-164a61f8 elementor-widget elementor-widget-heading\" data-id=\"164a61f8\" data-element_type=\"widget\" data-widget_type=\"heading.default\">\n\t\t\t\t<div class=\"elementor-widget-container\">\n\t\t\t\t\t<h3 class=\"elementor-heading-title elementor-size-default\">Eliminaci\u00f3n de gas por ultrasonidos en los l\u00edquidos<\/h3>\t\t\t\t<\/div>\n\t\t\t\t<\/div>\n\t\t\t\t<div class=\"elementor-element elementor-element-6cc65228 elementor-widget__width-initial elementor-widget-tablet__width-inherit elementor-widget elementor-widget-text-editor\" data-id=\"6cc65228\" data-element_type=\"widget\" data-widget_type=\"text-editor.default\">\n\t\t\t\t<div class=\"elementor-widget-container\">\n\t\t\t\t\t\t\t\t\t<p>La <strong>desgasificaci\u00f3n con ultrasonidos<\/strong> consiste en la eliminaci\u00f3n de los gases disueltos en los l\u00edquidos de lavado. Es completamente indispensable para una buena propagaci\u00f3n de las ondas sonoras en el l\u00edquido de lavado.<\/p>\n<p>En su interior, se detecta la presencia de aire en forma de numerosas burbujas gaseosas. Estas impiden una buena propagaci\u00f3n de las ondas de ultrasonidos generadas por los <strong>transductores PZT<\/strong>.<\/p>\n<p>El motivo es que la velocidad del sonido es directamente proporcional a la densidad del medio en que se propaga: por ejemplo, en el acero es de 5.000 m\/s, en el agua es de 1.000 m\/s, en el aire es de 330 m\/s.<br \/>La onda sonora, al viajar en el l\u00edquido de lavado a 1.000 m\/s, cuando encuentra una burbuja de aire decelera y se desv\u00eda; si se encuentra con otra burbuja de aire, se vuelve a desviar y si las burbujas de aire est\u00e1n muy cercanas, incluso vuelve hacia atr\u00e1s.<\/p>\n<p>La desgasificaci\u00f3n con ultrasonidos se produce de forma espont\u00e1nea, pero requiere un cierto tiempo (10-15 min. con l\u00edquidos calientes). Para acelerar este proceso, nuestros <strong>generadores por ultrasonidos<\/strong> tienen una funci\u00f3n especial llamada justamente <strong>DEGASSING<\/strong>. Gracias a esta, de forma autom\u00e1tica y durante periodos de tiempo breves, se introducen trenes de onda compuestos por varias frecuencias.<br \/>De esta manera, se acelera la liberaci\u00f3n del aire en todo el volumen de la cuba y la acci\u00f3n de los ultrasonidos llega pronto a la m\u00e1xima eficiencia.<\/p>\n\t\t\t\t\t\t\t\t<\/div>\n\t\t\t\t<\/div>\n\t\t\t\t<\/div>\n\t\t<div class=\"elementor-element elementor-element-1046b55c e-con-full animated-slow e-flex e-con e-child\" data-id=\"1046b55c\" data-element_type=\"container\" data-settings=\"{&quot;animation&quot;:&quot;none&quot;}\">\n\t\t\t\t<div class=\"elementor-element elementor-element-151bf684 elementor-widget elementor-widget-gallery\" data-id=\"151bf684\" data-element_type=\"widget\" data-settings=\"{&quot;gap&quot;:{&quot;unit&quot;:&quot;px&quot;,&quot;size&quot;:11,&quot;sizes&quot;:[]},&quot;aspect_ratio&quot;:&quot;1:1&quot;,&quot;columns_tablet&quot;:4,&quot;lazyload&quot;:&quot;yes&quot;,&quot;gallery_layout&quot;:&quot;grid&quot;,&quot;columns&quot;:4,&quot;columns_mobile&quot;:1,&quot;gap_tablet&quot;:{&quot;unit&quot;:&quot;px&quot;,&quot;size&quot;:10,&quot;sizes&quot;:[]},&quot;gap_mobile&quot;:{&quot;unit&quot;:&quot;px&quot;,&quot;size&quot;:10,&quot;sizes&quot;:[]},&quot;link_to&quot;:&quot;file&quot;,&quot;overlay_background&quot;:&quot;yes&quot;,&quot;content_hover_animation&quot;:&quot;fade-in&quot;}\" data-widget_type=\"gallery.default\">\n\t\t\t\t<div class=\"elementor-widget-container\">\n\t\t\t\t\t\t\t<div class=\"elementor-gallery__container\">\n\t\t\t\t\t\t\t<a class=\"e-gallery-item elementor-gallery-item elementor-animated-content\" href=\"https:\/\/ultrasuoni.pdr-server.it\/wp-content\/uploads\/degassing2_web-150x150-1.jpg\" data-elementor-open-lightbox=\"yes\" data-elementor-lightbox-slideshow=\"151bf684\" data-elementor-lightbox-title=\"degassing2_web-150x150\" data-e-action-hash=\"#elementor-action%3Aaction%3Dlightbox%26settings%3DeyJpZCI6MjQ4MiwidXJsIjoiaHR0cHM6XC9cL3VsdHJhc3VvbmkucGRyLXNlcnZlci5pdFwvd3AtY29udGVudFwvdXBsb2Fkc1wvZGVnYXNzaW5nMl93ZWItMTUweDE1MC0xLmpwZyIsInNsaWRlc2hvdyI6IjE1MWJmNjg0In0%3D\">\n\t\t\t\t\t<div class=\"e-gallery-image elementor-gallery-item__image\" data-thumbnail=\"https:\/\/ultrasuoni.pdr-server.it\/wp-content\/uploads\/degassing2_web-150x150-1.jpg\" data-width=\"150\" data-height=\"150\" aria-label=\"\" role=\"img\" ><\/div>\n\t\t\t\t\t\t\t\t\t\t\t<div class=\"elementor-gallery-item__overlay\"><\/div>\n\t\t\t\t\t\t\t\t\t\t\t\t\t\t<\/a>\n\t\t\t\t\t\t\t<a class=\"e-gallery-item elementor-gallery-item elementor-animated-content\" href=\"https:\/\/ultrasuoni.pdr-server.it\/wp-content\/uploads\/degassing4_web-150x118-150x118-1.jpg\" data-elementor-open-lightbox=\"yes\" data-elementor-lightbox-slideshow=\"151bf684\" data-elementor-lightbox-title=\"degassing4_web-150x118-150x118\" data-e-action-hash=\"#elementor-action%3Aaction%3Dlightbox%26settings%3DeyJpZCI6MjQ4NSwidXJsIjoiaHR0cHM6XC9cL3VsdHJhc3VvbmkucGRyLXNlcnZlci5pdFwvd3AtY29udGVudFwvdXBsb2Fkc1wvZGVnYXNzaW5nNF93ZWItMTUweDExOC0xNTB4MTE4LTEuanBnIiwic2xpZGVzaG93IjoiMTUxYmY2ODQifQ%3D%3D\">\n\t\t\t\t\t<div class=\"e-gallery-image elementor-gallery-item__image\" data-thumbnail=\"https:\/\/ultrasuoni.pdr-server.it\/wp-content\/uploads\/degassing4_web-150x118-150x118-1.jpg\" data-width=\"150\" data-height=\"118\" aria-label=\"\" role=\"img\" ><\/div>\n\t\t\t\t\t\t\t\t\t\t\t<div class=\"elementor-gallery-item__overlay\"><\/div>\n\t\t\t\t\t\t\t\t\t\t\t\t\t\t<\/a>\n\t\t\t\t\t\t\t<a class=\"e-gallery-item elementor-gallery-item elementor-animated-content\" href=\"https:\/\/ultrasuoni.pdr-server.it\/wp-content\/uploads\/degassing8-150x150-1.jpg\" data-elementor-open-lightbox=\"yes\" data-elementor-lightbox-slideshow=\"151bf684\" data-elementor-lightbox-title=\"degassing8-150x150\" data-e-action-hash=\"#elementor-action%3Aaction%3Dlightbox%26settings%3DeyJpZCI6MjQ4OCwidXJsIjoiaHR0cHM6XC9cL3VsdHJhc3VvbmkucGRyLXNlcnZlci5pdFwvd3AtY29udGVudFwvdXBsb2Fkc1wvZGVnYXNzaW5nOC0xNTB4MTUwLTEuanBnIiwic2xpZGVzaG93IjoiMTUxYmY2ODQifQ%3D%3D\">\n\t\t\t\t\t<div class=\"e-gallery-image elementor-gallery-item__image\" data-thumbnail=\"https:\/\/ultrasuoni.pdr-server.it\/wp-content\/uploads\/degassing8-150x150-1.jpg\" data-width=\"150\" data-height=\"150\" aria-label=\"\" role=\"img\" ><\/div>\n\t\t\t\t\t\t\t\t\t\t\t<div class=\"elementor-gallery-item__overlay\"><\/div>\n\t\t\t\t\t\t\t\t\t\t\t\t\t\t<\/a>\n\t\t\t\t\t\t\t<a class=\"e-gallery-item elementor-gallery-item elementor-animated-content\" href=\"https:\/\/ultrasuoni.pdr-server.it\/wp-content\/uploads\/dissolved-150x150-1.gif\" data-elementor-open-lightbox=\"yes\" data-elementor-lightbox-slideshow=\"151bf684\" data-elementor-lightbox-title=\"dissolved-150x150\" data-e-action-hash=\"#elementor-action%3Aaction%3Dlightbox%26settings%3DeyJpZCI6MjQ5MSwidXJsIjoiaHR0cHM6XC9cL3VsdHJhc3VvbmkucGRyLXNlcnZlci5pdFwvd3AtY29udGVudFwvdXBsb2Fkc1wvZGlzc29sdmVkLTE1MHgxNTAtMS5naWYiLCJzbGlkZXNob3ciOiIxNTFiZjY4NCJ9\">\n\t\t\t\t\t<div class=\"e-gallery-image elementor-gallery-item__image\" data-thumbnail=\"https:\/\/ultrasuoni.pdr-server.it\/wp-content\/uploads\/dissolved-150x150-1.gif\" data-width=\"150\" data-height=\"150\" aria-label=\"\" role=\"img\" ><\/div>\n\t\t\t\t\t\t\t\t\t\t\t<div class=\"elementor-gallery-item__overlay\"><\/div>\n\t\t\t\t\t\t\t\t\t\t\t\t\t\t<\/a>\n\t\t\t\t\t<\/div>\n\t\t\t\t\t<\/div>\n\t\t\t\t<\/div>\n\t\t\t\t<\/div>\n\t\t\t\t<\/div>\n\t\t<div class=\"elementor-element elementor-element-4d83f22b e-con-full e-flex e-con e-parent\" data-id=\"4d83f22b\" data-element_type=\"container\" data-settings=\"{&quot;background_background&quot;:&quot;classic&quot;}\">\n\t\t<div class=\"elementor-element elementor-element-2af47bbe e-con-full animated-slow e-flex e-con e-child\" data-id=\"2af47bbe\" data-element_type=\"container\" data-settings=\"{&quot;animation&quot;:&quot;none&quot;}\">\n\t\t\t\t<div class=\"elementor-element elementor-element-7a834fc elementor-widget elementor-widget-heading\" data-id=\"7a834fc\" data-element_type=\"widget\" data-widget_type=\"heading.default\">\n\t\t\t\t<div class=\"elementor-widget-container\">\n\t\t\t\t\t<h3 class=\"elementor-heading-title elementor-size-default\">Los ultrasonidos, \u00f3ptimos desgasificadores - SONIFICACI\u00d3N<\/h3>\t\t\t\t<\/div>\n\t\t\t\t<\/div>\n\t\t\t\t<div class=\"elementor-element elementor-element-5dbba66c elementor-widget-divider--view-line elementor-widget elementor-widget-divider\" data-id=\"5dbba66c\" data-element_type=\"widget\" data-widget_type=\"divider.default\">\n\t\t\t\t<div class=\"elementor-widget-container\">\n\t\t\t\t\t\t\t<div class=\"elementor-divider\">\n\t\t\t<span class=\"elementor-divider-separator\">\n\t\t\t\t\t\t<\/span>\n\t\t<\/div>\n\t\t\t\t\t\t<\/div>\n\t\t\t\t<\/div>\n\t\t\t\t<div class=\"elementor-element elementor-element-1747dcc6 elementor-widget__width-initial elementor-widget-tablet__width-inherit elementor-widget elementor-widget-text-editor\" data-id=\"1747dcc6\" data-element_type=\"widget\" data-widget_type=\"text-editor.default\">\n\t\t\t\t<div class=\"elementor-widget-container\">\n\t\t\t\t\t\t\t\t\t<p>En qu\u00edmica, la <strong>desgasificaci\u00f3n<\/strong> es el procedimiento que lleva a la eliminaci\u00f3n de los gases disueltos en los l\u00edquidos (en general, agua o soluciones acuosas).<\/p>\n<p>La desgasificaci\u00f3n puede ser necesaria por varias razones. Un ejemplo es cuando se desea obtener un solvente sin aire u ox\u00edgeno para evitar reacciones no deseadas con el soluto. Otro ejemplo es cuando se desea evitar la formaci\u00f3n de burbujas en un l\u00edquido que debe solidificarse despu\u00e9s. La presencia de las burbujas afecta a las propiedades mec\u00e1nicas del material.<\/p>\n<p>La desgasificaci\u00f3n con ultrasonidos a menudo se utiliza con este fin en muchos procesos en la industria farmac\u00e9utica y qu\u00edmica en general. La <strong>solubilidad de los gases en los l\u00edquidos<\/strong> est\u00e1 determinada por la ley de Henry, seg\u00fan la cual la cantidad de gas disuelto en un l\u00edquido es proporcional a su presi\u00f3n parcial. Por lo tanto, la reducci\u00f3n de la presi\u00f3n, creada por las ondas ultrasonoras, comporta una bajada de la solubilidad del gas. Este fen\u00f3meno se llama <strong>sonicaci\u00f3n o sonificaci\u00f3n<\/strong>.<\/p>\n<p>Nuestros <strong>aparatos para el lavado por ultrasonidos<\/strong> han revelado ser muy \u00fatiles para la desgasificaci\u00f3n, gracias a la aplicaci\u00f3n de <strong>transductores sumergibles<\/strong> directamente en la cubas de mezcla con resultados absolutamente satisfactorios.<\/p>\n\t\t\t\t\t\t\t\t<\/div>\n\t\t\t\t<\/div>\n\t\t\t\t<\/div>\n\t\t<div class=\"elementor-element elementor-element-35ab1f81 e-con-full animated-slow e-flex e-con e-child\" data-id=\"35ab1f81\" data-element_type=\"container\" data-settings=\"{&quot;animation&quot;:&quot;none&quot;}\">\n\t\t\t\t<div class=\"elementor-element elementor-element-4548f65a elementor-widget elementor-widget-heading\" data-id=\"4548f65a\" data-element_type=\"widget\" data-widget_type=\"heading.default\">\n\t\t\t\t<div class=\"elementor-widget-container\">\n\t\t\t\t\t<h3 class=\"elementor-heading-title elementor-size-default\">Aplicaci\u00f3n de los transductores ultrasonoros en la industria alimentaria<\/h3>\t\t\t\t<\/div>\n\t\t\t\t<\/div>\n\t\t\t\t<div class=\"elementor-element elementor-element-330612ea elementor-widget-divider--view-line elementor-widget elementor-widget-divider\" data-id=\"330612ea\" data-element_type=\"widget\" data-widget_type=\"divider.default\">\n\t\t\t\t<div class=\"elementor-widget-container\">\n\t\t\t\t\t\t\t<div class=\"elementor-divider\">\n\t\t\t<span class=\"elementor-divider-separator\">\n\t\t\t\t\t\t<\/span>\n\t\t<\/div>\n\t\t\t\t\t\t<\/div>\n\t\t\t\t<\/div>\n\t\t\t\t<div class=\"elementor-element elementor-element-a2c5412 elementor-widget__width-initial elementor-widget-tablet__width-inherit elementor-widget elementor-widget-text-editor\" data-id=\"a2c5412\" data-element_type=\"widget\" data-widget_type=\"text-editor.default\">\n\t\t\t\t<div class=\"elementor-widget-container\">\n\t\t\t\t\t\t\t\t\t<p>En la industria alimentaria se est\u00e1 difundiendo una nueva tendencia: reducir al m\u00ednimo los tratamientos t\u00e9rmicos para conservar todas las caracter\u00edsticas nutricionales y organol\u00e9pticas de los alimentos. Las <strong>t\u00e9cnicas de conservaci\u00f3n de los alimentos<\/strong> tienen como objetivo crear un ambiente desfavorable para el desarrollo y proliferaci\u00f3n de microorganismos. Una de las t\u00e9cnicas m\u00e1s innovadoras para conseguir este resultado es la <strong>sonicaci\u00f3n por ultrasonidos<\/strong>.<\/p>\n\t\t\t\t\t\t\t\t<\/div>\n\t\t\t\t<\/div>\n\t\t<div class=\"elementor-element elementor-element-72aeaff6 e-con-full e-flex e-con e-child\" data-id=\"72aeaff6\" data-element_type=\"container\">\n\t\t\t\t<div class=\"elementor-element elementor-element-72ca6629 elementor-widget-divider--view-line elementor-widget elementor-widget-divider\" data-id=\"72ca6629\" data-element_type=\"widget\" data-widget_type=\"divider.default\">\n\t\t\t\t<div class=\"elementor-widget-container\">\n\t\t\t\t\t\t\t<div class=\"elementor-divider\">\n\t\t\t<span class=\"elementor-divider-separator\">\n\t\t\t\t\t\t<\/span>\n\t\t<\/div>\n\t\t\t\t\t\t<\/div>\n\t\t\t\t<\/div>\n\t\t\t\t<\/div>\n\t\t\t\t<div class=\"elementor-element elementor-element-22467efd elementor-widget elementor-widget-button\" data-id=\"22467efd\" data-element_type=\"widget\" data-widget_type=\"button.default\">\n\t\t\t\t<div class=\"elementor-widget-container\">\n\t\t\t\t\t\t\t\t\t<div class=\"elementor-button-wrapper\">\n\t\t\t\t\t<a class=\"elementor-button elementor-button-link elementor-size-lg\" href=\"#contattaci\">\n\t\t\t\t\t\t<span class=\"elementor-button-content-wrapper\">\n\t\t\t\t\t\t\t\t\t<span class=\"elementor-button-text\">Cont\u00e1ctenos<\/span>\n\t\t\t\t\t<\/span>\n\t\t\t\t\t<\/a>\n\t\t\t\t<\/div>\n\t\t\t\t\t\t\t\t<\/div>\n\t\t\t\t<\/div>\n\t\t\t\t<\/div>\n\t\t\t\t<\/div>\n\t\t\t\t<\/div>\n\t\t","protected":false},"excerpt":{"rendered":"<p>Eliminaci\u00f3n de gas por ultrasonidos en los l\u00edquidos La desgasificaci\u00f3n con ultrasonidos consiste en la eliminaci\u00f3n de los gases disueltos en los l\u00edquidos de lavado. Es completamente indispensable para una buena propagaci\u00f3n de las ondas sonoras en el l\u00edquido de lavado. En su interior, se detecta la presencia de aire en forma de numerosas burbujas [&hellip;]<\/p>\n","protected":false},"author":1,"featured_media":0,"parent":3821,"menu_order":0,"comment_status":"closed","ping_status":"closed","template":"","meta":{"footnotes":""},"class_list":["post-3030","page","type-page","status-publish","hentry"],"_links":{"self":[{"href":"https:\/\/ultrasuoni.pdr-server.it\/es\/wp-json\/wp\/v2\/pages\/3030","targetHints":{"allow":["GET"]}}],"collection":[{"href":"https:\/\/ultrasuoni.pdr-server.it\/es\/wp-json\/wp\/v2\/pages"}],"about":[{"href":"https:\/\/ultrasuoni.pdr-server.it\/es\/wp-json\/wp\/v2\/types\/page"}],"author":[{"embeddable":true,"href":"https:\/\/ultrasuoni.pdr-server.it\/es\/wp-json\/wp\/v2\/users\/1"}],"replies":[{"embeddable":true,"href":"https:\/\/ultrasuoni.pdr-server.it\/es\/wp-json\/wp\/v2\/comments?post=3030"}],"version-history":[{"count":0,"href":"https:\/\/ultrasuoni.pdr-server.it\/es\/wp-json\/wp\/v2\/pages\/3030\/revisions"}],"up":[{"embeddable":true,"href":"https:\/\/ultrasuoni.pdr-server.it\/es\/wp-json\/wp\/v2\/pages\/3821"}],"wp:attachment":[{"href":"https:\/\/ultrasuoni.pdr-server.it\/es\/wp-json\/wp\/v2\/media?parent=3030"}],"curies":[{"name":"wp","href":"https:\/\/api.w.org\/{rel}","templated":true}]}}