{"id":3027,"date":"2023-06-07T10:52:01","date_gmt":"2023-06-07T08:52:01","guid":{"rendered":"https:\/\/ultrasuoni.pdr-server.it\/tecnica-de-lavado-por-ultrasonidos\/modulos-igbt-generadores-ultrasonidos\/"},"modified":"2025-09-16T11:53:16","modified_gmt":"2025-09-16T09:53:16","slug":"modulos-igbt-generadores-ultrasonidos","status":"publish","type":"page","link":"https:\/\/ultrasuoni.pdr-server.it\/es\/tecnica-de-lavado-por-ultrasonidos\/modulos-igbt-generadores-ultrasonidos\/","title":{"rendered":"M\u00f3dulos IGBT Generadores Ultrasonidos"},"content":{"rendered":"\t\t<div data-elementor-type=\"wp-page\" data-elementor-id=\"3027\" class=\"elementor elementor-3027 elementor-1470\" data-elementor-post-type=\"page\">\n\t\t\t\t<div class=\"elementor-element elementor-element-413b3e1b e-con-full e-flex e-con e-parent\" data-id=\"413b3e1b\" data-element_type=\"container\">\n\t\t<div class=\"elementor-element elementor-element-347cbc82 e-con-full animated-slow e-flex e-con e-child\" data-id=\"347cbc82\" data-element_type=\"container\" data-settings=\"{&quot;animation&quot;:&quot;none&quot;}\">\n\t\t\t\t<div class=\"elementor-element elementor-element-642f4b20 elementor-widget__width-initial elementor-widget-tablet__width-initial elementor-widget elementor-widget-heading\" data-id=\"642f4b20\" data-element_type=\"widget\" data-widget_type=\"heading.default\">\n\t\t\t\t<div class=\"elementor-widget-container\">\n\t\t\t\t\t<h1 class=\"elementor-heading-title elementor-size-default\">M\u00f3dulos IGBT Generadores Ultrasonidos<\/h1>\t\t\t\t<\/div>\n\t\t\t\t<\/div>\n\t\t\t\t<div class=\"elementor-element elementor-element-3e00dbf elementor-widget-divider--view-line elementor-widget elementor-widget-divider\" data-id=\"3e00dbf\" data-element_type=\"widget\" data-widget_type=\"divider.default\">\n\t\t\t\t<div class=\"elementor-widget-container\">\n\t\t\t\t\t\t\t<div class=\"elementor-divider\">\n\t\t\t<span class=\"elementor-divider-separator\">\n\t\t\t\t\t\t<\/span>\n\t\t<\/div>\n\t\t\t\t\t\t<\/div>\n\t\t\t\t<\/div>\n\t\t\t\t<div class=\"elementor-element elementor-element-420b823e elementor-widget elementor-widget-heading\" data-id=\"420b823e\" data-element_type=\"widget\" data-widget_type=\"heading.default\">\n\t\t\t\t<div class=\"elementor-widget-container\">\n\t\t\t\t\t<h3 class=\"elementor-heading-title elementor-size-default\">Velocidad y potencia en los ultrasonidos<\/h3>\t\t\t\t<\/div>\n\t\t\t\t<\/div>\n\t\t\t\t<div class=\"elementor-element elementor-element-2d65b9b7 elementor-widget__width-initial elementor-widget-tablet__width-inherit elementor-widget elementor-widget-text-editor\" data-id=\"2d65b9b7\" data-element_type=\"widget\" data-widget_type=\"text-editor.default\">\n\t\t\t\t<div class=\"elementor-widget-container\">\n\t\t\t\t\t\t\t\t\t<p>Los <strong>m\u00f3dulos IGBT de generadores de ultrasonidos<\/strong> representan la alternativa a los MOSFET de potencia en la realizaci\u00f3n de equipos de alta frecuencia, normalmente utilizados por la mayor parte de los fabricantes del sector. El uso de los IGBT comporta numerosas ventajas: la reducci\u00f3n de las dimensiones en la tarjeta, el n\u00famero de componentes y las dimensiones del embalaje, de manera que se permite a los dise\u00f1adores aumentar la eficiencia del sistema y su rendimiento, al tiempo que disminuye el coste final. Los IGBT son <strong>dispositivos de conmutaci\u00f3n bipolares<\/strong> de alta tensi\u00f3n pilotados en driver, que unen la elevada impedancia de <strong>entrada de los MOSFET<\/strong> a las baj\u00edsimas p\u00e9rdidas de conmutaci\u00f3n en el estado de ON de un transistor bipolar.<\/p><p>En el sector del <strong>lavado por ultrasonidos<\/strong>, para la utilizaci\u00f3n de los IGBT es fundamental la elecci\u00f3n y la programaci\u00f3n del driver, el cual debe regular la velocidad de los impulsos y al mismo tiempo proteger ante sobrecargas y cortocircuitos.<\/p><p>Por ello, en Ultrasuoni Moroni utilizamos estos componentes en los <strong>generadores de la serie MOG<\/strong>, donde hemos adoptado un microprocesador de 32 bit de MICROCHIP, que junto a muchas otras funciones, tiene la tarea de pilotar el driver.<\/p><p>Con los m\u00f3dulos IGBT hoy se pueden alcanzar potencias de 120 A a 600 V, un nivel impensable hace pocos a\u00f1os.<\/p>\t\t\t\t\t\t\t\t<\/div>\n\t\t\t\t<\/div>\n\t\t\t\t<\/div>\n\t\t<div class=\"elementor-element elementor-element-79953ab6 e-con-full animated-slow e-flex e-con e-child\" data-id=\"79953ab6\" data-element_type=\"container\" data-settings=\"{&quot;animation&quot;:&quot;none&quot;}\">\n\t\t\t\t<div class=\"elementor-element elementor-element-6b1d706e elementor-widget elementor-widget-gallery\" data-id=\"6b1d706e\" data-element_type=\"widget\" data-settings=\"{&quot;gap&quot;:{&quot;unit&quot;:&quot;px&quot;,&quot;size&quot;:11,&quot;sizes&quot;:[]},&quot;aspect_ratio&quot;:&quot;1:1&quot;,&quot;columns_tablet&quot;:4,&quot;lazyload&quot;:&quot;yes&quot;,&quot;gallery_layout&quot;:&quot;grid&quot;,&quot;columns&quot;:4,&quot;columns_mobile&quot;:1,&quot;gap_tablet&quot;:{&quot;unit&quot;:&quot;px&quot;,&quot;size&quot;:10,&quot;sizes&quot;:[]},&quot;gap_mobile&quot;:{&quot;unit&quot;:&quot;px&quot;,&quot;size&quot;:10,&quot;sizes&quot;:[]},&quot;link_to&quot;:&quot;file&quot;,&quot;overlay_background&quot;:&quot;yes&quot;,&quot;content_hover_animation&quot;:&quot;fade-in&quot;}\" data-widget_type=\"gallery.default\">\n\t\t\t\t<div class=\"elementor-widget-container\">\n\t\t\t\t\t\t\t<div class=\"elementor-gallery__container\">\n\t\t\t\t\t\t\t<a class=\"e-gallery-item elementor-gallery-item elementor-animated-content\" href=\"https:\/\/ultrasuoni.pdr-server.it\/wp-content\/uploads\/IGBT-150x150-1.jpg\" data-elementor-open-lightbox=\"yes\" data-elementor-lightbox-slideshow=\"6b1d706e\" data-elementor-lightbox-title=\"IGBT-150x150\" data-e-action-hash=\"#elementor-action%3Aaction%3Dlightbox%26settings%3DeyJpZCI6MjQ2NCwidXJsIjoiaHR0cHM6XC9cL3VsdHJhc3VvbmkucGRyLXNlcnZlci5pdFwvd3AtY29udGVudFwvdXBsb2Fkc1wvSUdCVC0xNTB4MTUwLTEuanBnIiwic2xpZGVzaG93IjoiNmIxZDcwNmUifQ%3D%3D\">\n\t\t\t\t\t<div class=\"e-gallery-image elementor-gallery-item__image\" data-thumbnail=\"https:\/\/ultrasuoni.pdr-server.it\/wp-content\/uploads\/IGBT-150x150-1.jpg\" data-width=\"150\" data-height=\"150\" aria-label=\"Moduli Igbt Generatori Ultrasuoni\" role=\"img\" ><\/div>\n\t\t\t\t\t\t\t\t\t\t\t<div class=\"elementor-gallery-item__overlay\"><\/div>\n\t\t\t\t\t\t\t\t\t\t\t\t\t\t<\/a>\n\t\t\t\t\t\t\t<a class=\"e-gallery-item elementor-gallery-item elementor-animated-content\" href=\"https:\/\/ultrasuoni.pdr-server.it\/wp-content\/uploads\/MOG_click-1-150x143-150x143-1.jpg\" data-elementor-open-lightbox=\"yes\" data-elementor-lightbox-slideshow=\"6b1d706e\" data-elementor-lightbox-title=\"MOG_click-1-150x143-150x143\" data-e-action-hash=\"#elementor-action%3Aaction%3Dlightbox%26settings%3DeyJpZCI6MjQ2NywidXJsIjoiaHR0cHM6XC9cL3VsdHJhc3VvbmkucGRyLXNlcnZlci5pdFwvd3AtY29udGVudFwvdXBsb2Fkc1wvTU9HX2NsaWNrLTEtMTUweDE0My0xNTB4MTQzLTEuanBnIiwic2xpZGVzaG93IjoiNmIxZDcwNmUifQ%3D%3D\">\n\t\t\t\t\t<div class=\"e-gallery-image elementor-gallery-item__image\" data-thumbnail=\"https:\/\/ultrasuoni.pdr-server.it\/wp-content\/uploads\/MOG_click-1-150x143-150x143-1.jpg\" data-width=\"150\" data-height=\"143\" aria-label=\"Generatori e Trasduttori ad Ultrasuoni \" role=\"img\" ><\/div>\n\t\t\t\t\t\t\t\t\t\t\t<div class=\"elementor-gallery-item__overlay\"><\/div>\n\t\t\t\t\t\t\t\t\t\t\t\t\t\t<\/a>\n\t\t\t\t\t\t\t<a class=\"e-gallery-item elementor-gallery-item elementor-animated-content\" href=\"https:\/\/ultrasuoni.pdr-server.it\/wp-content\/uploads\/Interno_generatore-150x150-1.jpg\" data-elementor-open-lightbox=\"yes\" data-elementor-lightbox-slideshow=\"6b1d706e\" data-elementor-lightbox-title=\"Interno_generatore-150x150\" data-e-action-hash=\"#elementor-action%3Aaction%3Dlightbox%26settings%3DeyJpZCI6MjQ3MCwidXJsIjoiaHR0cHM6XC9cL3VsdHJhc3VvbmkucGRyLXNlcnZlci5pdFwvd3AtY29udGVudFwvdXBsb2Fkc1wvSW50ZXJub19nZW5lcmF0b3JlLTE1MHgxNTAtMS5qcGciLCJzbGlkZXNob3ciOiI2YjFkNzA2ZSJ9\">\n\t\t\t\t\t<div class=\"e-gallery-image elementor-gallery-item__image\" data-thumbnail=\"https:\/\/ultrasuoni.pdr-server.it\/wp-content\/uploads\/Interno_generatore-150x150-1.jpg\" data-width=\"150\" data-height=\"150\" aria-label=\"\" role=\"img\" ><\/div>\n\t\t\t\t\t\t\t\t\t\t\t<div class=\"elementor-gallery-item__overlay\"><\/div>\n\t\t\t\t\t\t\t\t\t\t\t\t\t\t<\/a>\n\t\t\t\t\t\t\t<a class=\"e-gallery-item elementor-gallery-item elementor-animated-content\" href=\"https:\/\/ultrasuoni.pdr-server.it\/wp-content\/uploads\/microprocessore-con-memoria-150x150-1.jpg\" data-elementor-open-lightbox=\"yes\" data-elementor-lightbox-slideshow=\"6b1d706e\" data-elementor-lightbox-title=\"microprocessore-con-memoria-150x150\" data-e-action-hash=\"#elementor-action%3Aaction%3Dlightbox%26settings%3DeyJpZCI6MjQ3MywidXJsIjoiaHR0cHM6XC9cL3VsdHJhc3VvbmkucGRyLXNlcnZlci5pdFwvd3AtY29udGVudFwvdXBsb2Fkc1wvbWljcm9wcm9jZXNzb3JlLWNvbi1tZW1vcmlhLTE1MHgxNTAtMS5qcGciLCJzbGlkZXNob3ciOiI2YjFkNzA2ZSJ9\">\n\t\t\t\t\t<div class=\"e-gallery-image elementor-gallery-item__image\" data-thumbnail=\"https:\/\/ultrasuoni.pdr-server.it\/wp-content\/uploads\/microprocessore-con-memoria-150x150-1.jpg\" data-width=\"150\" data-height=\"150\" aria-label=\"\" role=\"img\" ><\/div>\n\t\t\t\t\t\t\t\t\t\t\t<div class=\"elementor-gallery-item__overlay\"><\/div>\n\t\t\t\t\t\t\t\t\t\t\t\t\t\t<\/a>\n\t\t\t\t\t<\/div>\n\t\t\t\t\t<\/div>\n\t\t\t\t<\/div>\n\t\t\t\t<\/div>\n\t\t\t\t<\/div>\n\t\t<div class=\"elementor-element elementor-element-3c736186 e-con-full e-flex e-con e-parent\" data-id=\"3c736186\" data-element_type=\"container\" data-settings=\"{&quot;background_background&quot;:&quot;classic&quot;}\">\n\t\t<div class=\"elementor-element elementor-element-1f861562 e-con-full animated-slow e-flex e-con e-child\" data-id=\"1f861562\" data-element_type=\"container\" data-settings=\"{&quot;animation&quot;:&quot;none&quot;}\">\n\t\t\t\t<div class=\"elementor-element elementor-element-39063764 elementor-widget elementor-widget-heading\" data-id=\"39063764\" data-element_type=\"widget\" data-widget_type=\"heading.default\">\n\t\t\t\t<div class=\"elementor-widget-container\">\n\t\t\t\t\t<h3 class=\"elementor-heading-title elementor-size-default\">Nota t\u00e9cnica de aclaraci\u00f3n<\/h3>\t\t\t\t<\/div>\n\t\t\t\t<\/div>\n\t\t\t\t<div class=\"elementor-element elementor-element-98f6af9 elementor-widget-divider--view-line elementor-widget elementor-widget-divider\" data-id=\"98f6af9\" data-element_type=\"widget\" data-widget_type=\"divider.default\">\n\t\t\t\t<div class=\"elementor-widget-container\">\n\t\t\t\t\t\t\t<div class=\"elementor-divider\">\n\t\t\t<span class=\"elementor-divider-separator\">\n\t\t\t\t\t\t<\/span>\n\t\t<\/div>\n\t\t\t\t\t\t<\/div>\n\t\t\t\t<\/div>\n\t\t\t\t<div class=\"elementor-element elementor-element-5abad7b elementor-widget__width-initial elementor-widget-tablet__width-inherit elementor-widget elementor-widget-text-editor\" data-id=\"5abad7b\" data-element_type=\"widget\" data-widget_type=\"text-editor.default\">\n\t\t\t\t<div class=\"elementor-widget-container\">\n\t\t\t\t\t\t\t\t\t<p>El transistor bipolar de puerta aislada (<strong>IGBT \u2013 Insulated-gate bipolar transistor<\/strong>) es un componente de tres terminales: Puerta, Colector y Emisor. Puede verse como la s\u00edntesis de las mejores caracter\u00edsticas de un transistor bipolar y de un MOS.<\/p>\n<p>El IGBT se usa como interruptor en las aplicaciones de elevados valores de tensi\u00f3n y corriente. Respecto a los otros dispositivos de potencia con semiconductor, presenta algunos puntos de fuerza:<\/p>\n\t\t\t\t\t\t\t\t<\/div>\n\t\t\t\t<\/div>\n\t\t\t\t<div class=\"elementor-element elementor-element-4069a0a elementor-icon-list--layout-traditional elementor-list-item-link-full_width elementor-widget elementor-widget-icon-list\" data-id=\"4069a0a\" data-element_type=\"widget\" data-widget_type=\"icon-list.default\">\n\t\t\t\t<div class=\"elementor-widget-container\">\n\t\t\t\t\t\t\t<ul class=\"elementor-icon-list-items\">\n\t\t\t\t\t\t\t<li class=\"elementor-icon-list-item\">\n\t\t\t\t\t\t\t\t\t\t\t<span class=\"elementor-icon-list-icon\">\n\t\t\t\t\t\t\t<i aria-hidden=\"true\" class=\"fas fa-check\"><\/i>\t\t\t\t\t\t<\/span>\n\t\t\t\t\t\t\t\t\t\t<span class=\"elementor-icon-list-text\">una <strong>velocidad de conmutaci\u00f3n elevada<\/strong><\/span>\n\t\t\t\t\t\t\t\t\t<\/li>\n\t\t\t\t\t\t\t\t<li class=\"elementor-icon-list-item\">\n\t\t\t\t\t\t\t\t\t\t\t<span class=\"elementor-icon-list-icon\">\n\t\t\t\t\t\t\t<i aria-hidden=\"true\" class=\"fas fa-check\"><\/i>\t\t\t\t\t\t<\/span>\n\t\t\t\t\t\t\t\t\t\t<span class=\"elementor-icon-list-text\">la capacidad de gestionar tensiones y corrientes muy elevadas;<\/span>\n\t\t\t\t\t\t\t\t\t<\/li>\n\t\t\t\t\t\t\t\t<li class=\"elementor-icon-list-item\">\n\t\t\t\t\t\t\t\t\t\t\t<span class=\"elementor-icon-list-icon\">\n\t\t\t\t\t\t\t<i aria-hidden=\"true\" class=\"fas fa-check\"><\/i>\t\t\t\t\t\t<\/span>\n\t\t\t\t\t\t\t\t\t\t<span class=\"elementor-icon-list-text\">la (relativa) facilidad de pilotaje;<\/span>\n\t\t\t\t\t\t\t\t\t<\/li>\n\t\t\t\t\t\t\t\t<li class=\"elementor-icon-list-item\">\n\t\t\t\t\t\t\t\t\t\t\t<span class=\"elementor-icon-list-icon\">\n\t\t\t\t\t\t\t<i aria-hidden=\"true\" class=\"fas fa-check\"><\/i>\t\t\t\t\t\t<\/span>\n\t\t\t\t\t\t\t\t\t\t<span class=\"elementor-icon-list-text\">la posibilidad de poner en paralelo varios dispositivos para aumentar la corriente.<\/span>\n\t\t\t\t\t\t\t\t\t<\/li>\n\t\t\t\t\t\t<\/ul>\n\t\t\t\t\t\t<\/div>\n\t\t\t\t<\/div>\n\t\t\t\t<\/div>\n\t\t<div class=\"elementor-element elementor-element-380c5352 e-con-full animated-slow e-flex e-con e-child\" data-id=\"380c5352\" data-element_type=\"container\" data-settings=\"{&quot;animation&quot;:&quot;none&quot;}\">\n\t\t\t\t<div class=\"elementor-element elementor-element-07ba8ad elementor-widget__width-initial elementor-widget-tablet__width-inherit elementor-widget elementor-widget-text-editor\" data-id=\"07ba8ad\" data-element_type=\"widget\" data-widget_type=\"text-editor.default\">\n\t\t\t\t<div class=\"elementor-widget-container\">\n\t\t\t\t\t\t\t\t\t<p>A continuaci\u00f3n se incluyen dos s\u00edmbolos usados para este componente:<\/p>\n\t\t\t\t\t\t\t\t<\/div>\n\t\t\t\t<\/div>\n\t\t\t\t<div class=\"elementor-element elementor-element-71a65e99 elementor-icon-list--layout-traditional elementor-list-item-link-full_width elementor-widget elementor-widget-icon-list\" data-id=\"71a65e99\" data-element_type=\"widget\" data-widget_type=\"icon-list.default\">\n\t\t\t\t<div class=\"elementor-widget-container\">\n\t\t\t\t\t\t\t<ul class=\"elementor-icon-list-items\">\n\t\t\t\t\t\t\t<li class=\"elementor-icon-list-item\">\n\t\t\t\t\t\t\t\t\t\t\t<span class=\"elementor-icon-list-icon\">\n\t\t\t\t\t\t\t<i aria-hidden=\"true\" class=\"fas fa-check\"><\/i>\t\t\t\t\t\t<\/span>\n\t\t\t\t\t\t\t\t\t\t<span class=\"elementor-icon-list-text\">el primero es un s\u00edmbolo simplificado;<\/span>\n\t\t\t\t\t\t\t\t\t<\/li>\n\t\t\t\t\t\t\t\t<li class=\"elementor-icon-list-item\">\n\t\t\t\t\t\t\t\t\t\t\t<span class=\"elementor-icon-list-icon\">\n\t\t\t\t\t\t\t<i aria-hidden=\"true\" class=\"fas fa-check\"><\/i>\t\t\t\t\t\t<\/span>\n\t\t\t\t\t\t\t\t\t\t<span class=\"elementor-icon-list-text\">el segundo, con un mayor cumplimiento de las normativas, destaca la presencia de un diodo en antiparalelo.<\/span>\n\t\t\t\t\t\t\t\t\t<\/li>\n\t\t\t\t\t\t<\/ul>\n\t\t\t\t\t\t<\/div>\n\t\t\t\t<\/div>\n\t\t<div class=\"elementor-element elementor-element-d524f90 e-flex e-con-boxed e-con e-child\" data-id=\"d524f90\" data-element_type=\"container\">\n\t\t\t\t\t<div class=\"e-con-inner\">\n\t\t\t\t<div class=\"elementor-element elementor-element-508d669 elementor-widget elementor-widget-image\" data-id=\"508d669\" data-element_type=\"widget\" data-widget_type=\"image.default\">\n\t\t\t\t<div class=\"elementor-widget-container\">\n\t\t\t\t\t\t\t\t\t\t\t\t\t\t\t<img fetchpriority=\"high\" decoding=\"async\" width=\"216\" height=\"272\" src=\"https:\/\/ultrasuoni.pdr-server.it\/wp-content\/uploads\/IGBT.gif\" class=\"attachment-large size-large wp-image-2476\" alt=\"Moduli Igbt Generatori Ultrasuoni\" \/>\t\t\t\t\t\t\t\t\t\t\t\t\t\t\t<\/div>\n\t\t\t\t<\/div>\n\t\t\t\t<div class=\"elementor-element elementor-element-07fbd5b elementor-widget elementor-widget-image\" data-id=\"07fbd5b\" data-element_type=\"widget\" data-widget_type=\"image.default\">\n\t\t\t\t<div class=\"elementor-widget-container\">\n\t\t\t\t\t\t\t\t\t\t\t\t\t\t\t<img decoding=\"async\" width=\"231\" height=\"250\" src=\"https:\/\/ultrasuoni.pdr-server.it\/wp-content\/uploads\/IGBT-2.gif\" class=\"attachment-large size-large wp-image-2479\" alt=\"Moduli Igbt Generatori Ultrasuoni\" \/>\t\t\t\t\t\t\t\t\t\t\t\t\t\t\t<\/div>\n\t\t\t\t<\/div>\n\t\t\t\t\t<\/div>\n\t\t\t\t<\/div>\n\t\t<div class=\"elementor-element elementor-element-7e8cf2d4 e-con-full e-flex e-con e-child\" data-id=\"7e8cf2d4\" data-element_type=\"container\">\n\t\t\t\t<div class=\"elementor-element elementor-element-54bc0e80 elementor-widget-divider--view-line elementor-widget elementor-widget-divider\" data-id=\"54bc0e80\" data-element_type=\"widget\" data-widget_type=\"divider.default\">\n\t\t\t\t<div class=\"elementor-widget-container\">\n\t\t\t\t\t\t\t<div class=\"elementor-divider\">\n\t\t\t<span class=\"elementor-divider-separator\">\n\t\t\t\t\t\t<\/span>\n\t\t<\/div>\n\t\t\t\t\t\t<\/div>\n\t\t\t\t<\/div>\n\t\t\t\t<\/div>\n\t\t\t\t<div class=\"elementor-element elementor-element-7b5dca71 elementor-widget elementor-widget-button\" data-id=\"7b5dca71\" data-element_type=\"widget\" data-widget_type=\"button.default\">\n\t\t\t\t<div class=\"elementor-widget-container\">\n\t\t\t\t\t\t\t\t\t<div class=\"elementor-button-wrapper\">\n\t\t\t\t\t<a class=\"elementor-button elementor-button-link elementor-size-lg\" href=\"#contattaci\">\n\t\t\t\t\t\t<span class=\"elementor-button-content-wrapper\">\n\t\t\t\t\t\t\t\t\t<span class=\"elementor-button-text\">Cont\u00e1ctenos<\/span>\n\t\t\t\t\t<\/span>\n\t\t\t\t\t<\/a>\n\t\t\t\t<\/div>\n\t\t\t\t\t\t\t\t<\/div>\n\t\t\t\t<\/div>\n\t\t\t\t<\/div>\n\t\t\t\t<\/div>\n\t\t\t\t<\/div>\n\t\t","protected":false},"excerpt":{"rendered":"<p>Velocidad y potencia en los ultrasonidos Los m\u00f3dulos IGBT de generadores de ultrasonidos representan la alternativa a los MOSFET de potencia en la realizaci\u00f3n de equipos de alta frecuencia, normalmente utilizados por la mayor parte de los fabricantes del sector. El uso de los IGBT comporta numerosas ventajas: la reducci\u00f3n de las dimensiones en la [&hellip;]<\/p>\n","protected":false},"author":1,"featured_media":0,"parent":3821,"menu_order":0,"comment_status":"closed","ping_status":"closed","template":"","meta":{"footnotes":""},"class_list":["post-3027","page","type-page","status-publish","hentry"],"_links":{"self":[{"href":"https:\/\/ultrasuoni.pdr-server.it\/es\/wp-json\/wp\/v2\/pages\/3027","targetHints":{"allow":["GET"]}}],"collection":[{"href":"https:\/\/ultrasuoni.pdr-server.it\/es\/wp-json\/wp\/v2\/pages"}],"about":[{"href":"https:\/\/ultrasuoni.pdr-server.it\/es\/wp-json\/wp\/v2\/types\/page"}],"author":[{"embeddable":true,"href":"https:\/\/ultrasuoni.pdr-server.it\/es\/wp-json\/wp\/v2\/users\/1"}],"replies":[{"embeddable":true,"href":"https:\/\/ultrasuoni.pdr-server.it\/es\/wp-json\/wp\/v2\/comments?post=3027"}],"version-history":[{"count":3,"href":"https:\/\/ultrasuoni.pdr-server.it\/es\/wp-json\/wp\/v2\/pages\/3027\/revisions"}],"predecessor-version":[{"id":6595,"href":"https:\/\/ultrasuoni.pdr-server.it\/es\/wp-json\/wp\/v2\/pages\/3027\/revisions\/6595"}],"up":[{"embeddable":true,"href":"https:\/\/ultrasuoni.pdr-server.it\/es\/wp-json\/wp\/v2\/pages\/3821"}],"wp:attachment":[{"href":"https:\/\/ultrasuoni.pdr-server.it\/es\/wp-json\/wp\/v2\/media?parent=3027"}],"curies":[{"name":"wp","href":"https:\/\/api.w.org\/{rel}","templated":true}]}}