{"id":3022,"date":"2023-06-07T10:47:47","date_gmt":"2023-06-07T08:47:47","guid":{"rendered":"https:\/\/ultrasuoni.pdr-server.it\/tecnica-de-lavado-por-ultrasonidos\/sweep-mode-ultrasonidos\/"},"modified":"2025-09-16T11:52:40","modified_gmt":"2025-09-16T09:52:40","slug":"sweep-mode-ultrasonidos","status":"publish","type":"page","link":"https:\/\/ultrasuoni.pdr-server.it\/es\/tecnica-de-lavado-por-ultrasonidos\/sweep-mode-ultrasonidos\/","title":{"rendered":"Sweep Mode Ultrasonidos"},"content":{"rendered":"\t\t<div data-elementor-type=\"wp-page\" data-elementor-id=\"3022\" class=\"elementor elementor-3022 elementor-1462\" data-elementor-post-type=\"page\">\n\t\t\t\t<div class=\"elementor-element elementor-element-51839851 e-con-full e-flex e-con e-parent\" data-id=\"51839851\" data-element_type=\"container\" data-e-type=\"container\">\n\t\t<div class=\"elementor-element elementor-element-580fae42 e-con-full animated-slow e-flex e-con e-child\" data-id=\"580fae42\" data-element_type=\"container\" data-e-type=\"container\" data-settings=\"{&quot;animation&quot;:&quot;none&quot;}\">\n\t\t\t\t<div class=\"elementor-element elementor-element-420164f6 elementor-widget__width-initial elementor-widget-tablet__width-initial elementor-widget elementor-widget-heading\" data-id=\"420164f6\" data-element_type=\"widget\" data-e-type=\"widget\" data-widget_type=\"heading.default\">\n\t\t\t\t<div class=\"elementor-widget-container\">\n\t\t\t\t\t<h1 class=\"elementor-heading-title elementor-size-default\">Sweep Mode Ultrasonidos<\/h1>\t\t\t\t<\/div>\n\t\t\t\t<\/div>\n\t\t\t\t<div class=\"elementor-element elementor-element-1facd3ca elementor-widget-divider--view-line elementor-widget elementor-widget-divider\" data-id=\"1facd3ca\" data-element_type=\"widget\" data-e-type=\"widget\" data-widget_type=\"divider.default\">\n\t\t\t\t<div class=\"elementor-widget-container\">\n\t\t\t\t\t\t\t<div class=\"elementor-divider\">\n\t\t\t<span class=\"elementor-divider-separator\">\n\t\t\t\t\t\t<\/span>\n\t\t<\/div>\n\t\t\t\t\t\t<\/div>\n\t\t\t\t<\/div>\n\t\t\t\t<div class=\"elementor-element elementor-element-6d3c79b8 elementor-widget elementor-widget-heading\" data-id=\"6d3c79b8\" data-element_type=\"widget\" data-e-type=\"widget\" data-widget_type=\"heading.default\">\n\t\t\t\t<div class=\"elementor-widget-container\">\n\t\t\t\t\t<h3 class=\"elementor-heading-title elementor-size-default\">Frecuencia variable en las lavadoras por ultrasonidos<\/h3>\t\t\t\t<\/div>\n\t\t\t\t<\/div>\n\t\t\t\t<div class=\"elementor-element elementor-element-6de9abeb elementor-widget__width-initial elementor-widget-tablet__width-inherit elementor-widget elementor-widget-text-editor\" data-id=\"6de9abeb\" data-element_type=\"widget\" data-e-type=\"widget\" data-widget_type=\"text-editor.default\">\n\t\t\t\t<div class=\"elementor-widget-container\">\n\t\t\t\t\t\t\t\t\t<p>El <strong>sweep mode ultrasonidos<\/strong> es un programa especial que se utiliza para mejorar el rendimiento y los performance de los <strong>elementos PZT<\/strong>.<br \/>Para conseguir las elevadas potencias necesarias para el lavado, los elementos PZT (transductores) que se aplican en las paredes o en el fondo de las cubas deben ser numerosos. Estos se fabrican con la m\u00e1xima precisi\u00f3n con control num\u00e9rico, de manera que son todos iguales y tienen todos la misma frecuencia de resonancia alrededor de los 33.000 Hz.<\/p><p>En cualquier caso, es dif\u00edcil de obtener: cada elemento medido en el banco tiene su propia resonancia que puede diferir incluso en hasta 500-600 Hz respecto a los otros elementos. Por lo tanto, si el <strong>generador por ultrasonidos<\/strong> funcionase con una \u00fanica frecuencia fija, algunos elementos PZT no trabajar\u00edan con su resonancia y por lo tanto tendr\u00edan un rendimiento escaso y, lo que es m\u00e1s grave, sufrir\u00edan un sobrecalentamiento y deterioro r\u00e1pidos.<\/p><p>El generador est\u00e1 dotado de un programa especial, el sweep mode, que se configura en el laboratorio y se controla in situ durante el ensayo final.<\/p><p>De esta manera ese puede conseguir de manera precisa y para cualquier equipo la frecuencia de base efectiva y el intervalo que configurar (<strong>sweeping o cepillado<\/strong>, sweep mode) (por ejemplo, frecuencia de base 29.560 Hz y 1.000 Hz de sweep mode).<\/p><p>As\u00ed, incluso durante breves instantes, todos los elementos PZT pueden trabajar a su frecuencia de resonancia, exaltando el rendimiento en potencia de todo el complejo y distribuyendo la carga de manera uniforme en todos los elementos.<\/p><p>Con el sweep mode ultrasonidos, adem\u00e1s, se puede conservar durante a\u00f1os la perfecta integridad de los transductores. Los <strong>elementos PZT de Ultrasuoni Moroni<\/strong>\u00a0tienen una garant\u00eda de 5 a\u00f1os.<\/p>\t\t\t\t\t\t\t\t<\/div>\n\t\t\t\t<\/div>\n\t\t\t\t<\/div>\n\t\t<div class=\"elementor-element elementor-element-3e2ba27a e-con-full animated-slow e-flex e-con e-child\" data-id=\"3e2ba27a\" data-element_type=\"container\" data-e-type=\"container\" data-settings=\"{&quot;animation&quot;:&quot;none&quot;}\">\n\t\t\t\t<div class=\"elementor-element elementor-element-5ab9d4c elementor-widget elementor-widget-image\" data-id=\"5ab9d4c\" data-element_type=\"widget\" data-e-type=\"widget\" data-widget_type=\"image.default\">\n\t\t\t\t<div class=\"elementor-widget-container\">\n\t\t\t\t\t\t\t\t\t\t\t\t\t\t\t<img fetchpriority=\"high\" decoding=\"async\" width=\"591\" height=\"184\" src=\"https:\/\/ultrasuoni.pdr-server.it\/wp-content\/uploads\/sweep-1.jpg\" class=\"attachment-large size-large wp-image-2461\" alt=\"sweep mode ultrasuoni\" srcset=\"https:\/\/ultrasuoni.pdr-server.it\/wp-content\/uploads\/sweep-1.jpg 591w, https:\/\/ultrasuoni.pdr-server.it\/wp-content\/uploads\/sweep-1-300x93.jpg 300w, https:\/\/ultrasuoni.pdr-server.it\/wp-content\/uploads\/sweep-1-20x6.jpg 20w\" sizes=\"(max-width: 591px) 100vw, 591px\" \/>\t\t\t\t\t\t\t\t\t\t\t\t\t\t\t<\/div>\n\t\t\t\t<\/div>\n\t\t\t\t<div class=\"elementor-element elementor-element-181405c elementor-widget-divider--view-line elementor-widget elementor-widget-divider\" data-id=\"181405c\" data-element_type=\"widget\" data-e-type=\"widget\" data-widget_type=\"divider.default\">\n\t\t\t\t<div class=\"elementor-widget-container\">\n\t\t\t\t\t\t\t<div class=\"elementor-divider\">\n\t\t\t<span class=\"elementor-divider-separator\">\n\t\t\t\t\t\t<\/span>\n\t\t<\/div>\n\t\t\t\t\t\t<\/div>\n\t\t\t\t<\/div>\n\t\t\t\t<div class=\"elementor-element elementor-element-6319d3e elementor-widget elementor-widget-button\" data-id=\"6319d3e\" data-element_type=\"widget\" data-e-type=\"widget\" data-widget_type=\"button.default\">\n\t\t\t\t<div class=\"elementor-widget-container\">\n\t\t\t\t\t\t\t\t\t<div class=\"elementor-button-wrapper\">\n\t\t\t\t\t<a class=\"elementor-button elementor-button-link elementor-size-lg\" href=\"#contattaci\">\n\t\t\t\t\t\t<span class=\"elementor-button-content-wrapper\">\n\t\t\t\t\t\t\t\t\t<span class=\"elementor-button-text\">Cont\u00e1ctenos<\/span>\n\t\t\t\t\t<\/span>\n\t\t\t\t\t<\/a>\n\t\t\t\t<\/div>\n\t\t\t\t\t\t\t\t<\/div>\n\t\t\t\t<\/div>\n\t\t\t\t<\/div>\n\t\t\t\t<\/div>\n\t\t\t\t<\/div>\n\t\t","protected":false},"excerpt":{"rendered":"<p>Frecuencia variable en las lavadoras por ultrasonidos El sweep mode ultrasonidos es un programa especial que se utiliza para mejorar el rendimiento y los performance de los elementos PZT.Para conseguir las elevadas potencias necesarias para el lavado, los elementos PZT (transductores) que se aplican en las paredes o en el fondo de las cubas deben [&hellip;]<\/p>\n","protected":false},"author":1,"featured_media":0,"parent":3821,"menu_order":0,"comment_status":"closed","ping_status":"closed","template":"","meta":{"footnotes":""},"class_list":["post-3022","page","type-page","status-publish","hentry"],"_links":{"self":[{"href":"https:\/\/ultrasuoni.pdr-server.it\/es\/wp-json\/wp\/v2\/pages\/3022","targetHints":{"allow":["GET"]}}],"collection":[{"href":"https:\/\/ultrasuoni.pdr-server.it\/es\/wp-json\/wp\/v2\/pages"}],"about":[{"href":"https:\/\/ultrasuoni.pdr-server.it\/es\/wp-json\/wp\/v2\/types\/page"}],"author":[{"embeddable":true,"href":"https:\/\/ultrasuoni.pdr-server.it\/es\/wp-json\/wp\/v2\/users\/1"}],"replies":[{"embeddable":true,"href":"https:\/\/ultrasuoni.pdr-server.it\/es\/wp-json\/wp\/v2\/comments?post=3022"}],"version-history":[{"count":3,"href":"https:\/\/ultrasuoni.pdr-server.it\/es\/wp-json\/wp\/v2\/pages\/3022\/revisions"}],"predecessor-version":[{"id":6592,"href":"https:\/\/ultrasuoni.pdr-server.it\/es\/wp-json\/wp\/v2\/pages\/3022\/revisions\/6592"}],"up":[{"embeddable":true,"href":"https:\/\/ultrasuoni.pdr-server.it\/es\/wp-json\/wp\/v2\/pages\/3821"}],"wp:attachment":[{"href":"https:\/\/ultrasuoni.pdr-server.it\/es\/wp-json\/wp\/v2\/media?parent=3022"}],"curies":[{"name":"wp","href":"https:\/\/api.w.org\/{rel}","templated":true}]}}