{"id":3003,"date":"2023-06-07T10:00:13","date_gmt":"2023-06-07T08:00:13","guid":{"rendered":"https:\/\/ultrasuoni.pdr-server.it\/tecnica-de-lavado-por-ultrasonidos\/efecto-piezoelectrico-ultrasonidos\/"},"modified":"2024-05-13T17:51:12","modified_gmt":"2024-05-13T15:51:12","slug":"efecto-piezoelectrico-ultrasonidos","status":"publish","type":"page","link":"https:\/\/ultrasuoni.pdr-server.it\/es\/tecnica-de-lavado-por-ultrasonidos\/efecto-piezoelectrico-ultrasonidos\/","title":{"rendered":"Efecto Piezoel\u00e9ctrico Ultrasonidos"},"content":{"rendered":"\t\t<div data-elementor-type=\"wp-page\" data-elementor-id=\"3003\" class=\"elementor elementor-3003 elementor-1402\" data-elementor-post-type=\"page\">\n\t\t\t\t<div class=\"elementor-element elementor-element-29faf55d e-con-full e-flex e-con e-parent\" data-id=\"29faf55d\" data-element_type=\"container\" data-e-type=\"container\">\n\t\t<div class=\"elementor-element elementor-element-1207c430 e-con-full animated-slow e-flex e-con e-child\" data-id=\"1207c430\" data-element_type=\"container\" data-e-type=\"container\" data-settings=\"{&quot;animation&quot;:&quot;none&quot;}\">\n\t\t\t\t<div class=\"elementor-element elementor-element-7e165e95 elementor-widget__width-initial elementor-widget-tablet__width-initial elementor-widget elementor-widget-heading\" data-id=\"7e165e95\" data-element_type=\"widget\" data-e-type=\"widget\" data-widget_type=\"heading.default\">\n\t\t\t\t<div class=\"elementor-widget-container\">\n\t\t\t\t\t<h1 class=\"elementor-heading-title elementor-size-default\">Efecto Piezoel\u00e9ctrico Ultrasonidos<\/h1>\t\t\t\t<\/div>\n\t\t\t\t<\/div>\n\t\t\t\t<div class=\"elementor-element elementor-element-2d95a8b elementor-widget-divider--view-line elementor-widget elementor-widget-divider\" data-id=\"2d95a8b\" data-element_type=\"widget\" data-e-type=\"widget\" data-widget_type=\"divider.default\">\n\t\t\t\t<div class=\"elementor-widget-container\">\n\t\t\t\t\t\t\t<div class=\"elementor-divider\">\n\t\t\t<span class=\"elementor-divider-separator\">\n\t\t\t\t\t\t<\/span>\n\t\t<\/div>\n\t\t\t\t\t\t<\/div>\n\t\t\t\t<\/div>\n\t\t\t\t<div class=\"elementor-element elementor-element-37d5fd2 elementor-widget elementor-widget-heading\" data-id=\"37d5fd2\" data-element_type=\"widget\" data-e-type=\"widget\" data-widget_type=\"heading.default\">\n\t\t\t\t<div class=\"elementor-widget-container\">\n\t\t\t\t\t<h3 class=\"elementor-heading-title elementor-size-default\">Efecto piezoel\u00e9ctrico para el lavado con ultrasonidos<\/h3>\t\t\t\t<\/div>\n\t\t\t\t<\/div>\n\t\t\t\t<div class=\"elementor-element elementor-element-50b06099 elementor-widget__width-initial elementor-widget-tablet__width-inherit elementor-widget elementor-widget-text-editor\" data-id=\"50b06099\" data-element_type=\"widget\" data-e-type=\"widget\" data-widget_type=\"text-editor.default\">\n\t\t\t\t<div class=\"elementor-widget-container\">\n\t\t\t\t\t\t\t\t\t<p>Se trata de un fen\u00f3meno descubierto en 1880 por los hermanos <strong>Jacques y Pierre Curie<\/strong> en algunos minerales cristalinos, como el cuarzo. Este toma el nombre del griego \u201c<em>piezein<\/em>\u201d que significa \u201capretar\u201d. Este efecto tuvo desde el principio numerosas aplicaciones, pero la principal es la transformaci\u00f3n o transducci\u00f3n de energ\u00eda el\u00e9ctrica en vibraci\u00f3n mec\u00e1nica. En resumen, generando en los polos de los <strong>elementos PZT<\/strong> una tensi\u00f3n sinusoidal, esto es, que var\u00eda de manera continua del positivo al negativo y viceversa, los elementos se alargan y se estrechan con frecuencias muy altas (33.000 Hz en nuestro caso).<\/p>\n<p>En el sector del <strong>lavado por ultrasonidos<\/strong> son necesarias potencias muy elevadas. Esto solo es posible gracias en la puesta a punto de materiales cer\u00e1micos especiales obtenidos con la composici\u00f3n de polvos finos de \u00f3xidos met\u00e1licos. Normalmente, titanio o zirconio con plomo o bario (PbTiO2 -PbZrO3-BaTiO3), en proporciones bien definidas y despu\u00e9s calentados de manera que se mezclan de forma uniforme.<\/p>\n<p>Todo se amasa con material org\u00e1nico aglutinante y se introduce en moldes con formas diferentes para obtener los varios modelos: discos, anillos, placas, tubos, etc. El material se calienta durante un tiempo determinado, durante el cual los polvos sinterizan y asumen una estructura muy compacta. Finalmente las piezas enfriadas se elaboran de forma mec\u00e1nica para obtener las dimensiones precisas deseadas y por \u00faltimo en las caras se aplican los electrodos (generalmente plata aplicada con metalizaci\u00f3n al vac\u00edo).<\/p>\n<p>En este momento se consigue un producto que, a una temperatura por encima del punto de Curie, tiene una estructura cristalina sencilla con simetr\u00eda c\u00fabica y dipolos sin ninguna carga el\u00e9ctrica. Al contrario, justo debajo del punto de Curie, la estructura asume una simetr\u00eda tetragonal o romboidal y los dipolos presentan una carga el\u00e9ctrica.<\/p>\n\t\t\t\t\t\t\t\t<\/div>\n\t\t\t\t<\/div>\n\t\t\t\t<\/div>\n\t\t<div class=\"elementor-element elementor-element-27102d62 e-con-full animated-slow e-flex e-con e-child\" data-id=\"27102d62\" data-element_type=\"container\" data-e-type=\"container\" data-settings=\"{&quot;animation&quot;:&quot;none&quot;}\">\n\t\t\t\t<div class=\"elementor-element elementor-element-f132128 elementor-widget elementor-widget-image\" data-id=\"f132128\" data-element_type=\"widget\" data-e-type=\"widget\" data-widget_type=\"image.default\">\n\t\t\t\t<div class=\"elementor-widget-container\">\n\t\t\t\t\t\t\t\t\t\t\t\t\t\t\t<img fetchpriority=\"high\" decoding=\"async\" width=\"591\" height=\"212\" src=\"https:\/\/ultrasuoni.pdr-server.it\/wp-content\/uploads\/onde.jpg\" class=\"attachment-large size-large wp-image-2401\" alt=\"Effetto Piezoelettrico Ultrasuoni\" srcset=\"https:\/\/ultrasuoni.pdr-server.it\/wp-content\/uploads\/onde.jpg 591w, https:\/\/ultrasuoni.pdr-server.it\/wp-content\/uploads\/onde-300x108.jpg 300w, https:\/\/ultrasuoni.pdr-server.it\/wp-content\/uploads\/onde-20x7.jpg 20w\" sizes=\"(max-width: 591px) 100vw, 591px\" \/>\t\t\t\t\t\t\t\t\t\t\t\t\t\t\t<\/div>\n\t\t\t\t<\/div>\n\t\t\t\t<\/div>\n\t\t\t\t<\/div>\n\t\t<div class=\"elementor-element elementor-element-688db73 e-con-full e-flex e-con e-parent\" data-id=\"688db73\" data-element_type=\"container\" data-e-type=\"container\" data-settings=\"{&quot;background_background&quot;:&quot;classic&quot;}\">\n\t\t<div class=\"elementor-element elementor-element-71d3d6ad e-con-full animated-slow e-flex e-con e-child\" data-id=\"71d3d6ad\" data-element_type=\"container\" data-e-type=\"container\" data-settings=\"{&quot;animation&quot;:&quot;none&quot;}\">\n\t\t\t\t<div class=\"elementor-element elementor-element-1a011e0 elementor-widget elementor-widget-image\" data-id=\"1a011e0\" data-element_type=\"widget\" data-e-type=\"widget\" data-widget_type=\"image.default\">\n\t\t\t\t<div class=\"elementor-widget-container\">\n\t\t\t\t\t\t\t\t\t\t\t\t\t\t\t<img decoding=\"async\" width=\"800\" height=\"470\" src=\"https:\/\/ultrasuoni.pdr-server.it\/wp-content\/uploads\/Struttura_cristallina_di_un-1024x602.jpg\" class=\"attachment-large size-large wp-image-2404\" alt=\"Effetto Piezoelettrico Ultrasuoni\" srcset=\"https:\/\/ultrasuoni.pdr-server.it\/wp-content\/uploads\/Struttura_cristallina_di_un-1024x602.jpg 1024w, https:\/\/ultrasuoni.pdr-server.it\/wp-content\/uploads\/Struttura_cristallina_di_un-300x176.jpg 300w, https:\/\/ultrasuoni.pdr-server.it\/wp-content\/uploads\/Struttura_cristallina_di_un-768x452.jpg 768w, https:\/\/ultrasuoni.pdr-server.it\/wp-content\/uploads\/Struttura_cristallina_di_un-1536x904.jpg 1536w, https:\/\/ultrasuoni.pdr-server.it\/wp-content\/uploads\/Struttura_cristallina_di_un-20x12.jpg 20w, https:\/\/ultrasuoni.pdr-server.it\/wp-content\/uploads\/Struttura_cristallina_di_un.jpg 1700w\" sizes=\"(max-width: 800px) 100vw, 800px\" \/>\t\t\t\t\t\t\t\t\t\t\t\t\t\t\t<\/div>\n\t\t\t\t<\/div>\n\t\t\t\t<\/div>\n\t\t<div class=\"elementor-element elementor-element-6407076c e-con-full animated-slow e-flex e-con e-child\" data-id=\"6407076c\" data-element_type=\"container\" data-e-type=\"container\" data-settings=\"{&quot;animation&quot;:&quot;none&quot;}\">\n\t\t<div class=\"elementor-element elementor-element-5eb0acc0 e-con-full e-flex e-con e-child\" data-id=\"5eb0acc0\" data-element_type=\"container\" data-e-type=\"container\">\n\t\t\t\t<div class=\"elementor-element elementor-element-292bd9a elementor-widget__width-initial elementor-widget-tablet__width-inherit elementor-widget elementor-widget-text-editor\" data-id=\"292bd9a\" data-element_type=\"widget\" data-e-type=\"widget\" data-widget_type=\"text-editor.default\">\n\t\t\t\t<div class=\"elementor-widget-container\">\n\t\t\t\t\t\t\t\t\t<p>Sucesivamente los dipolos cargados, pero dispuestos de forma casual en la estructura reticular, deben orientarse en el mismo sentido (polarizarse) a fin de obtener el m\u00e1ximo <strong>efecto piezoel\u00e9ctrico<\/strong>. Entonces el material se calienta hasta poco debajo del punto de Curie y al mismo tiempo se somete a un fuerte campo el\u00e9ctrico por lo que los dipolos se orientan en el mismo sentido. Cuando se quita el campo el\u00e9ctrico, la mayor parte de los dipolos conserva la orientaci\u00f3n asumida, esto es, el <strong>efecto piezoel\u00e9ctrico al m\u00e1ximo rendimiento<\/strong>.<\/p>\n\t\t\t\t\t\t\t\t<\/div>\n\t\t\t\t<\/div>\n\t\t\t\t<div class=\"elementor-element elementor-element-671a31f elementor-widget elementor-widget-image\" data-id=\"671a31f\" data-element_type=\"widget\" data-e-type=\"widget\" data-widget_type=\"image.default\">\n\t\t\t\t<div class=\"elementor-widget-container\">\n\t\t\t\t\t\t\t\t\t\t\t\t\t\t\t<img decoding=\"async\" width=\"400\" height=\"180\" src=\"https:\/\/ultrasuoni.pdr-server.it\/wp-content\/uploads\/polarizzazione.jpg\" class=\"attachment-large size-large wp-image-2407\" alt=\"polarizzazione effetto piezoelettrico\" srcset=\"https:\/\/ultrasuoni.pdr-server.it\/wp-content\/uploads\/polarizzazione.jpg 400w, https:\/\/ultrasuoni.pdr-server.it\/wp-content\/uploads\/polarizzazione-300x135.jpg 300w, https:\/\/ultrasuoni.pdr-server.it\/wp-content\/uploads\/polarizzazione-20x9.jpg 20w\" sizes=\"(max-width: 400px) 100vw, 400px\" \/>\t\t\t\t\t\t\t\t\t\t\t\t\t\t\t<\/div>\n\t\t\t\t<\/div>\n\t\t\t\t<div class=\"elementor-element elementor-element-57cb8ca5 elementor-widget-divider--view-line elementor-widget elementor-widget-divider\" data-id=\"57cb8ca5\" data-element_type=\"widget\" data-e-type=\"widget\" data-widget_type=\"divider.default\">\n\t\t\t\t<div class=\"elementor-widget-container\">\n\t\t\t\t\t\t\t<div class=\"elementor-divider\">\n\t\t\t<span class=\"elementor-divider-separator\">\n\t\t\t\t\t\t<\/span>\n\t\t<\/div>\n\t\t\t\t\t\t<\/div>\n\t\t\t\t<\/div>\n\t\t\t\t<\/div>\n\t\t\t\t<div class=\"elementor-element elementor-element-3ef75a9d elementor-widget elementor-widget-button\" data-id=\"3ef75a9d\" data-element_type=\"widget\" data-e-type=\"widget\" data-widget_type=\"button.default\">\n\t\t\t\t<div class=\"elementor-widget-container\">\n\t\t\t\t\t\t\t\t\t<div class=\"elementor-button-wrapper\">\n\t\t\t\t\t<a class=\"elementor-button elementor-button-link elementor-size-lg\" href=\"#contattaci\">\n\t\t\t\t\t\t<span class=\"elementor-button-content-wrapper\">\n\t\t\t\t\t\t\t\t\t<span class=\"elementor-button-text\">Cont\u00e1ctenos<\/span>\n\t\t\t\t\t<\/span>\n\t\t\t\t\t<\/a>\n\t\t\t\t<\/div>\n\t\t\t\t\t\t\t\t<\/div>\n\t\t\t\t<\/div>\n\t\t\t\t<\/div>\n\t\t\t\t<\/div>\n\t\t\t\t<\/div>\n\t\t","protected":false},"excerpt":{"rendered":"<p>Efecto piezoel\u00e9ctrico para el lavado con ultrasonidos Se trata de un fen\u00f3meno descubierto en 1880 por los hermanos Jacques y Pierre Curie en algunos minerales cristalinos, como el cuarzo. Este toma el nombre del griego \u201cpiezein\u201d que significa \u201capretar\u201d. Este efecto tuvo desde el principio numerosas aplicaciones, pero la principal es la transformaci\u00f3n o transducci\u00f3n [&hellip;]<\/p>\n","protected":false},"author":1,"featured_media":0,"parent":3821,"menu_order":0,"comment_status":"closed","ping_status":"closed","template":"","meta":{"footnotes":""},"class_list":["post-3003","page","type-page","status-publish","hentry"],"_links":{"self":[{"href":"https:\/\/ultrasuoni.pdr-server.it\/es\/wp-json\/wp\/v2\/pages\/3003","targetHints":{"allow":["GET"]}}],"collection":[{"href":"https:\/\/ultrasuoni.pdr-server.it\/es\/wp-json\/wp\/v2\/pages"}],"about":[{"href":"https:\/\/ultrasuoni.pdr-server.it\/es\/wp-json\/wp\/v2\/types\/page"}],"author":[{"embeddable":true,"href":"https:\/\/ultrasuoni.pdr-server.it\/es\/wp-json\/wp\/v2\/users\/1"}],"replies":[{"embeddable":true,"href":"https:\/\/ultrasuoni.pdr-server.it\/es\/wp-json\/wp\/v2\/comments?post=3003"}],"version-history":[{"count":0,"href":"https:\/\/ultrasuoni.pdr-server.it\/es\/wp-json\/wp\/v2\/pages\/3003\/revisions"}],"up":[{"embeddable":true,"href":"https:\/\/ultrasuoni.pdr-server.it\/es\/wp-json\/wp\/v2\/pages\/3821"}],"wp:attachment":[{"href":"https:\/\/ultrasuoni.pdr-server.it\/es\/wp-json\/wp\/v2\/media?parent=3003"}],"curies":[{"name":"wp","href":"https:\/\/api.w.org\/{rel}","templated":true}]}}