{"id":2988,"date":"2023-06-07T09:38:56","date_gmt":"2023-06-07T07:38:56","guid":{"rendered":"https:\/\/ultrasuoni.pdr-server.it\/tecnica-de-lavado-por-ultrasonidos\/potencia-ultrasonidos\/"},"modified":"2024-05-13T17:47:44","modified_gmt":"2024-05-13T15:47:44","slug":"potencia-ultrasonidos","status":"publish","type":"page","link":"https:\/\/ultrasuoni.pdr-server.it\/es\/tecnica-de-lavado-por-ultrasonidos\/potencia-ultrasonidos\/","title":{"rendered":"Potencia Ultrasonidos"},"content":{"rendered":"\t\t<div data-elementor-type=\"wp-page\" data-elementor-id=\"2988\" class=\"elementor elementor-2988 elementor-1377\" data-elementor-post-type=\"page\">\n\t\t\t\t<div class=\"elementor-element elementor-element-1696d473 e-con-full e-flex e-con e-parent\" data-id=\"1696d473\" data-element_type=\"container\">\n\t\t<div class=\"elementor-element elementor-element-1fe22a54 e-con-full animated-slow e-flex e-con e-child\" data-id=\"1fe22a54\" data-element_type=\"container\" data-settings=\"{&quot;animation&quot;:&quot;none&quot;}\">\n\t\t\t\t<div class=\"elementor-element elementor-element-52110b7d elementor-widget__width-initial elementor-widget-tablet__width-initial elementor-widget elementor-widget-heading\" data-id=\"52110b7d\" data-element_type=\"widget\" data-widget_type=\"heading.default\">\n\t\t\t\t<div class=\"elementor-widget-container\">\n\t\t\t\t\t<h1 class=\"elementor-heading-title elementor-size-default\">Potencia Ultrasonidos<\/h1>\t\t\t\t<\/div>\n\t\t\t\t<\/div>\n\t\t\t\t<div class=\"elementor-element elementor-element-57c7cd80 elementor-widget-divider--view-line elementor-widget elementor-widget-divider\" data-id=\"57c7cd80\" data-element_type=\"widget\" data-widget_type=\"divider.default\">\n\t\t\t\t<div class=\"elementor-widget-container\">\n\t\t\t\t\t\t\t<div class=\"elementor-divider\">\n\t\t\t<span class=\"elementor-divider-separator\">\n\t\t\t\t\t\t<\/span>\n\t\t<\/div>\n\t\t\t\t\t\t<\/div>\n\t\t\t\t<\/div>\n\t\t\t\t<div class=\"elementor-element elementor-element-317018cf elementor-widget elementor-widget-heading\" data-id=\"317018cf\" data-element_type=\"widget\" data-widget_type=\"heading.default\">\n\t\t\t\t<div class=\"elementor-widget-container\">\n\t\t\t\t\t<h3 class=\"elementor-heading-title elementor-size-default\">El Concepto de potencia de ultrasonidos en el lavado<\/h3>\t\t\t\t<\/div>\n\t\t\t\t<\/div>\n\t\t\t\t<div class=\"elementor-element elementor-element-177dd271 elementor-widget__width-initial elementor-widget-tablet__width-inherit elementor-widget elementor-widget-text-editor\" data-id=\"177dd271\" data-element_type=\"widget\" data-widget_type=\"text-editor.default\">\n\t\t\t\t<div class=\"elementor-widget-container\">\n\t\t\t\t\t\t\t\t\t<p>Existe un vocabulario muy amplio relacionado con el concepto de <strong>potencia por ultrasonidos<\/strong>. A menudo se asocia a los t\u00e9rminos: de punta, de pico, pulsante o peak.<\/p>\n<p>Generalmente, la potencia de cualquier aparato est\u00e1 determinada por la ley de Ohm <strong>P=VxI<\/strong> y en este caso se llama \u201cpotencia efectiva o media\u201d, en ingl\u00e9s \u201cAVERAGE POWER\u201d.<\/p>\n<p>Por ello, es muy sencillo establecer la <strong>potencia de un generador por ultrasonidos<\/strong>: basta multiplicar la tensi\u00f3n (V) que lo alimenta por la intensidad de la corriente (A) que absorbe y el resultado es justamente la potencia de ultrasonidos.<\/p>\n<p>Otro par\u00e1metro que se debe tener en cuenta es el <strong>rendimiento del aparato<\/strong>, que var\u00eda mucho dependiendo del proyecto y de los componentes. Por lo tanto, como m\u00ednimo es necesario restar un 10-15% al valor antes indicado.<\/p>\n<p>La <strong>potencia de ultrasonidos<\/strong> de la que hemos hablado hasta ahora es la que proviene del generador y se aplica a los transductores. Por ello es necesario hablar de acoplamiento, de impedancia, de resonancia, de masa compuesta con la chapa de acero inoxidable al que los transductores se aplican.<\/p>\n<p>Para evitar incurrir en desagradables sorpresas, se aconseja solicitar al vendedor que realice pruebas pr\u00e1cticas. Estas deber\u00edan simular de la mejor manera las condiciones efectivas del equipo que se desea instalar.<\/p>\n<p>Desconf\u00ede de n\u00fameros demasiado elevadas sobre la potencia de ultrasonidos mostrados por el vendedor, ya que es verdaderamente dif\u00edcil obtener valores objetivos y en los que se pueda confiar.<\/p>\n\t\t\t\t\t\t\t\t<\/div>\n\t\t\t\t<\/div>\n\t\t\t\t<\/div>\n\t\t<div class=\"elementor-element elementor-element-8c66e70 e-con-full animated-slow e-flex e-con e-child\" data-id=\"8c66e70\" data-element_type=\"container\" data-settings=\"{&quot;animation&quot;:&quot;none&quot;}\">\n\t\t\t\t<div class=\"elementor-element elementor-element-6f804de elementor-widget elementor-widget-image\" data-id=\"6f804de\" data-element_type=\"widget\" data-settings=\"{&quot;_animation&quot;:&quot;none&quot;}\" data-widget_type=\"image.default\">\n\t\t\t\t<div class=\"elementor-widget-container\">\n\t\t\t\t\t\t\t\t\t\t\t\t\t\t\t<img fetchpriority=\"high\" decoding=\"async\" width=\"800\" height=\"600\" src=\"https:\/\/ultrasuoni.pdr-server.it\/wp-content\/uploads\/Vista-Tramazzo.jpg\" class=\"attachment-large size-large wp-image-2389\" alt=\"potenza generatore ad ultrasuoni\" srcset=\"https:\/\/ultrasuoni.pdr-server.it\/wp-content\/uploads\/Vista-Tramazzo.jpg 1000w, https:\/\/ultrasuoni.pdr-server.it\/wp-content\/uploads\/Vista-Tramazzo-300x225.jpg 300w, https:\/\/ultrasuoni.pdr-server.it\/wp-content\/uploads\/Vista-Tramazzo-768x576.jpg 768w, https:\/\/ultrasuoni.pdr-server.it\/wp-content\/uploads\/Vista-Tramazzo-20x15.jpg 20w\" sizes=\"(max-width: 800px) 100vw, 800px\" \/>\t\t\t\t\t\t\t\t\t\t\t\t\t\t\t<\/div>\n\t\t\t\t<\/div>\n\t\t\t\t<div class=\"elementor-element elementor-element-c7ab815 elementor-widget-divider--view-line elementor-widget elementor-widget-divider\" data-id=\"c7ab815\" data-element_type=\"widget\" data-widget_type=\"divider.default\">\n\t\t\t\t<div class=\"elementor-widget-container\">\n\t\t\t\t\t\t\t<div class=\"elementor-divider\">\n\t\t\t<span class=\"elementor-divider-separator\">\n\t\t\t\t\t\t<\/span>\n\t\t<\/div>\n\t\t\t\t\t\t<\/div>\n\t\t\t\t<\/div>\n\t\t\t\t<div class=\"elementor-element elementor-element-b75555b elementor-widget elementor-widget-button\" data-id=\"b75555b\" data-element_type=\"widget\" data-widget_type=\"button.default\">\n\t\t\t\t<div class=\"elementor-widget-container\">\n\t\t\t\t\t\t\t\t\t<div class=\"elementor-button-wrapper\">\n\t\t\t\t\t<a class=\"elementor-button elementor-button-link elementor-size-lg\" href=\"#contattaci\">\n\t\t\t\t\t\t<span class=\"elementor-button-content-wrapper\">\n\t\t\t\t\t\t\t\t\t<span class=\"elementor-button-text\">Cont\u00e1ctenos<\/span>\n\t\t\t\t\t<\/span>\n\t\t\t\t\t<\/a>\n\t\t\t\t<\/div>\n\t\t\t\t\t\t\t\t<\/div>\n\t\t\t\t<\/div>\n\t\t\t\t<\/div>\n\t\t\t\t<\/div>\n\t\t\t\t<\/div>\n\t\t","protected":false},"excerpt":{"rendered":"<p>El Concepto de potencia de ultrasonidos en el lavado Existe un vocabulario muy amplio relacionado con el concepto de potencia por ultrasonidos. A menudo se asocia a los t\u00e9rminos: de punta, de pico, pulsante o peak. Generalmente, la potencia de cualquier aparato est\u00e1 determinada por la ley de Ohm P=VxI y en este caso se [&hellip;]<\/p>\n","protected":false},"author":1,"featured_media":0,"parent":3821,"menu_order":0,"comment_status":"closed","ping_status":"closed","template":"","meta":{"footnotes":""},"class_list":["post-2988","page","type-page","status-publish","hentry"],"_links":{"self":[{"href":"https:\/\/ultrasuoni.pdr-server.it\/es\/wp-json\/wp\/v2\/pages\/2988","targetHints":{"allow":["GET"]}}],"collection":[{"href":"https:\/\/ultrasuoni.pdr-server.it\/es\/wp-json\/wp\/v2\/pages"}],"about":[{"href":"https:\/\/ultrasuoni.pdr-server.it\/es\/wp-json\/wp\/v2\/types\/page"}],"author":[{"embeddable":true,"href":"https:\/\/ultrasuoni.pdr-server.it\/es\/wp-json\/wp\/v2\/users\/1"}],"replies":[{"embeddable":true,"href":"https:\/\/ultrasuoni.pdr-server.it\/es\/wp-json\/wp\/v2\/comments?post=2988"}],"version-history":[{"count":0,"href":"https:\/\/ultrasuoni.pdr-server.it\/es\/wp-json\/wp\/v2\/pages\/2988\/revisions"}],"up":[{"embeddable":true,"href":"https:\/\/ultrasuoni.pdr-server.it\/es\/wp-json\/wp\/v2\/pages\/3821"}],"wp:attachment":[{"href":"https:\/\/ultrasuoni.pdr-server.it\/es\/wp-json\/wp\/v2\/media?parent=2988"}],"curies":[{"name":"wp","href":"https:\/\/api.w.org\/{rel}","templated":true}]}}