{"id":2969,"date":"2023-06-07T08:43:34","date_gmt":"2023-06-07T06:43:34","guid":{"rendered":"https:\/\/ultrasuoni.pdr-server.it\/maquinas-de-lavado-con-ultrasonidos\/equipos-de-lavado-automaticos-por-ultrasonidos\/"},"modified":"2025-09-16T11:49:31","modified_gmt":"2025-09-16T09:49:31","slug":"equipos-de-lavado-automaticos-por-ultrasonidos","status":"publish","type":"page","link":"https:\/\/ultrasuoni.pdr-server.it\/es\/maquinas-de-lavado-con-ultrasonidos\/equipos-de-lavado-automaticos-por-ultrasonidos\/","title":{"rendered":"Equipos de Lavado Autom\u00e1ticos por Ultrasonidos"},"content":{"rendered":"\t\t<div data-elementor-type=\"wp-page\" data-elementor-id=\"2969\" class=\"elementor elementor-2969 elementor-1312\" data-elementor-post-type=\"page\">\n\t\t\t\t<div class=\"elementor-element elementor-element-4fbdcf13 e-con-full e-flex e-con e-parent\" data-id=\"4fbdcf13\" data-element_type=\"container\">\n\t\t<div class=\"elementor-element elementor-element-30779eee e-con-full animated-slow e-flex e-con e-child\" data-id=\"30779eee\" data-element_type=\"container\" data-settings=\"{&quot;animation&quot;:&quot;none&quot;}\">\n\t\t\t\t<div class=\"elementor-element elementor-element-69ec86f8 elementor-widget__width-initial elementor-widget-tablet__width-initial elementor-widget elementor-widget-heading\" data-id=\"69ec86f8\" data-element_type=\"widget\" data-widget_type=\"heading.default\">\n\t\t\t\t<div class=\"elementor-widget-container\">\n\t\t\t\t\t<h1 class=\"elementor-heading-title elementor-size-default\">Equipos de Lavado Autom\u00e1ticos por Ultrasonidos<\/h1>\t\t\t\t<\/div>\n\t\t\t\t<\/div>\n\t\t\t\t<div class=\"elementor-element elementor-element-b37d572 elementor-widget-divider--view-line elementor-widget elementor-widget-divider\" data-id=\"b37d572\" data-element_type=\"widget\" data-widget_type=\"divider.default\">\n\t\t\t\t<div class=\"elementor-widget-container\">\n\t\t\t\t\t\t\t<div class=\"elementor-divider\">\n\t\t\t<span class=\"elementor-divider-separator\">\n\t\t\t\t\t\t<\/span>\n\t\t<\/div>\n\t\t\t\t\t\t<\/div>\n\t\t\t\t<\/div>\n\t\t\t\t<div class=\"elementor-element elementor-element-53b7ddf5 elementor-widget elementor-widget-heading\" data-id=\"53b7ddf5\" data-element_type=\"widget\" data-widget_type=\"heading.default\">\n\t\t\t\t<div class=\"elementor-widget-container\">\n\t\t\t\t\t<h3 class=\"elementor-heading-title elementor-size-default\">Equipo ultrasonidos autom\u00e1tico y lavadoras ultrasonidos con cestas giratorias<\/h3>\t\t\t\t<\/div>\n\t\t\t\t<\/div>\n\t\t\t\t<div class=\"elementor-element elementor-element-fff8ccb elementor-widget__width-initial elementor-widget-tablet__width-inherit elementor-widget elementor-widget-text-editor\" data-id=\"fff8ccb\" data-element_type=\"widget\" data-widget_type=\"text-editor.default\">\n\t\t\t\t<div class=\"elementor-widget-container\">\n\t\t\t\t\t\t\t\t\t<p>Entre los productos destacados del cat\u00e1logo Moroni destacan los <strong>equipos de lavado autom\u00e1ticos por ultrasonidos<\/strong> de cualquier tipo, ideales no solo para la fase de lavado, sino tambi\u00e9n para los tratamientos sucesivos.<\/p>\n\t\t\t\t\t\t\t\t<\/div>\n\t\t\t\t<\/div>\n\t\t\t\t<div class=\"elementor-element elementor-element-ded28aa elementor-widget elementor-widget-heading\" data-id=\"ded28aa\" data-element_type=\"widget\" data-widget_type=\"heading.default\">\n\t\t\t\t<div class=\"elementor-widget-container\">\n\t\t\t\t\t<h3 class=\"elementor-heading-title elementor-size-default\">Equipos con puente gr\u00faa ORTHAGON<\/h3>\t\t\t\t<\/div>\n\t\t\t\t<\/div>\n\t\t\t\t<div class=\"elementor-element elementor-element-bfd84b4 elementor-widget-divider--view-line elementor-widget elementor-widget-divider\" data-id=\"bfd84b4\" data-element_type=\"widget\" data-widget_type=\"divider.default\">\n\t\t\t\t<div class=\"elementor-widget-container\">\n\t\t\t\t\t\t\t<div class=\"elementor-divider\">\n\t\t\t<span class=\"elementor-divider-separator\">\n\t\t\t\t\t\t<\/span>\n\t\t<\/div>\n\t\t\t\t\t\t<\/div>\n\t\t\t\t<\/div>\n\t\t\t\t<div class=\"elementor-element elementor-element-fe475d9 elementor-widget__width-initial elementor-widget-tablet__width-inherit elementor-widget elementor-widget-text-editor\" data-id=\"fe475d9\" data-element_type=\"widget\" data-widget_type=\"text-editor.default\">\n\t\t\t\t<div class=\"elementor-widget-container\">\n\t\t\t\t\t\t\t\t\t<p>Los <strong>equipos autom\u00e1ticos con puente gr\u00faa Orthagon de Ultrasuoni Moroni<\/strong>\u00a0son ideales para gestionar cargas elevadas ya que aseguran una gran productividad, m\u00ednimo uso de mano de obra y m\u00e1xima seguridad en fase de elaboraci\u00f3n.<\/p>\t\t\t\t\t\t\t\t<\/div>\n\t\t\t\t<\/div>\n\t\t\t\t<\/div>\n\t\t<div class=\"elementor-element elementor-element-2caf5cca e-con-full animated-slow e-flex e-con e-child\" data-id=\"2caf5cca\" data-element_type=\"container\" data-settings=\"{&quot;animation&quot;:&quot;none&quot;}\">\n\t\t\t\t<div class=\"elementor-element elementor-element-d89f72f elementor-widget elementor-widget-video\" data-id=\"d89f72f\" data-element_type=\"widget\" data-settings=\"{&quot;video_type&quot;:&quot;vimeo&quot;}\" data-widget_type=\"video.default\">\n\t\t\t\t<div class=\"elementor-widget-container\">\n\t\t\t\t\t\t\t<div class=\"elementor-wrapper elementor-open-inline\">\n\t\t\t<iframe class=\"elementor-video-iframe\" allowfullscreen allow=\"clipboard-write\" title=\"Reproductor de v\u00eddeo vimeo\" src=\"https:\/\/player.vimeo.com\/video\/232946408?color&amp;autopause=0&amp;loop=0&amp;muted=0&amp;title=1&amp;portrait=1&amp;byline=1#t=\"><\/iframe>\t\t<\/div>\n\t\t\t\t\t\t<\/div>\n\t\t\t\t<\/div>\n\t\t\t\t<\/div>\n\t\t\t\t<\/div>\n\t\t<div class=\"elementor-element elementor-element-2986d9d4 e-con-full e-flex e-con e-parent\" data-id=\"2986d9d4\" data-element_type=\"container\" data-settings=\"{&quot;background_background&quot;:&quot;classic&quot;}\">\n\t\t<div class=\"elementor-element elementor-element-37a0be49 e-con-full animated-slow e-flex e-con e-child\" data-id=\"37a0be49\" data-element_type=\"container\" data-settings=\"{&quot;animation&quot;:&quot;none&quot;}\">\n\t\t\t\t<div class=\"elementor-element elementor-element-464869c9 elementor-widget elementor-widget-heading\" data-id=\"464869c9\" data-element_type=\"widget\" data-widget_type=\"heading.default\">\n\t\t\t\t<div class=\"elementor-widget-container\">\n\t\t\t\t\t<h3 class=\"elementor-heading-title elementor-size-default\">Equipos PASO-PASO (P.P.)<\/h3>\t\t\t\t<\/div>\n\t\t\t\t<\/div>\n\t\t\t\t<div class=\"elementor-element elementor-element-4208e88e elementor-widget-divider--view-line elementor-widget elementor-widget-divider\" data-id=\"4208e88e\" data-element_type=\"widget\" data-widget_type=\"divider.default\">\n\t\t\t\t<div class=\"elementor-widget-container\">\n\t\t\t\t\t\t\t<div class=\"elementor-divider\">\n\t\t\t<span class=\"elementor-divider-separator\">\n\t\t\t\t\t\t<\/span>\n\t\t<\/div>\n\t\t\t\t\t\t<\/div>\n\t\t\t\t<\/div>\n\t\t\t\t<div class=\"elementor-element elementor-element-1fc59842 elementor-widget__width-initial elementor-widget-tablet__width-inherit elementor-widget elementor-widget-text-editor\" data-id=\"1fc59842\" data-element_type=\"widget\" data-widget_type=\"text-editor.default\">\n\t\t\t\t<div class=\"elementor-widget-container\">\n\t\t\t\t\t\t\t\t\t<p>Los <strong>equipos Paso-Paso (P.P.) Moroni<\/strong>, llamados tambi\u00e9n <strong>equipos de noria o paso peregrino<\/strong> pueden asegurar la m\u00e1xima productividad gracias a la elevaci\u00f3n y traslaci\u00f3n contempor\u00e1nea de todas las cestas. Otro punto de fuerza es la sencillez de utilizaci\u00f3n en el ciclo de programaci\u00f3n, ya que repiten continuamente de un m\u00ednimo de 6 a un m\u00e1ximo de 10 movimientos.<\/p>\n\t\t\t\t\t\t\t\t<\/div>\n\t\t\t\t<\/div>\n\t\t\t\t<\/div>\n\t\t<div class=\"elementor-element elementor-element-338901fd e-con-full animated-slow e-flex e-con e-child\" data-id=\"338901fd\" data-element_type=\"container\" data-settings=\"{&quot;animation&quot;:&quot;none&quot;}\">\n\t\t\t\t<div class=\"elementor-element elementor-element-7cc152d3 elementor-widget elementor-widget-gallery\" data-id=\"7cc152d3\" data-element_type=\"widget\" data-settings=\"{&quot;gap&quot;:{&quot;unit&quot;:&quot;px&quot;,&quot;size&quot;:11,&quot;sizes&quot;:[]},&quot;aspect_ratio&quot;:&quot;1:1&quot;,&quot;lazyload&quot;:&quot;yes&quot;,&quot;gallery_layout&quot;:&quot;grid&quot;,&quot;columns&quot;:4,&quot;columns_tablet&quot;:2,&quot;columns_mobile&quot;:1,&quot;gap_tablet&quot;:{&quot;unit&quot;:&quot;px&quot;,&quot;size&quot;:10,&quot;sizes&quot;:[]},&quot;gap_mobile&quot;:{&quot;unit&quot;:&quot;px&quot;,&quot;size&quot;:10,&quot;sizes&quot;:[]},&quot;link_to&quot;:&quot;file&quot;,&quot;overlay_background&quot;:&quot;yes&quot;,&quot;content_hover_animation&quot;:&quot;fade-in&quot;}\" data-widget_type=\"gallery.default\">\n\t\t\t\t<div class=\"elementor-widget-container\">\n\t\t\t\t\t\t\t<div class=\"elementor-gallery__container\">\n\t\t\t\t\t\t\t<a class=\"e-gallery-item elementor-gallery-item elementor-animated-content\" href=\"https:\/\/ultrasuoni.pdr-server.it\/wp-content\/uploads\/Iacobucci-MDV-1200-3-P_P-pixelata-scura-1-241x300-1.jpg\" data-elementor-open-lightbox=\"yes\" data-elementor-lightbox-slideshow=\"7cc152d3\" data-elementor-lightbox-title=\"Iacobucci-MDV-1200-3-P_P-pixelata-scura-1-241x300\" data-e-action-hash=\"#elementor-action%3Aaction%3Dlightbox%26settings%3DeyJpZCI6MjM1OSwidXJsIjoiaHR0cHM6XC9cL3VsdHJhc3VvbmkucGRyLXNlcnZlci5pdFwvd3AtY29udGVudFwvdXBsb2Fkc1wvSWFjb2J1Y2NpLU1EVi0xMjAwLTMtUF9QLXBpeGVsYXRhLXNjdXJhLTEtMjQxeDMwMC0xLmpwZyIsInNsaWRlc2hvdyI6IjdjYzE1MmQzIn0%3D\">\n\t\t\t\t\t<div class=\"e-gallery-image elementor-gallery-item__image\" data-thumbnail=\"https:\/\/ultrasuoni.pdr-server.it\/wp-content\/uploads\/Iacobucci-MDV-1200-3-P_P-pixelata-scura-1-241x300-1.jpg\" data-width=\"241\" data-height=\"300\" aria-label=\"\" role=\"img\" ><\/div>\n\t\t\t\t\t\t\t\t\t\t\t<div class=\"elementor-gallery-item__overlay\"><\/div>\n\t\t\t\t\t\t\t\t\t\t\t\t\t\t<\/a>\n\t\t\t\t\t\t\t<a class=\"e-gallery-item elementor-gallery-item elementor-animated-content\" href=\"https:\/\/ultrasuoni.pdr-server.it\/wp-content\/uploads\/passo-300x158-1.jpg\" data-elementor-open-lightbox=\"yes\" data-elementor-lightbox-slideshow=\"7cc152d3\" data-elementor-lightbox-title=\"passo-300x158\" data-e-action-hash=\"#elementor-action%3Aaction%3Dlightbox%26settings%3DeyJpZCI6MjM2MiwidXJsIjoiaHR0cHM6XC9cL3VsdHJhc3VvbmkucGRyLXNlcnZlci5pdFwvd3AtY29udGVudFwvdXBsb2Fkc1wvcGFzc28tMzAweDE1OC0xLmpwZyIsInNsaWRlc2hvdyI6IjdjYzE1MmQzIn0%3D\">\n\t\t\t\t\t<div class=\"e-gallery-image elementor-gallery-item__image\" data-thumbnail=\"https:\/\/ultrasuoni.pdr-server.it\/wp-content\/uploads\/passo-300x158-1.jpg\" data-width=\"300\" data-height=\"158\" aria-label=\"\" role=\"img\" ><\/div>\n\t\t\t\t\t\t\t\t\t\t\t<div class=\"elementor-gallery-item__overlay\"><\/div>\n\t\t\t\t\t\t\t\t\t\t\t\t\t\t<\/a>\n\t\t\t\t\t<\/div>\n\t\t\t\t\t<\/div>\n\t\t\t\t<\/div>\n\t\t\t\t<\/div>\n\t\t\t\t<\/div>\n\t\t<div class=\"elementor-element elementor-element-d818bc2 e-con-full e-flex e-con e-parent\" data-id=\"d818bc2\" data-element_type=\"container\">\n\t\t<div class=\"elementor-element elementor-element-126f7aa e-con-full animated-slow e-flex e-con e-child\" data-id=\"126f7aa\" data-element_type=\"container\" data-settings=\"{&quot;animation&quot;:&quot;none&quot;}\">\n\t\t\t\t<div class=\"elementor-element elementor-element-9647334 elementor-widget elementor-widget-heading\" data-id=\"9647334\" data-element_type=\"widget\" data-widget_type=\"heading.default\">\n\t\t\t\t<div class=\"elementor-widget-container\">\n\t\t\t\t\t<h3 class=\"elementor-heading-title elementor-size-default\">Equipos LIFTER<\/h3>\t\t\t\t<\/div>\n\t\t\t\t<\/div>\n\t\t\t\t<div class=\"elementor-element elementor-element-fa9c4f5 elementor-widget-divider--view-line elementor-widget elementor-widget-divider\" data-id=\"fa9c4f5\" data-element_type=\"widget\" data-widget_type=\"divider.default\">\n\t\t\t\t<div class=\"elementor-widget-container\">\n\t\t\t\t\t\t\t<div class=\"elementor-divider\">\n\t\t\t<span class=\"elementor-divider-separator\">\n\t\t\t\t\t\t<\/span>\n\t\t<\/div>\n\t\t\t\t\t\t<\/div>\n\t\t\t\t<\/div>\n\t\t\t\t<div class=\"elementor-element elementor-element-605ae01 elementor-widget__width-initial elementor-widget-tablet__width-inherit elementor-widget elementor-widget-text-editor\" data-id=\"605ae01\" data-element_type=\"widget\" data-widget_type=\"text-editor.default\">\n\t\t\t\t<div class=\"elementor-widget-container\">\n\t\t\t\t\t\t\t\t\t<p>Gracias a los <strong>equipos autom\u00e1ticos para el lavado Lifter<\/strong> de Ultrasuoni Moroni, las piezas que lavar se cargan en una plataforma que baja de manera autom\u00e1tica a la posici\u00f3n de lavado. A la acci\u00f3n de los ultrasonidos se a\u00f1ade un desplazamiento de tipo \u00e9mbolo que favorece la salida de los residuos s\u00f3lidos de las partes m\u00e1s internas de las piezas. Por lo tanto, este tipo de equipos est\u00e1 especialmente indicado para el <strong>lavado de mec\u00e1nica pesada<\/strong>, como motores, moldes, grupos y cilindros hidr\u00e1ulicos y neum\u00e1ticos.<\/p>\t\t\t\t\t\t\t\t<\/div>\n\t\t\t\t<\/div>\n\t\t\t\t<div class=\"elementor-element elementor-element-2e0000a elementor-widget elementor-widget-image\" data-id=\"2e0000a\" data-element_type=\"widget\" data-widget_type=\"image.default\">\n\t\t\t\t<div class=\"elementor-widget-container\">\n\t\t\t\t\t\t\t\t\t\t\t\t\t\t\t<img fetchpriority=\"high\" decoding=\"async\" width=\"225\" height=\"300\" src=\"https:\/\/ultrasuoni.pdr-server.it\/wp-content\/uploads\/Lifter-simet-web-225x300-2.jpg\" class=\"attachment-large size-large wp-image-2365\" alt=\"Impianti di Lavaggio Ultrasuoni Automatici\" srcset=\"https:\/\/ultrasuoni.pdr-server.it\/wp-content\/uploads\/Lifter-simet-web-225x300-2.jpg 225w, https:\/\/ultrasuoni.pdr-server.it\/wp-content\/uploads\/Lifter-simet-web-225x300-2-15x20.jpg 15w\" sizes=\"(max-width: 225px) 100vw, 225px\" \/>\t\t\t\t\t\t\t\t\t\t\t\t\t\t\t<\/div>\n\t\t\t\t<\/div>\n\t\t\t\t<\/div>\n\t\t<div class=\"elementor-element elementor-element-d43caa9 e-con-full animated-slow e-flex e-con e-child\" data-id=\"d43caa9\" data-element_type=\"container\" data-settings=\"{&quot;animation&quot;:&quot;none&quot;}\">\n\t\t\t\t<div class=\"elementor-element elementor-element-7ebec79 elementor-widget elementor-widget-video\" data-id=\"7ebec79\" data-element_type=\"widget\" data-settings=\"{&quot;video_type&quot;:&quot;vimeo&quot;}\" data-widget_type=\"video.default\">\n\t\t\t\t<div class=\"elementor-widget-container\">\n\t\t\t\t\t\t\t<div class=\"elementor-wrapper elementor-open-inline\">\n\t\t\t<iframe class=\"elementor-video-iframe\" allowfullscreen allow=\"clipboard-write\" title=\"Reproductor de v\u00eddeo vimeo\" src=\"https:\/\/player.vimeo.com\/video\/325626116?color&amp;autopause=0&amp;loop=0&amp;muted=0&amp;title=1&amp;portrait=1&amp;byline=1#t=\"><\/iframe>\t\t<\/div>\n\t\t\t\t\t\t<\/div>\n\t\t\t\t<\/div>\n\t\t\t\t<\/div>\n\t\t\t\t<\/div>\n\t\t<div class=\"elementor-element elementor-element-240f821 e-con-full e-flex e-con e-parent\" data-id=\"240f821\" data-element_type=\"container\" data-settings=\"{&quot;background_background&quot;:&quot;classic&quot;}\">\n\t\t<div class=\"elementor-element elementor-element-b857e60 e-con-full animated-slow e-flex e-con e-child\" data-id=\"b857e60\" data-element_type=\"container\" data-settings=\"{&quot;animation&quot;:&quot;none&quot;}\">\n\t\t\t\t<div class=\"elementor-element elementor-element-ab939d3 elementor-widget elementor-widget-heading\" data-id=\"ab939d3\" data-element_type=\"widget\" data-widget_type=\"heading.default\">\n\t\t\t\t<div class=\"elementor-widget-container\">\n\t\t\t\t\t<h3 class=\"elementor-heading-title elementor-size-default\">Serie ROTOLIFTER<\/h3>\t\t\t\t<\/div>\n\t\t\t\t<\/div>\n\t\t\t\t<div class=\"elementor-element elementor-element-5b80eb2 elementor-widget-divider--view-line elementor-widget elementor-widget-divider\" data-id=\"5b80eb2\" data-element_type=\"widget\" data-widget_type=\"divider.default\">\n\t\t\t\t<div class=\"elementor-widget-container\">\n\t\t\t\t\t\t\t<div class=\"elementor-divider\">\n\t\t\t<span class=\"elementor-divider-separator\">\n\t\t\t\t\t\t<\/span>\n\t\t<\/div>\n\t\t\t\t\t\t<\/div>\n\t\t\t\t<\/div>\n\t\t\t\t<div class=\"elementor-element elementor-element-efd0f43 elementor-widget__width-initial elementor-widget-tablet__width-inherit elementor-widget elementor-widget-text-editor\" data-id=\"efd0f43\" data-element_type=\"widget\" data-widget_type=\"text-editor.default\">\n\t\t\t\t<div class=\"elementor-widget-container\">\n\t\t\t\t\t\t\t\t\t<p>En la <strong>serie Rotolifter de Ultrasuoni Moroni<\/strong> se incluyen las <strong>lavadoras por ultrasonidos con cestas giratorias (tambores)<\/strong>, dise\u00f1adas para <strong>lavados de la m\u00e1xima precisi\u00f3n en minuter\u00eda met\u00e1lica<\/strong> en general, para quitar aceites y grasas de elaboraci\u00f3n, pero sobre todo para eliminar virutas y restos de elaboraci\u00f3n.<\/p><p>De la acci\u00f3n combinada de los ultrasonidos con una rotaci\u00f3n lenta de las piezas se puede obtener la limpieza tambi\u00e9n de las partes m\u00e1s interiores, como roscados, agujeros ciegos, superficies en \u00e1ngulo agudo. Otra ventaja de la <strong>rotaci\u00f3n en inmersi\u00f3n<\/strong> es su capacidad de preservar las piezas que lavar amortiguando los golpes entre ellas, especialmente en las partes m\u00e1s delicadas como roscados exteriores o placas delicadas de superficie.<\/p><p>Cuando est\u00e1 en posici\u00f3n de lavado, la plataforma, que sube y baja con el tambor giratorio, realiza un desplazamiento hacia arriba y hacia abajo (desplazamiento de tipo \u00e9mbolo), y las virutas se alejan de las piezas lavadas.<\/p><p>Los equipos Ultrasuoni Moroni, todos con un alto contenido tecnol\u00f3gico con programaci\u00f3n y control computerizado, son completamente autom\u00e1ticos, por lo que el operador solo se tiene que ocupar de quitar y poner los tambores giratorios en la plataforma de carga.<br \/>Dir\u00edjase a Ultrasuoni Moroni para solicitar un <strong>equipo personalizado<\/strong> a sus necesidades.<\/p>\t\t\t\t\t\t\t\t<\/div>\n\t\t\t\t<\/div>\n\t\t\t\t<div class=\"elementor-element elementor-element-a5be324 elementor-widget elementor-widget-image\" data-id=\"a5be324\" data-element_type=\"widget\" data-widget_type=\"image.default\">\n\t\t\t\t<div class=\"elementor-widget-container\">\n\t\t\t\t\t\t\t\t\t\t\t\t\t\t\t<img decoding=\"async\" width=\"222\" height=\"300\" src=\"https:\/\/ultrasuoni.pdr-server.it\/wp-content\/uploads\/rotolifter_nuovo-222x300-1.jpg\" class=\"attachment-large size-large wp-image-2368\" alt=\"lavatrici a ultrasuoni con cestelli rotanti\" srcset=\"https:\/\/ultrasuoni.pdr-server.it\/wp-content\/uploads\/rotolifter_nuovo-222x300-1.jpg 222w, https:\/\/ultrasuoni.pdr-server.it\/wp-content\/uploads\/rotolifter_nuovo-222x300-1-15x20.jpg 15w\" sizes=\"(max-width: 222px) 100vw, 222px\" \/>\t\t\t\t\t\t\t\t\t\t\t\t\t\t\t<\/div>\n\t\t\t\t<\/div>\n\t\t\t\t<div class=\"elementor-element elementor-element-69dd45d elementor-widget elementor-widget-heading\" data-id=\"69dd45d\" data-element_type=\"widget\" data-widget_type=\"heading.default\">\n\t\t\t\t<div class=\"elementor-widget-container\">\n\t\t\t\t\t<h3 class=\"elementor-heading-title elementor-size-default\">Finalmente, se han realizado numerosos equipos de ultrasonidos autom\u00e1ticos desde 1963. Estamos especializados en el dise\u00f1o, incluso de equipos individuales: una de nuestras secciones se dedica de manera espec\u00edfico a este tipo elaboraci\u00f3n.<\/h3>\t\t\t\t<\/div>\n\t\t\t\t<\/div>\n\t\t\t\t<div class=\"elementor-element elementor-element-c074179 elementor-widget-divider--view-line elementor-widget elementor-widget-divider\" data-id=\"c074179\" data-element_type=\"widget\" data-widget_type=\"divider.default\">\n\t\t\t\t<div class=\"elementor-widget-container\">\n\t\t\t\t\t\t\t<div class=\"elementor-divider\">\n\t\t\t<span class=\"elementor-divider-separator\">\n\t\t\t\t\t\t<\/span>\n\t\t<\/div>\n\t\t\t\t\t\t<\/div>\n\t\t\t\t<\/div>\n\t\t\t\t<\/div>\n\t\t<div class=\"elementor-element elementor-element-c28678e e-con-full animated-slow e-flex e-con e-child\" data-id=\"c28678e\" data-element_type=\"container\" data-settings=\"{&quot;animation&quot;:&quot;none&quot;}\">\n\t\t\t\t<div class=\"elementor-element elementor-element-5a48dd2 elementor-widget elementor-widget-video\" data-id=\"5a48dd2\" data-element_type=\"widget\" data-settings=\"{&quot;video_type&quot;:&quot;vimeo&quot;}\" data-widget_type=\"video.default\">\n\t\t\t\t<div class=\"elementor-widget-container\">\n\t\t\t\t\t\t\t<div class=\"elementor-wrapper elementor-open-inline\">\n\t\t\t<iframe class=\"elementor-video-iframe\" allowfullscreen allow=\"clipboard-write\" title=\"Reproductor de v\u00eddeo vimeo\" src=\"https:\/\/player.vimeo.com\/video\/278122493?color&amp;autopause=0&amp;loop=0&amp;muted=0&amp;title=1&amp;portrait=1&amp;byline=1#t=\"><\/iframe>\t\t<\/div>\n\t\t\t\t\t\t<\/div>\n\t\t\t\t<\/div>\n\t\t\t\t<div class=\"elementor-element elementor-element-f2c390f elementor-widget elementor-widget-image\" data-id=\"f2c390f\" data-element_type=\"widget\" data-widget_type=\"image.default\">\n\t\t\t\t<div class=\"elementor-widget-container\">\n\t\t\t\t\t\t\t\t\t\t\t\t\t\t\t<img decoding=\"async\" width=\"1016\" height=\"716\" src=\"https:\/\/ultrasuoni.pdr-server.it\/wp-content\/uploads\/Rotolifter.jpg\" class=\"attachment-full size-full wp-image-2371\" alt=\"Rotolifter lavatrici a ultrasuoni con cestelli rotanti\" srcset=\"https:\/\/ultrasuoni.pdr-server.it\/wp-content\/uploads\/Rotolifter.jpg 1016w, https:\/\/ultrasuoni.pdr-server.it\/wp-content\/uploads\/Rotolifter-300x211.jpg 300w, https:\/\/ultrasuoni.pdr-server.it\/wp-content\/uploads\/Rotolifter-768x541.jpg 768w, https:\/\/ultrasuoni.pdr-server.it\/wp-content\/uploads\/Rotolifter-20x14.jpg 20w\" sizes=\"(max-width: 1016px) 100vw, 1016px\" \/>\t\t\t\t\t\t\t\t\t\t\t\t\t\t\t<\/div>\n\t\t\t\t<\/div>\n\t\t<div class=\"elementor-element elementor-element-afdc147 e-con-full e-flex e-con e-child\" data-id=\"afdc147\" data-element_type=\"container\">\n\t\t\t\t<div class=\"elementor-element elementor-element-510cbd5 elementor-widget-divider--view-line elementor-widget elementor-widget-divider\" data-id=\"510cbd5\" data-element_type=\"widget\" data-widget_type=\"divider.default\">\n\t\t\t\t<div class=\"elementor-widget-container\">\n\t\t\t\t\t\t\t<div class=\"elementor-divider\">\n\t\t\t<span class=\"elementor-divider-separator\">\n\t\t\t\t\t\t<\/span>\n\t\t<\/div>\n\t\t\t\t\t\t<\/div>\n\t\t\t\t<\/div>\n\t\t\t\t<\/div>\n\t\t\t\t<div class=\"elementor-element elementor-element-f190241 elementor-widget elementor-widget-button\" data-id=\"f190241\" data-element_type=\"widget\" data-widget_type=\"button.default\">\n\t\t\t\t<div class=\"elementor-widget-container\">\n\t\t\t\t\t\t\t\t\t<div class=\"elementor-button-wrapper\">\n\t\t\t\t\t<a class=\"elementor-button elementor-button-link elementor-size-lg\" href=\"#contattaci\">\n\t\t\t\t\t\t<span class=\"elementor-button-content-wrapper\">\n\t\t\t\t\t\t\t\t\t<span class=\"elementor-button-text\">Cont\u00e1ctenos<\/span>\n\t\t\t\t\t<\/span>\n\t\t\t\t\t<\/a>\n\t\t\t\t<\/div>\n\t\t\t\t\t\t\t\t<\/div>\n\t\t\t\t<\/div>\n\t\t\t\t<\/div>\n\t\t\t\t<\/div>\n\t\t\t\t<\/div>\n\t\t","protected":false},"excerpt":{"rendered":"<p>Equipo ultrasonidos autom\u00e1tico y lavadoras ultrasonidos con cestas giratorias Entre los productos destacados del cat\u00e1logo Moroni destacan los equipos de lavado autom\u00e1ticos por ultrasonidos de cualquier tipo, ideales no solo para la fase de lavado, sino tambi\u00e9n para los tratamientos sucesivos. Equipos con puente gr\u00faa ORTHAGON Los equipos autom\u00e1ticos con puente gr\u00faa Orthagon de Ultrasuoni [&hellip;]<\/p>\n","protected":false},"author":1,"featured_media":0,"parent":2941,"menu_order":0,"comment_status":"closed","ping_status":"closed","template":"","meta":{"footnotes":""},"class_list":["post-2969","page","type-page","status-publish","hentry"],"_links":{"self":[{"href":"https:\/\/ultrasuoni.pdr-server.it\/es\/wp-json\/wp\/v2\/pages\/2969","targetHints":{"allow":["GET"]}}],"collection":[{"href":"https:\/\/ultrasuoni.pdr-server.it\/es\/wp-json\/wp\/v2\/pages"}],"about":[{"href":"https:\/\/ultrasuoni.pdr-server.it\/es\/wp-json\/wp\/v2\/types\/page"}],"author":[{"embeddable":true,"href":"https:\/\/ultrasuoni.pdr-server.it\/es\/wp-json\/wp\/v2\/users\/1"}],"replies":[{"embeddable":true,"href":"https:\/\/ultrasuoni.pdr-server.it\/es\/wp-json\/wp\/v2\/comments?post=2969"}],"version-history":[{"count":3,"href":"https:\/\/ultrasuoni.pdr-server.it\/es\/wp-json\/wp\/v2\/pages\/2969\/revisions"}],"predecessor-version":[{"id":6580,"href":"https:\/\/ultrasuoni.pdr-server.it\/es\/wp-json\/wp\/v2\/pages\/2969\/revisions\/6580"}],"up":[{"embeddable":true,"href":"https:\/\/ultrasuoni.pdr-server.it\/es\/wp-json\/wp\/v2\/pages\/2941"}],"wp:attachment":[{"href":"https:\/\/ultrasuoni.pdr-server.it\/es\/wp-json\/wp\/v2\/media?parent=2969"}],"curies":[{"name":"wp","href":"https:\/\/api.w.org\/{rel}","templated":true}]}}