{"id":2951,"date":"2023-06-06T15:12:51","date_gmt":"2023-06-06T13:12:51","guid":{"rendered":"https:\/\/ultrasuoni.pdr-server.it\/maquinas-de-lavado-con-ultrasonidos\/equipos-para-lavado-por-ultrasonidos\/"},"modified":"2024-05-13T17:32:36","modified_gmt":"2024-05-13T15:32:36","slug":"equipos-para-lavado-por-ultrasonidos","status":"publish","type":"page","link":"https:\/\/ultrasuoni.pdr-server.it\/es\/maquinas-de-lavado-con-ultrasonidos\/equipos-para-lavado-por-ultrasonidos\/","title":{"rendered":"Equipos para lavado por ultrasonidos"},"content":{"rendered":"\t\t<div data-elementor-type=\"wp-page\" data-elementor-id=\"2951\" class=\"elementor elementor-2951 elementor-1200\" data-elementor-post-type=\"page\">\n\t\t\t\t<div class=\"elementor-element elementor-element-3b0309b e-con-full e-flex e-con e-parent\" data-id=\"3b0309b\" data-element_type=\"container\">\n\t\t<div class=\"elementor-element elementor-element-433bf91 e-con-full animated-slow e-flex e-con e-child\" data-id=\"433bf91\" data-element_type=\"container\" data-settings=\"{&quot;animation&quot;:&quot;none&quot;}\">\n\t\t\t\t<div class=\"elementor-element elementor-element-4b63566 elementor-widget__width-initial elementor-widget-tablet__width-initial elementor-widget elementor-widget-heading\" data-id=\"4b63566\" data-element_type=\"widget\" data-widget_type=\"heading.default\">\n\t\t\t\t<div class=\"elementor-widget-container\">\n\t\t\t\t\t<h1 class=\"elementor-heading-title elementor-size-default\">Equipos para lavado por ultrasonidos<\/h1>\t\t\t\t<\/div>\n\t\t\t\t<\/div>\n\t\t\t\t<div class=\"elementor-element elementor-element-b09a617 elementor-widget-divider--view-line elementor-widget elementor-widget-divider\" data-id=\"b09a617\" data-element_type=\"widget\" data-widget_type=\"divider.default\">\n\t\t\t\t<div class=\"elementor-widget-container\">\n\t\t\t\t\t\t\t<div class=\"elementor-divider\">\n\t\t\t<span class=\"elementor-divider-separator\">\n\t\t\t\t\t\t<\/span>\n\t\t<\/div>\n\t\t\t\t\t\t<\/div>\n\t\t\t\t<\/div>\n\t\t\t\t<div class=\"elementor-element elementor-element-04e827f elementor-widget__width-initial elementor-widget-tablet__width-inherit elementor-widget elementor-widget-text-editor\" data-id=\"04e827f\" data-element_type=\"widget\" data-widget_type=\"text-editor.default\">\n\t\t\t\t<div class=\"elementor-widget-container\">\n\t\t\t\t\t\t\t\t\t<p>Una <b>lavadora por ultrasonidos<\/b> es la soluci\u00f3n m\u00e1s habitual y apreciada en el sector de las <b>cubas pulidoras<\/b>, ideadas para apoyar los trabajos de producci\u00f3n, haciendo que sean menos pesados. En general se trata de un instrumento que puede utilizarse para la <b>limpieza de objetos<\/b> de diferentes tipos, naturaleza y tama\u00f1o, ampliamente utilizada en algunos tipos de industria: desde el sector de los metales pesados a la minuter\u00eda y los objetos m\u00e1s peque\u00f1os.<\/p>\n<p>M\u00e1s espec\u00edficamente, la lavadora por ultrasonidos sirve para la <b>eliminaci\u00f3n de los residuos de suciedad y de grasa<\/b> en superficies de material pl\u00e1stico o de metal. Las dimensiones pueden variar de forma notable en funci\u00f3n del <b>destino de uso de la maquinaria<\/b>: las de dimensiones m\u00e1s peque\u00f1as pueden usarse para la <b>limpieza de joyas, relojes<\/b> y los mecanismos de estos, minuter\u00eda met\u00e1lica y tambi\u00e9n <b>cigarrillos electr\u00f3nicos<\/b>; por su parte, las <b>lavadoras por ultrasonidos<\/b> <b>con capacidad elevada<\/b>pueden emplearse en la industria pesada para la limpieza de la maquina y de dispositivos tambi\u00e9n de grandes dimensiones.<\/p>\n<p>Descubre la gama de <a href=\"https:\/\/ultrasuoni.pdr-server.it\/es\/maquinas-de-lavado-con-ultrasonidos\/\"><b>lavadoras por ultrasonidos Moroni<\/b><\/a>.<\/p>\n\t\t\t\t\t\t\t\t<\/div>\n\t\t\t\t<\/div>\n\t\t\t\t<\/div>\n\t\t<div class=\"elementor-element elementor-element-e53492a e-con-full animated-slow e-flex e-con e-child\" data-id=\"e53492a\" data-element_type=\"container\" data-settings=\"{&quot;animation&quot;:&quot;none&quot;}\">\n\t\t\t\t<div class=\"elementor-element elementor-element-4572412 elementor-widget elementor-widget-image\" data-id=\"4572412\" data-element_type=\"widget\" data-widget_type=\"image.default\">\n\t\t\t\t<div class=\"elementor-widget-container\">\n\t\t\t\t\t\t\t\t\t\t\t\t\t\t\t<img fetchpriority=\"high\" decoding=\"async\" width=\"257\" height=\"300\" src=\"https:\/\/ultrasuoni.pdr-server.it\/wp-content\/uploads\/Vasca-Sonox-200-257x300-1.jpeg\" class=\"attachment-full size-full wp-image-2530\" alt=\"lavatrice per lavaggio a ultrasuoni\" srcset=\"https:\/\/ultrasuoni.pdr-server.it\/wp-content\/uploads\/Vasca-Sonox-200-257x300-1.jpeg 257w, https:\/\/ultrasuoni.pdr-server.it\/wp-content\/uploads\/Vasca-Sonox-200-257x300-1-17x20.jpeg 17w\" sizes=\"(max-width: 257px) 100vw, 257px\" \/>\t\t\t\t\t\t\t\t\t\t\t\t\t\t\t<\/div>\n\t\t\t\t<\/div>\n\t\t\t\t<div class=\"elementor-element elementor-element-a607e15 elementor-widget-divider--view-line elementor-widget elementor-widget-divider\" data-id=\"a607e15\" data-element_type=\"widget\" data-widget_type=\"divider.default\">\n\t\t\t\t<div class=\"elementor-widget-container\">\n\t\t\t\t\t\t\t<div class=\"elementor-divider\">\n\t\t\t<span class=\"elementor-divider-separator\">\n\t\t\t\t\t\t<\/span>\n\t\t<\/div>\n\t\t\t\t\t\t<\/div>\n\t\t\t\t<\/div>\n\t\t\t\t<div class=\"elementor-element elementor-element-1024e02 elementor-widget elementor-widget-button\" data-id=\"1024e02\" data-element_type=\"widget\" data-widget_type=\"button.default\">\n\t\t\t\t<div class=\"elementor-widget-container\">\n\t\t\t\t\t\t\t\t\t<div class=\"elementor-button-wrapper\">\n\t\t\t\t\t<a class=\"elementor-button elementor-button-link elementor-size-lg\" href=\"#contattaci\">\n\t\t\t\t\t\t<span class=\"elementor-button-content-wrapper\">\n\t\t\t\t\t\t\t\t\t<span class=\"elementor-button-text\">Cont\u00e1ctenos<\/span>\n\t\t\t\t\t<\/span>\n\t\t\t\t\t<\/a>\n\t\t\t\t<\/div>\n\t\t\t\t\t\t\t\t<\/div>\n\t\t\t\t<\/div>\n\t\t\t\t<\/div>\n\t\t\t\t<\/div>\n\t\t\t\t<\/div>\n\t\t","protected":false},"excerpt":{"rendered":"<p>Una lavadora por ultrasonidos es la soluci\u00f3n m\u00e1s habitual y apreciada en el sector de las cubas pulidoras, ideadas para apoyar los trabajos de producci\u00f3n, haciendo que sean menos pesados. En general se trata de un instrumento que puede utilizarse para la limpieza de objetos de diferentes tipos, naturaleza y tama\u00f1o, ampliamente utilizada en algunos [&hellip;]<\/p>\n","protected":false},"author":1,"featured_media":0,"parent":2941,"menu_order":0,"comment_status":"closed","ping_status":"closed","template":"","meta":{"footnotes":""},"class_list":["post-2951","page","type-page","status-publish","hentry"],"_links":{"self":[{"href":"https:\/\/ultrasuoni.pdr-server.it\/es\/wp-json\/wp\/v2\/pages\/2951","targetHints":{"allow":["GET"]}}],"collection":[{"href":"https:\/\/ultrasuoni.pdr-server.it\/es\/wp-json\/wp\/v2\/pages"}],"about":[{"href":"https:\/\/ultrasuoni.pdr-server.it\/es\/wp-json\/wp\/v2\/types\/page"}],"author":[{"embeddable":true,"href":"https:\/\/ultrasuoni.pdr-server.it\/es\/wp-json\/wp\/v2\/users\/1"}],"replies":[{"embeddable":true,"href":"https:\/\/ultrasuoni.pdr-server.it\/es\/wp-json\/wp\/v2\/comments?post=2951"}],"version-history":[{"count":0,"href":"https:\/\/ultrasuoni.pdr-server.it\/es\/wp-json\/wp\/v2\/pages\/2951\/revisions"}],"up":[{"embeddable":true,"href":"https:\/\/ultrasuoni.pdr-server.it\/es\/wp-json\/wp\/v2\/pages\/2941"}],"wp:attachment":[{"href":"https:\/\/ultrasuoni.pdr-server.it\/es\/wp-json\/wp\/v2\/media?parent=2951"}],"curies":[{"name":"wp","href":"https:\/\/api.w.org\/{rel}","templated":true}]}}