{"id":2946,"date":"2023-06-06T15:07:38","date_gmt":"2023-06-06T13:07:38","guid":{"rendered":"https:\/\/ultrasuoni.pdr-server.it\/maquinas-de-lavado-con-ultrasonidos\/cuba-para-lavado-por-ultrasonidos\/"},"modified":"2024-05-13T17:32:00","modified_gmt":"2024-05-13T15:32:00","slug":"cuba-para-lavado-por-ultrasonidos","status":"publish","type":"page","link":"https:\/\/ultrasuoni.pdr-server.it\/es\/maquinas-de-lavado-con-ultrasonidos\/cuba-para-lavado-por-ultrasonidos\/","title":{"rendered":"Cuba para lavado por ultrasonidos"},"content":{"rendered":"\t\t<div data-elementor-type=\"wp-page\" data-elementor-id=\"2946\" class=\"elementor elementor-2946 elementor-1185\" data-elementor-post-type=\"page\">\n\t\t\t\t<div class=\"elementor-element elementor-element-54e835cf e-con-full e-flex e-con e-parent\" data-id=\"54e835cf\" data-element_type=\"container\">\n\t\t<div class=\"elementor-element elementor-element-19ad22c4 e-con-full animated-slow e-flex e-con e-child\" data-id=\"19ad22c4\" data-element_type=\"container\" data-settings=\"{&quot;animation&quot;:&quot;none&quot;}\">\n\t\t\t\t<div class=\"elementor-element elementor-element-627d056b elementor-widget__width-initial elementor-widget-tablet__width-initial elementor-widget elementor-widget-heading\" data-id=\"627d056b\" data-element_type=\"widget\" data-widget_type=\"heading.default\">\n\t\t\t\t<div class=\"elementor-widget-container\">\n\t\t\t\t\t<h1 class=\"elementor-heading-title elementor-size-default\">Cuba para lavado por ultrasonidos<\/h1>\t\t\t\t<\/div>\n\t\t\t\t<\/div>\n\t\t\t\t<div class=\"elementor-element elementor-element-6df3bb6c elementor-widget-divider--view-line elementor-widget elementor-widget-divider\" data-id=\"6df3bb6c\" data-element_type=\"widget\" data-widget_type=\"divider.default\">\n\t\t\t\t<div class=\"elementor-widget-container\">\n\t\t\t\t\t\t\t<div class=\"elementor-divider\">\n\t\t\t<span class=\"elementor-divider-separator\">\n\t\t\t\t\t\t<\/span>\n\t\t<\/div>\n\t\t\t\t\t\t<\/div>\n\t\t\t\t<\/div>\n\t\t\t\t<div class=\"elementor-element elementor-element-745c601c elementor-widget__width-initial elementor-widget-tablet__width-inherit elementor-widget elementor-widget-text-editor\" data-id=\"745c601c\" data-element_type=\"widget\" data-widget_type=\"text-editor.default\">\n\t\t\t\t<div class=\"elementor-widget-container\">\n\t\t\t\t\t\t\t\t\t<p>La <b>cuba por ultrasonidos<\/b> es un dispositivo especial para la limpieza profesional, muy utilizado en algunos sectores industriales, que ofrece diversas oportunidades de empleo y numerosas aplicaciones. Especialmente \u00fatiles para las actividades de <b>limpieza y desengrase<\/b> en diferentes tipos de materiales, pl\u00e1sticos o met\u00e1licos, est\u00e1n disponibles a la venta en diversas dimensiones para permitir la utilizaci\u00f3n deseada. Gracias a su eficacia, garantizan resultados \u00f3ptimos en poqu\u00edsimo tiempo y con el m\u00ednimo esfuerzo.<\/p>\n<p>El principio de <b>funcionamiento de una cuba por ultrasonidos<\/b> prev\u00e9 la inmersi\u00f3n en su interior del objeto que pulir. Gracias a la presencia de un l\u00edquido especial a la exposici\u00f3n a las ondas sonoras, la maquinaria genera un <b>efecto de cavitaci\u00f3n<\/b> que, mediante la formaci\u00f3n de burbujas, hace posible limpiar las superficies de cualquier objeto. Gracias a los \u00f3ptimos resultados ofrecidos, este tipo de <b>pulidora por ultrasonidos<\/b> tambi\u00e9n se aplica en \u00e1mbito m\u00e9dico.<\/p>\n<p>Descubre todas las <a href=\"https:\/\/ultrasuoni.pdr-server.it\/es\/aplicaciones-de-lavado-por-ultrasonidos\/\"><b>aplicaciones de una cuba de ultrasonidos<\/b><\/a>. <\/p>\n\t\t\t\t\t\t\t\t<\/div>\n\t\t\t\t<\/div>\n\t\t\t\t<\/div>\n\t\t<div class=\"elementor-element elementor-element-5afe3fe1 e-con-full animated-slow e-flex e-con e-child\" data-id=\"5afe3fe1\" data-element_type=\"container\" data-settings=\"{&quot;animation&quot;:&quot;none&quot;}\">\n\t\t\t\t<div class=\"elementor-element elementor-element-335c8725 elementor-widget elementor-widget-gallery\" data-id=\"335c8725\" data-element_type=\"widget\" data-settings=\"{&quot;gap&quot;:{&quot;unit&quot;:&quot;px&quot;,&quot;size&quot;:11,&quot;sizes&quot;:[]},&quot;aspect_ratio&quot;:&quot;1:1&quot;,&quot;columns&quot;:3,&quot;lazyload&quot;:&quot;yes&quot;,&quot;gallery_layout&quot;:&quot;grid&quot;,&quot;columns_tablet&quot;:2,&quot;columns_mobile&quot;:1,&quot;gap_tablet&quot;:{&quot;unit&quot;:&quot;px&quot;,&quot;size&quot;:10,&quot;sizes&quot;:[]},&quot;gap_mobile&quot;:{&quot;unit&quot;:&quot;px&quot;,&quot;size&quot;:10,&quot;sizes&quot;:[]},&quot;link_to&quot;:&quot;file&quot;,&quot;overlay_background&quot;:&quot;yes&quot;,&quot;content_hover_animation&quot;:&quot;fade-in&quot;}\" data-widget_type=\"gallery.default\">\n\t\t\t\t<div class=\"elementor-widget-container\">\n\t\t\t\t\t\t\t<div class=\"elementor-gallery__container\">\n\t\t\t\t\t\t\t<a class=\"e-gallery-item elementor-gallery-item elementor-animated-content\" href=\"https:\/\/ultrasuoni.pdr-server.it\/wp-content\/uploads\/MDV-240_3Ds-300x285-2.jpg\" data-elementor-open-lightbox=\"yes\" data-elementor-lightbox-slideshow=\"335c8725\" data-elementor-lightbox-title=\"MDV-240_3Ds-300x285\" data-e-action-hash=\"#elementor-action%3Aaction%3Dlightbox%26settings%3DeyJpZCI6MjI3MiwidXJsIjoiaHR0cHM6XC9cL3VsdHJhc3VvbmkucGRyLXNlcnZlci5pdFwvd3AtY29udGVudFwvdXBsb2Fkc1wvTURWLTI0MF8zRHMtMzAweDI4NS0yLmpwZyIsInNsaWRlc2hvdyI6IjMzNWM4NzI1In0%3D\">\n\t\t\t\t\t<div class=\"e-gallery-image elementor-gallery-item__image\" data-thumbnail=\"https:\/\/ultrasuoni.pdr-server.it\/wp-content\/uploads\/MDV-240_3Ds-300x285-2.jpg\" data-width=\"300\" data-height=\"285\" aria-label=\"lavatrice a ultrasuoni\" role=\"img\" ><\/div>\n\t\t\t\t\t\t\t\t\t\t\t<div class=\"elementor-gallery-item__overlay\"><\/div>\n\t\t\t\t\t\t\t\t\t\t\t\t\t\t<\/a>\n\t\t\t\t\t\t\t<a class=\"e-gallery-item elementor-gallery-item elementor-animated-content\" href=\"https:\/\/ultrasuoni.pdr-server.it\/wp-content\/uploads\/Faber-completa.jpg\" data-elementor-open-lightbox=\"yes\" data-elementor-lightbox-slideshow=\"335c8725\" data-elementor-lightbox-title=\"Faber-completa\" data-e-action-hash=\"#elementor-action%3Aaction%3Dlightbox%26settings%3DeyJpZCI6MjI3NSwidXJsIjoiaHR0cHM6XC9cL3VsdHJhc3VvbmkucGRyLXNlcnZlci5pdFwvd3AtY29udGVudFwvdXBsb2Fkc1wvRmFiZXItY29tcGxldGEuanBnIiwic2xpZGVzaG93IjoiMzM1Yzg3MjUifQ%3D%3D\">\n\t\t\t\t\t<div class=\"e-gallery-image elementor-gallery-item__image\" data-thumbnail=\"https:\/\/ultrasuoni.pdr-server.it\/wp-content\/uploads\/Faber-completa.jpg\" data-width=\"180\" data-height=\"135\" aria-label=\"\" role=\"img\" ><\/div>\n\t\t\t\t\t\t\t\t\t\t\t<div class=\"elementor-gallery-item__overlay\"><\/div>\n\t\t\t\t\t\t\t\t\t\t\t\t\t\t<\/a>\n\t\t\t\t\t<\/div>\n\t\t\t\t\t<\/div>\n\t\t\t\t<\/div>\n\t\t\t\t<div class=\"elementor-element elementor-element-81c7cf3 elementor-widget-divider--view-line elementor-widget elementor-widget-divider\" data-id=\"81c7cf3\" data-element_type=\"widget\" data-widget_type=\"divider.default\">\n\t\t\t\t<div class=\"elementor-widget-container\">\n\t\t\t\t\t\t\t<div class=\"elementor-divider\">\n\t\t\t<span class=\"elementor-divider-separator\">\n\t\t\t\t\t\t<\/span>\n\t\t<\/div>\n\t\t\t\t\t\t<\/div>\n\t\t\t\t<\/div>\n\t\t\t\t<div class=\"elementor-element elementor-element-e88bbed elementor-widget elementor-widget-button\" data-id=\"e88bbed\" data-element_type=\"widget\" data-widget_type=\"button.default\">\n\t\t\t\t<div class=\"elementor-widget-container\">\n\t\t\t\t\t\t\t\t\t<div class=\"elementor-button-wrapper\">\n\t\t\t\t\t<a class=\"elementor-button elementor-button-link elementor-size-lg\" href=\"#contattaci\">\n\t\t\t\t\t\t<span class=\"elementor-button-content-wrapper\">\n\t\t\t\t\t\t\t\t\t<span class=\"elementor-button-text\">Cont\u00e1ctenos<\/span>\n\t\t\t\t\t<\/span>\n\t\t\t\t\t<\/a>\n\t\t\t\t<\/div>\n\t\t\t\t\t\t\t\t<\/div>\n\t\t\t\t<\/div>\n\t\t\t\t<\/div>\n\t\t\t\t<\/div>\n\t\t\t\t<\/div>\n\t\t","protected":false},"excerpt":{"rendered":"<p>La cuba por ultrasonidos es un dispositivo especial para la limpieza profesional, muy utilizado en algunos sectores industriales, que ofrece diversas oportunidades de empleo y numerosas aplicaciones. Especialmente \u00fatiles para las actividades de limpieza y desengrase en diferentes tipos de materiales, pl\u00e1sticos o met\u00e1licos, est\u00e1n disponibles a la venta en diversas dimensiones para permitir la [&hellip;]<\/p>\n","protected":false},"author":1,"featured_media":0,"parent":2941,"menu_order":0,"comment_status":"closed","ping_status":"closed","template":"","meta":{"footnotes":""},"class_list":["post-2946","page","type-page","status-publish","hentry"],"_links":{"self":[{"href":"https:\/\/ultrasuoni.pdr-server.it\/es\/wp-json\/wp\/v2\/pages\/2946","targetHints":{"allow":["GET"]}}],"collection":[{"href":"https:\/\/ultrasuoni.pdr-server.it\/es\/wp-json\/wp\/v2\/pages"}],"about":[{"href":"https:\/\/ultrasuoni.pdr-server.it\/es\/wp-json\/wp\/v2\/types\/page"}],"author":[{"embeddable":true,"href":"https:\/\/ultrasuoni.pdr-server.it\/es\/wp-json\/wp\/v2\/users\/1"}],"replies":[{"embeddable":true,"href":"https:\/\/ultrasuoni.pdr-server.it\/es\/wp-json\/wp\/v2\/comments?post=2946"}],"version-history":[{"count":0,"href":"https:\/\/ultrasuoni.pdr-server.it\/es\/wp-json\/wp\/v2\/pages\/2946\/revisions"}],"up":[{"embeddable":true,"href":"https:\/\/ultrasuoni.pdr-server.it\/es\/wp-json\/wp\/v2\/pages\/2941"}],"wp:attachment":[{"href":"https:\/\/ultrasuoni.pdr-server.it\/es\/wp-json\/wp\/v2\/media?parent=2946"}],"curies":[{"name":"wp","href":"https:\/\/api.w.org\/{rel}","templated":true}]}}