{"id":2941,"date":"2023-06-06T14:44:11","date_gmt":"2023-06-06T12:44:11","guid":{"rendered":"https:\/\/ultrasuoni.pdr-server.it\/maquinas-de-lavado-con-ultrasonidos\/"},"modified":"2026-04-17T12:40:28","modified_gmt":"2026-04-17T10:40:28","slug":"maquinas-de-lavado-con-ultrasonidos","status":"publish","type":"page","link":"https:\/\/ultrasuoni.pdr-server.it\/es\/maquinas-de-lavado-con-ultrasonidos\/","title":{"rendered":"M\u00e1quinas de Lavado con Ultrasonidos"},"content":{"rendered":"\t\t<div data-elementor-type=\"wp-page\" data-elementor-id=\"2941\" class=\"elementor elementor-2941 elementor-1143\" data-elementor-post-type=\"page\">\n\t\t\t\t<div class=\"elementor-element elementor-element-6c6e75d9 e-con-full e-flex e-con e-parent\" data-id=\"6c6e75d9\" data-element_type=\"container\" data-e-type=\"container\">\n\t\t<div class=\"elementor-element elementor-element-65297c1c e-con-full animated-slow e-flex e-con e-child\" data-id=\"65297c1c\" data-element_type=\"container\" data-e-type=\"container\" data-settings=\"{&quot;animation&quot;:&quot;none&quot;}\">\n\t\t\t\t<div class=\"elementor-element elementor-element-17cdffee elementor-widget__width-initial elementor-widget-tablet__width-initial elementor-widget elementor-widget-heading\" data-id=\"17cdffee\" data-element_type=\"widget\" data-e-type=\"widget\" data-widget_type=\"heading.default\">\n\t\t\t\t<div class=\"elementor-widget-container\">\n\t\t\t\t\t<h1 class=\"elementor-heading-title elementor-size-default\">M\u00e1quinas de Lavado con Ultrasonidos<\/h1>\t\t\t\t<\/div>\n\t\t\t\t<\/div>\n\t\t\t\t<div class=\"elementor-element elementor-element-13177ebd elementor-widget-divider--view-line elementor-widget elementor-widget-divider\" data-id=\"13177ebd\" data-element_type=\"widget\" data-e-type=\"widget\" data-widget_type=\"divider.default\">\n\t\t\t\t<div class=\"elementor-widget-container\">\n\t\t\t\t\t\t\t<div class=\"elementor-divider\">\n\t\t\t<span class=\"elementor-divider-separator\">\n\t\t\t\t\t\t<\/span>\n\t\t<\/div>\n\t\t\t\t\t\t<\/div>\n\t\t\t\t<\/div>\n\t\t\t\t<div class=\"elementor-element elementor-element-581e03f3 elementor-widget elementor-widget-heading\" data-id=\"581e03f3\" data-element_type=\"widget\" data-e-type=\"widget\" data-widget_type=\"heading.default\">\n\t\t\t\t<div class=\"elementor-widget-container\">\n\t\t\t\t\t<h3 class=\"elementor-heading-title elementor-size-default\">Producci\u00f3n de Lavadoras y Cubas de Ultrasonidos<\/h3>\t\t\t\t<\/div>\n\t\t\t\t<\/div>\n\t\t\t\t<div class=\"elementor-element elementor-element-5334105c elementor-widget__width-initial elementor-widget-tablet__width-inherit elementor-widget elementor-widget-text-editor\" data-id=\"5334105c\" data-element_type=\"widget\" data-e-type=\"widget\" data-widget_type=\"text-editor.default\">\n\t\t\t\t<div class=\"elementor-widget-container\">\n\t\t\t\t\t\t\t\t\tLa <strong>maquinaria para el lavado por ultrasonidos MORONI<\/strong> incluye las lavadoras, los generadores y los transductores, junto a todos los <strong>accesorios para equipos completos multietapa<\/strong>, como las cubas de enjuague, protecci\u00f3n y secado.\n\nPara completar la gama de los <strong>productos por ultrasonidos<\/strong> antes indicados, la empresa produce <strong><a href=\"https:\/\/ultrasuoni.pdr-server.it\/es\/maquinas-de-lavado-con-ultrasonidos\/equipos-de-lavado-automaticos-por-ultrasonidos\/\">transportadores autom\u00e1ticos<\/a><\/strong> de todos los tipos.\n\nEn el amplio laboratorio Moroni se pueden efectuar <strong>pruebas directamente en las piezas<\/strong>, de manera que se confirma previamente tanto el resultado como la productividad efectiva del ciclo ofrecido.\t\t\t\t\t\t\t\t<\/div>\n\t\t\t\t<\/div>\n\t\t\t\t<div class=\"elementor-element elementor-element-d7f4cf0 elementor-widget-divider--view-line elementor-widget elementor-widget-divider\" data-id=\"d7f4cf0\" data-element_type=\"widget\" data-e-type=\"widget\" data-widget_type=\"divider.default\">\n\t\t\t\t<div class=\"elementor-widget-container\">\n\t\t\t\t\t\t\t<div class=\"elementor-divider\">\n\t\t\t<span class=\"elementor-divider-separator\">\n\t\t\t\t\t\t<\/span>\n\t\t<\/div>\n\t\t\t\t\t\t<\/div>\n\t\t\t\t<\/div>\n\t\t\t\t<div class=\"elementor-element elementor-element-9fb8ee2 elementor-widget elementor-widget-button\" data-id=\"9fb8ee2\" data-element_type=\"widget\" data-e-type=\"widget\" data-widget_type=\"button.default\">\n\t\t\t\t<div class=\"elementor-widget-container\">\n\t\t\t\t\t\t\t\t\t<div class=\"elementor-button-wrapper\">\n\t\t\t\t\t<a class=\"elementor-button elementor-button-link elementor-size-lg\" href=\"#contattaci\">\n\t\t\t\t\t\t<span class=\"elementor-button-content-wrapper\">\n\t\t\t\t\t\t\t\t\t<span class=\"elementor-button-text\">Cont\u00e1ctenos<\/span>\n\t\t\t\t\t<\/span>\n\t\t\t\t\t<\/a>\n\t\t\t\t<\/div>\n\t\t\t\t\t\t\t\t<\/div>\n\t\t\t\t<\/div>\n\t\t\t\t<\/div>\n\t\t<div class=\"elementor-element elementor-element-44fa9438 e-con-full animated-slow e-flex e-con e-child\" data-id=\"44fa9438\" data-element_type=\"container\" data-e-type=\"container\" data-settings=\"{&quot;animation&quot;:&quot;none&quot;}\">\n\t\t\t\t<div class=\"elementor-element elementor-element-790f75c4 elementor-widget elementor-widget-heading\" data-id=\"790f75c4\" data-element_type=\"widget\" data-e-type=\"widget\" data-widget_type=\"heading.default\">\n\t\t\t\t<div class=\"elementor-widget-container\">\n\t\t\t\t\t<h3 class=\"elementor-heading-title elementor-size-default\">\u201cLa certeza del resultado no cuesta nada\u201d<\/h3>\t\t\t\t<\/div>\n\t\t\t\t<\/div>\n\t\t\t\t<div class=\"elementor-element elementor-element-bad508c elementor-widget-divider--view-line elementor-widget elementor-widget-divider\" data-id=\"bad508c\" data-element_type=\"widget\" data-e-type=\"widget\" data-widget_type=\"divider.default\">\n\t\t\t\t<div class=\"elementor-widget-container\">\n\t\t\t\t\t\t\t<div class=\"elementor-divider\">\n\t\t\t<span class=\"elementor-divider-separator\">\n\t\t\t\t\t\t<\/span>\n\t\t<\/div>\n\t\t\t\t\t\t<\/div>\n\t\t\t\t<\/div>\n\t\t\t\t<div class=\"elementor-element elementor-element-4161765 elementor-widget__width-initial elementor-widget-tablet__width-inherit elementor-widget elementor-widget-text-editor\" data-id=\"4161765\" data-element_type=\"widget\" data-e-type=\"widget\" data-widget_type=\"text-editor.default\">\n\t\t\t\t<div class=\"elementor-widget-container\">\n\t\t\t\t\t\t\t\t\t<p>Gracias a especiales <strong>programas de rendering<\/strong>, nuestro taller t\u00e9cnico puede dise\u00f1ar, en un plazo breve y directamente junto al cliente, el equipo m\u00e1s adecuado a sus necesidades.<\/p>\n\t\t\t\t\t\t\t\t<\/div>\n\t\t\t\t<\/div>\n\t\t<div class=\"elementor-element elementor-element-975eda2 e-flex e-con-boxed e-con e-child\" data-id=\"975eda2\" data-element_type=\"container\" data-e-type=\"container\">\n\t\t\t\t\t<div class=\"e-con-inner\">\n\t\t<div class=\"elementor-element elementor-element-fc63daa e-con-full e-flex e-con e-child\" data-id=\"fc63daa\" data-element_type=\"container\" data-e-type=\"container\">\n\t\t\t\t<div class=\"elementor-element elementor-element-4f9e17d elementor-position-top elementor-widget elementor-widget-image-box\" data-id=\"4f9e17d\" data-element_type=\"widget\" data-e-type=\"widget\" data-widget_type=\"image-box.default\">\n\t\t\t\t<div class=\"elementor-widget-container\">\n\t\t\t\t\t<div class=\"elementor-image-box-wrapper\"><figure class=\"elementor-image-box-img\"><a href=\"\/es\/maquinas-de-lavado-con-ultrasonidos\/lavadoras-por-ultrasonidos\/\" tabindex=\"-1\"><img decoding=\"async\" width=\"150\" height=\"150\" src=\"https:\/\/ultrasuoni.pdr-server.it\/wp-content\/uploads\/Sonox-x-sito-nuovo-150x150-1.jpg\" class=\"attachment-full size-full wp-image-2251\" alt=\"vasche sonox ultrasuoni\" srcset=\"https:\/\/ultrasuoni.pdr-server.it\/wp-content\/uploads\/Sonox-x-sito-nuovo-150x150-1.jpg 150w, https:\/\/ultrasuoni.pdr-server.it\/wp-content\/uploads\/Sonox-x-sito-nuovo-150x150-1-20x20.jpg 20w\" sizes=\"(max-width: 150px) 100vw, 150px\" \/><\/a><\/figure><div class=\"elementor-image-box-content\"><h3 class=\"elementor-image-box-title\"><a href=\"\/es\/maquinas-de-lavado-con-ultrasonidos\/lavadoras-por-ultrasonidos\/\">Cubas Sonox<\/a><\/h3><\/div><\/div>\t\t\t\t<\/div>\n\t\t\t\t<\/div>\n\t\t\t\t<\/div>\n\t\t<div class=\"elementor-element elementor-element-94f8037 e-con-full e-flex e-con e-child\" data-id=\"94f8037\" data-element_type=\"container\" data-e-type=\"container\">\n\t\t\t\t<div class=\"elementor-element elementor-element-d0a70e1 elementor-position-top elementor-widget elementor-widget-image-box\" data-id=\"d0a70e1\" data-element_type=\"widget\" data-e-type=\"widget\" data-widget_type=\"image-box.default\">\n\t\t\t\t<div class=\"elementor-widget-container\">\n\t\t\t\t\t<div class=\"elementor-image-box-wrapper\"><figure class=\"elementor-image-box-img\"><a href=\"\/es\/maquinas-de-lavado-con-ultrasonidos\/cubas-por-ultrasonidos\/\" tabindex=\"-1\"><img decoding=\"async\" width=\"150\" height=\"150\" src=\"https:\/\/ultrasuoni.pdr-server.it\/wp-content\/uploads\/MDV-240_3Ds-300x285-150x150-1.jpg\" class=\"attachment-full size-full wp-image-2254\" alt=\"lavatrice a ultrasuoni\" srcset=\"https:\/\/ultrasuoni.pdr-server.it\/wp-content\/uploads\/MDV-240_3Ds-300x285-150x150-1.jpg 150w, https:\/\/ultrasuoni.pdr-server.it\/wp-content\/uploads\/MDV-240_3Ds-300x285-150x150-1-20x20.jpg 20w\" sizes=\"(max-width: 150px) 100vw, 150px\" \/><\/a><\/figure><div class=\"elementor-image-box-content\"><h3 class=\"elementor-image-box-title\"><a href=\"\/es\/maquinas-de-lavado-con-ultrasonidos\/cubas-por-ultrasonidos\/\">Grandes Cubas<\/a><\/h3><\/div><\/div>\t\t\t\t<\/div>\n\t\t\t\t<\/div>\n\t\t\t\t<\/div>\n\t\t<div class=\"elementor-element elementor-element-8273422 e-con-full e-flex e-con e-child\" data-id=\"8273422\" data-element_type=\"container\" data-e-type=\"container\">\n\t\t\t\t<div class=\"elementor-element elementor-element-bd9323b elementor-position-top elementor-widget elementor-widget-image-box\" data-id=\"bd9323b\" data-element_type=\"widget\" data-e-type=\"widget\" data-widget_type=\"image-box.default\">\n\t\t\t\t<div class=\"elementor-widget-container\">\n\t\t\t\t\t<div class=\"elementor-image-box-wrapper\"><figure class=\"elementor-image-box-img\"><a href=\"\/es\/maquinas-de-lavado-con-ultrasonidos\/equipos-de-lavado-automaticos-por-ultrasonidos\/\" tabindex=\"-1\"><img decoding=\"async\" width=\"150\" height=\"150\" src=\"https:\/\/ultrasuoni.pdr-server.it\/wp-content\/uploads\/lifter-x-sito-nuovo-150x150-1.jpg\" class=\"attachment-full size-full wp-image-2257\" alt=\"impianti automatici ultrasuoni\" srcset=\"https:\/\/ultrasuoni.pdr-server.it\/wp-content\/uploads\/lifter-x-sito-nuovo-150x150-1.jpg 150w, https:\/\/ultrasuoni.pdr-server.it\/wp-content\/uploads\/lifter-x-sito-nuovo-150x150-1-20x20.jpg 20w\" sizes=\"(max-width: 150px) 100vw, 150px\" \/><\/a><\/figure><div class=\"elementor-image-box-content\"><h3 class=\"elementor-image-box-title\"><a href=\"\/es\/maquinas-de-lavado-con-ultrasonidos\/equipos-de-lavado-automaticos-por-ultrasonidos\/\">Equipos Autom\u00e1ticos<\/a><\/h3><\/div><\/div>\t\t\t\t<\/div>\n\t\t\t\t<\/div>\n\t\t\t\t<\/div>\n\t\t<div class=\"elementor-element elementor-element-03ccd1f e-con-full e-flex e-con e-child\" data-id=\"03ccd1f\" data-element_type=\"container\" data-e-type=\"container\">\n\t\t\t\t<div class=\"elementor-element elementor-element-bbd69d7 elementor-position-top elementor-widget elementor-widget-image-box\" data-id=\"bbd69d7\" data-element_type=\"widget\" data-e-type=\"widget\" data-widget_type=\"image-box.default\">\n\t\t\t\t<div class=\"elementor-widget-container\">\n\t\t\t\t\t<div class=\"elementor-image-box-wrapper\"><figure class=\"elementor-image-box-img\"><a href=\"\/es\/maquinas-de-lavado-con-ultrasonidos\/equipos-por-ultrasonidos-automaticos-con-robot\/\" tabindex=\"-1\"><img loading=\"lazy\" decoding=\"async\" width=\"150\" height=\"150\" src=\"https:\/\/ultrasuoni.pdr-server.it\/wp-content\/uploads\/mes_deo_cop_chiuso-150x150-1.jpg\" class=\"attachment-full size-full wp-image-2260\" alt=\"impianti di lavaggio ad ultrasuoni\" srcset=\"https:\/\/ultrasuoni.pdr-server.it\/wp-content\/uploads\/mes_deo_cop_chiuso-150x150-1.jpg 150w, https:\/\/ultrasuoni.pdr-server.it\/wp-content\/uploads\/mes_deo_cop_chiuso-150x150-1-20x20.jpg 20w\" sizes=\"(max-width: 150px) 100vw, 150px\" \/><\/a><\/figure><div class=\"elementor-image-box-content\"><h3 class=\"elementor-image-box-title\"><a href=\"\/es\/maquinas-de-lavado-con-ultrasonidos\/equipos-por-ultrasonidos-automaticos-con-robot\/\">Equipos Robot<\/a><\/h3><\/div><\/div>\t\t\t\t<\/div>\n\t\t\t\t<\/div>\n\t\t\t\t<\/div>\n\t\t<div class=\"elementor-element elementor-element-d6e4c2b e-con-full e-flex e-con e-child\" data-id=\"d6e4c2b\" data-element_type=\"container\" data-e-type=\"container\">\n\t\t\t\t<div class=\"elementor-element elementor-element-54e69c1 elementor-position-top elementor-widget elementor-widget-image-box\" data-id=\"54e69c1\" data-element_type=\"widget\" data-e-type=\"widget\" data-widget_type=\"image-box.default\">\n\t\t\t\t<div class=\"elementor-widget-container\">\n\t\t\t\t\t<div class=\"elementor-image-box-wrapper\"><figure class=\"elementor-image-box-img\"><a href=\"\/es\/maquinas-de-lavado-con-ultrasonidos\/equipos-por-ultrasonidos-automaticos-con-robot\/\" tabindex=\"-1\"><img loading=\"lazy\" decoding=\"async\" width=\"150\" height=\"150\" src=\"https:\/\/ultrasuoni.pdr-server.it\/wp-content\/uploads\/DOrica_buona-150x150-1.jpg\" class=\"attachment-full size-full wp-image-2263\" alt=\"macchinari per il lavaggio ad ultrasuoni\" srcset=\"https:\/\/ultrasuoni.pdr-server.it\/wp-content\/uploads\/DOrica_buona-150x150-1.jpg 150w, https:\/\/ultrasuoni.pdr-server.it\/wp-content\/uploads\/DOrica_buona-150x150-1-20x20.jpg 20w\" sizes=\"(max-width: 150px) 100vw, 150px\" \/><\/a><\/figure><div class=\"elementor-image-box-content\"><h3 class=\"elementor-image-box-title\"><a href=\"\/es\/maquinas-de-lavado-con-ultrasonidos\/equipos-por-ultrasonidos-automaticos-con-robot\/\">Centros Llaves en Mano<\/a><\/h3><\/div><\/div>\t\t\t\t<\/div>\n\t\t\t\t<\/div>\n\t\t\t\t<\/div>\n\t\t<div class=\"elementor-element elementor-element-a2dde4d e-con-full e-flex e-con e-child\" data-id=\"a2dde4d\" data-element_type=\"container\" data-e-type=\"container\">\n\t\t\t\t<div class=\"elementor-element elementor-element-2122f5e elementor-position-top elementor-widget elementor-widget-image-box\" data-id=\"2122f5e\" data-element_type=\"widget\" data-e-type=\"widget\" data-widget_type=\"image-box.default\">\n\t\t\t\t<div class=\"elementor-widget-container\">\n\t\t\t\t\t<div class=\"elementor-image-box-wrapper\"><figure class=\"elementor-image-box-img\"><a href=\"\/es\/maquinas-de-lavado-con-ultrasonidos\/generadores-y-transductores-por-ultrasonidos\/\" tabindex=\"-1\"><img loading=\"lazy\" decoding=\"async\" width=\"150\" height=\"150\" src=\"https:\/\/ultrasuoni.pdr-server.it\/wp-content\/uploads\/Untitled-1.png\" class=\"attachment-full size-full wp-image-2269\" alt=\"generatori e trasduttori ultrasuoni\" srcset=\"https:\/\/ultrasuoni.pdr-server.it\/wp-content\/uploads\/Untitled-1.png 150w, https:\/\/ultrasuoni.pdr-server.it\/wp-content\/uploads\/Untitled-1-20x20.png 20w\" sizes=\"(max-width: 150px) 100vw, 150px\" \/><\/a><\/figure><div class=\"elementor-image-box-content\"><h3 class=\"elementor-image-box-title\"><a href=\"\/es\/maquinas-de-lavado-con-ultrasonidos\/generadores-y-transductores-por-ultrasonidos\/\">Generadores y Transductores<\/a><\/h3><\/div><\/div>\t\t\t\t<\/div>\n\t\t\t\t<\/div>\n\t\t\t\t<\/div>\n\t\t\t\t<div class=\"elementor-element elementor-element-05c7d61 elementor-widget__width-initial elementor-widget-tablet__width-inherit elementor-widget elementor-widget-text-editor\" data-id=\"05c7d61\" data-element_type=\"widget\" data-e-type=\"widget\" data-widget_type=\"text-editor.default\">\n\t\t\t\t<div class=\"elementor-widget-container\">\n\t\t\t\t\t\t\t\t\t<p>Gracias a los m\u00e1s de 50 a\u00f1os de experiencia, hemos construido <strong>equipos por ultrasonidos<\/strong> a medida para necesidades especiales de nuestros clientes y estamos siempre preparados para acoger nuevas ideas e inspiraci\u00f3n para aplicaciones que podr\u00edan abrir las puertas a nuevos mercados.<\/p>\n\t\t\t\t\t\t\t\t<\/div>\n\t\t\t\t<\/div>\n\t\t\t\t\t<\/div>\n\t\t\t\t<\/div>\n\t\t\t\t<\/div>\n\t\t\t\t<\/div>\n\t\t\t\t<\/div>\n\t\t","protected":false},"excerpt":{"rendered":"<p>Producci\u00f3n de Lavadoras y Cubas de Ultrasonidos La maquinaria para el lavado por ultrasonidos MORONI incluye las lavadoras, los generadores y los transductores, junto a todos los accesorios para equipos completos multietapa, como las cubas de enjuague, protecci\u00f3n y secado. Para completar la gama de los productos por ultrasonidos antes indicados, la empresa produce transportadores [&hellip;]<\/p>\n","protected":false},"author":1,"featured_media":0,"parent":0,"menu_order":0,"comment_status":"closed","ping_status":"closed","template":"","meta":{"footnotes":""},"class_list":["post-2941","page","type-page","status-publish","hentry"],"_links":{"self":[{"href":"https:\/\/ultrasuoni.pdr-server.it\/es\/wp-json\/wp\/v2\/pages\/2941","targetHints":{"allow":["GET"]}}],"collection":[{"href":"https:\/\/ultrasuoni.pdr-server.it\/es\/wp-json\/wp\/v2\/pages"}],"about":[{"href":"https:\/\/ultrasuoni.pdr-server.it\/es\/wp-json\/wp\/v2\/types\/page"}],"author":[{"embeddable":true,"href":"https:\/\/ultrasuoni.pdr-server.it\/es\/wp-json\/wp\/v2\/users\/1"}],"replies":[{"embeddable":true,"href":"https:\/\/ultrasuoni.pdr-server.it\/es\/wp-json\/wp\/v2\/comments?post=2941"}],"version-history":[{"count":3,"href":"https:\/\/ultrasuoni.pdr-server.it\/es\/wp-json\/wp\/v2\/pages\/2941\/revisions"}],"predecessor-version":[{"id":6668,"href":"https:\/\/ultrasuoni.pdr-server.it\/es\/wp-json\/wp\/v2\/pages\/2941\/revisions\/6668"}],"wp:attachment":[{"href":"https:\/\/ultrasuoni.pdr-server.it\/es\/wp-json\/wp\/v2\/media?parent=2941"}],"curies":[{"name":"wp","href":"https:\/\/api.w.org\/{rel}","templated":true}]}}