{"id":2917,"date":"2023-06-06T11:49:58","date_gmt":"2023-06-06T09:49:58","guid":{"rendered":"https:\/\/ultrasuoni.pdr-server.it\/aplicaciones-de-lavado-por-ultrasonidos\/impresion-de-lavado-de-tinta-con-ultrasonido\/"},"modified":"2024-08-02T13:46:52","modified_gmt":"2024-08-02T11:46:52","slug":"impresion-de-lavado-de-tinta-con-ultrasonido","status":"publish","type":"page","link":"https:\/\/ultrasuoni.pdr-server.it\/es\/aplicaciones-de-lavado-por-ultrasonidos\/impresion-de-lavado-de-tinta-con-ultrasonido\/","title":{"rendered":"Impresi\u00f3n de Lavado de Tinta con Ultrasonido"},"content":{"rendered":"\t\t<div data-elementor-type=\"wp-page\" data-elementor-id=\"2917\" class=\"elementor elementor-2917 elementor-1003\" data-elementor-post-type=\"page\">\n\t\t\t\t<div class=\"elementor-element elementor-element-336cbfa4 e-con-full e-flex e-con e-parent\" data-id=\"336cbfa4\" data-element_type=\"container\">\n\t\t<div class=\"elementor-element elementor-element-717a8f6e e-con-full animated-slow e-flex e-con e-child\" data-id=\"717a8f6e\" data-element_type=\"container\" data-settings=\"{&quot;animation&quot;:&quot;none&quot;}\">\n\t\t\t\t<div class=\"elementor-element elementor-element-273177f4 elementor-widget__width-initial elementor-widget-tablet__width-initial elementor-widget elementor-widget-heading\" data-id=\"273177f4\" data-element_type=\"widget\" data-widget_type=\"heading.default\">\n\t\t\t\t<div class=\"elementor-widget-container\">\n\t\t\t\t\t<h1 class=\"elementor-heading-title elementor-size-default\">Impresi\u00f3n de Lavado de Tinta con Ultrasonido<\/h1>\t\t\t\t<\/div>\n\t\t\t\t<\/div>\n\t\t\t\t<div class=\"elementor-element elementor-element-419777dd elementor-widget-divider--view-line elementor-widget elementor-widget-divider\" data-id=\"419777dd\" data-element_type=\"widget\" data-widget_type=\"divider.default\">\n\t\t\t\t<div class=\"elementor-widget-container\">\n\t\t\t\t\t\t\t<div class=\"elementor-divider\">\n\t\t\t<span class=\"elementor-divider-separator\">\n\t\t\t\t\t\t<\/span>\n\t\t<\/div>\n\t\t\t\t\t\t<\/div>\n\t\t\t\t<\/div>\n\t\t\t\t<div class=\"elementor-element elementor-element-6f2da66f elementor-widget elementor-widget-heading\" data-id=\"6f2da66f\" data-element_type=\"widget\" data-widget_type=\"heading.default\">\n\t\t\t\t<div class=\"elementor-widget-container\">\n\t\t\t\t\t<h3 class=\"elementor-heading-title elementor-size-default\">Lavado de rodillos de impresi\u00f3n y entintadores<\/h3>\t\t\t\t<\/div>\n\t\t\t\t<\/div>\n\t\t\t\t<div class=\"elementor-element elementor-element-e7b4496 elementor-widget__width-initial elementor-widget-tablet__width-inherit elementor-widget elementor-widget-text-editor\" data-id=\"e7b4496\" data-element_type=\"widget\" data-widget_type=\"text-editor.default\">\n\t\t\t\t<div class=\"elementor-widget-container\">\n\t\t\t\t\t\t\t\t\t<p>Lavado de tintas en la industria editorial en general<\/p>\n<p>En la industria editorial en general, el <strong>lavado de tintas de impresi\u00f3n con ultrasonidos<\/strong> como el realizado por <strong>Moroni<\/strong> se utiliza desde siempre para la <strong>limpieza de rodillos de impresi\u00f3n y entintadores<\/strong>, pero encuentran aplicaci\u00f3n tambi\u00e9n en la impresi\u00f3n offset, en flexograf\u00eda y en rotograbado.<\/p>\n<p>Esta t\u00e9cnica ofrece la gran ventaja de prever la utilizaci\u00f3n de <strong>detergentes a base de agua<\/strong>, favoreciendo que se abandonen los solventes org\u00e1nicos, tan t\u00f3xicos y nocivos que obligan al personal encargado a usar equipos de protecci\u00f3n (guantes, monos, mascarillas) y que comportan ingentes problemas para la eliminaci\u00f3n de estos solventes como residuos especiales, una operaci\u00f3n costosa y peligrosa.<\/p>\n<p>Sin el <strong>lavado por ultrasonidos<\/strong>, adem\u00e1s, los solventes especialmente nocivos, como el toluelo, xylol o fosgeno, hacen necesario realizar importantes inversiones para la construcci\u00f3n de equipos para el tratamientos de estas sustancias, y el uso de equipo de seguridad para el personal encargado.<\/p>\n\t\t\t\t\t\t\t\t<\/div>\n\t\t\t\t<\/div>\n\t\t\t\t<\/div>\n\t\t<div class=\"elementor-element elementor-element-592b7302 e-con-full animated-slow e-flex e-con e-child\" data-id=\"592b7302\" data-element_type=\"container\" data-settings=\"{&quot;animation&quot;:&quot;none&quot;}\">\n\t\t\t\t<div class=\"elementor-element elementor-element-e97f9d5 elementor-widget elementor-widget-heading\" data-id=\"e97f9d5\" data-element_type=\"widget\" data-widget_type=\"heading.default\">\n\t\t\t\t<div class=\"elementor-widget-container\">\n\t\t\t\t\t<h3 class=\"elementor-heading-title elementor-size-default\">Lavado de tintas con m\u00ednima aportaci\u00f3n de mano de obra<\/h3>\t\t\t\t<\/div>\n\t\t\t\t<\/div>\n\t\t\t\t<div class=\"elementor-element elementor-element-436bda5 elementor-widget-divider--view-line elementor-widget elementor-widget-divider\" data-id=\"436bda5\" data-element_type=\"widget\" data-widget_type=\"divider.default\">\n\t\t\t\t<div class=\"elementor-widget-container\">\n\t\t\t\t\t\t\t<div class=\"elementor-divider\">\n\t\t\t<span class=\"elementor-divider-separator\">\n\t\t\t\t\t\t<\/span>\n\t\t<\/div>\n\t\t\t\t\t\t<\/div>\n\t\t\t\t<\/div>\n\t\t\t\t<div class=\"elementor-element elementor-element-10cdb27 elementor-widget__width-initial elementor-widget-tablet__width-inherit elementor-widget elementor-widget-text-editor\" data-id=\"10cdb27\" data-element_type=\"widget\" data-widget_type=\"text-editor.default\">\n\t\t\t\t<div class=\"elementor-widget-container\">\n\t\t\t\t\t\t\t\t\t<p>Actualmente, las <strong>lavadoras por ultrasonidos Moroni<\/strong> se utilizan cada vez m\u00e1s con gran eficacia para el sector, con la ventaja a\u00f1adida de un coste por mano de obra casi nulo: lo \u00fanico de lo que se tiene que ocupar el persona es poner y quitar las piezas en la plataforma m\u00f3vil de la cuba.<\/p>\n<p><strong>Finalmente, con las lavadoras de la serie LIFTER el lavado de tintas se realiza de manera autom\u00e1tica y a una distancia de seguridad para el personal, haciendo que el ambiente sea salubre.<\/strong><\/p>\n<p>Las piezas sucias de tinta se cargan en una plataforma.<br \/>Cuando se da el mando de START, de manera autom\u00e1tica:<\/p>\n\t\t\t\t\t\t\t\t<\/div>\n\t\t\t\t<\/div>\n\t\t\t\t<div class=\"elementor-element elementor-element-a9bd5a6 elementor-icon-list--layout-traditional elementor-list-item-link-full_width elementor-widget elementor-widget-icon-list\" data-id=\"a9bd5a6\" data-element_type=\"widget\" data-widget_type=\"icon-list.default\">\n\t\t\t\t<div class=\"elementor-widget-container\">\n\t\t\t\t\t\t\t<ul class=\"elementor-icon-list-items\">\n\t\t\t\t\t\t\t<li class=\"elementor-icon-list-item\">\n\t\t\t\t\t\t\t\t\t\t\t<span class=\"elementor-icon-list-icon\">\n\t\t\t\t\t\t\t<i aria-hidden=\"true\" class=\"fas fa-check\"><\/i>\t\t\t\t\t\t<\/span>\n\t\t\t\t\t\t\t\t\t\t<span class=\"elementor-icon-list-text\">la plataforma baja,<\/span>\n\t\t\t\t\t\t\t\t\t<\/li>\n\t\t\t\t\t\t\t\t<li class=\"elementor-icon-list-item\">\n\t\t\t\t\t\t\t\t\t\t\t<span class=\"elementor-icon-list-icon\">\n\t\t\t\t\t\t\t<i aria-hidden=\"true\" class=\"fas fa-check\"><\/i>\t\t\t\t\t\t<\/span>\n\t\t\t\t\t\t\t\t\t\t<span class=\"elementor-icon-list-text\">la tapa se cierra,<\/span>\n\t\t\t\t\t\t\t\t\t<\/li>\n\t\t\t\t\t\t\t\t<li class=\"elementor-icon-list-item\">\n\t\t\t\t\t\t\t\t\t\t\t<span class=\"elementor-icon-list-icon\">\n\t\t\t\t\t\t\t<i aria-hidden=\"true\" class=\"fas fa-check\"><\/i>\t\t\t\t\t\t<\/span>\n\t\t\t\t\t\t\t\t\t\t<span class=\"elementor-icon-list-text\">se encienden los ultrasonidos<\/span>\n\t\t\t\t\t\t\t\t\t<\/li>\n\t\t\t\t\t\t\t\t<li class=\"elementor-icon-list-item\">\n\t\t\t\t\t\t\t\t\t\t\t<span class=\"elementor-icon-list-icon\">\n\t\t\t\t\t\t\t<i aria-hidden=\"true\" class=\"fas fa-check\"><\/i>\t\t\t\t\t\t<\/span>\n\t\t\t\t\t\t\t\t\t\t<span class=\"elementor-icon-list-text\">inicia un movimiento de \u201carriba y abajo\u201d (oscilaci\u00f3n) al final del cual<\/span>\n\t\t\t\t\t\t\t\t\t<\/li>\n\t\t\t\t\t\t\t\t<li class=\"elementor-icon-list-item\">\n\t\t\t\t\t\t\t\t\t\t\t<span class=\"elementor-icon-list-icon\">\n\t\t\t\t\t\t\t<i aria-hidden=\"true\" class=\"fas fa-check\"><\/i>\t\t\t\t\t\t<\/span>\n\t\t\t\t\t\t\t\t\t\t<span class=\"elementor-icon-list-text\">se abre la tapa y sube la plataforma a la posici\u00f3n de carga\/descarga<\/span>\n\t\t\t\t\t\t\t\t\t<\/li>\n\t\t\t\t\t\t<\/ul>\n\t\t\t\t\t\t<\/div>\n\t\t\t\t<\/div>\n\t\t\t\t<\/div>\n\t\t\t\t<\/div>\n\t\t<div class=\"elementor-element elementor-element-786e5e28 e-con-full e-flex e-con e-parent\" data-id=\"786e5e28\" data-element_type=\"container\" data-settings=\"{&quot;background_background&quot;:&quot;classic&quot;}\">\n\t\t<div class=\"elementor-element elementor-element-564b42a3 e-con-full animated-slow e-flex e-con e-child\" data-id=\"564b42a3\" data-element_type=\"container\" data-settings=\"{&quot;animation&quot;:&quot;none&quot;}\">\n\t\t\t\t<div class=\"elementor-element elementor-element-cbdce56 elementor-widget elementor-widget-video\" data-id=\"cbdce56\" data-element_type=\"widget\" data-settings=\"{&quot;video_type&quot;:&quot;vimeo&quot;}\" data-widget_type=\"video.default\">\n\t\t\t\t<div class=\"elementor-widget-container\">\n\t\t\t\t\t\t\t<div class=\"elementor-wrapper elementor-open-inline\">\n\t\t\t<iframe class=\"elementor-video-iframe\" allowfullscreen allow=\"clipboard-write\" title=\"Reproductor de v\u00eddeo vimeo\" src=\"https:\/\/player.vimeo.com\/video\/233279349?color&amp;autopause=0&amp;loop=0&amp;muted=0&amp;title=1&amp;portrait=1&amp;byline=1#t=\"><\/iframe>\t\t<\/div>\n\t\t\t\t\t\t<\/div>\n\t\t\t\t<\/div>\n\t\t<div class=\"elementor-element elementor-element-c06dc42 e-con-full e-flex e-con e-child\" data-id=\"c06dc42\" data-element_type=\"container\">\n\t\t<div class=\"elementor-element elementor-element-2d4d78e e-flex e-con-boxed e-con e-child\" data-id=\"2d4d78e\" data-element_type=\"container\" data-settings=\"{&quot;animation&quot;:&quot;none&quot;}\">\n\t\t\t\t\t<div class=\"e-con-inner\">\n\t\t\t\t<div class=\"elementor-element elementor-element-1950cb0 elementor-widget elementor-widget-image\" data-id=\"1950cb0\" data-element_type=\"widget\" data-widget_type=\"image.default\">\n\t\t\t\t<div class=\"elementor-widget-container\">\n\t\t\t\t\t\t\t\t\t\t\t\t\t\t\t<img fetchpriority=\"high\" decoding=\"async\" width=\"300\" height=\"225\" src=\"https:\/\/ultrasuoni.pdr-server.it\/wp-content\/uploads\/Rakles-sporche-300x225-1.png\" class=\"attachment-large size-large wp-image-2119\" alt=\"Lavaggio Inchiostri Stampa con Ultrasuoni\" srcset=\"https:\/\/ultrasuoni.pdr-server.it\/wp-content\/uploads\/Rakles-sporche-300x225-1.png 300w, https:\/\/ultrasuoni.pdr-server.it\/wp-content\/uploads\/Rakles-sporche-300x225-1-20x15.png 20w\" sizes=\"(max-width: 300px) 100vw, 300px\" \/>\t\t\t\t\t\t\t\t\t\t\t\t\t\t\t<\/div>\n\t\t\t\t<\/div>\n\t\t\t\t\t<\/div>\n\t\t\t\t<\/div>\n\t\t<div class=\"elementor-element elementor-element-03464d2 e-flex e-con-boxed e-con e-child\" data-id=\"03464d2\" data-element_type=\"container\">\n\t\t\t\t\t<div class=\"e-con-inner\">\n\t\t\t\t<div class=\"elementor-element elementor-element-5900763 elementor-widget elementor-widget-image\" data-id=\"5900763\" data-element_type=\"widget\" data-widget_type=\"image.default\">\n\t\t\t\t<div class=\"elementor-widget-container\">\n\t\t\t\t\t\t\t\t\t\t\t\t\t\t\t<img decoding=\"async\" width=\"300\" height=\"225\" src=\"https:\/\/ultrasuoni.pdr-server.it\/wp-content\/uploads\/Rakles-pulite-300x225-1.png\" class=\"attachment-large size-large wp-image-2122\" alt=\"Lavaggio Inchiostri Stampa con Ultrasuoni\" srcset=\"https:\/\/ultrasuoni.pdr-server.it\/wp-content\/uploads\/Rakles-pulite-300x225-1.png 300w, https:\/\/ultrasuoni.pdr-server.it\/wp-content\/uploads\/Rakles-pulite-300x225-1-20x15.png 20w\" sizes=\"(max-width: 300px) 100vw, 300px\" \/>\t\t\t\t\t\t\t\t\t\t\t\t\t\t\t<\/div>\n\t\t\t\t<\/div>\n\t\t\t\t\t<\/div>\n\t\t\t\t<\/div>\n\t\t\t\t<\/div>\n\t\t<div class=\"elementor-element elementor-element-afd2d18 e-con-full e-flex e-con e-child\" data-id=\"afd2d18\" data-element_type=\"container\">\n\t\t<div class=\"elementor-element elementor-element-948b81e e-flex e-con-boxed e-con e-child\" data-id=\"948b81e\" data-element_type=\"container\">\n\t\t\t\t\t<div class=\"e-con-inner\">\n\t\t\t\t<div class=\"elementor-element elementor-element-bb49309 elementor-widget elementor-widget-image\" data-id=\"bb49309\" data-element_type=\"widget\" data-widget_type=\"image.default\">\n\t\t\t\t<div class=\"elementor-widget-container\">\n\t\t\t\t\t\t\t\t\t\t\t\t\t\t\t<img decoding=\"async\" width=\"300\" height=\"225\" src=\"https:\/\/ultrasuoni.pdr-server.it\/wp-content\/uploads\/contenitori-sporchi-300x225-1.png\" class=\"attachment-large size-large wp-image-2125\" alt=\"Lavaggio inchiostri stampa con ultrasuoni\" srcset=\"https:\/\/ultrasuoni.pdr-server.it\/wp-content\/uploads\/contenitori-sporchi-300x225-1.png 300w, https:\/\/ultrasuoni.pdr-server.it\/wp-content\/uploads\/contenitori-sporchi-300x225-1-20x15.png 20w\" sizes=\"(max-width: 300px) 100vw, 300px\" \/>\t\t\t\t\t\t\t\t\t\t\t\t\t\t\t<\/div>\n\t\t\t\t<\/div>\n\t\t\t\t\t<\/div>\n\t\t\t\t<\/div>\n\t\t<div class=\"elementor-element elementor-element-e2f27a2 e-flex e-con-boxed e-con e-child\" data-id=\"e2f27a2\" data-element_type=\"container\">\n\t\t\t\t\t<div class=\"e-con-inner\">\n\t\t\t\t<div class=\"elementor-element elementor-element-566a274 elementor-widget elementor-widget-image\" data-id=\"566a274\" data-element_type=\"widget\" data-widget_type=\"image.default\">\n\t\t\t\t<div class=\"elementor-widget-container\">\n\t\t\t\t\t\t\t\t\t\t\t\t\t\t\t<img loading=\"lazy\" decoding=\"async\" width=\"300\" height=\"225\" src=\"https:\/\/ultrasuoni.pdr-server.it\/wp-content\/uploads\/contenitori-puliti-300x225-1.png\" class=\"attachment-large size-large wp-image-2128\" alt=\"Lavaggio Inchiostri Stampa con Ultrasuoni\" srcset=\"https:\/\/ultrasuoni.pdr-server.it\/wp-content\/uploads\/contenitori-puliti-300x225-1.png 300w, https:\/\/ultrasuoni.pdr-server.it\/wp-content\/uploads\/contenitori-puliti-300x225-1-20x15.png 20w\" sizes=\"(max-width: 300px) 100vw, 300px\" \/>\t\t\t\t\t\t\t\t\t\t\t\t\t\t\t<\/div>\n\t\t\t\t<\/div>\n\t\t\t\t\t<\/div>\n\t\t\t\t<\/div>\n\t\t\t\t<\/div>\n\t\t<div class=\"elementor-element elementor-element-e4dc0c6 e-con-full e-flex e-con e-child\" data-id=\"e4dc0c6\" data-element_type=\"container\">\n\t\t<div class=\"elementor-element elementor-element-02cca59 e-flex e-con-boxed e-con e-child\" data-id=\"02cca59\" data-element_type=\"container\">\n\t\t\t\t\t<div class=\"e-con-inner\">\n\t\t\t\t<div class=\"elementor-element elementor-element-fa36e74 elementor-widget elementor-widget-image\" data-id=\"fa36e74\" data-element_type=\"widget\" data-widget_type=\"image.default\">\n\t\t\t\t<div class=\"elementor-widget-container\">\n\t\t\t\t\t\t\t\t\t\t\t\t\t\t\t<img loading=\"lazy\" decoding=\"async\" width=\"300\" height=\"225\" src=\"https:\/\/ultrasuoni.pdr-server.it\/wp-content\/uploads\/contenitori-sporchi-zoom-300x225-1.png\" class=\"attachment-large size-large wp-image-2131\" alt=\"Lavaggio inchiostri stampa con ultrasuoni\" srcset=\"https:\/\/ultrasuoni.pdr-server.it\/wp-content\/uploads\/contenitori-sporchi-zoom-300x225-1.png 300w, https:\/\/ultrasuoni.pdr-server.it\/wp-content\/uploads\/contenitori-sporchi-zoom-300x225-1-20x15.png 20w\" sizes=\"(max-width: 300px) 100vw, 300px\" \/>\t\t\t\t\t\t\t\t\t\t\t\t\t\t\t<\/div>\n\t\t\t\t<\/div>\n\t\t\t\t\t<\/div>\n\t\t\t\t<\/div>\n\t\t<div class=\"elementor-element elementor-element-e2d3f3c e-flex e-con-boxed e-con e-child\" data-id=\"e2d3f3c\" data-element_type=\"container\">\n\t\t\t\t\t<div class=\"e-con-inner\">\n\t\t\t\t<div class=\"elementor-element elementor-element-99e7f8d elementor-widget elementor-widget-image\" data-id=\"99e7f8d\" data-element_type=\"widget\" data-widget_type=\"image.default\">\n\t\t\t\t<div class=\"elementor-widget-container\">\n\t\t\t\t\t\t\t\t\t\t\t\t\t\t\t<img loading=\"lazy\" decoding=\"async\" width=\"300\" height=\"225\" src=\"https:\/\/ultrasuoni.pdr-server.it\/wp-content\/uploads\/contenitori-puliti-300x225-1.png\" class=\"attachment-large size-large wp-image-2128\" alt=\"Lavaggio Inchiostri Stampa con Ultrasuoni\" srcset=\"https:\/\/ultrasuoni.pdr-server.it\/wp-content\/uploads\/contenitori-puliti-300x225-1.png 300w, https:\/\/ultrasuoni.pdr-server.it\/wp-content\/uploads\/contenitori-puliti-300x225-1-20x15.png 20w\" sizes=\"(max-width: 300px) 100vw, 300px\" \/>\t\t\t\t\t\t\t\t\t\t\t\t\t\t\t<\/div>\n\t\t\t\t<\/div>\n\t\t\t\t\t<\/div>\n\t\t\t\t<\/div>\n\t\t\t\t<\/div>\n\t\t\t\t<\/div>\n\t\t<div class=\"elementor-element elementor-element-53440276 e-con-full animated-slow e-flex e-con e-child\" data-id=\"53440276\" data-element_type=\"container\" data-settings=\"{&quot;animation&quot;:&quot;none&quot;}\">\n\t\t\t\t<div class=\"elementor-element elementor-element-3e55f71 elementor-widget elementor-widget-heading\" data-id=\"3e55f71\" data-element_type=\"widget\" data-widget_type=\"heading.default\">\n\t\t\t\t<div class=\"elementor-widget-container\">\n\t\t\t\t\t<h3 class=\"elementor-heading-title elementor-size-default\">Lavado de tintas<\/h3>\t\t\t\t<\/div>\n\t\t\t\t<\/div>\n\t\t\t\t<div class=\"elementor-element elementor-element-0ab43ca elementor-widget-divider--view-line elementor-widget elementor-widget-divider\" data-id=\"0ab43ca\" data-element_type=\"widget\" data-widget_type=\"divider.default\">\n\t\t\t\t<div class=\"elementor-widget-container\">\n\t\t\t\t\t\t\t<div class=\"elementor-divider\">\n\t\t\t<span class=\"elementor-divider-separator\">\n\t\t\t\t\t\t<\/span>\n\t\t<\/div>\n\t\t\t\t\t\t<\/div>\n\t\t\t\t<\/div>\n\t\t\t\t<div class=\"elementor-element elementor-element-1987df4 elementor-widget__width-initial elementor-widget-tablet__width-inherit elementor-widget elementor-widget-text-editor\" data-id=\"1987df4\" data-element_type=\"widget\" data-widget_type=\"text-editor.default\">\n\t\t\t\t<div class=\"elementor-widget-container\">\n\t\t\t\t\t\t\t\t\t<p>El <strong>lavado de tintas con ultrasonidos<\/strong> se realiza en agua con detergentes alcalinos, a temperatura media (60\u00b0) en baja concentraci\u00f3n (3-5%).<br \/>La baja concentraci\u00f3n evita que se formen unos residuos excesivos en las piezas tratadas, haciendo que sean casi innecesarios los posteriores enjuagues.<\/p>\n\t\t\t\t\t\t\t\t<\/div>\n\t\t\t\t<\/div>\n\t\t<div class=\"elementor-element elementor-element-9ba710d e-con-full e-flex e-con e-child\" data-id=\"9ba710d\" data-element_type=\"container\">\n\t\t<div class=\"elementor-element elementor-element-0673fca e-con-full e-flex e-con e-child\" data-id=\"0673fca\" data-element_type=\"container\">\n\t\t<div class=\"elementor-element elementor-element-c1a3771 e-flex e-con-boxed e-con e-child\" data-id=\"c1a3771\" data-element_type=\"container\">\n\t\t\t\t\t<div class=\"e-con-inner\">\n\t\t\t\t<div class=\"elementor-element elementor-element-e0b239b elementor-widget elementor-widget-image\" data-id=\"e0b239b\" data-element_type=\"widget\" data-widget_type=\"image.default\">\n\t\t\t\t<div class=\"elementor-widget-container\">\n\t\t\t\t\t\t\t\t\t\t\t\t\t\t\t<img loading=\"lazy\" decoding=\"async\" width=\"300\" height=\"225\" src=\"https:\/\/ultrasuoni.pdr-server.it\/wp-content\/uploads\/inch-sporchi-lontano-300x225-1.png\" class=\"attachment-large size-large wp-image-2134\" alt=\"Lavaggio Inchiostri Stampa Con Ultrasuoni\" srcset=\"https:\/\/ultrasuoni.pdr-server.it\/wp-content\/uploads\/inch-sporchi-lontano-300x225-1.png 300w, https:\/\/ultrasuoni.pdr-server.it\/wp-content\/uploads\/inch-sporchi-lontano-300x225-1-20x15.png 20w\" sizes=\"(max-width: 300px) 100vw, 300px\" \/>\t\t\t\t\t\t\t\t\t\t\t\t\t\t\t<\/div>\n\t\t\t\t<\/div>\n\t\t\t\t\t<\/div>\n\t\t\t\t<\/div>\n\t\t<div class=\"elementor-element elementor-element-3e242b5 e-flex e-con-boxed e-con e-child\" data-id=\"3e242b5\" data-element_type=\"container\">\n\t\t\t\t\t<div class=\"e-con-inner\">\n\t\t\t\t<div class=\"elementor-element elementor-element-47147e4 elementor-widget elementor-widget-image\" data-id=\"47147e4\" data-element_type=\"widget\" data-widget_type=\"image.default\">\n\t\t\t\t<div class=\"elementor-widget-container\">\n\t\t\t\t\t\t\t\t\t\t\t\t\t\t\t<img loading=\"lazy\" decoding=\"async\" width=\"300\" height=\"225\" src=\"https:\/\/ultrasuoni.pdr-server.it\/wp-content\/uploads\/inch-puliti-lontano-300x225-1.png\" class=\"attachment-large size-large wp-image-2137\" alt=\"Lavaggio Inchiostri Stampa Con Ultrasuoni\" srcset=\"https:\/\/ultrasuoni.pdr-server.it\/wp-content\/uploads\/inch-puliti-lontano-300x225-1.png 300w, https:\/\/ultrasuoni.pdr-server.it\/wp-content\/uploads\/inch-puliti-lontano-300x225-1-20x15.png 20w\" sizes=\"(max-width: 300px) 100vw, 300px\" \/>\t\t\t\t\t\t\t\t\t\t\t\t\t\t\t<\/div>\n\t\t\t\t<\/div>\n\t\t\t\t\t<\/div>\n\t\t\t\t<\/div>\n\t\t\t\t<\/div>\n\t\t<div class=\"elementor-element elementor-element-f858dd1 e-con-full e-flex e-con e-child\" data-id=\"f858dd1\" data-element_type=\"container\">\n\t\t<div class=\"elementor-element elementor-element-c96a666 e-flex e-con-boxed e-con e-child\" data-id=\"c96a666\" data-element_type=\"container\">\n\t\t\t\t\t<div class=\"e-con-inner\">\n\t\t\t\t<div class=\"elementor-element elementor-element-5efdbbb elementor-widget elementor-widget-image\" data-id=\"5efdbbb\" data-element_type=\"widget\" data-widget_type=\"image.default\">\n\t\t\t\t<div class=\"elementor-widget-container\">\n\t\t\t\t\t\t\t\t\t\t\t\t\t\t\t<img loading=\"lazy\" decoding=\"async\" width=\"300\" height=\"225\" src=\"https:\/\/ultrasuoni.pdr-server.it\/wp-content\/uploads\/inch-sporchi-zoom-300x225-1.png\" class=\"attachment-large size-large wp-image-2140\" alt=\"Lavaggio Inchiostri Stampa Con Ultrasuoni\" srcset=\"https:\/\/ultrasuoni.pdr-server.it\/wp-content\/uploads\/inch-sporchi-zoom-300x225-1.png 300w, https:\/\/ultrasuoni.pdr-server.it\/wp-content\/uploads\/inch-sporchi-zoom-300x225-1-20x15.png 20w\" sizes=\"(max-width: 300px) 100vw, 300px\" \/>\t\t\t\t\t\t\t\t\t\t\t\t\t\t\t<\/div>\n\t\t\t\t<\/div>\n\t\t\t\t\t<\/div>\n\t\t\t\t<\/div>\n\t\t<div class=\"elementor-element elementor-element-d8e5bec e-flex e-con-boxed e-con e-child\" data-id=\"d8e5bec\" data-element_type=\"container\">\n\t\t\t\t\t<div class=\"e-con-inner\">\n\t\t\t\t<div class=\"elementor-element elementor-element-4a60dae elementor-widget elementor-widget-image\" data-id=\"4a60dae\" data-element_type=\"widget\" data-widget_type=\"image.default\">\n\t\t\t\t<div class=\"elementor-widget-container\">\n\t\t\t\t\t\t\t\t\t\t\t\t\t\t\t<img loading=\"lazy\" decoding=\"async\" width=\"300\" height=\"225\" src=\"https:\/\/ultrasuoni.pdr-server.it\/wp-content\/uploads\/inch-puliti-zoom-300x225-1.png\" class=\"attachment-large size-large wp-image-2143\" alt=\"Lavaggio Inchiostri Stampa Con Ultrasuoni\" srcset=\"https:\/\/ultrasuoni.pdr-server.it\/wp-content\/uploads\/inch-puliti-zoom-300x225-1.png 300w, https:\/\/ultrasuoni.pdr-server.it\/wp-content\/uploads\/inch-puliti-zoom-300x225-1-20x15.png 20w\" sizes=\"(max-width: 300px) 100vw, 300px\" \/>\t\t\t\t\t\t\t\t\t\t\t\t\t\t\t<\/div>\n\t\t\t\t<\/div>\n\t\t\t\t\t<\/div>\n\t\t\t\t<\/div>\n\t\t\t\t<\/div>\n\t\t\t\t<\/div>\n\t\t<div class=\"elementor-element elementor-element-102127b4 e-con-full e-flex e-con e-child\" data-id=\"102127b4\" data-element_type=\"container\">\n\t\t\t\t<div class=\"elementor-element elementor-element-60d90c71 elementor-widget-divider--view-line elementor-widget elementor-widget-divider\" data-id=\"60d90c71\" data-element_type=\"widget\" data-widget_type=\"divider.default\">\n\t\t\t\t<div class=\"elementor-widget-container\">\n\t\t\t\t\t\t\t<div class=\"elementor-divider\">\n\t\t\t<span class=\"elementor-divider-separator\">\n\t\t\t\t\t\t<\/span>\n\t\t<\/div>\n\t\t\t\t\t\t<\/div>\n\t\t\t\t<\/div>\n\t\t\t\t<\/div>\n\t\t\t\t<div class=\"elementor-element elementor-element-35d0d22c elementor-widget elementor-widget-button\" data-id=\"35d0d22c\" data-element_type=\"widget\" data-widget_type=\"button.default\">\n\t\t\t\t<div class=\"elementor-widget-container\">\n\t\t\t\t\t\t\t\t\t<div class=\"elementor-button-wrapper\">\n\t\t\t\t\t<a class=\"elementor-button elementor-button-link elementor-size-lg\" href=\"#contattaci\">\n\t\t\t\t\t\t<span class=\"elementor-button-content-wrapper\">\n\t\t\t\t\t\t\t\t\t<span class=\"elementor-button-text\">Cont\u00e1ctenos<\/span>\n\t\t\t\t\t<\/span>\n\t\t\t\t\t<\/a>\n\t\t\t\t<\/div>\n\t\t\t\t\t\t\t\t<\/div>\n\t\t\t\t<\/div>\n\t\t\t\t<\/div>\n\t\t\t\t<\/div>\n\t\t\t\t<\/div>\n\t\t","protected":false},"excerpt":{"rendered":"<p>Lavado de rodillos de impresi\u00f3n y entintadores Lavado de tintas en la industria editorial en general En la industria editorial en general, el lavado de tintas de impresi\u00f3n con ultrasonidos como el realizado por Moroni se utiliza desde siempre para la limpieza de rodillos de impresi\u00f3n y entintadores, pero encuentran aplicaci\u00f3n tambi\u00e9n en la impresi\u00f3n [&hellip;]<\/p>\n","protected":false},"author":1,"featured_media":0,"parent":2884,"menu_order":0,"comment_status":"closed","ping_status":"closed","template":"","meta":{"footnotes":""},"class_list":["post-2917","page","type-page","status-publish","hentry"],"_links":{"self":[{"href":"https:\/\/ultrasuoni.pdr-server.it\/es\/wp-json\/wp\/v2\/pages\/2917","targetHints":{"allow":["GET"]}}],"collection":[{"href":"https:\/\/ultrasuoni.pdr-server.it\/es\/wp-json\/wp\/v2\/pages"}],"about":[{"href":"https:\/\/ultrasuoni.pdr-server.it\/es\/wp-json\/wp\/v2\/types\/page"}],"author":[{"embeddable":true,"href":"https:\/\/ultrasuoni.pdr-server.it\/es\/wp-json\/wp\/v2\/users\/1"}],"replies":[{"embeddable":true,"href":"https:\/\/ultrasuoni.pdr-server.it\/es\/wp-json\/wp\/v2\/comments?post=2917"}],"version-history":[{"count":1,"href":"https:\/\/ultrasuoni.pdr-server.it\/es\/wp-json\/wp\/v2\/pages\/2917\/revisions"}],"predecessor-version":[{"id":6141,"href":"https:\/\/ultrasuoni.pdr-server.it\/es\/wp-json\/wp\/v2\/pages\/2917\/revisions\/6141"}],"up":[{"embeddable":true,"href":"https:\/\/ultrasuoni.pdr-server.it\/es\/wp-json\/wp\/v2\/pages\/2884"}],"wp:attachment":[{"href":"https:\/\/ultrasuoni.pdr-server.it\/es\/wp-json\/wp\/v2\/media?parent=2917"}],"curies":[{"name":"wp","href":"https:\/\/api.w.org\/{rel}","templated":true}]}}