{"id":2912,"date":"2023-06-06T11:25:44","date_gmt":"2023-06-06T09:25:44","guid":{"rendered":"https:\/\/ultrasuoni.pdr-server.it\/aplicaciones-de-lavado-por-ultrasonidos\/lavado-discos-de-pulido-con-ultrasonidos\/"},"modified":"2025-09-16T11:44:13","modified_gmt":"2025-09-16T09:44:13","slug":"lavado-discos-de-pulido-con-ultrasonidos","status":"publish","type":"page","link":"https:\/\/ultrasuoni.pdr-server.it\/es\/aplicaciones-de-lavado-por-ultrasonidos\/lavado-discos-de-pulido-con-ultrasonidos\/","title":{"rendered":"Lavado Discos de Pulido con Ultrasonidos"},"content":{"rendered":"\t\t<div data-elementor-type=\"wp-page\" data-elementor-id=\"2912\" class=\"elementor elementor-2912 elementor-945\" data-elementor-post-type=\"page\">\n\t\t\t\t<div class=\"elementor-element elementor-element-1ceb5ca0 e-con-full e-flex e-con e-parent\" data-id=\"1ceb5ca0\" data-element_type=\"container\">\n\t\t<div class=\"elementor-element elementor-element-48470603 e-con-full animated-slow e-flex e-con e-child\" data-id=\"48470603\" data-element_type=\"container\" data-settings=\"{&quot;animation&quot;:&quot;none&quot;}\">\n\t\t\t\t<div class=\"elementor-element elementor-element-93a00b4 elementor-widget__width-initial elementor-widget-tablet__width-initial elementor-widget elementor-widget-heading\" data-id=\"93a00b4\" data-element_type=\"widget\" data-widget_type=\"heading.default\">\n\t\t\t\t<div class=\"elementor-widget-container\">\n\t\t\t\t\t<h1 class=\"elementor-heading-title elementor-size-default\">Lavado Discos de Pulido con Ultrasonidos<\/h1>\t\t\t\t<\/div>\n\t\t\t\t<\/div>\n\t\t\t\t<div class=\"elementor-element elementor-element-1a111cb0 elementor-widget-divider--view-line elementor-widget elementor-widget-divider\" data-id=\"1a111cb0\" data-element_type=\"widget\" data-widget_type=\"divider.default\">\n\t\t\t\t<div class=\"elementor-widget-container\">\n\t\t\t\t\t\t\t<div class=\"elementor-divider\">\n\t\t\t<span class=\"elementor-divider-separator\">\n\t\t\t\t\t\t<\/span>\n\t\t<\/div>\n\t\t\t\t\t\t<\/div>\n\t\t\t\t<\/div>\n\t\t\t\t<div class=\"elementor-element elementor-element-512b39ab elementor-widget elementor-widget-heading\" data-id=\"512b39ab\" data-element_type=\"widget\" data-widget_type=\"heading.default\">\n\t\t\t\t<div class=\"elementor-widget-container\">\n\t\t\t\t\t<h3 class=\"elementor-heading-title elementor-size-default\">Desengrase por Ultrasonidos y Lavado de Grifer\u00eda<\/h3>\t\t\t\t<\/div>\n\t\t\t\t<\/div>\n\t\t\t\t<div class=\"elementor-element elementor-element-eaf0dff elementor-widget__width-initial elementor-widget-tablet__width-inherit elementor-widget elementor-widget-text-editor\" data-id=\"eaf0dff\" data-element_type=\"widget\" data-widget_type=\"text-editor.default\">\n\t\t\t\t<div class=\"elementor-widget-container\">\n\t\t\t\t\t\t\t\t\t<p><strong>DISCOS DE PULIDO<\/strong><\/p>\n<p>El <strong>lavado de discos de pulido con ultrasonidos<\/strong> permite resolver uno de los principales problemas de los tratamientos galv\u00e1nicos. Se trata de la limpieza de las superficies de restos de grasas, aceites, polvos, abrasivos y otros componentes que impiden una perfecta adherencia de los metales indicados y la consiguiente exfoliaci\u00f3n. En la fase terminal, las superficie deber\u00eda bru\u00f1irse con <strong>pulido<\/strong>. Este procedimiento prev\u00e9 que las superficies se cepillen con fieltros impregnados en grasa vegetal o animal y abrasivos (por ejemplo, corind\u00f3n, al\u00famina, polvo de Tr\u00edpoli, etc.).<\/p>\n\t\t\t\t\t\t\t\t<\/div>\n\t\t\t\t<\/div>\n\t\t\t\t<\/div>\n\t\t<div class=\"elementor-element elementor-element-340b62bf e-con-full animated-slow e-flex e-con e-child\" data-id=\"340b62bf\" data-element_type=\"container\" data-settings=\"{&quot;animation&quot;:&quot;none&quot;}\">\n\t\t\t\t<div class=\"elementor-element elementor-element-141d6459 elementor-widget elementor-widget-heading\" data-id=\"141d6459\" data-element_type=\"widget\" data-widget_type=\"heading.default\">\n\t\t\t\t<div class=\"elementor-widget-container\">\n\t\t\t\t\t<h3 class=\"elementor-heading-title elementor-size-default\">M\u00e1quina para pulido<\/h3>\t\t\t\t<\/div>\n\t\t\t\t<\/div>\n\t\t\t\t<div class=\"elementor-element elementor-element-7206881 elementor-widget elementor-widget-image\" data-id=\"7206881\" data-element_type=\"widget\" data-widget_type=\"image.default\">\n\t\t\t\t<div class=\"elementor-widget-container\">\n\t\t\t\t\t\t\t\t\t\t\t\t\t\t\t<img fetchpriority=\"high\" decoding=\"async\" width=\"300\" height=\"275\" src=\"https:\/\/ultrasuoni.pdr-server.it\/wp-content\/uploads\/macchina_pulimentatura-300x275-1.jpg\" class=\"attachment-full size-full wp-image-2113\" alt=\"Lavaggio Pastelle Polimentatura con Ultrasuoni\" srcset=\"https:\/\/ultrasuoni.pdr-server.it\/wp-content\/uploads\/macchina_pulimentatura-300x275-1.jpg 300w, https:\/\/ultrasuoni.pdr-server.it\/wp-content\/uploads\/macchina_pulimentatura-300x275-1-20x18.jpg 20w\" sizes=\"(max-width: 300px) 100vw, 300px\" \/>\t\t\t\t\t\t\t\t\t\t\t\t\t\t\t<\/div>\n\t\t\t\t<\/div>\n\t\t\t\t<\/div>\n\t\t\t\t<\/div>\n\t\t<div class=\"elementor-element elementor-element-26495f1d e-con-full e-flex e-con e-parent\" data-id=\"26495f1d\" data-element_type=\"container\" data-settings=\"{&quot;background_background&quot;:&quot;classic&quot;}\">\n\t\t<div class=\"elementor-element elementor-element-2026f482 e-con-full animated-slow e-flex e-con e-child\" data-id=\"2026f482\" data-element_type=\"container\" data-settings=\"{&quot;animation&quot;:&quot;none&quot;}\">\n\t\t\t\t<div class=\"elementor-element elementor-element-baf5d9a elementor-widget__width-initial elementor-widget-tablet__width-inherit elementor-widget elementor-widget-text-editor\" data-id=\"baf5d9a\" data-element_type=\"widget\" data-widget_type=\"text-editor.default\">\n\t\t\t\t<div class=\"elementor-widget-container\">\n\t\t\t\t\t\t\t\t\tUna vez realizada la operaci\u00f3n, es necesario eliminar cualquier resto de todas las piezas y de los recovecos. En los casos en que un sencillo desengrase electrol\u00edtico no permita eliminar a la perfecci\u00f3n estos residuos, entra en juego la aportaci\u00f3n insustituible del lavado de los discos de pulido con ultrasonidos. Esta \u00faltima se ha revelado como una t\u00e9cnica mucho m\u00e1s eficaz y econ\u00f3mica.\n\nEl procedimiento prev\u00e9 la instalaci\u00f3n de <a href=\"https:\/\/ultrasuoni.pdr-server.it\/es\/maquinas-de-lavado-con-ultrasonidos\/generadores-y-transductores-por-ultrasonidos\/\">TRANSDUCTORES SUMERGIBLES<\/a>, que llevan la acci\u00f3n de los ultrasonidos directamente en proximidad de los elementos y quitan todos los restos de suciedad presentes de manera r\u00e1pida y eficaz.\t\t\t\t\t\t\t\t<\/div>\n\t\t\t\t<\/div>\n\t\t\t\t<div class=\"elementor-element elementor-element-3f749c1 elementor-widget elementor-widget-heading\" data-id=\"3f749c1\" data-element_type=\"widget\" data-widget_type=\"heading.default\">\n\t\t\t\t<div class=\"elementor-widget-container\">\n\t\t\t\t\t<h3 class=\"elementor-heading-title elementor-size-default\">Diversos tipos de transductores por inmersi\u00f3n<\/h3>\t\t\t\t<\/div>\n\t\t\t\t<\/div>\n\t\t\t\t<div class=\"elementor-element elementor-element-4d08730 elementor-widget elementor-widget-image\" data-id=\"4d08730\" data-element_type=\"widget\" data-widget_type=\"image.default\">\n\t\t\t\t<div class=\"elementor-widget-container\">\n\t\t\t\t\t\t\t\t\t\t\t\t\t\t\t<img decoding=\"async\" width=\"300\" height=\"254\" src=\"https:\/\/ultrasuoni.pdr-server.it\/wp-content\/uploads\/Immersible-transducers-300x254-1.jpg\" class=\"attachment-full size-full wp-image-2116\" alt=\"lavaggio pastelle polimentatura con ultrasuoni\" srcset=\"https:\/\/ultrasuoni.pdr-server.it\/wp-content\/uploads\/Immersible-transducers-300x254-1.jpg 300w, https:\/\/ultrasuoni.pdr-server.it\/wp-content\/uploads\/Immersible-transducers-300x254-1-20x17.jpg 20w\" sizes=\"(max-width: 300px) 100vw, 300px\" \/>\t\t\t\t\t\t\t\t\t\t\t\t\t\t\t<\/div>\n\t\t\t\t<\/div>\n\t\t\t\t<div class=\"elementor-element elementor-element-95eb5d8 elementor-widget__width-initial elementor-widget-tablet__width-inherit elementor-widget elementor-widget-text-editor\" data-id=\"95eb5d8\" data-element_type=\"widget\" data-widget_type=\"text-editor.default\">\n\t\t\t\t<div class=\"elementor-widget-container\">\n\t\t\t\t\t\t\t\t\t<p>Desde hace a\u00f1os <strong>Ultrasuoni Moroni<\/strong> trabaja con detergentes a base de agua ya que representan una alternativa v\u00e1lida, eficaz, segura y econ\u00f3mica respecto a los solventes org\u00e1nicos. Los solventes org\u00e1nicos normalmente usados para el <strong>lavado de discos de pulido<\/strong> diluyen la grasa pero no la eliminan. Despu\u00e9s de sucesivas utilizaciones, la grasa atasca el solvente empeorando ulteriormente el resultado. A esto se a\u00f1aden los costes elevados para su eliminaci\u00f3n, da\u00f1ina para el medio ambiente adem\u00e1s de costosa. Finalmente, tampoco faltan los riesgos para la salud del personal encargado del lavado.<\/p>\t\t\t\t\t\t\t\t<\/div>\n\t\t\t\t<\/div>\n\t\t\t\t<\/div>\n\t\t<div class=\"elementor-element elementor-element-4ff855c3 e-con-full animated-slow e-flex e-con e-child\" data-id=\"4ff855c3\" data-element_type=\"container\" data-settings=\"{&quot;animation&quot;:&quot;none&quot;}\">\n\t\t\t\t<div class=\"elementor-element elementor-element-149e5459 elementor-widget elementor-widget-heading\" data-id=\"149e5459\" data-element_type=\"widget\" data-widget_type=\"heading.default\">\n\t\t\t\t<div class=\"elementor-widget-container\">\n\t\t\t\t\t<h3 class=\"elementor-heading-title elementor-size-default\">\u00bfDetergente por agua o solventes org\u00e1nicos?<\/h3>\t\t\t\t<\/div>\n\t\t\t\t<\/div>\n\t\t\t\t<div class=\"elementor-element elementor-element-12c12d91 elementor-widget-divider--view-line elementor-widget elementor-widget-divider\" data-id=\"12c12d91\" data-element_type=\"widget\" data-widget_type=\"divider.default\">\n\t\t\t\t<div class=\"elementor-widget-container\">\n\t\t\t\t\t\t\t<div class=\"elementor-divider\">\n\t\t\t<span class=\"elementor-divider-separator\">\n\t\t\t\t\t\t<\/span>\n\t\t<\/div>\n\t\t\t\t\t\t<\/div>\n\t\t\t\t<\/div>\n\t\t\t\t<div class=\"elementor-element elementor-element-79d4cdb elementor-widget__width-initial elementor-widget-tablet__width-inherit elementor-widget elementor-widget-text-editor\" data-id=\"79d4cdb\" data-element_type=\"widget\" data-widget_type=\"text-editor.default\">\n\t\t\t\t<div class=\"elementor-widget-container\">\n\t\t\t\t\t\t\t\t\t<p>El <strong>lavado de los discos de pulido<\/strong> es el problema m\u00e1s acuciante en preparaci\u00f3n para los posteriores procesos de electrodeposici\u00f3n, galvanostegia, pintura, metalizaci\u00f3n PVD o al vac\u00edo. Adem\u00e1s, al final del lavado con solvente, en la superficie de la pieza tratada se presentan los t\u00edpicos polvos, que no son m\u00e1s que los abrasivos inorg\u00e1nicos. Dado que son inorg\u00e1nicos, estos no se disuelven en el solvente org\u00e1nico y permanece en la superficie de la pieza, haciendo necesaria una posterior eliminaci\u00f3n manual (limpieza).<\/p>\n<p>Por el contrario, el lavado por ultrasonidos en detergente a base de agua llega a las partes internas, justamente donde se hacen m\u00e1s densos los discos, consiguiendo literalmente que explote la grasa que es secuestrada y esterificada. Tambi\u00e9n los abrasivos (al\u00famina, polvo de Tr\u00edpoli, corind\u00f3n, etc.), liberados por la grasa que los ten\u00eda pegados, se alejan de la superficie de la pieza y se depositan en el fondo de la cuba.<\/p>\n\t\t\t\t\t\t\t\t<\/div>\n\t\t\t\t<\/div>\n\t\t\t\t<div class=\"elementor-element elementor-element-267bf2e elementor-widget elementor-widget-heading\" data-id=\"267bf2e\" data-element_type=\"widget\" data-widget_type=\"heading.default\">\n\t\t\t\t<div class=\"elementor-widget-container\">\n\t\t\t\t\t<h3 class=\"elementor-heading-title elementor-size-default\">Desde hace a\u00f1os moroni construye solo equipos que trabajan con detergentes a base de agua.<\/h3>\t\t\t\t<\/div>\n\t\t\t\t<\/div>\n\t\t<div class=\"elementor-element elementor-element-1b33c1e6 e-con-full e-flex e-con e-child\" data-id=\"1b33c1e6\" data-element_type=\"container\">\n\t\t\t\t<div class=\"elementor-element elementor-element-715e839e elementor-widget-divider--view-line elementor-widget elementor-widget-divider\" data-id=\"715e839e\" data-element_type=\"widget\" data-widget_type=\"divider.default\">\n\t\t\t\t<div class=\"elementor-widget-container\">\n\t\t\t\t\t\t\t<div class=\"elementor-divider\">\n\t\t\t<span class=\"elementor-divider-separator\">\n\t\t\t\t\t\t<\/span>\n\t\t<\/div>\n\t\t\t\t\t\t<\/div>\n\t\t\t\t<\/div>\n\t\t\t\t<\/div>\n\t\t\t\t<div class=\"elementor-element elementor-element-6e7a55ca elementor-widget elementor-widget-button\" data-id=\"6e7a55ca\" data-element_type=\"widget\" data-widget_type=\"button.default\">\n\t\t\t\t<div class=\"elementor-widget-container\">\n\t\t\t\t\t\t\t\t\t<div class=\"elementor-button-wrapper\">\n\t\t\t\t\t<a class=\"elementor-button elementor-button-link elementor-size-lg\" href=\"#contattaci\">\n\t\t\t\t\t\t<span class=\"elementor-button-content-wrapper\">\n\t\t\t\t\t\t\t\t\t<span class=\"elementor-button-text\">Cont\u00e1ctenos<\/span>\n\t\t\t\t\t<\/span>\n\t\t\t\t\t<\/a>\n\t\t\t\t<\/div>\n\t\t\t\t\t\t\t\t<\/div>\n\t\t\t\t<\/div>\n\t\t\t\t<\/div>\n\t\t\t\t<\/div>\n\t\t\t\t<\/div>\n\t\t","protected":false},"excerpt":{"rendered":"<p>Desengrase por Ultrasonidos y Lavado de Grifer\u00eda DISCOS DE PULIDO El lavado de discos de pulido con ultrasonidos permite resolver uno de los principales problemas de los tratamientos galv\u00e1nicos. Se trata de la limpieza de las superficies de restos de grasas, aceites, polvos, abrasivos y otros componentes que impiden una perfecta adherencia de los metales [&hellip;]<\/p>\n","protected":false},"author":1,"featured_media":0,"parent":2884,"menu_order":0,"comment_status":"closed","ping_status":"closed","template":"","meta":{"footnotes":""},"class_list":["post-2912","page","type-page","status-publish","hentry"],"_links":{"self":[{"href":"https:\/\/ultrasuoni.pdr-server.it\/es\/wp-json\/wp\/v2\/pages\/2912","targetHints":{"allow":["GET"]}}],"collection":[{"href":"https:\/\/ultrasuoni.pdr-server.it\/es\/wp-json\/wp\/v2\/pages"}],"about":[{"href":"https:\/\/ultrasuoni.pdr-server.it\/es\/wp-json\/wp\/v2\/types\/page"}],"author":[{"embeddable":true,"href":"https:\/\/ultrasuoni.pdr-server.it\/es\/wp-json\/wp\/v2\/users\/1"}],"replies":[{"embeddable":true,"href":"https:\/\/ultrasuoni.pdr-server.it\/es\/wp-json\/wp\/v2\/comments?post=2912"}],"version-history":[{"count":3,"href":"https:\/\/ultrasuoni.pdr-server.it\/es\/wp-json\/wp\/v2\/pages\/2912\/revisions"}],"predecessor-version":[{"id":6565,"href":"https:\/\/ultrasuoni.pdr-server.it\/es\/wp-json\/wp\/v2\/pages\/2912\/revisions\/6565"}],"up":[{"embeddable":true,"href":"https:\/\/ultrasuoni.pdr-server.it\/es\/wp-json\/wp\/v2\/pages\/2884"}],"wp:attachment":[{"href":"https:\/\/ultrasuoni.pdr-server.it\/es\/wp-json\/wp\/v2\/media?parent=2912"}],"curies":[{"name":"wp","href":"https:\/\/api.w.org\/{rel}","templated":true}]}}