{"id":2890,"date":"2023-05-15T16:17:48","date_gmt":"2023-05-15T14:17:48","guid":{"rendered":"https:\/\/ultrasuoni.pdr-server.it\/aplicaciones-de-lavado-por-ultrasonidos\/lavado-de-minuteria-con-ultrasonidos\/"},"modified":"2024-05-13T17:14:47","modified_gmt":"2024-05-13T15:14:47","slug":"lavado-de-minuteria-con-ultrasonidos","status":"publish","type":"page","link":"https:\/\/ultrasuoni.pdr-server.it\/es\/aplicaciones-de-lavado-por-ultrasonidos\/lavado-de-minuteria-con-ultrasonidos\/","title":{"rendered":"Lavado de Minuter\u00eda Con Ultrasonidos"},"content":{"rendered":"\t\t<div data-elementor-type=\"wp-page\" data-elementor-id=\"2890\" class=\"elementor elementor-2890 elementor-685\" data-elementor-post-type=\"page\">\n\t\t\t\t<div class=\"elementor-element elementor-element-a713bd0 e-con-full e-flex e-con e-parent\" data-id=\"a713bd0\" data-element_type=\"container\">\n\t\t<div class=\"elementor-element elementor-element-a888a68 e-con-full animated-slow e-flex e-con e-child\" data-id=\"a888a68\" data-element_type=\"container\" data-settings=\"{&quot;animation&quot;:&quot;none&quot;}\">\n\t\t\t\t<div class=\"elementor-element elementor-element-6fed77e elementor-widget__width-initial elementor-widget-tablet__width-initial elementor-widget elementor-widget-heading\" data-id=\"6fed77e\" data-element_type=\"widget\" data-widget_type=\"heading.default\">\n\t\t\t\t<div class=\"elementor-widget-container\">\n\t\t\t\t\t<h1 class=\"elementor-heading-title elementor-size-default\">Lavado de Minuter\u00eda Con Ultrasonidos<\/h1>\t\t\t\t<\/div>\n\t\t\t\t<\/div>\n\t\t\t\t<div class=\"elementor-element elementor-element-0b01f29 elementor-widget-divider--view-line elementor-widget elementor-widget-divider\" data-id=\"0b01f29\" data-element_type=\"widget\" data-widget_type=\"divider.default\">\n\t\t\t\t<div class=\"elementor-widget-container\">\n\t\t\t\t\t\t\t<div class=\"elementor-divider\">\n\t\t\t<span class=\"elementor-divider-separator\">\n\t\t\t\t\t\t<\/span>\n\t\t<\/div>\n\t\t\t\t\t\t<\/div>\n\t\t\t\t<\/div>\n\t\t\t\t<div class=\"elementor-element elementor-element-a77cec8 elementor-widget elementor-widget-image\" data-id=\"a77cec8\" data-element_type=\"widget\" data-widget_type=\"image.default\">\n\t\t\t\t<div class=\"elementor-widget-container\">\n\t\t\t\t\t\t\t\t\t\t\t\t\t\t\t<img fetchpriority=\"high\" decoding=\"async\" width=\"591\" height=\"223\" src=\"https:\/\/ultrasuoni.pdr-server.it\/wp-content\/uploads\/minuteria_tranciati.jpg\" class=\"attachment-large size-large wp-image-1996\" alt=\"Lavaggio Minuteria con Ultrasuoni\" srcset=\"https:\/\/ultrasuoni.pdr-server.it\/wp-content\/uploads\/minuteria_tranciati.jpg 591w, https:\/\/ultrasuoni.pdr-server.it\/wp-content\/uploads\/minuteria_tranciati-300x113.jpg 300w, https:\/\/ultrasuoni.pdr-server.it\/wp-content\/uploads\/minuteria_tranciati-20x8.jpg 20w\" sizes=\"(max-width: 591px) 100vw, 591px\" \/>\t\t\t\t\t\t\t\t\t\t\t\t\t\t\t<\/div>\n\t\t\t\t<\/div>\n\t\t\t\t<div class=\"elementor-element elementor-element-ce5b435 elementor-widget elementor-widget-heading\" data-id=\"ce5b435\" data-element_type=\"widget\" data-widget_type=\"heading.default\">\n\t\t\t\t<div class=\"elementor-widget-container\">\n\t\t\t\t\t<h3 class=\"elementor-heading-title elementor-size-default\">Lavado de Agujas y C\u00e1nulas, Racores, V\u00e1lvulas<\/h3>\t\t\t\t<\/div>\n\t\t\t\t<\/div>\n\t\t\t\t<div class=\"elementor-element elementor-element-089ebfd elementor-widget__width-initial elementor-widget-tablet__width-inherit elementor-widget elementor-widget-text-editor\" data-id=\"089ebfd\" data-element_type=\"widget\" data-widget_type=\"text-editor.default\">\n\t\t\t\t<div class=\"elementor-widget-container\">\n\t\t\t\t\t\t\t\t\t<p>Uno de los principales servicios ofrecidos por <strong>Moroni<\/strong> es la realizaci\u00f3n de equipos para el <strong>lavado de elementos con ultrasonidos<\/strong>, ideal para la minuter\u00eda met\u00e1lica de precisi\u00f3n, pero tambi\u00e9n para componentes varios de mec\u00e1nica, como racores y v\u00e1lvulas.<\/p>\n\t\t\t\t\t\t\t\t<\/div>\n\t\t\t\t<\/div>\n\t\t\t\t<\/div>\n\t\t<div class=\"elementor-element elementor-element-0781d6a e-con-full animated-slow e-flex e-con e-child\" data-id=\"0781d6a\" data-element_type=\"container\" data-settings=\"{&quot;animation&quot;:&quot;none&quot;}\">\n\t\t\t\t<div class=\"elementor-element elementor-element-a7809bd elementor-widget__width-initial elementor-widget-tablet__width-inherit elementor-widget elementor-widget-text-editor\" data-id=\"a7809bd\" data-element_type=\"widget\" data-widget_type=\"text-editor.default\">\n\t\t\t\t<div class=\"elementor-widget-container\">\n\t\t\t\t\t\t\t\t\t<p>Normalmente, para el lavado de elementos con ultrasonidos se requieren tratamientos con varias etapas:<\/p>\n\t\t\t\t\t\t\t\t<\/div>\n\t\t\t\t<\/div>\n\t\t\t\t<div class=\"elementor-element elementor-element-5ef430b elementor-icon-list--layout-traditional elementor-list-item-link-full_width elementor-widget elementor-widget-icon-list\" data-id=\"5ef430b\" data-element_type=\"widget\" data-widget_type=\"icon-list.default\">\n\t\t\t\t<div class=\"elementor-widget-container\">\n\t\t\t\t\t\t\t<ul class=\"elementor-icon-list-items\">\n\t\t\t\t\t\t\t<li class=\"elementor-icon-list-item\">\n\t\t\t\t\t\t\t\t\t\t\t<span class=\"elementor-icon-list-icon\">\n\t\t\t\t\t\t\t<i aria-hidden=\"true\" class=\"fas fa-check\"><\/i>\t\t\t\t\t\t<\/span>\n\t\t\t\t\t\t\t\t\t\t<span class=\"elementor-icon-list-text\">Prelavados;<\/span>\n\t\t\t\t\t\t\t\t\t<\/li>\n\t\t\t\t\t\t\t\t<li class=\"elementor-icon-list-item\">\n\t\t\t\t\t\t\t\t\t\t\t<span class=\"elementor-icon-list-icon\">\n\t\t\t\t\t\t\t<i aria-hidden=\"true\" class=\"fas fa-check\"><\/i>\t\t\t\t\t\t<\/span>\n\t\t\t\t\t\t\t\t\t\t<span class=\"elementor-icon-list-text\">Varios <strong>lavados por ultrasonidos<\/strong>;<\/span>\n\t\t\t\t\t\t\t\t\t<\/li>\n\t\t\t\t\t\t\t\t<li class=\"elementor-icon-list-item\">\n\t\t\t\t\t\t\t\t\t\t\t<span class=\"elementor-icon-list-icon\">\n\t\t\t\t\t\t\t<i aria-hidden=\"true\" class=\"fas fa-check\"><\/i>\t\t\t\t\t\t<\/span>\n\t\t\t\t\t\t\t\t\t\t<span class=\"elementor-icon-list-text\">Enjuagues en agua corriente de red;<\/span>\n\t\t\t\t\t\t\t\t\t<\/li>\n\t\t\t\t\t\t\t\t<li class=\"elementor-icon-list-item\">\n\t\t\t\t\t\t\t\t\t\t\t<span class=\"elementor-icon-list-icon\">\n\t\t\t\t\t\t\t<i aria-hidden=\"true\" class=\"fas fa-check\"><\/i>\t\t\t\t\t\t<\/span>\n\t\t\t\t\t\t\t\t\t\t<span class=\"elementor-icon-list-text\">Enjuagues con agua desmineralizada;<\/span>\n\t\t\t\t\t\t\t\t\t<\/li>\n\t\t\t\t\t\t\t\t<li class=\"elementor-icon-list-item\">\n\t\t\t\t\t\t\t\t\t\t\t<span class=\"elementor-icon-list-icon\">\n\t\t\t\t\t\t\t<i aria-hidden=\"true\" class=\"fas fa-check\"><\/i>\t\t\t\t\t\t<\/span>\n\t\t\t\t\t\t\t\t\t\t<span class=\"elementor-icon-list-text\">Protecci\u00f3n y prevenci\u00f3n ante oxidaciones;<\/span>\n\t\t\t\t\t\t\t\t\t<\/li>\n\t\t\t\t\t\t\t\t<li class=\"elementor-icon-list-item\">\n\t\t\t\t\t\t\t\t\t\t\t<span class=\"elementor-icon-list-icon\">\n\t\t\t\t\t\t\t<i aria-hidden=\"true\" class=\"fas fa-check\"><\/i>\t\t\t\t\t\t<\/span>\n\t\t\t\t\t\t\t\t\t\t<span class=\"elementor-icon-list-text\">Secado.<\/span>\n\t\t\t\t\t\t\t\t\t<\/li>\n\t\t\t\t\t\t<\/ul>\n\t\t\t\t\t\t<\/div>\n\t\t\t\t<\/div>\n\t\t\t\t<div class=\"elementor-element elementor-element-f9c416d elementor-widget__width-initial elementor-widget-tablet__width-inherit elementor-widget elementor-widget-text-editor\" data-id=\"f9c416d\" data-element_type=\"widget\" data-widget_type=\"text-editor.default\">\n\t\t\t\t<div class=\"elementor-widget-container\">\n\t\t\t\t\t\t\t\t\t<p>Con este objetivo, se usan cada vez m\u00e1s a menudo <strong>transportadores autom\u00e1ticos de ROBOT<\/strong>.<\/p>\n\t\t\t\t\t\t\t\t<\/div>\n\t\t\t\t<\/div>\n\t\t\t\t<div class=\"elementor-element elementor-element-3a13d21 elementor-widget elementor-widget-video\" data-id=\"3a13d21\" data-element_type=\"widget\" data-settings=\"{&quot;video_type&quot;:&quot;vimeo&quot;}\" data-widget_type=\"video.default\">\n\t\t\t\t<div class=\"elementor-widget-container\">\n\t\t\t\t\t\t\t<div class=\"elementor-wrapper elementor-open-inline\">\n\t\t\t<iframe class=\"elementor-video-iframe\" allowfullscreen allow=\"clipboard-write\" title=\"Reproductor de v\u00eddeo vimeo\" src=\"https:\/\/player.vimeo.com\/video\/233273582?color&amp;autopause=0&amp;loop=0&amp;muted=0&amp;title=1&amp;portrait=1&amp;byline=1#t=\"><\/iframe>\t\t<\/div>\n\t\t\t\t\t\t<\/div>\n\t\t\t\t<\/div>\n\t\t\t\t<\/div>\n\t\t\t\t<\/div>\n\t\t<div class=\"elementor-element elementor-element-3715c64 e-con-full e-flex e-con e-parent\" data-id=\"3715c64\" data-element_type=\"container\" data-settings=\"{&quot;background_background&quot;:&quot;classic&quot;}\">\n\t\t<div class=\"elementor-element elementor-element-dd09ff1 e-con-full animated-slow e-flex e-con e-child\" data-id=\"dd09ff1\" data-element_type=\"container\" data-settings=\"{&quot;animation&quot;:&quot;none&quot;}\">\n\t\t\t\t<div class=\"elementor-element elementor-element-82b3f0d elementor-widget elementor-widget-heading\" data-id=\"82b3f0d\" data-element_type=\"widget\" data-widget_type=\"heading.default\">\n\t\t\t\t<div class=\"elementor-widget-container\">\n\t\t\t\t\t<h3 class=\"elementor-heading-title elementor-size-default\">Superioridad de los detergentes a base de agua respecto a los solventes org\u00e1nicos en el lavado de mec\u00e1nica varia<\/h3>\t\t\t\t<\/div>\n\t\t\t\t<\/div>\n\t\t\t\t<div class=\"elementor-element elementor-element-1ac3b88 elementor-widget-divider--view-line elementor-widget elementor-widget-divider\" data-id=\"1ac3b88\" data-element_type=\"widget\" data-widget_type=\"divider.default\">\n\t\t\t\t<div class=\"elementor-widget-container\">\n\t\t\t\t\t\t\t<div class=\"elementor-divider\">\n\t\t\t<span class=\"elementor-divider-separator\">\n\t\t\t\t\t\t<\/span>\n\t\t<\/div>\n\t\t\t\t\t\t<\/div>\n\t\t\t\t<\/div>\n\t\t\t\t<div class=\"elementor-element elementor-element-f16dfed elementor-widget__width-initial elementor-widget-tablet__width-inherit elementor-widget elementor-widget-text-editor\" data-id=\"f16dfed\" data-element_type=\"widget\" data-widget_type=\"text-editor.default\">\n\t\t\t\t<div class=\"elementor-widget-container\">\n\t\t\t\t\t\t\t\t\t<p>En el lavado de minuter\u00eda con ultrasonidos, la utilizaci\u00f3n de <strong>detergentes a base de agua<\/strong> es mucho m\u00e1s eficiente y econ\u00f3mica. Sin duda, es preferible al desengrase con solventes org\u00e1nicos.<\/p>\n<p>El solvente diluye la grasa, pero no la elimina. Mientras el solvente queda limpio, el resultado podr\u00eda ser aceptable pero, a medida que el solvente se ciega con la grasa, el rendimiento empeora. Para obtener un resultado aceptable, ser\u00eda necesaria una continua <strong>destilaci\u00f3n de ciclo cerrado<\/strong> con notables problemas de consumo energ\u00e9tico. A esto se a\u00f1aden las consecuencias en t\u00e9rminos de contaminaci\u00f3n ambiental y de eliminaci\u00f3n del solvente usado.<\/p>\n<p>Finalmente, al final del <strong>lavado con solvente<\/strong>, en la superficie de la pieza tratada se presenta el t\u00edpico polvo, esto es, los restos inorg\u00e1nicos (abrasivos, restos o virutas). Dado que son inorg\u00e1nicos, estos no se disuelven en el solvente org\u00e1nico y permanece en la superficie de la pieza, haciendo necesaria una posterior eliminaci\u00f3n manual (limpieza).<\/p>\n<p>Un ejemplo de lavado de mec\u00e1nica de precisi\u00f3n muy dif\u00edcil es el <strong>lavado de puntas de bola para bol\u00edgrafos<\/strong>, con un di\u00e1metro de 0,9 mm, sucias con el aceite de torneado, para las cuales se aconseja usar detergentes de base de agua.<\/p>\n\t\t\t\t\t\t\t\t<\/div>\n\t\t\t\t<\/div>\n\t\t\t\t<\/div>\n\t\t<div class=\"elementor-element elementor-element-2a12c22 e-con-full animated-slow e-flex e-con e-child\" data-id=\"2a12c22\" data-element_type=\"container\" data-settings=\"{&quot;animation&quot;:&quot;none&quot;}\">\n\t\t\t\t<div class=\"elementor-element elementor-element-e20a390 elementor-widget elementor-widget-video\" data-id=\"e20a390\" data-element_type=\"widget\" data-settings=\"{&quot;youtube_url&quot;:&quot;https:\\\/\\\/youtu.be\\\/D8iXArPaEpA&quot;,&quot;video_type&quot;:&quot;youtube&quot;,&quot;controls&quot;:&quot;yes&quot;}\" data-widget_type=\"video.default\">\n\t\t\t\t<div class=\"elementor-widget-container\">\n\t\t\t\t\t\t\t<div class=\"elementor-wrapper elementor-open-inline\">\n\t\t\t<div class=\"elementor-video\"><\/div>\t\t<\/div>\n\t\t\t\t\t\t<\/div>\n\t\t\t\t<\/div>\n\t\t<div class=\"elementor-element elementor-element-6c86ded e-con-full e-flex e-con e-child\" data-id=\"6c86ded\" data-element_type=\"container\">\n\t\t\t\t<div class=\"elementor-element elementor-element-2f32279 elementor-widget__width-initial elementor-widget-tablet__width-inherit elementor-widget elementor-widget-text-editor\" data-id=\"2f32279\" data-element_type=\"widget\" data-widget_type=\"text-editor.default\">\n\t\t\t\t<div class=\"elementor-widget-container\">\n\t\t\t\t\t\t\t\t\t<p><strong>Puntas de bola para bol\u00edgrafos, di\u00e1metro 0,9 mm, sucias de aceite de torneado<\/strong><\/p>\n\t\t\t\t\t\t\t\t<\/div>\n\t\t\t\t<\/div>\n\t\t\t\t<div class=\"elementor-element elementor-element-fe88f77 elementor-widget elementor-widget-gallery\" data-id=\"fe88f77\" data-element_type=\"widget\" data-settings=\"{&quot;columns&quot;:2,&quot;lazyload&quot;:&quot;yes&quot;,&quot;gallery_layout&quot;:&quot;grid&quot;,&quot;columns_tablet&quot;:2,&quot;columns_mobile&quot;:1,&quot;gap&quot;:{&quot;unit&quot;:&quot;px&quot;,&quot;size&quot;:10,&quot;sizes&quot;:[]},&quot;gap_tablet&quot;:{&quot;unit&quot;:&quot;px&quot;,&quot;size&quot;:10,&quot;sizes&quot;:[]},&quot;gap_mobile&quot;:{&quot;unit&quot;:&quot;px&quot;,&quot;size&quot;:10,&quot;sizes&quot;:[]},&quot;link_to&quot;:&quot;file&quot;,&quot;aspect_ratio&quot;:&quot;3:2&quot;,&quot;overlay_background&quot;:&quot;yes&quot;,&quot;content_hover_animation&quot;:&quot;fade-in&quot;}\" data-widget_type=\"gallery.default\">\n\t\t\t\t<div class=\"elementor-widget-container\">\n\t\t\t\t\t\t\t<div class=\"elementor-gallery__container\">\n\t\t\t\t\t\t\t<a class=\"e-gallery-item elementor-gallery-item elementor-animated-content\" href=\"https:\/\/ultrasuoni.pdr-server.it\/wp-content\/uploads\/oleodinamica-1-150x150-1.jpg\" data-elementor-open-lightbox=\"yes\" data-elementor-lightbox-slideshow=\"fe88f77\" data-elementor-lightbox-title=\"oleodinamica-1-150x150\" data-e-action-hash=\"#elementor-action%3Aaction%3Dlightbox%26settings%3DeyJpZCI6MTk5OSwidXJsIjoiaHR0cHM6XC9cL3VsdHJhc3VvbmkucGRyLXNlcnZlci5pdFwvd3AtY29udGVudFwvdXBsb2Fkc1wvb2xlb2RpbmFtaWNhLTEtMTUweDE1MC0xLmpwZyIsInNsaWRlc2hvdyI6ImZlODhmNzcifQ%3D%3D\">\n\t\t\t\t\t<div class=\"e-gallery-image elementor-gallery-item__image\" data-thumbnail=\"https:\/\/ultrasuoni.pdr-server.it\/wp-content\/uploads\/oleodinamica-1-150x150-1.jpg\" data-width=\"150\" data-height=\"150\" aria-label=\"\" role=\"img\" ><\/div>\n\t\t\t\t\t\t\t\t\t\t\t<div class=\"elementor-gallery-item__overlay\"><\/div>\n\t\t\t\t\t\t\t\t\t\t\t\t\t\t<\/a>\n\t\t\t\t\t\t\t<a class=\"e-gallery-item elementor-gallery-item elementor-animated-content\" href=\"https:\/\/ultrasuoni.pdr-server.it\/wp-content\/uploads\/burattatura-acciaio-aps-14-2-300x167-150x150-1.jpg\" data-elementor-open-lightbox=\"yes\" data-elementor-lightbox-slideshow=\"fe88f77\" data-elementor-lightbox-title=\"burattatura-acciaio-aps-14-2-300x167-150x150\" data-e-action-hash=\"#elementor-action%3Aaction%3Dlightbox%26settings%3DeyJpZCI6MjAwMiwidXJsIjoiaHR0cHM6XC9cL3VsdHJhc3VvbmkucGRyLXNlcnZlci5pdFwvd3AtY29udGVudFwvdXBsb2Fkc1wvYnVyYXR0YXR1cmEtYWNjaWFpby1hcHMtMTQtMi0zMDB4MTY3LTE1MHgxNTAtMS5qcGciLCJzbGlkZXNob3ciOiJmZTg4Zjc3In0%3D\">\n\t\t\t\t\t<div class=\"e-gallery-image elementor-gallery-item__image\" data-thumbnail=\"https:\/\/ultrasuoni.pdr-server.it\/wp-content\/uploads\/burattatura-acciaio-aps-14-2-300x167-150x150-1.jpg\" data-width=\"150\" data-height=\"150\" aria-label=\"\" role=\"img\" ><\/div>\n\t\t\t\t\t\t\t\t\t\t\t<div class=\"elementor-gallery-item__overlay\"><\/div>\n\t\t\t\t\t\t\t\t\t\t\t\t\t\t<\/a>\n\t\t\t\t\t<\/div>\n\t\t\t\t\t<\/div>\n\t\t\t\t<\/div>\n\t\t\t\t<div class=\"elementor-element elementor-element-9cd8cc1 elementor-widget-divider--view-line elementor-widget elementor-widget-divider\" data-id=\"9cd8cc1\" data-element_type=\"widget\" data-widget_type=\"divider.default\">\n\t\t\t\t<div class=\"elementor-widget-container\">\n\t\t\t\t\t\t\t<div class=\"elementor-divider\">\n\t\t\t<span class=\"elementor-divider-separator\">\n\t\t\t\t\t\t<\/span>\n\t\t<\/div>\n\t\t\t\t\t\t<\/div>\n\t\t\t\t<\/div>\n\t\t\t\t<\/div>\n\t\t\t\t<div class=\"elementor-element elementor-element-32734aa elementor-widget elementor-widget-button\" data-id=\"32734aa\" data-element_type=\"widget\" data-widget_type=\"button.default\">\n\t\t\t\t<div class=\"elementor-widget-container\">\n\t\t\t\t\t\t\t\t\t<div class=\"elementor-button-wrapper\">\n\t\t\t\t\t<a class=\"elementor-button elementor-button-link elementor-size-lg\" href=\"#contattaci\">\n\t\t\t\t\t\t<span class=\"elementor-button-content-wrapper\">\n\t\t\t\t\t\t\t\t\t<span class=\"elementor-button-text\">Cont\u00e1ctenos<\/span>\n\t\t\t\t\t<\/span>\n\t\t\t\t\t<\/a>\n\t\t\t\t<\/div>\n\t\t\t\t\t\t\t\t<\/div>\n\t\t\t\t<\/div>\n\t\t\t\t<\/div>\n\t\t\t\t<\/div>\n\t\t\t\t<\/div>\n\t\t","protected":false},"excerpt":{"rendered":"<p>Lavado de Minuter\u00eda Con Ultrasonidos Lavado de Agujas y C\u00e1nulas, Racores, V\u00e1lvulas Uno de los principales servicios ofrecidos por Moroni es la realizaci\u00f3n de equipos para el lavado de elementos con ultrasonidos, ideal para la minuter\u00eda met\u00e1lica de precisi\u00f3n, pero tambi\u00e9n para componentes varios de mec\u00e1nica, como racores y v\u00e1lvulas. Normalmente, para el lavado de [&hellip;]<\/p>\n","protected":false},"author":1,"featured_media":0,"parent":2884,"menu_order":0,"comment_status":"closed","ping_status":"closed","template":"","meta":{"footnotes":""},"class_list":["post-2890","page","type-page","status-publish","hentry"],"_links":{"self":[{"href":"https:\/\/ultrasuoni.pdr-server.it\/es\/wp-json\/wp\/v2\/pages\/2890","targetHints":{"allow":["GET"]}}],"collection":[{"href":"https:\/\/ultrasuoni.pdr-server.it\/es\/wp-json\/wp\/v2\/pages"}],"about":[{"href":"https:\/\/ultrasuoni.pdr-server.it\/es\/wp-json\/wp\/v2\/types\/page"}],"author":[{"embeddable":true,"href":"https:\/\/ultrasuoni.pdr-server.it\/es\/wp-json\/wp\/v2\/users\/1"}],"replies":[{"embeddable":true,"href":"https:\/\/ultrasuoni.pdr-server.it\/es\/wp-json\/wp\/v2\/comments?post=2890"}],"version-history":[{"count":0,"href":"https:\/\/ultrasuoni.pdr-server.it\/es\/wp-json\/wp\/v2\/pages\/2890\/revisions"}],"up":[{"embeddable":true,"href":"https:\/\/ultrasuoni.pdr-server.it\/es\/wp-json\/wp\/v2\/pages\/2884"}],"wp:attachment":[{"href":"https:\/\/ultrasuoni.pdr-server.it\/es\/wp-json\/wp\/v2\/media?parent=2890"}],"curies":[{"name":"wp","href":"https:\/\/api.w.org\/{rel}","templated":true}]}}