{"id":2882,"date":"2023-05-12T11:59:52","date_gmt":"2023-05-12T09:59:52","guid":{"rendered":"https:\/\/ultrasuoni.pdr-server.it\/principio-del-lavado-con-ultrasonidos\/"},"modified":"2024-05-13T17:11:33","modified_gmt":"2024-05-13T15:11:33","slug":"principio-del-lavado-con-ultrasonidos","status":"publish","type":"page","link":"https:\/\/ultrasuoni.pdr-server.it\/es\/principio-del-lavado-con-ultrasonidos\/","title":{"rendered":"Principio del Lavado con Ultrasonidos"},"content":{"rendered":"\t\t<div data-elementor-type=\"wp-page\" data-elementor-id=\"2882\" class=\"elementor elementor-2882 elementor-424\" data-elementor-post-type=\"page\">\n\t\t\t\t<div class=\"elementor-element elementor-element-be5b598 e-flex e-con-boxed e-con e-parent\" data-id=\"be5b598\" data-element_type=\"container\" data-e-type=\"container\" data-settings=\"{&quot;background_background&quot;:&quot;classic&quot;}\">\n\t\t\t\t\t<div class=\"e-con-inner\">\n\t\t\t\t<div class=\"elementor-element elementor-element-b3ea739 elementor-widget__width-initial elementor-widget-tablet__width-initial elementor-widget elementor-widget-heading\" data-id=\"b3ea739\" data-element_type=\"widget\" data-e-type=\"widget\" data-widget_type=\"heading.default\">\n\t\t\t\t<div class=\"elementor-widget-container\">\n\t\t\t\t\t<h1 class=\"elementor-heading-title elementor-size-default\">Principio del lavado<br> con ultrasonidos<\/h1>\t\t\t\t<\/div>\n\t\t\t\t<\/div>\n\t\t\t\t\t<\/div>\n\t\t\t\t<\/div>\n\t\t<div class=\"elementor-element elementor-element-438e88b e-con-full e-flex e-con e-parent\" data-id=\"438e88b\" data-element_type=\"container\" data-e-type=\"container\">\n\t\t<div class=\"elementor-element elementor-element-fefe267 e-con-full animated-slow e-flex e-con e-child\" data-id=\"fefe267\" data-element_type=\"container\" data-e-type=\"container\" data-settings=\"{&quot;animation&quot;:&quot;none&quot;}\">\n\t\t\t\t<div class=\"elementor-element elementor-element-3df5650 elementor-widget elementor-widget-heading\" data-id=\"3df5650\" data-element_type=\"widget\" data-e-type=\"widget\" data-widget_type=\"heading.default\">\n\t\t\t\t<div class=\"elementor-widget-container\">\n\t\t\t\t\t<h2 class=\"elementor-heading-title elementor-size-default\">Pulido y desengrasado por ultrasonidos<\/h2>\t\t\t\t<\/div>\n\t\t\t\t<\/div>\n\t\t\t\t<div class=\"elementor-element elementor-element-7642f56 elementor-widget-divider--view-line elementor-widget elementor-widget-divider\" data-id=\"7642f56\" data-element_type=\"widget\" data-e-type=\"widget\" data-widget_type=\"divider.default\">\n\t\t\t\t<div class=\"elementor-widget-container\">\n\t\t\t\t\t\t\t<div class=\"elementor-divider\">\n\t\t\t<span class=\"elementor-divider-separator\">\n\t\t\t\t\t\t<\/span>\n\t\t<\/div>\n\t\t\t\t\t\t<\/div>\n\t\t\t\t<\/div>\n\t\t\t\t<div class=\"elementor-element elementor-element-c14fa71 elementor-widget elementor-widget-heading\" data-id=\"c14fa71\" data-element_type=\"widget\" data-e-type=\"widget\" data-widget_type=\"heading.default\">\n\t\t\t\t<div class=\"elementor-widget-container\">\n\t\t\t\t\t<h3 class=\"elementor-heading-title elementor-size-default\">La cavitaci\u00f3n<\/h3>\t\t\t\t<\/div>\n\t\t\t\t<\/div>\n\t\t\t\t<div class=\"elementor-element elementor-element-180e42a elementor-widget__width-initial elementor-widget-tablet__width-inherit elementor-widget elementor-widget-text-editor\" data-id=\"180e42a\" data-element_type=\"widget\" data-e-type=\"widget\" data-widget_type=\"text-editor.default\">\n\t\t\t\t<div class=\"elementor-widget-container\">\n\t\t\t\t\t\t\t\t\t<p>Muy brevemente, el principio de lavado con ultrasonidos para el pulido consiste en la creaci\u00f3n de ondas (<strong>vibraciones<\/strong>) de alta frecuencia en una cuba que contiene agua con detergentes.<\/p>\n<p>Para obtener esto en las paredes o en el fondo de una cuba de acero inoxidable se aplican, en estrecho contacto con el acero, <strong>transductores PZT (piezoel\u00e9ctricos-electrostrictivos<\/strong>), los cuales se hacen vibrar a una frecuencia de 33.000 Hz. o m\u00e1s <strong>por un GENERADOR<\/strong>.<\/p>\n<p>Las vibraciones generan en el l\u00edquido ondas que se propagan en todo el volumen de la cuba y llegan a la superficie de las piezas que limpiar.<\/p>\n<p>Estas ondas tienen una evoluci\u00f3n sinusoidal, esto es, alternan una fase (semionda) de compresi\u00f3n y una de descompresi\u00f3n.<\/p>\n<p>Durante la semionda de descompresi\u00f3n se forman microburbujas de vac\u00edo (<strong>CAVITACIONES<\/strong>), las cuales en la siguiente semionda de compresi\u00f3n implosionan instant\u00e1neamente alcanzando presiones medidas de hasta 1000 bares.<\/p>\n<p>Este fen\u00f3meno, bien conocido en hidr\u00e1ulica, crea una acci\u00f3n mec\u00e1nica de triturado de cualquier tipo de suciedad a nivel molecular.<\/p>\n<p>Lo que es interesante para el lavado es que las cavitaciones afectan tambi\u00e9n a las partes internas de las piezas que tratar, las m\u00e1s ocultas, que no se pueden alcanzar con otros sistemas. El resultado que deriva de ello es absoluto e incomparable respecto a otros sistemas de pulido, como la pulverizaci\u00f3n, la sacudida, la centrifugaci\u00f3n u otros.<\/p>\n\t\t\t\t\t\t\t\t<\/div>\n\t\t\t\t<\/div>\n\t\t\t\t<\/div>\n\t\t<div class=\"elementor-element elementor-element-f58fd64 e-con-full e-flex e-con e-child\" data-id=\"f58fd64\" data-element_type=\"container\" data-e-type=\"container\">\n\t\t\t\t<div class=\"elementor-element elementor-element-4b6974e animated-slow elementor-widget elementor-widget-image\" data-id=\"4b6974e\" data-element_type=\"widget\" data-e-type=\"widget\" data-settings=\"{&quot;_animation&quot;:&quot;none&quot;}\" data-widget_type=\"image.default\">\n\t\t\t\t<div class=\"elementor-widget-container\">\n\t\t\t\t\t\t\t\t\t\t\t\t\t\t\t<img fetchpriority=\"high\" decoding=\"async\" width=\"295\" height=\"444\" src=\"https:\/\/ultrasuoni.pdr-server.it\/wp-content\/uploads\/bubbles.jpg\" class=\"attachment-large size-large wp-image-1963\" alt=\"principio lavaggio con ultrasuoni\" srcset=\"https:\/\/ultrasuoni.pdr-server.it\/wp-content\/uploads\/bubbles.jpg 295w, https:\/\/ultrasuoni.pdr-server.it\/wp-content\/uploads\/bubbles-199x300.jpg 199w, https:\/\/ultrasuoni.pdr-server.it\/wp-content\/uploads\/bubbles-13x20.jpg 13w\" sizes=\"(max-width: 295px) 100vw, 295px\" \/>\t\t\t\t\t\t\t\t\t\t\t\t\t\t\t<\/div>\n\t\t\t\t<\/div>\n\t\t<div class=\"elementor-element elementor-element-d8c1d6f e-con-full e-flex e-con e-child\" data-id=\"d8c1d6f\" data-element_type=\"container\" data-e-type=\"container\">\n\t\t<div class=\"elementor-element elementor-element-8f312e4 e-flex e-con-boxed e-con e-child\" data-id=\"8f312e4\" data-element_type=\"container\" data-e-type=\"container\">\n\t\t\t\t\t<div class=\"e-con-inner\">\n\t\t\t\t<div class=\"elementor-element elementor-element-698b35e elementor-widget elementor-widget-image\" data-id=\"698b35e\" data-element_type=\"widget\" data-e-type=\"widget\" data-widget_type=\"image.default\">\n\t\t\t\t<div class=\"elementor-widget-container\">\n\t\t\t\t\t\t\t\t\t\t\t\t\t\t\t<img decoding=\"async\" width=\"150\" height=\"150\" src=\"https:\/\/ultrasuoni.pdr-server.it\/wp-content\/uploads\/foto_becker_c-150x150-1.jpg\" class=\"attachment-large size-large wp-image-1954\" alt=\"Cavitazione Lavaggio Ultrasuoni\" srcset=\"https:\/\/ultrasuoni.pdr-server.it\/wp-content\/uploads\/foto_becker_c-150x150-1.jpg 150w, https:\/\/ultrasuoni.pdr-server.it\/wp-content\/uploads\/foto_becker_c-150x150-1-20x20.jpg 20w\" sizes=\"(max-width: 150px) 100vw, 150px\" \/>\t\t\t\t\t\t\t\t\t\t\t\t\t\t\t<\/div>\n\t\t\t\t<\/div>\n\t\t\t\t\t<\/div>\n\t\t\t\t<\/div>\n\t\t<div class=\"elementor-element elementor-element-36908f0 e-flex e-con-boxed e-con e-child\" data-id=\"36908f0\" data-element_type=\"container\" data-e-type=\"container\">\n\t\t\t\t\t<div class=\"e-con-inner\">\n\t\t\t\t<div class=\"elementor-element elementor-element-09cba35 elementor-widget elementor-widget-image\" data-id=\"09cba35\" data-element_type=\"widget\" data-e-type=\"widget\" data-widget_type=\"image.default\">\n\t\t\t\t<div class=\"elementor-widget-container\">\n\t\t\t\t\t\t\t\t\t\t\t\t\t\t\t<img decoding=\"async\" width=\"150\" height=\"105\" src=\"https:\/\/ultrasuoni.pdr-server.it\/wp-content\/uploads\/foto-rifrazione-150x105-1.jpg\" class=\"attachment-large size-large wp-image-1957\" alt=\"foto-rifrazione\" srcset=\"https:\/\/ultrasuoni.pdr-server.it\/wp-content\/uploads\/foto-rifrazione-150x105-1.jpg 150w, https:\/\/ultrasuoni.pdr-server.it\/wp-content\/uploads\/foto-rifrazione-150x105-1-20x14.jpg 20w\" sizes=\"(max-width: 150px) 100vw, 150px\" \/>\t\t\t\t\t\t\t\t\t\t\t\t\t\t\t<\/div>\n\t\t\t\t<\/div>\n\t\t\t\t\t<\/div>\n\t\t\t\t<\/div>\n\t\t\t\t<\/div>\n\t\t\t\t<\/div>\n\t\t\t\t<\/div>\n\t\t<div class=\"elementor-element elementor-element-a2b2d18 e-con-full e-flex e-con e-parent\" data-id=\"a2b2d18\" data-element_type=\"container\" data-e-type=\"container\" data-settings=\"{&quot;background_background&quot;:&quot;classic&quot;}\">\n\t\t<div class=\"elementor-element elementor-element-2060afd e-con-full animated-slow e-flex e-con e-child\" data-id=\"2060afd\" data-element_type=\"container\" data-e-type=\"container\" data-settings=\"{&quot;animation&quot;:&quot;none&quot;}\">\n\t\t\t\t<div class=\"elementor-element elementor-element-b0af58f elementor-widget elementor-widget-text-editor\" data-id=\"b0af58f\" data-element_type=\"widget\" data-e-type=\"widget\" data-widget_type=\"text-editor.default\">\n\t\t\t\t<div class=\"elementor-widget-container\">\n\t\t\t\t\t\t\t\t\t<p>La energ\u00eda para esta acci\u00f3n mec\u00e1nica es suministrada por un generador, por lo que una instalaci\u00f3n cl\u00e1sica estar\u00e1 formada por los siguientes elementos:<\/p>\n\t\t\t\t\t\t\t\t<\/div>\n\t\t\t\t<\/div>\n\t\t\t\t<div class=\"elementor-element elementor-element-a26a428 elementor-widget elementor-widget-heading\" data-id=\"a26a428\" data-element_type=\"widget\" data-e-type=\"widget\" data-widget_type=\"heading.default\">\n\t\t\t\t<div class=\"elementor-widget-container\">\n\t\t\t\t\t<h3 class=\"elementor-heading-title elementor-size-default\">GENERADOR + TRANSDUCTORES + CUBA<\/h3>\t\t\t\t<\/div>\n\t\t\t\t<\/div>\n\t\t\t\t<div class=\"elementor-element elementor-element-9c16b14 elementor-widget elementor-widget-image\" data-id=\"9c16b14\" data-element_type=\"widget\" data-e-type=\"widget\" data-widget_type=\"image.default\">\n\t\t\t\t<div class=\"elementor-widget-container\">\n\t\t\t\t\t\t\t\t\t\t\t\t\t\t\t<img loading=\"lazy\" decoding=\"async\" width=\"350\" height=\"192\" src=\"https:\/\/ultrasuoni.pdr-server.it\/wp-content\/uploads\/principio_x_sito_nuovo.gif\" class=\"attachment-large size-large wp-image-1960\" alt=\"principio lavaggio ultrasuoni\" \/>\t\t\t\t\t\t\t\t\t\t\t\t\t\t\t<\/div>\n\t\t\t\t<\/div>\n\t\t\t\t<\/div>\n\t\t<div class=\"elementor-element elementor-element-3b43aeb e-con-full animated-slow e-flex e-con e-child\" data-id=\"3b43aeb\" data-element_type=\"container\" data-e-type=\"container\" data-settings=\"{&quot;animation&quot;:&quot;none&quot;}\">\n\t\t\t\t<div class=\"elementor-element elementor-element-63b6263 elementor-widget elementor-widget-heading\" data-id=\"63b6263\" data-element_type=\"widget\" data-e-type=\"widget\" data-widget_type=\"heading.default\">\n\t\t\t\t<div class=\"elementor-widget-container\">\n\t\t\t\t\t<h2 class=\"elementor-heading-title elementor-size-default\">Por qu\u00e9 el lavado con ultrasonidos<\/h2>\t\t\t\t<\/div>\n\t\t\t\t<\/div>\n\t\t\t\t<div class=\"elementor-element elementor-element-010f026 elementor-widget-divider--view-line elementor-widget elementor-widget-divider\" data-id=\"010f026\" data-element_type=\"widget\" data-e-type=\"widget\" data-widget_type=\"divider.default\">\n\t\t\t\t<div class=\"elementor-widget-container\">\n\t\t\t\t\t\t\t<div class=\"elementor-divider\">\n\t\t\t<span class=\"elementor-divider-separator\">\n\t\t\t\t\t\t<\/span>\n\t\t<\/div>\n\t\t\t\t\t\t<\/div>\n\t\t\t\t<\/div>\n\t\t\t\t<div class=\"elementor-element elementor-element-3171488 elementor-widget__width-initial elementor-widget-tablet__width-inherit elementor-widget elementor-widget-text-editor\" data-id=\"3171488\" data-element_type=\"widget\" data-e-type=\"widget\" data-widget_type=\"text-editor.default\">\n\t\t\t\t<div class=\"elementor-widget-container\">\n\t\t\t\t\t\t\t\t\t<p>Repetimos que las ondas generadas tienen una evoluci\u00f3n sinusoidal, por lo que alternan semiondas positivas y negativas: en la fase positiva (compresi\u00f3n) la suciedad se exfolia, desmenuza y pulveriza y en la fase negativa (descompresi\u00f3n) es reabsorbida y se aleja de la superficie de la pieza.<br \/>El l\u00edquido de lavado (agua con detergente y por lo tanto con baja tensi\u00f3n superficial) llega incluso a las partes internas de la pieza que tratar y junto al l\u00edquido llegan los trenes de onda antes indicados.<\/p>\n<p><strong>Las partes m\u00e1s internas, ocultas e inaccesibles, se ven afectadas por los ultrasonidos.<\/strong><\/p>\n\t\t\t\t\t\t\t\t<\/div>\n\t\t\t\t<\/div>\n\t\t\t\t<div class=\"elementor-element elementor-element-63807d4 elementor-widget-divider--view-line elementor-widget elementor-widget-divider\" data-id=\"63807d4\" data-element_type=\"widget\" data-e-type=\"widget\" data-widget_type=\"divider.default\">\n\t\t\t\t<div class=\"elementor-widget-container\">\n\t\t\t\t\t\t\t<div class=\"elementor-divider\">\n\t\t\t<span class=\"elementor-divider-separator\">\n\t\t\t\t\t\t<\/span>\n\t\t<\/div>\n\t\t\t\t\t\t<\/div>\n\t\t\t\t<\/div>\n\t\t\t\t<div class=\"elementor-element elementor-element-a10b236 elementor-widget__width-initial elementor-widget-tablet__width-inherit elementor-widget elementor-widget-text-editor\" data-id=\"a10b236\" data-element_type=\"widget\" data-e-type=\"widget\" data-widget_type=\"text-editor.default\">\n\t\t\t\t<div class=\"elementor-widget-container\">\n\t\t\t\t\t\t\t\t\t<strong>Para quien quiera profundizar en este tema, en la p\u00e1gina de la <a href=\"https:\/\/ultrasuoni.pdr-server.it\/es\/tecnica-de-lavado-por-ultrasonidos\/\">T\u00c9CNICA<\/a> se encuentran todos los argumentos espec\u00edficos para la explicaci\u00f3n del fen\u00f3meno.<\/strong>\t\t\t\t\t\t\t\t<\/div>\n\t\t\t\t<\/div>\n\t\t\t\t<div class=\"elementor-element elementor-element-c9f99c1 elementor-widget elementor-widget-button\" data-id=\"c9f99c1\" data-element_type=\"widget\" data-e-type=\"widget\" data-widget_type=\"button.default\">\n\t\t\t\t<div class=\"elementor-widget-container\">\n\t\t\t\t\t\t\t\t\t<div class=\"elementor-button-wrapper\">\n\t\t\t\t\t<a class=\"elementor-button elementor-button-link elementor-size-lg\" href=\"#contattaci\">\n\t\t\t\t\t\t<span class=\"elementor-button-content-wrapper\">\n\t\t\t\t\t\t\t\t\t<span class=\"elementor-button-text\">Cont\u00e1ctenos<\/span>\n\t\t\t\t\t<\/span>\n\t\t\t\t\t<\/a>\n\t\t\t\t<\/div>\n\t\t\t\t\t\t\t\t<\/div>\n\t\t\t\t<\/div>\n\t\t\t\t<\/div>\n\t\t\t\t<\/div>\n\t\t\t\t<\/div>\n\t\t","protected":false},"excerpt":{"rendered":"<p>Principio del lavado con ultrasonidos Pulido y desengrasado por ultrasonidos La cavitaci\u00f3n Muy brevemente, el principio de lavado con ultrasonidos para el pulido consiste en la creaci\u00f3n de ondas (vibraciones) de alta frecuencia en una cuba que contiene agua con detergentes. Para obtener esto en las paredes o en el fondo de una cuba de [&hellip;]<\/p>\n","protected":false},"author":1,"featured_media":0,"parent":0,"menu_order":0,"comment_status":"closed","ping_status":"closed","template":"","meta":{"footnotes":""},"class_list":["post-2882","page","type-page","status-publish","hentry"],"_links":{"self":[{"href":"https:\/\/ultrasuoni.pdr-server.it\/es\/wp-json\/wp\/v2\/pages\/2882","targetHints":{"allow":["GET"]}}],"collection":[{"href":"https:\/\/ultrasuoni.pdr-server.it\/es\/wp-json\/wp\/v2\/pages"}],"about":[{"href":"https:\/\/ultrasuoni.pdr-server.it\/es\/wp-json\/wp\/v2\/types\/page"}],"author":[{"embeddable":true,"href":"https:\/\/ultrasuoni.pdr-server.it\/es\/wp-json\/wp\/v2\/users\/1"}],"replies":[{"embeddable":true,"href":"https:\/\/ultrasuoni.pdr-server.it\/es\/wp-json\/wp\/v2\/comments?post=2882"}],"version-history":[{"count":0,"href":"https:\/\/ultrasuoni.pdr-server.it\/es\/wp-json\/wp\/v2\/pages\/2882\/revisions"}],"wp:attachment":[{"href":"https:\/\/ultrasuoni.pdr-server.it\/es\/wp-json\/wp\/v2\/media?parent=2882"}],"curies":[{"name":"wp","href":"https:\/\/api.w.org\/{rel}","templated":true}]}}