{"id":2880,"date":"2023-05-12T11:46:13","date_gmt":"2023-05-12T09:46:13","guid":{"rendered":"https:\/\/ultrasuoni.pdr-server.it\/agencia\/"},"modified":"2025-09-16T11:40:06","modified_gmt":"2025-09-16T09:40:06","slug":"agencia","status":"publish","type":"page","link":"https:\/\/ultrasuoni.pdr-server.it\/es\/agencia\/","title":{"rendered":"Empresa"},"content":{"rendered":"\t\t<div data-elementor-type=\"wp-page\" data-elementor-id=\"2880\" class=\"elementor elementor-2880 elementor-420\" data-elementor-post-type=\"page\">\n\t\t\t\t<div class=\"elementor-element elementor-element-549c1ba e-flex e-con-boxed e-con e-parent\" data-id=\"549c1ba\" data-element_type=\"container\" data-settings=\"{&quot;background_background&quot;:&quot;video&quot;,&quot;background_video_link&quot;:&quot;https:\\\/\\\/vimeo.com\\\/233273582&quot;,&quot;background_play_on_mobile&quot;:&quot;yes&quot;}\">\n\t\t\t\t\t<div class=\"e-con-inner\">\n\t\t<div class=\"elementor-background-video-container\">\n\t\t\t\t\t\t\t<div class=\"elementor-background-video-embed\"><\/div>\n\t\t\t\t\t\t<\/div>\t\t<div class=\"elementor-element elementor-element-5fa8d5f elementor-widget__width-initial elementor-widget-tablet__width-initial elementor-widget elementor-widget-heading\" data-id=\"5fa8d5f\" data-element_type=\"widget\" data-widget_type=\"heading.default\">\n\t\t\t\t<div class=\"elementor-widget-container\">\n\t\t\t\t\t<h1 class=\"elementor-heading-title elementor-size-default\">Empresa Ultrasuoni Moroni<br> <span style=\"font-size: 29px\">desde 1963<\/span><\/h1>\t\t\t\t<\/div>\n\t\t\t\t<\/div>\n\t\t\t\t\t<\/div>\n\t\t\t\t<\/div>\n\t\t<div class=\"elementor-element elementor-element-c5c2b0f e-con-full e-flex e-con e-parent\" data-id=\"c5c2b0f\" data-element_type=\"container\">\n\t\t<div class=\"elementor-element elementor-element-c6912c8 e-con-full animated-slow e-flex e-con e-child\" data-id=\"c6912c8\" data-element_type=\"container\" data-settings=\"{&quot;animation&quot;:&quot;none&quot;}\">\n\t\t\t\t<div class=\"elementor-element elementor-element-d23fe17 elementor-widget elementor-widget-heading\" data-id=\"d23fe17\" data-element_type=\"widget\" data-widget_type=\"heading.default\">\n\t\t\t\t<div class=\"elementor-widget-container\">\n\t\t\t\t\t<h2 class=\"elementor-heading-title elementor-size-default\">Ultrasuoni Moroni construye equipos de lavado por ultrasonidos desde el 1963.<\/h2>\t\t\t\t<\/div>\n\t\t\t\t<\/div>\n\t\t\t\t<div class=\"elementor-element elementor-element-9a8f5e8 elementor-widget-divider--view-line elementor-widget elementor-widget-divider\" data-id=\"9a8f5e8\" data-element_type=\"widget\" data-widget_type=\"divider.default\">\n\t\t\t\t<div class=\"elementor-widget-container\">\n\t\t\t\t\t\t\t<div class=\"elementor-divider\">\n\t\t\t<span class=\"elementor-divider-separator\">\n\t\t\t\t\t\t<\/span>\n\t\t<\/div>\n\t\t\t\t\t\t<\/div>\n\t\t\t\t<\/div>\n\t\t\t\t<div class=\"elementor-element elementor-element-d0aacba elementor-widget__width-initial elementor-widget-tablet__width-inherit elementor-widget elementor-widget-text-editor\" data-id=\"d0aacba\" data-element_type=\"widget\" data-widget_type=\"text-editor.default\">\n\t\t\t\t<div class=\"elementor-widget-container\">\n\t\t\t\t\t\t\t\t\t<p>Ha adoptado todas las tecnolog\u00edas del sector: de los generadores giratorios a los que tienen SCR o los actuales generadores con IGBT, de los transductores magnetostrictivos a los \u00faltimos piezoel\u00e9ctricos con elementos PZT, que utilizan materiales cer\u00e1micos sinterizados en titanato y zirconato de plomo y de bario.<\/p>\n<p>Por ello se garantiza la m\u00e1xima competencia y experiencia, que se traduce en la r\u00e1pida elecci\u00f3n del equipo m\u00e1s adecuado para las necesidades espec\u00edficas de cada caso.<\/p>\n<p>En los casos m\u00e1s sencillos, una sola cuba por ultrasonidos puede ser suficiente para resolver un problema, en otros, se debe establecer un ciclo de tratamiento que puede prever diversas fases, por ejemplo:<\/p>\n\t\t\t\t\t\t\t\t<\/div>\n\t\t\t\t<\/div>\n\t\t\t\t<div class=\"elementor-element elementor-element-64a71ae elementor-icon-list--layout-traditional elementor-list-item-link-full_width elementor-widget elementor-widget-icon-list\" data-id=\"64a71ae\" data-element_type=\"widget\" data-widget_type=\"icon-list.default\">\n\t\t\t\t<div class=\"elementor-widget-container\">\n\t\t\t\t\t\t\t<ul class=\"elementor-icon-list-items\">\n\t\t\t\t\t\t\t<li class=\"elementor-icon-list-item\">\n\t\t\t\t\t\t\t\t\t\t\t<span class=\"elementor-icon-list-icon\">\n\t\t\t\t\t\t\t<i aria-hidden=\"true\" class=\"fas fa-check\"><\/i>\t\t\t\t\t\t<\/span>\n\t\t\t\t\t\t\t\t\t\t<span class=\"elementor-icon-list-text\">Prelavado en detergente caliente<\/span>\n\t\t\t\t\t\t\t\t\t<\/li>\n\t\t\t\t\t\t\t\t<li class=\"elementor-icon-list-item\">\n\t\t\t\t\t\t\t\t\t\t\t<span class=\"elementor-icon-list-icon\">\n\t\t\t\t\t\t\t<i aria-hidden=\"true\" class=\"fas fa-check\"><\/i>\t\t\t\t\t\t<\/span>\n\t\t\t\t\t\t\t\t\t\t<span class=\"elementor-icon-list-text\">Lavado con ultrasonidos en detergente caliente<\/span>\n\t\t\t\t\t\t\t\t\t<\/li>\n\t\t\t\t\t\t\t\t<li class=\"elementor-icon-list-item\">\n\t\t\t\t\t\t\t\t\t\t\t<span class=\"elementor-icon-list-icon\">\n\t\t\t\t\t\t\t<i aria-hidden=\"true\" class=\"fas fa-check\"><\/i>\t\t\t\t\t\t<\/span>\n\t\t\t\t\t\t\t\t\t\t<span class=\"elementor-icon-list-text\">Enjuague en agua corriente no recuperable<\/span>\n\t\t\t\t\t\t\t\t\t<\/li>\n\t\t\t\t\t\t\t\t<li class=\"elementor-icon-list-item\">\n\t\t\t\t\t\t\t\t\t\t\t<span class=\"elementor-icon-list-icon\">\n\t\t\t\t\t\t\t<i aria-hidden=\"true\" class=\"fas fa-check\"><\/i>\t\t\t\t\t\t<\/span>\n\t\t\t\t\t\t\t\t\t\t<span class=\"elementor-icon-list-text\">Enjuague en agua tratada (desmineralizada)<\/span>\n\t\t\t\t\t\t\t\t\t<\/li>\n\t\t\t\t\t\t\t\t<li class=\"elementor-icon-list-item\">\n\t\t\t\t\t\t\t\t\t\t\t<span class=\"elementor-icon-list-icon\">\n\t\t\t\t\t\t\t<i aria-hidden=\"true\" class=\"fas fa-check\"><\/i>\t\t\t\t\t\t<\/span>\n\t\t\t\t\t\t\t\t\t\t<span class=\"elementor-icon-list-text\">Protecci\u00f3n para la prevenci\u00f3n ante oxidaciones<\/span>\n\t\t\t\t\t\t\t\t\t<\/li>\n\t\t\t\t\t\t\t\t<li class=\"elementor-icon-list-item\">\n\t\t\t\t\t\t\t\t\t\t\t<span class=\"elementor-icon-list-icon\">\n\t\t\t\t\t\t\t<i aria-hidden=\"true\" class=\"fas fa-check\"><\/i>\t\t\t\t\t\t<\/span>\n\t\t\t\t\t\t\t\t\t\t<span class=\"elementor-icon-list-text\">Secado con varios sistemas<\/span>\n\t\t\t\t\t\t\t\t\t<\/li>\n\t\t\t\t\t\t<\/ul>\n\t\t\t\t\t\t<\/div>\n\t\t\t\t<\/div>\n\t\t\t\t<\/div>\n\t\t<div class=\"elementor-element elementor-element-46745fe e-con-full e-flex e-con e-child\" data-id=\"46745fe\" data-element_type=\"container\" data-settings=\"{&quot;animation&quot;:&quot;none&quot;}\">\n\t\t\t\t<div class=\"elementor-element elementor-element-f0f2a3a animated-slow elementor-widget elementor-widget-image\" data-id=\"f0f2a3a\" data-element_type=\"widget\" data-settings=\"{&quot;_animation&quot;:&quot;none&quot;}\" data-widget_type=\"image.default\">\n\t\t\t\t<div class=\"elementor-widget-container\">\n\t\t\t\t\t\t\t\t\t\t\t\t\t\t\t<img fetchpriority=\"high\" decoding=\"async\" width=\"800\" height=\"565\" src=\"https:\/\/ultrasuoni.pdr-server.it\/wp-content\/uploads\/MDV-150-6-AMF.jpg\" class=\"attachment-large size-large wp-image-1942\" alt=\"ciclo lavaggio ultrasuoni\" srcset=\"https:\/\/ultrasuoni.pdr-server.it\/wp-content\/uploads\/MDV-150-6-AMF.jpg 924w, https:\/\/ultrasuoni.pdr-server.it\/wp-content\/uploads\/MDV-150-6-AMF-300x212.jpg 300w, https:\/\/ultrasuoni.pdr-server.it\/wp-content\/uploads\/MDV-150-6-AMF-768x542.jpg 768w, https:\/\/ultrasuoni.pdr-server.it\/wp-content\/uploads\/MDV-150-6-AMF-20x14.jpg 20w\" sizes=\"(max-width: 800px) 100vw, 800px\" \/>\t\t\t\t\t\t\t\t\t\t\t\t\t\t\t<\/div>\n\t\t\t\t<\/div>\n\t\t\t\t<\/div>\n\t\t\t\t<\/div>\n\t\t<div class=\"elementor-element elementor-element-b1e4eab e-con-full e-flex e-con e-parent\" data-id=\"b1e4eab\" data-element_type=\"container\" data-settings=\"{&quot;background_background&quot;:&quot;classic&quot;}\">\n\t\t<div class=\"elementor-element elementor-element-c6ddc79 e-con-full e-flex e-con e-child\" data-id=\"c6ddc79\" data-element_type=\"container\">\n\t\t\t\t<div class=\"elementor-element elementor-element-d1e33bf animated-slow elementor-widget elementor-widget-image\" data-id=\"d1e33bf\" data-element_type=\"widget\" data-settings=\"{&quot;_animation&quot;:&quot;none&quot;}\" data-widget_type=\"image.default\">\n\t\t\t\t<div class=\"elementor-widget-container\">\n\t\t\t\t\t\t\t\t\t\t\t\t\t\t\t<img decoding=\"async\" width=\"800\" height=\"674\" src=\"https:\/\/ultrasuoni.pdr-server.it\/wp-content\/uploads\/mes_deo_cop_chiuso-1024x863.jpg\" class=\"attachment-large size-large wp-image-1945\" alt=\"impianti di lavaggio ad ultrasuoni\" srcset=\"https:\/\/ultrasuoni.pdr-server.it\/wp-content\/uploads\/mes_deo_cop_chiuso-1024x863.jpg 1024w, https:\/\/ultrasuoni.pdr-server.it\/wp-content\/uploads\/mes_deo_cop_chiuso-300x253.jpg 300w, https:\/\/ultrasuoni.pdr-server.it\/wp-content\/uploads\/mes_deo_cop_chiuso-768x647.jpg 768w, https:\/\/ultrasuoni.pdr-server.it\/wp-content\/uploads\/mes_deo_cop_chiuso-20x17.jpg 20w, https:\/\/ultrasuoni.pdr-server.it\/wp-content\/uploads\/mes_deo_cop_chiuso.jpg 1181w\" sizes=\"(max-width: 800px) 100vw, 800px\" \/>\t\t\t\t\t\t\t\t\t\t\t\t\t\t\t<\/div>\n\t\t\t\t<\/div>\n\t\t\t\t<\/div>\n\t\t<div class=\"elementor-element elementor-element-c10b22e e-con-full animated-slow e-flex e-con e-child\" data-id=\"c10b22e\" data-element_type=\"container\" data-settings=\"{&quot;animation&quot;:&quot;none&quot;}\">\n\t\t\t\t<div class=\"elementor-element elementor-element-e7cd9b9 elementor-widget__width-initial elementor-widget-tablet__width-inherit elementor-widget elementor-widget-text-editor\" data-id=\"e7cd9b9\" data-element_type=\"widget\" data-widget_type=\"text-editor.default\">\n\t\t\t\t<div class=\"elementor-widget-container\">\n\t\t\t\t\t\t\t\t\t<p>Una vez determinado el ciclo, despu\u00e9s de pruebas pr\u00e1cticas de simulaci\u00f3n en nuestro amplio laboratorio equipado con todo tipo de instalaciones, se podr\u00e1 decidir usar una determinada automatizaci\u00f3n con varios tipos de <a href=\"\/macchinari-lavaggio-ultrasuoni\/impianti-ultrasuoni-automatici\/\">transportadores<\/a>, con puente gr\u00faa para cestas muy pesadas, paso-paso, <a href=\"\/macchinari-lavaggio-ultrasuoni\/impianti-ultrasuoni-robot\/\">con \u00e1giles robot de autoaprendizaje<\/a>, con los <a href=\"\/macchinari-lavaggio-ultrasuoni\/impianti-ultrasuoni-automatici\/\">equipos LIFTER<\/a>.<\/p>\n<p>La decisi\u00f3n final se toma solo cuando todas las medidas posibles, tanto desde el punto de vista del resultado como de la productividad, aseguran un equipo sin sorpresas, con el c\u00e1lculo de los consumos y el coste de producci\u00f3n.<\/p>\n<p>MORONI est\u00e1 presente en todo el mundo con instalaciones en funcionamiento desde hace m\u00e1s de treinta a\u00f1os, siempre plenamente eficientes y actualizadas.<\/p>\n<p>Se conserva toda la documentaci\u00f3n para las piezas de recambio, esquemas el\u00e9ctricos, esquemas funcionales de los programas de automatismos.<\/p>\n<p>En los \u00faltimos a\u00f1os nuestra investigaci\u00f3n se ha orientado a los tratamientos con los detergentes a base de agua y podemos afirmar que actualmente no existe un problema de lavado que no pueda resolverse de esta manera.<br \/>Por lo tanto, se han eliminado todos los tratamientos con solventes org\u00e1nicos, caros, peligrosos, nocivos con documentaci\u00f3n indudable sobre los efectos en las personas y en el medio ambiente.<\/p>\n\t\t\t\t\t\t\t\t<\/div>\n\t\t\t\t<\/div>\n\t\t\t\t<div class=\"elementor-element elementor-element-56e722a elementor-widget-divider--view-line elementor-widget elementor-widget-divider\" data-id=\"56e722a\" data-element_type=\"widget\" data-widget_type=\"divider.default\">\n\t\t\t\t<div class=\"elementor-widget-container\">\n\t\t\t\t\t\t\t<div class=\"elementor-divider\">\n\t\t\t<span class=\"elementor-divider-separator\">\n\t\t\t\t\t\t<\/span>\n\t\t<\/div>\n\t\t\t\t\t\t<\/div>\n\t\t\t\t<\/div>\n\t\t\t\t<div class=\"elementor-element elementor-element-ce7ccf9 elementor-widget__width-initial elementor-widget-tablet__width-inherit elementor-widget elementor-widget-text-editor\" data-id=\"ce7ccf9\" data-element_type=\"widget\" data-widget_type=\"text-editor.default\">\n\t\t\t\t<div class=\"elementor-widget-container\">\n\t\t\t\t\t\t\t\t\t<p><strong>Si se dirige a Ultrasuoni Moroni, quiz\u00e1 no compre el equipo, pero puede estar seguro de que le ofreceremos la indicaci\u00f3n m\u00e1s correcta e imparcial sobre c\u00f3mo debe afrontarse su problema de lavado por ultrasonidos.<\/strong><\/p>\t\t\t\t\t\t\t\t<\/div>\n\t\t\t\t<\/div>\n\t\t\t\t<div class=\"elementor-element elementor-element-a427451 elementor-widget elementor-widget-button\" data-id=\"a427451\" data-element_type=\"widget\" data-widget_type=\"button.default\">\n\t\t\t\t<div class=\"elementor-widget-container\">\n\t\t\t\t\t\t\t\t\t<div class=\"elementor-button-wrapper\">\n\t\t\t\t\t<a class=\"elementor-button elementor-button-link elementor-size-lg\" href=\"#contattaci\">\n\t\t\t\t\t\t<span class=\"elementor-button-content-wrapper\">\n\t\t\t\t\t\t\t\t\t<span class=\"elementor-button-text\">Cont\u00e1ctenos<\/span>\n\t\t\t\t\t<\/span>\n\t\t\t\t\t<\/a>\n\t\t\t\t<\/div>\n\t\t\t\t\t\t\t\t<\/div>\n\t\t\t\t<\/div>\n\t\t\t\t<\/div>\n\t\t\t\t<\/div>\n\t\t\t\t<\/div>\n\t\t","protected":false},"excerpt":{"rendered":"<p>Empresa Ultrasuoni Moroni desde 1963 Ultrasuoni Moroni construye equipos de lavado por ultrasonidos desde el 1963. Ha adoptado todas las tecnolog\u00edas del sector: de los generadores giratorios a los que tienen SCR o los actuales generadores con IGBT, de los transductores magnetostrictivos a los \u00faltimos piezoel\u00e9ctricos con elementos PZT, que utilizan materiales cer\u00e1micos sinterizados en [&hellip;]<\/p>\n","protected":false},"author":1,"featured_media":0,"parent":0,"menu_order":0,"comment_status":"closed","ping_status":"closed","template":"","meta":{"footnotes":""},"class_list":["post-2880","page","type-page","status-publish","hentry"],"_links":{"self":[{"href":"https:\/\/ultrasuoni.pdr-server.it\/es\/wp-json\/wp\/v2\/pages\/2880","targetHints":{"allow":["GET"]}}],"collection":[{"href":"https:\/\/ultrasuoni.pdr-server.it\/es\/wp-json\/wp\/v2\/pages"}],"about":[{"href":"https:\/\/ultrasuoni.pdr-server.it\/es\/wp-json\/wp\/v2\/types\/page"}],"author":[{"embeddable":true,"href":"https:\/\/ultrasuoni.pdr-server.it\/es\/wp-json\/wp\/v2\/users\/1"}],"replies":[{"embeddable":true,"href":"https:\/\/ultrasuoni.pdr-server.it\/es\/wp-json\/wp\/v2\/comments?post=2880"}],"version-history":[{"count":3,"href":"https:\/\/ultrasuoni.pdr-server.it\/es\/wp-json\/wp\/v2\/pages\/2880\/revisions"}],"predecessor-version":[{"id":6550,"href":"https:\/\/ultrasuoni.pdr-server.it\/es\/wp-json\/wp\/v2\/pages\/2880\/revisions\/6550"}],"wp:attachment":[{"href":"https:\/\/ultrasuoni.pdr-server.it\/es\/wp-json\/wp\/v2\/media?parent=2880"}],"curies":[{"name":"wp","href":"https:\/\/api.w.org\/{rel}","templated":true}]}}