{"id":3326,"date":"2023-04-26T07:34:33","date_gmt":"2023-04-26T05:34:33","guid":{"rendered":"https:\/\/ultrasuoni.pdr-server.it\/privacy-policy\/"},"modified":"2025-01-15T18:00:37","modified_gmt":"2025-01-15T16:00:37","slug":"privacy-policy","status":"publish","type":"page","link":"https:\/\/ultrasuoni.pdr-server.it\/de\/privacy-policy\/","title":{"rendered":"Privacy Policy"},"content":{"rendered":"\t\t<div data-elementor-type=\"wp-page\" data-elementor-id=\"3326\" class=\"elementor elementor-3326 elementor-3\" data-elementor-post-type=\"page\">\n\t\t\t\t<div class=\"elementor-element elementor-element-0a82bbe e-con-full e-flex e-con e-parent\" data-id=\"0a82bbe\" data-element_type=\"container\" data-e-type=\"container\">\n\t\t\t\t<div class=\"elementor-element elementor-element-edcc344 elementor-widget elementor-widget-text-editor\" data-id=\"edcc344\" data-element_type=\"widget\" data-e-type=\"widget\" data-widget_type=\"text-editor.default\">\n\t\t\t\t<div class=\"elementor-widget-container\">\n\t\t\t\t\t\t\t\t\t<p>DATENSCHUTZ-HAFTUNGSAUSSCHLUSS<br \/>GEM\u00c4SS ARTIKEL 13 DER VERORDNUNG (EU) 2016\/679<\/p>\n<p>Lieber Nutzer,<\/p>\n<p>Dieses Dokument wird Ihnen in \u00dcbereinstimmung mit Artikel 13 der EU-Verordnung 2016\/679 (sog. DSGVO) zugestellt, der in Bezug auf die Verwaltung personenbezogener Daten die Verpflichtung des Datenverantwortlichen vorsieht, der Daten von der interessierten Partei erhebt, diese bereitzustellen Letztere erhalten als nat\u00fcrliche Person eine Reihe spezifischer Informationen zu ihrer Verwaltung, wenn diese Daten erhoben werden.<\/p>\n<p>Zu diesem Zweck \u00fcbermitteln wir Ihnen daher diese Offenlegung mit Informationen zur Verarbeitung personenbezogener Daten, die Sie uns beim Surfen auf unserer Website und insbesondere bei der Nutzung des Dienstes \u201eWeitere Informationen anfordern\u201c, der im Ausf\u00fcllen eines Online-Formulars besteht, zur Verf\u00fcgung stellen Formular, indem Sie Vor- und Nachname, Telefonnummer, E-Mail-Adresse, Betreff und Nachricht eingeben, um kontaktiert zu werden, um weitere Informationen \u00fcber unsere Dienstleistungen und die Anfrage f\u00fcr den \u201eNewsletter\u201c-Dienst zu erhalten, der darin besteht, dass wir eine Reihe von E-Mails erhalten informative E-Mails zu unseren Produkten\/Dienstleistungen.<\/p>\n<p><b>ART.1 \u2013 IDENTIT\u00c4T UND KONTAKTDATEN DES BEHANDLUNGSINHABERS<\/b><\/p>\n<p>(siehe Art. 13, c.1, Buchstabe a, DSGVO) Der Datenverantwortliche f\u00fcr die von Ihnen bereitgestellten personenbezogenen Daten ist ULTRASUONI MORONI SRL, P.Iva 12954860966, mit Sitz in 20017 Via V. Buzzi, 13 \u2013 Rho (MI), dessen Kontaktdaten wie folgt lauten:<\/p>\n<p>Telefonnummer +39 02 6439242<br \/>E-mail: marcello.moroni@ultrasuoni.it.<\/p>\n<p><b>ART.2 \u2013 KONTAKTDATEN DES DATENSCHUTZBEAUFTRAGTEN (DSB) (siehe Art.13, c.1, lett.b, DSGVO) <\/b><br \/>Die konkrete Art der Datenverarbeitung sowie die ausge\u00fcbte berufliche T\u00e4tigkeit erfordern keine zwingende Bestellung eines Datenschutzbeauftragten.<\/p>\n<p><b>ART.3 \u2013 ZWECK UND RECHTSGRUNDLAGE DER DATENVERARBEITUNG (vgl. Art.13, c.1, lett.c, DSGVO) <\/b><br \/>Die Datenverarbeitung dient der Bearbeitung Ihrer Kontaktanfrage, um weitere Informationen zu unseren Dienstleistungen zu erhalten, und der Nachverfolgung unserer Zusendung einer Reihe informativer E-Mails zu unseren Produkten\/Dienstleistungen. Die Behandlung erfolgt auf der Grundlage der Einwilligung des Betroffenen, die durch Unterzeichnung der Erkl\u00e4rungen am Ende dieser Datenschutzerkl\u00e4rung erfolgen muss, auf die sich die Einwilligung ausdr\u00fccklich bezieht.<\/p>\n<p><b>ART.4 \u2013 BERECHTIGTE INTERESSEN DES BEHANDLUNGSINHABERS (vgl. Art. 13, c.1, lett.d, DSGVO) <\/b><br \/>Die Verarbeitung ist nicht zur Wahrung des berechtigten Interesses des Datenverantwortlichen oder Dritter erforderlich.<\/p>\n<p><b>ART.5 \u2013 EMPF\u00c4NGER ODER KATEGORIEN VON EMPF\u00c4NGERN PERSONENBEZOGENER DATEN (vgl. Art. 13, c.1, Buchstabe e, DSGVO) <\/b><br \/>Die Verarbeitung erstreckt sich nicht auf Empf\u00e4nger oder Kategorien von Empf\u00e4ngern personenbezogener Daten.<\/p>\n<p><b>ART.6 \u2013 DATEN\u00dcBERMITTLUNG IN NICHT-EU-L\u00c4NDER ODER INTERNATIONALE ORGANISATIONEN (siehe Art.13, c.1, Buchstabe f, DSGVO) <\/b><br \/>Die Verarbeitung beinhaltet keine \u00dcbermittlung von Daten an Nicht-EU-L\u00e4nder oder internationale Organisationen.<\/p>\n<p><b>ART.7 \u2013 DATENSPEICHERDAUER ODER ZUGEH\u00d6RIGE BESTIMMUNGSKRITERIEN (siehe Art.13, c.2, Buchstabe a, DSGVO) <\/b><br \/>Die Daten des Nutzers werden nur so lange gespeichert, wie es f\u00fcr die ordnungsgem\u00e4\u00dfe Bereitstellung der angebotenen Dienste erforderlich ist.<\/p>\n<p><b>ART.8 \u2013 RECHTE DES BETROFFENEN (vgl. Art.13, c.2, lett.b, DSGVO) <\/b><br \/>Der Interessent hat neben dem Recht auf Daten\u00fcbertragbarkeit auch das Recht, den f\u00fcr die Datenverarbeitung Verantwortlichen zu bitten, auf seine personenbezogenen Daten zuzugreifen und diese zu berichtigen oder zu l\u00f6schen oder ihre Verarbeitung einzuschr\u00e4nken oder sich ihrer Verarbeitung zu widersetzen.<\/p>\n<p><b>ART.9 \u2013 WIDERRUF DER EINWILLIGUNG (vgl. Art.13, c.2, lett.c, DSGVO) <\/b><br \/>Der Interessent hat das Recht, die Einwilligung zur Behandlung jederzeit zu widerrufen; Gem\u00e4\u00df Art. 13 c.2 lit. c DSGVO hat der Widerruf der Einwilligung keinen Einfluss auf die Rechtm\u00e4\u00dfigkeit der Verarbeitung, die auf der vor dem Widerruf erteilten Einwilligung beruhte.<\/p>\n<p><b>ART.10 \u2013 BESCHWERDE (vgl. Art.13, c.2, lett.d, DSGVO) <\/b><br \/>Der Interessent hat das Recht, eine Beschwerde bei einer Aufsichtsbeh\u00f6rde einzureichen.<\/p>\n<p><b>ART.11 \u2013 VERPFLICHTUNG ODER NOTWENDIGKEIT ZUR BEREITSTELLUNG VON DATEN (vgl. Art.13, c.2, Buchstabe e, DSGVO) <\/b><br \/>Die \u00dcbermittlung personenbezogener Daten ist eine notwendige Voraussetzung f\u00fcr die Kontaktaufnahme mit dem Nutzer, um weitere Informationen zu unseren Dienstleistungen zu erhalten. F\u00fcr den Interessenten besteht keine gesetzliche Verpflichtung zur Bereitstellung dieser Daten, dies macht es jedoch unm\u00f6glich, seiner Bitte um Kontaktaufnahme zum Erhalt weiterer Informationen \u00fcber unsere Dienstleistungen Folge zu leisten. Die Angabe personenbezogener Daten ist f\u00fcr den Empfang unseres Newsletters erforderlich. F\u00fcr den Interessenten besteht keine gesetzliche Verpflichtung zur Bereitstellung dieser Daten, dies f\u00fchrt jedoch dazu, dass wir die Zusendung der angeforderten Informations-E-Mails nicht nachverfolgen k\u00f6nnen.<\/p>\n<p><b>ART.12 \u2013 AUTOMATISIERTE ENTSCHEIDUNGSPROZESSE (vgl. Art.13, c.2, Buchstabe f, DSGVO)<\/b><br \/>Die Behandlung unterliegt keinem automatisierten Entscheidungsprozess.<\/p>\n<p><b>ART.13 \u2013 VERSCHIEDENE ZWECKE DER BEHANDLUNG (vgl. Art.13, c.3, DSGVO) <\/b><br \/>Die Verarbeitung erfolgt nicht zu anderen als den in Artikel 3 genannten Zwecken.<\/p>\n<p><b>Mit freundlichen Gr\u00fc\u00dfen ULTRASUONI MORONI SRL<\/b><\/p>\n\t\t\t\t\t\t\t\t<\/div>\n\t\t\t\t<\/div>\n\t\t\t\t<\/div>\n\t\t\t\t<\/div>\n\t\t","protected":false},"excerpt":{"rendered":"<p>DATENSCHUTZ-HAFTUNGSAUSSCHLUSS GEM\u00c4SS ARTIKEL 13 DER VERORDNUNG (EU) 2016\/679 Lieber Nutzer, Dieses Dokument wird Ihnen in \u00dcbereinstimmung mit Artikel 13 der EU-Verordnung 2016\/679 (sog. DSGVO) zugestellt, der in Bezug auf die Verwaltung personenbezogener Daten die Verpflichtung des Datenverantwortlichen vorsieht, der Daten von der interessierten Partei erhebt, diese bereitzustellen Letztere erhalten als nat\u00fcrliche Person eine Reihe spezifischer [&hellip;]<\/p>\n","protected":false},"author":1,"featured_media":0,"parent":0,"menu_order":0,"comment_status":"closed","ping_status":"open","template":"","meta":{"footnotes":""},"class_list":["post-3326","page","type-page","status-publish","hentry"],"_links":{"self":[{"href":"https:\/\/ultrasuoni.pdr-server.it\/de\/wp-json\/wp\/v2\/pages\/3326","targetHints":{"allow":["GET"]}}],"collection":[{"href":"https:\/\/ultrasuoni.pdr-server.it\/de\/wp-json\/wp\/v2\/pages"}],"about":[{"href":"https:\/\/ultrasuoni.pdr-server.it\/de\/wp-json\/wp\/v2\/types\/page"}],"author":[{"embeddable":true,"href":"https:\/\/ultrasuoni.pdr-server.it\/de\/wp-json\/wp\/v2\/users\/1"}],"replies":[{"embeddable":true,"href":"https:\/\/ultrasuoni.pdr-server.it\/de\/wp-json\/wp\/v2\/comments?post=3326"}],"version-history":[{"count":1,"href":"https:\/\/ultrasuoni.pdr-server.it\/de\/wp-json\/wp\/v2\/pages\/3326\/revisions"}],"predecessor-version":[{"id":6158,"href":"https:\/\/ultrasuoni.pdr-server.it\/de\/wp-json\/wp\/v2\/pages\/3326\/revisions\/6158"}],"wp:attachment":[{"href":"https:\/\/ultrasuoni.pdr-server.it\/de\/wp-json\/wp\/v2\/media?parent=3326"}],"curies":[{"name":"wp","href":"https:\/\/api.w.org\/{rel}","templated":true}]}}