{"id":3318,"date":"2023-07-07T11:27:18","date_gmt":"2023-07-07T09:27:18","guid":{"rendered":"https:\/\/ultrasuoni.pdr-server.it\/moroni-ultraschallgeneratoren\/"},"modified":"2024-02-13T18:46:06","modified_gmt":"2024-02-13T16:46:06","slug":"moroni-ultraschallgeneratoren","status":"publish","type":"page","link":"https:\/\/ultrasuoni.pdr-server.it\/de\/moroni-ultraschallgeneratoren\/","title":{"rendered":"Moroni Ultraschallgeneratoren"},"content":{"rendered":"\t\t<div data-elementor-type=\"wp-page\" data-elementor-id=\"3318\" class=\"elementor elementor-3318 elementor-2795\" data-elementor-post-type=\"page\">\n\t\t\t\t<div class=\"elementor-element elementor-element-cced9ef e-con-full e-flex e-con e-parent\" data-id=\"cced9ef\" data-element_type=\"container\">\n\t\t<div class=\"elementor-element elementor-element-1a25633 e-con-full animated-slow e-flex elementor-invisible e-con e-child\" data-id=\"1a25633\" data-element_type=\"container\" data-settings=\"{&quot;animation&quot;:&quot;fadeInLeft&quot;}\">\n\t\t\t\t<div class=\"elementor-element elementor-element-41acdf2 elementor-widget__width-initial elementor-widget-tablet__width-initial elementor-widget elementor-widget-heading\" data-id=\"41acdf2\" data-element_type=\"widget\" data-widget_type=\"heading.default\">\n\t\t\t\t<div class=\"elementor-widget-container\">\n\t\t\t\t\t<h1 class=\"elementor-heading-title elementor-size-default\">Moroni Ultraschallgeneratoren seit 1963<\/h1>\t\t\t\t<\/div>\n\t\t\t\t<\/div>\n\t\t\t\t<div class=\"elementor-element elementor-element-abec01e elementor-widget-divider--view-line elementor-widget elementor-widget-divider\" data-id=\"abec01e\" data-element_type=\"widget\" data-widget_type=\"divider.default\">\n\t\t\t\t<div class=\"elementor-widget-container\">\n\t\t\t\t\t\t\t<div class=\"elementor-divider\">\n\t\t\t<span class=\"elementor-divider-separator\">\n\t\t\t\t\t\t<\/span>\n\t\t<\/div>\n\t\t\t\t\t\t<\/div>\n\t\t\t\t<\/div>\n\t\t\t\t<div class=\"elementor-element elementor-element-2162f3b elementor-widget elementor-widget-heading\" data-id=\"2162f3b\" data-element_type=\"widget\" data-widget_type=\"heading.default\">\n\t\t\t\t<div class=\"elementor-widget-container\">\n\t\t\t\t\t<h3 class=\"elementor-heading-title elementor-size-default\">Moroni Ultraschallgeneratoren<\/h3>\t\t\t\t<\/div>\n\t\t\t\t<\/div>\n\t\t\t\t<div class=\"elementor-element elementor-element-93c615c elementor-widget__width-initial elementor-widget-tablet__width-inherit elementor-widget elementor-widget-text-editor\" data-id=\"93c615c\" data-element_type=\"widget\" data-widget_type=\"text-editor.default\">\n\t\t\t\t<div class=\"elementor-widget-container\">\n\t\t\t\t\t\t\t\t\t<p>Das Modernste und Aktuellste wurde in diesem Sektor erreicht. Sie sind das Ergebnis einer kontinuierlichen Weiterentwicklung in mehr als 50 Jahren T\u00e4tigkeit.<\/p>\n<p>Moroni Ultrasuoni stellt Ultraschall-Waschanlagen seit 1963 her.<\/p>\n<p>Sie hat alle Technologien der Branche \u00fcbernommen: von Rotationsgeneratoren \u00fcber solche mit SCR bis hin zu den heutigen Generatoren mit IGBT, von magnetostriktiven Schwingern bis hin zu den neuesten piezoelektrischen Elementen, die gesinterte Keramikmaterialien aus Blei- und Barium-Titanat und -Zirkonat verwenden.<\/p>\n\t\t\t\t\t\t\t\t<\/div>\n\t\t\t\t<\/div>\n\t\t\t\t<\/div>\n\t\t<div class=\"elementor-element elementor-element-0e55ad7 e-con-full animated-slow e-flex elementor-invisible e-con e-child\" data-id=\"0e55ad7\" data-element_type=\"container\" data-settings=\"{&quot;animation&quot;:&quot;fadeInRight&quot;}\">\n\t\t\t\t<div class=\"elementor-element elementor-element-8ce75b6 elementor-widget elementor-widget-heading\" data-id=\"8ce75b6\" data-element_type=\"widget\" data-widget_type=\"heading.default\">\n\t\t\t\t<div class=\"elementor-widget-container\">\n\t\t\t\t\t<h3 class=\"elementor-heading-title elementor-size-default\">Grundlegende Konzepte - Funktionsprinzipien<\/h3>\t\t\t\t<\/div>\n\t\t\t\t<\/div>\n\t\t\t\t<div class=\"elementor-element elementor-element-fc07f9c elementor-widget elementor-widget-image\" data-id=\"fc07f9c\" data-element_type=\"widget\" data-widget_type=\"image.default\">\n\t\t\t\t<div class=\"elementor-widget-container\">\n\t\t\t\t\t\t\t\t\t\t\t\t\t\t\t<img fetchpriority=\"high\" decoding=\"async\" width=\"768\" height=\"723\" src=\"https:\/\/ultrasuoni.pdr-server.it\/wp-content\/uploads\/Pagina-Note-Tecniche-768x723-1.jpg\" class=\"attachment-large size-large wp-image-2807\" alt=\"note tecniche lavaggio ad ultrasuoni\" srcset=\"https:\/\/ultrasuoni.pdr-server.it\/wp-content\/uploads\/Pagina-Note-Tecniche-768x723-1.jpg 768w, https:\/\/ultrasuoni.pdr-server.it\/wp-content\/uploads\/Pagina-Note-Tecniche-768x723-1-300x282.jpg 300w\" sizes=\"(max-width: 768px) 100vw, 768px\" \/>\t\t\t\t\t\t\t\t\t\t\t\t\t\t\t<\/div>\n\t\t\t\t<\/div>\n\t\t\t\t<div class=\"elementor-element elementor-element-75c74f6 elementor-widget elementor-widget-button\" data-id=\"75c74f6\" data-element_type=\"widget\" data-widget_type=\"button.default\">\n\t\t\t\t<div class=\"elementor-widget-container\">\n\t\t\t\t\t\t\t\t\t<div class=\"elementor-button-wrapper\">\n\t\t\t\t\t<a class=\"elementor-button elementor-button-link elementor-size-lg\" href=\"\/de\/ultraschallreinigungsanlagen\/ultraschallgeneratoren-und-schwinger\/\">\n\t\t\t\t\t\t<span class=\"elementor-button-content-wrapper\">\n\t\t\t\t\t\t\t\t\t<span class=\"elementor-button-text\">Gehe zu Generatoren und Schwinger <\/span>\n\t\t\t\t\t<\/span>\n\t\t\t\t\t<\/a>\n\t\t\t\t<\/div>\n\t\t\t\t\t\t\t\t<\/div>\n\t\t\t\t<\/div>\n\t\t\t\t<\/div>\n\t\t\t\t<\/div>\n\t\t<div class=\"elementor-element elementor-element-521088d e-con-full e-flex e-con e-parent\" data-id=\"521088d\" data-element_type=\"container\" data-settings=\"{&quot;background_background&quot;:&quot;classic&quot;}\">\n\t\t<div class=\"elementor-element elementor-element-633c4bd e-con-full animated-slow e-flex elementor-invisible e-con e-child\" data-id=\"633c4bd\" data-element_type=\"container\" data-settings=\"{&quot;animation&quot;:&quot;fadeInLeft&quot;}\">\n\t\t\t\t<div class=\"elementor-element elementor-element-5133f15 elementor-widget elementor-widget-heading\" data-id=\"5133f15\" data-element_type=\"widget\" data-widget_type=\"heading.default\">\n\t\t\t\t<div class=\"elementor-widget-container\">\n\t\t\t\t\t<h3 class=\"elementor-heading-title elementor-size-default\">In den 50 Jahren, in denen wir in diesem Sektor t\u00e4tig sind, haben wir mit vielen anderen Anwendungen unserer Ultraschallger\u00e4te als dem Waschen experimentiert, wir sprechen von zwei, die besonders h\u00e4ufig angewendet werden:<\/h3>\t\t\t\t<\/div>\n\t\t\t\t<\/div>\n\t\t\t\t<div class=\"elementor-element elementor-element-0029ec6 elementor-widget-divider--view-line elementor-widget elementor-widget-divider\" data-id=\"0029ec6\" data-element_type=\"widget\" data-widget_type=\"divider.default\">\n\t\t\t\t<div class=\"elementor-widget-container\">\n\t\t\t\t\t\t\t<div class=\"elementor-divider\">\n\t\t\t<span class=\"elementor-divider-separator\">\n\t\t\t\t\t\t<\/span>\n\t\t<\/div>\n\t\t\t\t\t\t<\/div>\n\t\t\t\t<\/div>\n\t\t\t\t<div class=\"elementor-element elementor-element-979b9a6 elementor-widget elementor-widget-heading\" data-id=\"979b9a6\" data-element_type=\"widget\" data-widget_type=\"heading.default\">\n\t\t\t\t<div class=\"elementor-widget-container\">\n\t\t\t\t\t<h3 class=\"elementor-heading-title elementor-size-default\">ENTGASUNG mit Ultraschallwandlern<\/h3>\t\t\t\t<\/div>\n\t\t\t\t<\/div>\n\t\t\t\t<div class=\"elementor-element elementor-element-a14575e elementor-widget__width-initial elementor-widget-tablet__width-inherit elementor-widget elementor-widget-text-editor\" data-id=\"a14575e\" data-element_type=\"widget\" data-widget_type=\"text-editor.default\">\n\t\t\t\t<div class=\"elementor-widget-container\">\n\t\t\t\t\t\t\t\t\t<p>Ein interessantes Einsatzgebiet von Ultraschallwandlern ist das L\u00f6sen von Gasen in der Fl\u00fcssigkeit (Wasser oder L\u00f6sungsmittel).<\/p>\n<p>Die L\u00f6slichkeit von Gasen in Fl\u00fcssigkeiten wird n\u00e4mlich durch das Henry&#8217;sche Gesetz bestimmt, demzufolge die Menge des in einer Fl\u00fcssigkeit gel\u00f6sten Gases proportional zu seinem Partialdruck ist. Daher f\u00fchrt die Verringerung des Drucks, der durch die Wirkung der Ultraschallgeneratoren und -wandler verursacht wird, zu einer Verringerung der L\u00f6slichkeit des Gases, so dass diese an der Oberfl\u00e4che des Tanks freigesetzt werden.<\/p>\n\t\t\t\t\t\t\t\t<\/div>\n\t\t\t\t<\/div>\n\t\t\t\t<\/div>\n\t\t<div class=\"elementor-element elementor-element-fcb2eeb e-con-full animated-slow e-flex elementor-invisible e-con e-child\" data-id=\"fcb2eeb\" data-element_type=\"container\" data-settings=\"{&quot;animation&quot;:&quot;fadeInRight&quot;}\">\n\t\t\t\t<div class=\"elementor-element elementor-element-62f2fd1 elementor-widget elementor-widget-heading\" data-id=\"62f2fd1\" data-element_type=\"widget\" data-widget_type=\"heading.default\">\n\t\t\t\t<div class=\"elementor-widget-container\">\n\t\t\t\t\t<h3 class=\"elementor-heading-title elementor-size-default\">Wirkung von Ultraschallwandlern in der Lebensmittelindustrie - SONICATION<\/h3>\t\t\t\t<\/div>\n\t\t\t\t<\/div>\n\t\t\t\t<div class=\"elementor-element elementor-element-78ef636 elementor-widget__width-initial elementor-widget-tablet__width-inherit elementor-widget elementor-widget-text-editor\" data-id=\"78ef636\" data-element_type=\"widget\" data-widget_type=\"text-editor.default\">\n\t\t\t\t<div class=\"elementor-widget-container\">\n\t\t\t\t\t\t\t\t\t<p>In der Lebensmittelindustrie breitet sich ein neuer Trend aus: die Reduzierung des Einsatzes von W\u00e4rmebehandlungen, um alle ern\u00e4hrungsphysiologischen und organoleptischen Eigenschaften von Lebensmitteln zu erhalten.<\/p>\n<p>Die Konservierung von Lebensmitteln basiert auf Methoden und Techniken, die darauf abzielen, den nat\u00fcrlichen Ver\u00e4nderungsprozess zu verlangsamen oder zu stoppen und die mikrobielle Belastung unter Kontrolle zu halten oder ganz zu beseitigen.<\/p>\n<p>Lebensmittelkonservierungstechniken haben, wenn auch mit unterschiedlichen Wirkungsweisen, das gemeinsame Ziel, ein f\u00fcr das Leben, die Entwicklung und die Aktivit\u00e4t von Mikroorganismen ung\u00fcnstiges Umfeld zu schaffen.<\/p>\n<p>Zu diesen innovativen Techniken geh\u00f6rt die Beschallung, die auf dem Einsatz von Ultraschallgeneratoren und -schwingern beruht.<\/p>\n\t\t\t\t\t\t\t\t<\/div>\n\t\t\t\t<\/div>\n\t\t\t\t<div class=\"elementor-element elementor-element-7fbe2e3 elementor-widget-divider--view-line elementor-widget elementor-widget-divider\" data-id=\"7fbe2e3\" data-element_type=\"widget\" data-widget_type=\"divider.default\">\n\t\t\t\t<div class=\"elementor-widget-container\">\n\t\t\t\t\t\t\t<div class=\"elementor-divider\">\n\t\t\t<span class=\"elementor-divider-separator\">\n\t\t\t\t\t\t<\/span>\n\t\t<\/div>\n\t\t\t\t\t\t<\/div>\n\t\t\t\t<\/div>\n\t\t\t\t<div class=\"elementor-element elementor-element-9d48c3e elementor-widget elementor-widget-button\" data-id=\"9d48c3e\" data-element_type=\"widget\" data-widget_type=\"button.default\">\n\t\t\t\t<div class=\"elementor-widget-container\">\n\t\t\t\t\t\t\t\t\t<div class=\"elementor-button-wrapper\">\n\t\t\t\t\t<a class=\"elementor-button elementor-button-link elementor-size-lg\" href=\"#contattaci\">\n\t\t\t\t\t\t<span class=\"elementor-button-content-wrapper\">\n\t\t\t\t\t\t\t\t\t<span class=\"elementor-button-text\">Kontaktiere uns<\/span>\n\t\t\t\t\t<\/span>\n\t\t\t\t\t<\/a>\n\t\t\t\t<\/div>\n\t\t\t\t\t\t\t\t<\/div>\n\t\t\t\t<\/div>\n\t\t\t\t<\/div>\n\t\t\t\t<\/div>\n\t\t\t\t<\/div>\n\t\t","protected":false},"excerpt":{"rendered":"<p>Moroni Ultraschallgeneratoren seit 1963 Moroni Ultraschallgeneratoren Das Modernste und Aktuellste wurde in diesem Sektor erreicht. Sie sind das Ergebnis einer kontinuierlichen Weiterentwicklung in mehr als 50 Jahren T\u00e4tigkeit. Moroni Ultrasuoni stellt Ultraschall-Waschanlagen seit 1963 her. Sie hat alle Technologien der Branche \u00fcbernommen: von Rotationsgeneratoren \u00fcber solche mit SCR bis hin zu den heutigen Generatoren mit [&hellip;]<\/p>\n","protected":false},"author":1,"featured_media":0,"parent":0,"menu_order":0,"comment_status":"closed","ping_status":"closed","template":"","meta":{"footnotes":""},"class_list":["post-3318","page","type-page","status-publish","hentry"],"_links":{"self":[{"href":"https:\/\/ultrasuoni.pdr-server.it\/de\/wp-json\/wp\/v2\/pages\/3318","targetHints":{"allow":["GET"]}}],"collection":[{"href":"https:\/\/ultrasuoni.pdr-server.it\/de\/wp-json\/wp\/v2\/pages"}],"about":[{"href":"https:\/\/ultrasuoni.pdr-server.it\/de\/wp-json\/wp\/v2\/types\/page"}],"author":[{"embeddable":true,"href":"https:\/\/ultrasuoni.pdr-server.it\/de\/wp-json\/wp\/v2\/users\/1"}],"replies":[{"embeddable":true,"href":"https:\/\/ultrasuoni.pdr-server.it\/de\/wp-json\/wp\/v2\/comments?post=3318"}],"version-history":[{"count":0,"href":"https:\/\/ultrasuoni.pdr-server.it\/de\/wp-json\/wp\/v2\/pages\/3318\/revisions"}],"wp:attachment":[{"href":"https:\/\/ultrasuoni.pdr-server.it\/de\/wp-json\/wp\/v2\/media?parent=3318"}],"curies":[{"name":"wp","href":"https:\/\/api.w.org\/{rel}","templated":true}]}}