{"id":3290,"date":"2023-06-07T10:47:47","date_gmt":"2023-06-07T08:47:47","guid":{"rendered":"https:\/\/ultrasuoni.pdr-server.it\/ultraschall-waschtechniken\/sweep-mode-ultraschall\/"},"modified":"2025-09-16T11:36:06","modified_gmt":"2025-09-16T09:36:06","slug":"sweep-mode-ultraschall","status":"publish","type":"page","link":"https:\/\/ultrasuoni.pdr-server.it\/de\/ultraschall-waschtechniken\/sweep-mode-ultraschall\/","title":{"rendered":"Sweep Mode Ultraschall"},"content":{"rendered":"\t\t<div data-elementor-type=\"wp-page\" data-elementor-id=\"3290\" class=\"elementor elementor-3290 elementor-1462\" data-elementor-post-type=\"page\">\n\t\t\t\t<div class=\"elementor-element elementor-element-51839851 e-con-full e-flex e-con e-parent\" data-id=\"51839851\" data-element_type=\"container\">\n\t\t<div class=\"elementor-element elementor-element-580fae42 e-con-full animated-slow e-flex e-con e-child\" data-id=\"580fae42\" data-element_type=\"container\" data-settings=\"{&quot;animation&quot;:&quot;none&quot;}\">\n\t\t\t\t<div class=\"elementor-element elementor-element-420164f6 elementor-widget__width-initial elementor-widget-tablet__width-initial elementor-widget elementor-widget-heading\" data-id=\"420164f6\" data-element_type=\"widget\" data-widget_type=\"heading.default\">\n\t\t\t\t<div class=\"elementor-widget-container\">\n\t\t\t\t\t<h1 class=\"elementor-heading-title elementor-size-default\">Sweep Mode Ultraschall<\/h1>\t\t\t\t<\/div>\n\t\t\t\t<\/div>\n\t\t\t\t<div class=\"elementor-element elementor-element-1facd3ca elementor-widget-divider--view-line elementor-widget elementor-widget-divider\" data-id=\"1facd3ca\" data-element_type=\"widget\" data-widget_type=\"divider.default\">\n\t\t\t\t<div class=\"elementor-widget-container\">\n\t\t\t\t\t\t\t<div class=\"elementor-divider\">\n\t\t\t<span class=\"elementor-divider-separator\">\n\t\t\t\t\t\t<\/span>\n\t\t<\/div>\n\t\t\t\t\t\t<\/div>\n\t\t\t\t<\/div>\n\t\t\t\t<div class=\"elementor-element elementor-element-6d3c79b8 elementor-widget elementor-widget-heading\" data-id=\"6d3c79b8\" data-element_type=\"widget\" data-widget_type=\"heading.default\">\n\t\t\t\t<div class=\"elementor-widget-container\">\n\t\t\t\t\t<h3 class=\"elementor-heading-title elementor-size-default\">Variable Frequenz in den Ultraschallreinigungsmaschinen<\/h3>\t\t\t\t<\/div>\n\t\t\t\t<\/div>\n\t\t\t\t<div class=\"elementor-element elementor-element-6de9abeb elementor-widget__width-initial elementor-widget-tablet__width-inherit elementor-widget elementor-widget-text-editor\" data-id=\"6de9abeb\" data-element_type=\"widget\" data-widget_type=\"text-editor.default\">\n\t\t\t\t<div class=\"elementor-widget-container\">\n\t\t\t\t\t\t\t\t\t<p>Der <strong>Ultraschall-Sweep-Modus<\/strong> ist ein spezielles Programm, das zur Verbesserung der Effizienz und Leistung von <strong>piezoelektrischen Elementen<\/strong> eingesetzt wird.<br \/>Um die f\u00fcr das Waschen erforderlichen hohen Leistungen zu erreichen, m\u00fcssen zahlreiche piezoelektrische Elemente (Schwinger) an den W\u00e4nden und\/oder am Boden der Wannen angebracht werden. Sie werden mit h\u00f6chster Pr\u00e4zision mit numerischer Steuerung hergestellt, so dass sie alle identisch sind und die gleiche Resonanzfrequenz um 33.000 Hz haben.<\/p><p>Dieses Ergebnis ist jedoch schwer zu erreichen: Jedes auf dem Pr\u00fcfstand gemessene Element hat seine eigene Resonanz, die um bis zu 500-600 Hz voneinander abweichen kann. W\u00fcrde der <strong>Ultraschallgenerator<\/strong> mit einer einzigen festen Frequenz arbeiten, w\u00fcrden einige piezoelektrischen Elemente nicht bei ihrer eigenen Resonanz arbeiten und daher schlecht abschneiden, vor allem aber w\u00fcrden sie schnell \u00fcberhitzen und sich abnutzen.<\/p><p>Daher ist der Generator mit einem speziellen Programm, dem Sweep-Modus, ausgestattet, der im Labor eingestellt und bei der Endpr\u00fcfung vor Ort \u00fcberpr\u00fcft wird.<\/p><p>Auf diese Weise lassen sich die tats\u00e4chliche Grundfrequenz und der einzustellende Bereich (<strong>Wobbeln oder Sweep-Modus<\/strong>) (z.B. Grundfrequenz 29.560 Hz und 1.000 Hz Wobbelbetrieb) f\u00fcr jedes System genau bestimmen.<\/p><p>Auf diese Weise k\u00f6nnen alle piezoelektrischen Elemente auch f\u00fcr kurze Momente auf ihrer eigenen Resonanzfrequenz arbeiten, was die Leistung der gesamten Einheit erh\u00f6ht und die Last gleichm\u00e4\u00dfig auf alle Elemente verteilt.<\/p><p>Mit dem Ultraschall-Sweep-Modus kann die perfekte Integrit\u00e4t der Schallk\u00f6pfe auch \u00fcber Jahre hinweg erhalten bleiben. Die <strong>piezoelektrischen Elemente von Ultrasuoni Moroni<\/strong> haben eine Garantie von 5 Jahren.<\/p>\t\t\t\t\t\t\t\t<\/div>\n\t\t\t\t<\/div>\n\t\t\t\t<\/div>\n\t\t<div class=\"elementor-element elementor-element-3e2ba27a e-con-full animated-slow e-flex e-con e-child\" data-id=\"3e2ba27a\" data-element_type=\"container\" data-settings=\"{&quot;animation&quot;:&quot;none&quot;}\">\n\t\t\t\t<div class=\"elementor-element elementor-element-5ab9d4c elementor-widget elementor-widget-image\" data-id=\"5ab9d4c\" data-element_type=\"widget\" data-widget_type=\"image.default\">\n\t\t\t\t<div class=\"elementor-widget-container\">\n\t\t\t\t\t\t\t\t\t\t\t\t\t\t\t<img fetchpriority=\"high\" decoding=\"async\" width=\"591\" height=\"184\" src=\"https:\/\/ultrasuoni.pdr-server.it\/wp-content\/uploads\/sweep-1.jpg\" class=\"attachment-large size-large wp-image-2460\" alt=\"sweep mode ultrasuoni\" srcset=\"https:\/\/ultrasuoni.pdr-server.it\/wp-content\/uploads\/sweep-1.jpg 591w, https:\/\/ultrasuoni.pdr-server.it\/wp-content\/uploads\/sweep-1-300x93.jpg 300w\" sizes=\"(max-width: 591px) 100vw, 591px\" \/>\t\t\t\t\t\t\t\t\t\t\t\t\t\t\t<\/div>\n\t\t\t\t<\/div>\n\t\t\t\t<div class=\"elementor-element elementor-element-181405c elementor-widget-divider--view-line elementor-widget elementor-widget-divider\" data-id=\"181405c\" data-element_type=\"widget\" data-widget_type=\"divider.default\">\n\t\t\t\t<div class=\"elementor-widget-container\">\n\t\t\t\t\t\t\t<div class=\"elementor-divider\">\n\t\t\t<span class=\"elementor-divider-separator\">\n\t\t\t\t\t\t<\/span>\n\t\t<\/div>\n\t\t\t\t\t\t<\/div>\n\t\t\t\t<\/div>\n\t\t\t\t<div class=\"elementor-element elementor-element-6319d3e elementor-widget elementor-widget-button\" data-id=\"6319d3e\" data-element_type=\"widget\" data-widget_type=\"button.default\">\n\t\t\t\t<div class=\"elementor-widget-container\">\n\t\t\t\t\t\t\t\t\t<div class=\"elementor-button-wrapper\">\n\t\t\t\t\t<a class=\"elementor-button elementor-button-link elementor-size-lg\" href=\"#contattaci\">\n\t\t\t\t\t\t<span class=\"elementor-button-content-wrapper\">\n\t\t\t\t\t\t\t\t\t<span class=\"elementor-button-text\">Kontaktiere uns<\/span>\n\t\t\t\t\t<\/span>\n\t\t\t\t\t<\/a>\n\t\t\t\t<\/div>\n\t\t\t\t\t\t\t\t<\/div>\n\t\t\t\t<\/div>\n\t\t\t\t<\/div>\n\t\t\t\t<\/div>\n\t\t\t\t<\/div>\n\t\t","protected":false},"excerpt":{"rendered":"<p>Variable Frequenz in den Ultraschallreinigungsmaschinen Der Ultraschall-Sweep-Modus ist ein spezielles Programm, das zur Verbesserung der Effizienz und Leistung von piezoelektrischen Elementen eingesetzt wird.Um die f\u00fcr das Waschen erforderlichen hohen Leistungen zu erreichen, m\u00fcssen zahlreiche piezoelektrische Elemente (Schwinger) an den W\u00e4nden und\/oder am Boden der Wannen angebracht werden. Sie werden mit h\u00f6chster Pr\u00e4zision mit numerischer Steuerung [&hellip;]<\/p>\n","protected":false},"author":1,"featured_media":0,"parent":3258,"menu_order":0,"comment_status":"closed","ping_status":"closed","template":"","meta":{"footnotes":""},"class_list":["post-3290","page","type-page","status-publish","hentry"],"_links":{"self":[{"href":"https:\/\/ultrasuoni.pdr-server.it\/de\/wp-json\/wp\/v2\/pages\/3290","targetHints":{"allow":["GET"]}}],"collection":[{"href":"https:\/\/ultrasuoni.pdr-server.it\/de\/wp-json\/wp\/v2\/pages"}],"about":[{"href":"https:\/\/ultrasuoni.pdr-server.it\/de\/wp-json\/wp\/v2\/types\/page"}],"author":[{"embeddable":true,"href":"https:\/\/ultrasuoni.pdr-server.it\/de\/wp-json\/wp\/v2\/users\/1"}],"replies":[{"embeddable":true,"href":"https:\/\/ultrasuoni.pdr-server.it\/de\/wp-json\/wp\/v2\/comments?post=3290"}],"version-history":[{"count":3,"href":"https:\/\/ultrasuoni.pdr-server.it\/de\/wp-json\/wp\/v2\/pages\/3290\/revisions"}],"predecessor-version":[{"id":6538,"href":"https:\/\/ultrasuoni.pdr-server.it\/de\/wp-json\/wp\/v2\/pages\/3290\/revisions\/6538"}],"up":[{"embeddable":true,"href":"https:\/\/ultrasuoni.pdr-server.it\/de\/wp-json\/wp\/v2\/pages\/3258"}],"wp:attachment":[{"href":"https:\/\/ultrasuoni.pdr-server.it\/de\/wp-json\/wp\/v2\/media?parent=3290"}],"curies":[{"name":"wp","href":"https:\/\/api.w.org\/{rel}","templated":true}]}}