{"id":3271,"date":"2023-06-07T10:00:13","date_gmt":"2023-06-07T08:00:13","guid":{"rendered":"https:\/\/ultrasuoni.pdr-server.it\/ultraschall-waschtechniken\/piezoelektrischer-effekt-ultraschall\/"},"modified":"2024-05-14T16:20:00","modified_gmt":"2024-05-14T14:20:00","slug":"piezoelektrischer-effekt-ultraschall","status":"publish","type":"page","link":"https:\/\/ultrasuoni.pdr-server.it\/de\/ultraschall-waschtechniken\/piezoelektrischer-effekt-ultraschall\/","title":{"rendered":"Piezoelektrischer Effekt Ultraschall"},"content":{"rendered":"\t\t<div data-elementor-type=\"wp-page\" data-elementor-id=\"3271\" class=\"elementor elementor-3271 elementor-1402\" data-elementor-post-type=\"page\">\n\t\t\t\t<div class=\"elementor-element elementor-element-29faf55d e-con-full e-flex e-con e-parent\" data-id=\"29faf55d\" data-element_type=\"container\">\n\t\t<div class=\"elementor-element elementor-element-1207c430 e-con-full animated-slow e-flex elementor-invisible e-con e-child\" data-id=\"1207c430\" data-element_type=\"container\" data-settings=\"{&quot;animation&quot;:&quot;fadeInLeft&quot;}\">\n\t\t\t\t<div class=\"elementor-element elementor-element-7e165e95 elementor-widget__width-initial elementor-widget-tablet__width-initial elementor-widget elementor-widget-heading\" data-id=\"7e165e95\" data-element_type=\"widget\" data-widget_type=\"heading.default\">\n\t\t\t\t<div class=\"elementor-widget-container\">\n\t\t\t\t\t<h1 class=\"elementor-heading-title elementor-size-default\">Piezoelektrischer Effekt Ultraschall<\/h1>\t\t\t\t<\/div>\n\t\t\t\t<\/div>\n\t\t\t\t<div class=\"elementor-element elementor-element-2d95a8b elementor-widget-divider--view-line elementor-widget elementor-widget-divider\" data-id=\"2d95a8b\" data-element_type=\"widget\" data-widget_type=\"divider.default\">\n\t\t\t\t<div class=\"elementor-widget-container\">\n\t\t\t\t\t\t\t<div class=\"elementor-divider\">\n\t\t\t<span class=\"elementor-divider-separator\">\n\t\t\t\t\t\t<\/span>\n\t\t<\/div>\n\t\t\t\t\t\t<\/div>\n\t\t\t\t<\/div>\n\t\t\t\t<div class=\"elementor-element elementor-element-37d5fd2 elementor-widget elementor-widget-heading\" data-id=\"37d5fd2\" data-element_type=\"widget\" data-widget_type=\"heading.default\">\n\t\t\t\t<div class=\"elementor-widget-container\">\n\t\t\t\t\t<h3 class=\"elementor-heading-title elementor-size-default\">Piezoelektrischer Effekt f\u00fcr das Ultraschall-Waschen<\/h3>\t\t\t\t<\/div>\n\t\t\t\t<\/div>\n\t\t\t\t<div class=\"elementor-element elementor-element-50b06099 elementor-widget__width-initial elementor-widget-tablet__width-inherit elementor-widget elementor-widget-text-editor\" data-id=\"50b06099\" data-element_type=\"widget\" data-widget_type=\"text-editor.default\">\n\t\t\t\t<div class=\"elementor-widget-container\">\n\t\t\t\t\t\t\t\t\t<p>Dieses Ph\u00e4nomen wurde 1880 von den Br\u00fcdern <strong>Jacques und Pierre Curie<\/strong> an bestimmten kristallinen Mineralien, wie z. B. Quarz, entdeckt. Der Name leitet sich vom griechischen &#8222;<em>piezein<\/em>&#8220; ab, was &#8222;dr\u00fccken&#8220; bedeutet. Dieser Effekt fand sofort zahlreiche Anwendungen, aber die wichtigste ist die Umwandlung oder \u00dcbertragung von elektrischer Energie in mechanische Schwingungen. Indem man an den Polen der <strong>piezoelektrischen Elemente<\/strong> eine sinusf\u00f6rmige Spannung erzeugt, d. h. eine Spannung, die kontinuierlich von positiv zu negativ und umgekehrt wechselt, dehnen und schrumpfen die Elemente mit sehr hohen Frequenzen (in unserem Fall 33.000 Hz).<\/p>\n<p>Im Bereich der <strong>Ultraschallreinigung<\/strong> werden sehr hohe Leistungen ben\u00f6tigt. Dies ist nur dank der Entwicklung spezieller keramischer Materialien m\u00f6glich, die durch die Zusammensetzung feiner Metalloxidpulver, in der Regel Titan oder Zirkonium mit Blei oder Barium (PbTiO2 -PbZrO3-BaTiO3), in genau definierten Anteilen erhalten und dann erhitzt werden, damit sie sich gleichm\u00e4\u00dfig vermischen.<\/p>\n<p>Dieses wird mit organischem Bindematerial gemischt und in Formen mit unterschiedlichen Formen gegeben, um die verschiedenen Modelle zu erhalten: Scheiben, Ringe, Platten, Rohre usw. Das Material wird f\u00fcr eine bestimmte Zeit erhitzt, wobei das Pulver sintert und eine sehr kompakte Struktur annimmt. Schlie\u00dflich werden die abgek\u00fchlten Teile mechanisch bearbeitet, um die gew\u00fcnschten pr\u00e4zisen Abmessungen zu erhalten, und schlie\u00dflich werden die Elektroden auf die Oberfl\u00e4chen aufgebracht (in der Regel Silber, das durch Vakuummetallisierung aufgebracht wird).<\/p>\n<p>An diesem Punkt haben wir ein Produkt, das bei einer Temperatur oberhalb des Curie-Punktes eine einfache kristalline Struktur mit kubischer Symmetrie und Dipolen ohne elektrische Ladung aufweist. Knapp unterhalb des Curie-Punktes hingegen nimmt die Struktur eine tetragonale oder rhomboide Symmetrie an und die Dipole sind elektrisch geladen.<\/p>\n\t\t\t\t\t\t\t\t<\/div>\n\t\t\t\t<\/div>\n\t\t\t\t<\/div>\n\t\t<div class=\"elementor-element elementor-element-27102d62 e-con-full animated-slow e-flex e-con e-child\" data-id=\"27102d62\" data-element_type=\"container\" data-settings=\"{&quot;animation&quot;:&quot;none&quot;}\">\n\t\t\t\t<div class=\"elementor-element elementor-element-f132128 elementor-widget elementor-widget-image\" data-id=\"f132128\" data-element_type=\"widget\" data-widget_type=\"image.default\">\n\t\t\t\t<div class=\"elementor-widget-container\">\n\t\t\t\t\t\t\t\t\t\t\t\t\t\t\t<img fetchpriority=\"high\" decoding=\"async\" width=\"591\" height=\"212\" src=\"https:\/\/ultrasuoni.pdr-server.it\/wp-content\/uploads\/onde.jpg\" class=\"attachment-large size-large wp-image-2400\" alt=\"Effetto Piezoelettrico Ultrasuoni\" srcset=\"https:\/\/ultrasuoni.pdr-server.it\/wp-content\/uploads\/onde.jpg 591w, https:\/\/ultrasuoni.pdr-server.it\/wp-content\/uploads\/onde-300x108.jpg 300w\" sizes=\"(max-width: 591px) 100vw, 591px\" \/>\t\t\t\t\t\t\t\t\t\t\t\t\t\t\t<\/div>\n\t\t\t\t<\/div>\n\t\t\t\t<\/div>\n\t\t\t\t<\/div>\n\t\t<div class=\"elementor-element elementor-element-688db73 e-con-full e-flex e-con e-parent\" data-id=\"688db73\" data-element_type=\"container\" data-settings=\"{&quot;background_background&quot;:&quot;classic&quot;}\">\n\t\t<div class=\"elementor-element elementor-element-71d3d6ad e-con-full animated-slow e-flex e-con e-child\" data-id=\"71d3d6ad\" data-element_type=\"container\" data-settings=\"{&quot;animation&quot;:&quot;none&quot;}\">\n\t\t\t\t<div class=\"elementor-element elementor-element-1a011e0 elementor-widget elementor-widget-image\" data-id=\"1a011e0\" data-element_type=\"widget\" data-widget_type=\"image.default\">\n\t\t\t\t<div class=\"elementor-widget-container\">\n\t\t\t\t\t\t\t\t\t\t\t\t\t\t\t<img decoding=\"async\" width=\"800\" height=\"470\" src=\"https:\/\/ultrasuoni.pdr-server.it\/wp-content\/uploads\/Struttura_cristallina_di_un-1024x602.jpg\" class=\"attachment-large size-large wp-image-2403\" alt=\"Effetto Piezoelettrico Ultrasuoni\" srcset=\"https:\/\/ultrasuoni.pdr-server.it\/wp-content\/uploads\/Struttura_cristallina_di_un-1024x602.jpg 1024w, https:\/\/ultrasuoni.pdr-server.it\/wp-content\/uploads\/Struttura_cristallina_di_un-300x176.jpg 300w, https:\/\/ultrasuoni.pdr-server.it\/wp-content\/uploads\/Struttura_cristallina_di_un-768x452.jpg 768w, https:\/\/ultrasuoni.pdr-server.it\/wp-content\/uploads\/Struttura_cristallina_di_un-1536x904.jpg 1536w, https:\/\/ultrasuoni.pdr-server.it\/wp-content\/uploads\/Struttura_cristallina_di_un.jpg 1700w\" sizes=\"(max-width: 800px) 100vw, 800px\" \/>\t\t\t\t\t\t\t\t\t\t\t\t\t\t\t<\/div>\n\t\t\t\t<\/div>\n\t\t\t\t<\/div>\n\t\t<div class=\"elementor-element elementor-element-6407076c e-con-full animated-slow e-flex e-con e-child\" data-id=\"6407076c\" data-element_type=\"container\" data-settings=\"{&quot;animation&quot;:&quot;none&quot;}\">\n\t\t<div class=\"elementor-element elementor-element-5eb0acc0 e-con-full e-flex e-con e-child\" data-id=\"5eb0acc0\" data-element_type=\"container\">\n\t\t\t\t<div class=\"elementor-element elementor-element-292bd9a elementor-widget__width-initial elementor-widget-tablet__width-inherit elementor-widget elementor-widget-text-editor\" data-id=\"292bd9a\" data-element_type=\"widget\" data-widget_type=\"text-editor.default\">\n\t\t\t\t<div class=\"elementor-widget-container\">\n\t\t\t\t\t\t\t\t\t<p>Als n\u00e4chstes m\u00fcssen die geladenen, aber zuf\u00e4llig angeordneten Dipole in der Gitterstruktur in dieselbe Richtung ausgerichtet (polarisiert) werden, um den maximalen <strong>piezoelektrischen Effekt<\/strong> zu erzielen. Dann wird das Material bis knapp unter den Curie-Punkt erhitzt und gleichzeitig einem starken elektrischen Feld ausgesetzt, so dass die Dipole in dieselbe Richtung ausgerichtet sind. Wenn das elektrische Feld entfernt wird, behalten die meisten Dipole ihre angenommene Ausrichtung bei, d. h. <strong>der piezoelektrische Effekt ist maximal wirksam<\/strong>.<\/p>\n\t\t\t\t\t\t\t\t<\/div>\n\t\t\t\t<\/div>\n\t\t\t\t<div class=\"elementor-element elementor-element-671a31f elementor-widget elementor-widget-image\" data-id=\"671a31f\" data-element_type=\"widget\" data-widget_type=\"image.default\">\n\t\t\t\t<div class=\"elementor-widget-container\">\n\t\t\t\t\t\t\t\t\t\t\t\t\t\t\t<img decoding=\"async\" width=\"400\" height=\"180\" src=\"https:\/\/ultrasuoni.pdr-server.it\/wp-content\/uploads\/polarizzazione.jpg\" class=\"attachment-large size-large wp-image-2406\" alt=\"polarizzazione effetto piezoelettrico\" srcset=\"https:\/\/ultrasuoni.pdr-server.it\/wp-content\/uploads\/polarizzazione.jpg 400w, https:\/\/ultrasuoni.pdr-server.it\/wp-content\/uploads\/polarizzazione-300x135.jpg 300w\" sizes=\"(max-width: 400px) 100vw, 400px\" \/>\t\t\t\t\t\t\t\t\t\t\t\t\t\t\t<\/div>\n\t\t\t\t<\/div>\n\t\t\t\t<div class=\"elementor-element elementor-element-57cb8ca5 elementor-widget-divider--view-line elementor-widget elementor-widget-divider\" data-id=\"57cb8ca5\" data-element_type=\"widget\" data-widget_type=\"divider.default\">\n\t\t\t\t<div class=\"elementor-widget-container\">\n\t\t\t\t\t\t\t<div class=\"elementor-divider\">\n\t\t\t<span class=\"elementor-divider-separator\">\n\t\t\t\t\t\t<\/span>\n\t\t<\/div>\n\t\t\t\t\t\t<\/div>\n\t\t\t\t<\/div>\n\t\t\t\t<\/div>\n\t\t\t\t<div class=\"elementor-element elementor-element-3ef75a9d elementor-widget elementor-widget-button\" data-id=\"3ef75a9d\" data-element_type=\"widget\" data-widget_type=\"button.default\">\n\t\t\t\t<div class=\"elementor-widget-container\">\n\t\t\t\t\t\t\t\t\t<div class=\"elementor-button-wrapper\">\n\t\t\t\t\t<a class=\"elementor-button elementor-button-link elementor-size-lg\" href=\"#contattaci\">\n\t\t\t\t\t\t<span class=\"elementor-button-content-wrapper\">\n\t\t\t\t\t\t\t\t\t<span class=\"elementor-button-text\">Kontaktiere uns<\/span>\n\t\t\t\t\t<\/span>\n\t\t\t\t\t<\/a>\n\t\t\t\t<\/div>\n\t\t\t\t\t\t\t\t<\/div>\n\t\t\t\t<\/div>\n\t\t\t\t<\/div>\n\t\t\t\t<\/div>\n\t\t\t\t<\/div>\n\t\t","protected":false},"excerpt":{"rendered":"<p>Piezoelektrischer Effekt f\u00fcr das Ultraschall-Waschen Dieses Ph\u00e4nomen wurde 1880 von den Br\u00fcdern Jacques und Pierre Curie an bestimmten kristallinen Mineralien, wie z. B. Quarz, entdeckt. Der Name leitet sich vom griechischen &#8222;piezein&#8220; ab, was &#8222;dr\u00fccken&#8220; bedeutet. Dieser Effekt fand sofort zahlreiche Anwendungen, aber die wichtigste ist die Umwandlung oder \u00dcbertragung von elektrischer Energie in mechanische [&hellip;]<\/p>\n","protected":false},"author":1,"featured_media":0,"parent":3258,"menu_order":0,"comment_status":"closed","ping_status":"closed","template":"","meta":{"footnotes":""},"class_list":["post-3271","page","type-page","status-publish","hentry"],"_links":{"self":[{"href":"https:\/\/ultrasuoni.pdr-server.it\/de\/wp-json\/wp\/v2\/pages\/3271","targetHints":{"allow":["GET"]}}],"collection":[{"href":"https:\/\/ultrasuoni.pdr-server.it\/de\/wp-json\/wp\/v2\/pages"}],"about":[{"href":"https:\/\/ultrasuoni.pdr-server.it\/de\/wp-json\/wp\/v2\/types\/page"}],"author":[{"embeddable":true,"href":"https:\/\/ultrasuoni.pdr-server.it\/de\/wp-json\/wp\/v2\/users\/1"}],"replies":[{"embeddable":true,"href":"https:\/\/ultrasuoni.pdr-server.it\/de\/wp-json\/wp\/v2\/comments?post=3271"}],"version-history":[{"count":0,"href":"https:\/\/ultrasuoni.pdr-server.it\/de\/wp-json\/wp\/v2\/pages\/3271\/revisions"}],"up":[{"embeddable":true,"href":"https:\/\/ultrasuoni.pdr-server.it\/de\/wp-json\/wp\/v2\/pages\/3258"}],"wp:attachment":[{"href":"https:\/\/ultrasuoni.pdr-server.it\/de\/wp-json\/wp\/v2\/media?parent=3271"}],"curies":[{"name":"wp","href":"https:\/\/api.w.org\/{rel}","templated":true}]}}