{"id":3263,"date":"2023-06-07T09:38:56","date_gmt":"2023-06-07T07:38:56","guid":{"rendered":"https:\/\/ultrasuoni.pdr-server.it\/ultraschall-waschtechniken\/ultraschallleistung-2\/"},"modified":"2024-05-14T16:15:59","modified_gmt":"2024-05-14T14:15:59","slug":"ultraschallleistung-2","status":"publish","type":"page","link":"https:\/\/ultrasuoni.pdr-server.it\/de\/ultraschall-waschtechniken\/ultraschallleistung-2\/","title":{"rendered":"Ultraschallleistung"},"content":{"rendered":"\t\t<div data-elementor-type=\"wp-page\" data-elementor-id=\"3263\" class=\"elementor elementor-3263 elementor-1377\" data-elementor-post-type=\"page\">\n\t\t\t\t<div class=\"elementor-element elementor-element-1696d473 e-con-full e-flex e-con e-parent\" data-id=\"1696d473\" data-element_type=\"container\">\n\t\t<div class=\"elementor-element elementor-element-1fe22a54 e-con-full animated-slow e-flex e-con e-child\" data-id=\"1fe22a54\" data-element_type=\"container\" data-settings=\"{&quot;animation&quot;:&quot;none&quot;}\">\n\t\t\t\t<div class=\"elementor-element elementor-element-52110b7d elementor-widget__width-initial elementor-widget-tablet__width-initial elementor-widget elementor-widget-heading\" data-id=\"52110b7d\" data-element_type=\"widget\" data-widget_type=\"heading.default\">\n\t\t\t\t<div class=\"elementor-widget-container\">\n\t\t\t\t\t<h1 class=\"elementor-heading-title elementor-size-default\">Ultraschallleistung<\/h1>\t\t\t\t<\/div>\n\t\t\t\t<\/div>\n\t\t\t\t<div class=\"elementor-element elementor-element-57c7cd80 elementor-widget-divider--view-line elementor-widget elementor-widget-divider\" data-id=\"57c7cd80\" data-element_type=\"widget\" data-widget_type=\"divider.default\">\n\t\t\t\t<div class=\"elementor-widget-container\">\n\t\t\t\t\t\t\t<div class=\"elementor-divider\">\n\t\t\t<span class=\"elementor-divider-separator\">\n\t\t\t\t\t\t<\/span>\n\t\t<\/div>\n\t\t\t\t\t\t<\/div>\n\t\t\t\t<\/div>\n\t\t\t\t<div class=\"elementor-element elementor-element-317018cf elementor-widget elementor-widget-heading\" data-id=\"317018cf\" data-element_type=\"widget\" data-widget_type=\"heading.default\">\n\t\t\t\t<div class=\"elementor-widget-container\">\n\t\t\t\t\t<h3 class=\"elementor-heading-title elementor-size-default\">Das Konzept der Ultraschallleistung beim Waschen<\/h3>\t\t\t\t<\/div>\n\t\t\t\t<\/div>\n\t\t\t\t<div class=\"elementor-element elementor-element-177dd271 elementor-widget__width-initial elementor-widget-tablet__width-inherit elementor-widget elementor-widget-text-editor\" data-id=\"177dd271\" data-element_type=\"widget\" data-widget_type=\"text-editor.default\">\n\t\t\t\t<div class=\"elementor-widget-container\">\n\t\t\t\t\t\t\t\t\t<p>Es gibt ein sehr umfangreiches Vokabular im Zusammenhang mit dem Konzept der <strong>Ultraschallleistung<\/strong>. Er wird oft mit den Begriffen Peak, Spitze, pulsierend oder Gipfel in Verbindung gebracht.<\/p>\n<p>Im Allgemeinen wird die Leistung eines Ger\u00e4ts durch das Ohmsche Gesetz <strong>P=VxI<\/strong> bestimmt und dann als &#8222;effektive oder durchschnittliche Leistung&#8220; bezeichnet, auf Englisch &#8222;AVERAGE POWER&#8220;.<\/p>\n<p>Ausgehend von dieser Annahme ist es sehr einfach, <strong>die Leistung eines Ultraschallgenerators<\/strong> zu bestimmen: Multiplizieren Sie einfach die Spannung (V), mit der er betrieben wird, mit der Stromst\u00e4rke (A), die er aufnimmt, und das Ergebnis ist die Ultraschallleistung.<\/p>\n<p>Ein weiterer zu ber\u00fccksichtigender Parameter ist der <strong>Wirkungsgrad des Ger\u00e4ts<\/strong>, der je nach Bauart und Komponenten sehr unterschiedlich ist. Daher m\u00fcssen mindestens 10-15 % von dem oben genannten Wert abgezogen werden.<\/p>\n<p>Die <strong>Ultraschallleistung<\/strong>, von der wir bisher gesprochen haben, ist diejenige, die aus dem Generator kommt und an die Schwinger angelegt wird. Hier muss man von Kopplung, Impedanz, Resonanz, Verbundmasse mit der Edelstahlplatte sprechen, auf der die Schwinger angebracht sind.<\/p>\n<p>Um b\u00f6se \u00dcberraschungen zu vermeiden, ist es ratsam, den Verk\u00e4ufer zu bitten, praktische Tests durchzuf\u00fchren. Diese sollten die tats\u00e4chlichen Bedingungen des Systems, das Sie zu installieren beabsichtigen, am besten simulieren.<\/p>\n<p>Seien Sie jedoch vorsichtig bei zu hohen Angaben des Verk\u00e4ufers zur Ultraschallleistung, da es sehr schwierig ist, objektive und zuverl\u00e4ssige Werte zu erhalten.<\/p>\n\t\t\t\t\t\t\t\t<\/div>\n\t\t\t\t<\/div>\n\t\t\t\t<\/div>\n\t\t<div class=\"elementor-element elementor-element-8c66e70 e-con-full animated-slow e-flex e-con e-child\" data-id=\"8c66e70\" data-element_type=\"container\" data-settings=\"{&quot;animation&quot;:&quot;none&quot;}\">\n\t\t\t\t<div class=\"elementor-element elementor-element-6f804de elementor-widget elementor-widget-image\" data-id=\"6f804de\" data-element_type=\"widget\" data-widget_type=\"image.default\">\n\t\t\t\t<div class=\"elementor-widget-container\">\n\t\t\t\t\t\t\t\t\t\t\t\t\t\t\t<img fetchpriority=\"high\" decoding=\"async\" width=\"800\" height=\"600\" src=\"https:\/\/ultrasuoni.pdr-server.it\/wp-content\/uploads\/Vista-Tramazzo.jpg\" class=\"attachment-large size-large wp-image-2388\" alt=\"potenza generatore ad ultrasuoni\" srcset=\"https:\/\/ultrasuoni.pdr-server.it\/wp-content\/uploads\/Vista-Tramazzo.jpg 1000w, https:\/\/ultrasuoni.pdr-server.it\/wp-content\/uploads\/Vista-Tramazzo-300x225.jpg 300w, https:\/\/ultrasuoni.pdr-server.it\/wp-content\/uploads\/Vista-Tramazzo-768x576.jpg 768w\" sizes=\"(max-width: 800px) 100vw, 800px\" \/>\t\t\t\t\t\t\t\t\t\t\t\t\t\t\t<\/div>\n\t\t\t\t<\/div>\n\t\t\t\t<div class=\"elementor-element elementor-element-c7ab815 elementor-widget-divider--view-line elementor-widget elementor-widget-divider\" data-id=\"c7ab815\" data-element_type=\"widget\" data-widget_type=\"divider.default\">\n\t\t\t\t<div class=\"elementor-widget-container\">\n\t\t\t\t\t\t\t<div class=\"elementor-divider\">\n\t\t\t<span class=\"elementor-divider-separator\">\n\t\t\t\t\t\t<\/span>\n\t\t<\/div>\n\t\t\t\t\t\t<\/div>\n\t\t\t\t<\/div>\n\t\t\t\t<div class=\"elementor-element elementor-element-b75555b elementor-widget elementor-widget-button\" data-id=\"b75555b\" data-element_type=\"widget\" data-widget_type=\"button.default\">\n\t\t\t\t<div class=\"elementor-widget-container\">\n\t\t\t\t\t\t\t\t\t<div class=\"elementor-button-wrapper\">\n\t\t\t\t\t<a class=\"elementor-button elementor-button-link elementor-size-lg\" href=\"#contattaci\">\n\t\t\t\t\t\t<span class=\"elementor-button-content-wrapper\">\n\t\t\t\t\t\t\t\t\t<span class=\"elementor-button-text\">Kontaktiere uns<\/span>\n\t\t\t\t\t<\/span>\n\t\t\t\t\t<\/a>\n\t\t\t\t<\/div>\n\t\t\t\t\t\t\t\t<\/div>\n\t\t\t\t<\/div>\n\t\t\t\t<\/div>\n\t\t\t\t<\/div>\n\t\t\t\t<\/div>\n\t\t","protected":false},"excerpt":{"rendered":"<p>Das Konzept der Ultraschallleistung beim Waschen Es gibt ein sehr umfangreiches Vokabular im Zusammenhang mit dem Konzept der Ultraschallleistung. Er wird oft mit den Begriffen Peak, Spitze, pulsierend oder Gipfel in Verbindung gebracht. Im Allgemeinen wird die Leistung eines Ger\u00e4ts durch das Ohmsche Gesetz P=VxI bestimmt und dann als &#8222;effektive oder durchschnittliche Leistung&#8220; bezeichnet, auf [&hellip;]<\/p>\n","protected":false},"author":1,"featured_media":0,"parent":3258,"menu_order":0,"comment_status":"closed","ping_status":"closed","template":"","meta":{"footnotes":""},"class_list":["post-3263","page","type-page","status-publish","hentry"],"_links":{"self":[{"href":"https:\/\/ultrasuoni.pdr-server.it\/de\/wp-json\/wp\/v2\/pages\/3263","targetHints":{"allow":["GET"]}}],"collection":[{"href":"https:\/\/ultrasuoni.pdr-server.it\/de\/wp-json\/wp\/v2\/pages"}],"about":[{"href":"https:\/\/ultrasuoni.pdr-server.it\/de\/wp-json\/wp\/v2\/types\/page"}],"author":[{"embeddable":true,"href":"https:\/\/ultrasuoni.pdr-server.it\/de\/wp-json\/wp\/v2\/users\/1"}],"replies":[{"embeddable":true,"href":"https:\/\/ultrasuoni.pdr-server.it\/de\/wp-json\/wp\/v2\/comments?post=3263"}],"version-history":[{"count":0,"href":"https:\/\/ultrasuoni.pdr-server.it\/de\/wp-json\/wp\/v2\/pages\/3263\/revisions"}],"up":[{"embeddable":true,"href":"https:\/\/ultrasuoni.pdr-server.it\/de\/wp-json\/wp\/v2\/pages\/3258"}],"wp:attachment":[{"href":"https:\/\/ultrasuoni.pdr-server.it\/de\/wp-json\/wp\/v2\/media?parent=3263"}],"curies":[{"name":"wp","href":"https:\/\/api.w.org\/{rel}","templated":true}]}}