{"id":3243,"date":"2023-06-07T08:43:34","date_gmt":"2023-06-07T06:43:34","guid":{"rendered":"https:\/\/ultrasuoni.pdr-server.it\/ultraschallreinigungsanlagen\/automatische-ultraschallanlagen\/"},"modified":"2025-09-16T11:32:23","modified_gmt":"2025-09-16T09:32:23","slug":"automatische-ultraschallanlagen","status":"publish","type":"page","link":"https:\/\/ultrasuoni.pdr-server.it\/de\/ultraschallreinigungsanlagen\/automatische-ultraschallanlagen\/","title":{"rendered":"Automatische Ultraschallanlagen"},"content":{"rendered":"\t\t<div data-elementor-type=\"wp-page\" data-elementor-id=\"3243\" class=\"elementor elementor-3243 elementor-1312\" data-elementor-post-type=\"page\">\n\t\t\t\t<div class=\"elementor-element elementor-element-4fbdcf13 e-con-full e-flex e-con e-parent\" data-id=\"4fbdcf13\" data-element_type=\"container\">\n\t\t<div class=\"elementor-element elementor-element-30779eee e-con-full animated-slow e-flex e-con e-child\" data-id=\"30779eee\" data-element_type=\"container\" data-settings=\"{&quot;animation&quot;:&quot;none&quot;}\">\n\t\t\t\t<div class=\"elementor-element elementor-element-69ec86f8 elementor-widget__width-initial elementor-widget-tablet__width-initial elementor-widget elementor-widget-heading\" data-id=\"69ec86f8\" data-element_type=\"widget\" data-widget_type=\"heading.default\">\n\t\t\t\t<div class=\"elementor-widget-container\">\n\t\t\t\t\t<h1 class=\"elementor-heading-title elementor-size-default\">Automatische Ultraschallanlagen<\/h1>\t\t\t\t<\/div>\n\t\t\t\t<\/div>\n\t\t\t\t<div class=\"elementor-element elementor-element-b37d572 elementor-widget-divider--view-line elementor-widget elementor-widget-divider\" data-id=\"b37d572\" data-element_type=\"widget\" data-widget_type=\"divider.default\">\n\t\t\t\t<div class=\"elementor-widget-container\">\n\t\t\t\t\t\t\t<div class=\"elementor-divider\">\n\t\t\t<span class=\"elementor-divider-separator\">\n\t\t\t\t\t\t<\/span>\n\t\t<\/div>\n\t\t\t\t\t\t<\/div>\n\t\t\t\t<\/div>\n\t\t\t\t<div class=\"elementor-element elementor-element-53b7ddf5 elementor-widget elementor-widget-heading\" data-id=\"53b7ddf5\" data-element_type=\"widget\" data-widget_type=\"heading.default\">\n\t\t\t\t<div class=\"elementor-widget-container\">\n\t\t\t\t\t<h3 class=\"elementor-heading-title elementor-size-default\">Automatische Ultraschallanlagen und Ultraschall-Reinigungsmaschinen mit rotierenden Bechern<\/h3>\t\t\t\t<\/div>\n\t\t\t\t<\/div>\n\t\t\t\t<div class=\"elementor-element elementor-element-fff8ccb elementor-widget__width-initial elementor-widget-tablet__width-inherit elementor-widget elementor-widget-text-editor\" data-id=\"fff8ccb\" data-element_type=\"widget\" data-widget_type=\"text-editor.default\">\n\t\t\t\t<div class=\"elementor-widget-container\">\n\t\t\t\t\t\t\t\t\t<p>Zu den Spitzenprodukten des Moroni-Katalogs geh\u00f6ren <strong>automatische Ultraschall-Waschanlagen<\/strong> aller Art, die nicht nur f\u00fcr die Waschphase, sondern auch f\u00fcr die nachfolgenden Behandlungen ideal sind.<\/p>\n\t\t\t\t\t\t\t\t<\/div>\n\t\t\t\t<\/div>\n\t\t\t\t<div class=\"elementor-element elementor-element-ded28aa elementor-widget elementor-widget-heading\" data-id=\"ded28aa\" data-element_type=\"widget\" data-widget_type=\"heading.default\">\n\t\t\t\t<div class=\"elementor-widget-container\">\n\t\t\t\t\t<h3 class=\"elementor-heading-title elementor-size-default\">ORTHAGON-Br\u00fcckenkrananlagen<\/h3>\t\t\t\t<\/div>\n\t\t\t\t<\/div>\n\t\t\t\t<div class=\"elementor-element elementor-element-bfd84b4 elementor-widget-divider--view-line elementor-widget elementor-widget-divider\" data-id=\"bfd84b4\" data-element_type=\"widget\" data-widget_type=\"divider.default\">\n\t\t\t\t<div class=\"elementor-widget-container\">\n\t\t\t\t\t\t\t<div class=\"elementor-divider\">\n\t\t\t<span class=\"elementor-divider-separator\">\n\t\t\t\t\t\t<\/span>\n\t\t<\/div>\n\t\t\t\t\t\t<\/div>\n\t\t\t\t<\/div>\n\t\t\t\t<div class=\"elementor-element elementor-element-fe475d9 elementor-widget__width-initial elementor-widget-tablet__width-inherit elementor-widget elementor-widget-text-editor\" data-id=\"fe475d9\" data-element_type=\"widget\" data-widget_type=\"text-editor.default\">\n\t\t\t\t<div class=\"elementor-widget-container\">\n\t\t\t\t\t\t\t\t\t<p>Die <strong>automatischen Laufkransysteme Orthagon von Ultrasuoni Moroni<\/strong>\u00a0sind ideal f\u00fcr die Handhabung hoher Lasten, da sie eine hohe Produktivit\u00e4t, einen minimalen Arbeitsaufwand und maximale Sicherheit bei der Bearbeitung gew\u00e4hrleisten.<\/p>\t\t\t\t\t\t\t\t<\/div>\n\t\t\t\t<\/div>\n\t\t\t\t<\/div>\n\t\t<div class=\"elementor-element elementor-element-2caf5cca e-con-full animated-slow e-flex e-con e-child\" data-id=\"2caf5cca\" data-element_type=\"container\" data-settings=\"{&quot;animation&quot;:&quot;none&quot;}\">\n\t\t\t\t<div class=\"elementor-element elementor-element-d89f72f elementor-widget elementor-widget-video\" data-id=\"d89f72f\" data-element_type=\"widget\" data-settings=\"{&quot;video_type&quot;:&quot;vimeo&quot;}\" data-widget_type=\"video.default\">\n\t\t\t\t<div class=\"elementor-widget-container\">\n\t\t\t\t\t\t\t<div class=\"elementor-wrapper elementor-open-inline\">\n\t\t\t<iframe class=\"elementor-video-iframe\" allowfullscreen allow=\"clipboard-write\" title=\"vimeo Video Player\" src=\"https:\/\/player.vimeo.com\/video\/232946408?color&amp;autopause=0&amp;loop=0&amp;muted=0&amp;title=1&amp;portrait=1&amp;byline=1#t=\"><\/iframe>\t\t<\/div>\n\t\t\t\t\t\t<\/div>\n\t\t\t\t<\/div>\n\t\t\t\t<\/div>\n\t\t\t\t<\/div>\n\t\t<div class=\"elementor-element elementor-element-2986d9d4 e-con-full e-flex e-con e-parent\" data-id=\"2986d9d4\" data-element_type=\"container\" data-settings=\"{&quot;background_background&quot;:&quot;classic&quot;}\">\n\t\t<div class=\"elementor-element elementor-element-37a0be49 e-con-full animated-slow e-flex e-con e-child\" data-id=\"37a0be49\" data-element_type=\"container\" data-settings=\"{&quot;animation&quot;:&quot;none&quot;}\">\n\t\t\t\t<div class=\"elementor-element elementor-element-464869c9 elementor-widget elementor-widget-heading\" data-id=\"464869c9\" data-element_type=\"widget\" data-widget_type=\"heading.default\">\n\t\t\t\t<div class=\"elementor-widget-container\">\n\t\t\t\t\t<h3 class=\"elementor-heading-title elementor-size-default\">SCHRITT-ANLAGEN (P.P.)<\/h3>\t\t\t\t<\/div>\n\t\t\t\t<\/div>\n\t\t\t\t<div class=\"elementor-element elementor-element-4208e88e elementor-widget-divider--view-line elementor-widget elementor-widget-divider\" data-id=\"4208e88e\" data-element_type=\"widget\" data-widget_type=\"divider.default\">\n\t\t\t\t<div class=\"elementor-widget-container\">\n\t\t\t\t\t\t\t<div class=\"elementor-divider\">\n\t\t\t<span class=\"elementor-divider-separator\">\n\t\t\t\t\t\t<\/span>\n\t\t<\/div>\n\t\t\t\t\t\t<\/div>\n\t\t\t\t<\/div>\n\t\t\t\t<div class=\"elementor-element elementor-element-1fc59842 elementor-widget__width-initial elementor-widget-tablet__width-inherit elementor-widget elementor-widget-text-editor\" data-id=\"1fc59842\" data-element_type=\"widget\" data-widget_type=\"text-editor.default\">\n\t\t\t\t<div class=\"elementor-widget-container\">\n\t\t\t\t\t\t\t\t\t<p>Die <strong>Moroni Schritt-Anlagen (P.P.)<\/strong>, auch bekannt als <strong>Noria- oder Pilgerschritt-Anlagen<\/strong>, sind in der Lage, dank des gleichzeitigen Anhebens und Bewegens aller K\u00f6rbe eine maximale Produktivit\u00e4t zu gew\u00e4hrleisten. Ein weiterer Pluspunkt ist die einfache Handhabung des Programmierungszyklus, da sie sich kontinuierlich von mindestens 6 bis maximal 10 Bewegungen wiederholen.<\/p>\n\t\t\t\t\t\t\t\t<\/div>\n\t\t\t\t<\/div>\n\t\t\t\t<\/div>\n\t\t<div class=\"elementor-element elementor-element-338901fd e-con-full animated-slow e-flex e-con e-child\" data-id=\"338901fd\" data-element_type=\"container\" data-settings=\"{&quot;animation&quot;:&quot;none&quot;}\">\n\t\t\t\t<div class=\"elementor-element elementor-element-7cc152d3 elementor-widget elementor-widget-gallery\" data-id=\"7cc152d3\" data-element_type=\"widget\" data-settings=\"{&quot;gap&quot;:{&quot;unit&quot;:&quot;px&quot;,&quot;size&quot;:11,&quot;sizes&quot;:[]},&quot;aspect_ratio&quot;:&quot;1:1&quot;,&quot;lazyload&quot;:&quot;yes&quot;,&quot;gallery_layout&quot;:&quot;grid&quot;,&quot;columns&quot;:4,&quot;columns_tablet&quot;:2,&quot;columns_mobile&quot;:1,&quot;gap_tablet&quot;:{&quot;unit&quot;:&quot;px&quot;,&quot;size&quot;:10,&quot;sizes&quot;:[]},&quot;gap_mobile&quot;:{&quot;unit&quot;:&quot;px&quot;,&quot;size&quot;:10,&quot;sizes&quot;:[]},&quot;link_to&quot;:&quot;file&quot;,&quot;overlay_background&quot;:&quot;yes&quot;,&quot;content_hover_animation&quot;:&quot;fade-in&quot;}\" data-widget_type=\"gallery.default\">\n\t\t\t\t<div class=\"elementor-widget-container\">\n\t\t\t\t\t\t\t<div class=\"elementor-gallery__container\">\n\t\t\t\t\t\t\t<a class=\"e-gallery-item elementor-gallery-item elementor-animated-content\" href=\"https:\/\/ultrasuoni.pdr-server.it\/wp-content\/uploads\/Iacobucci-MDV-1200-3-P_P-pixelata-scura-1-241x300-1.jpg\" data-elementor-open-lightbox=\"yes\" data-elementor-lightbox-slideshow=\"7cc152d3\" data-elementor-lightbox-title=\"Iacobucci-MDV-1200-3-P_P-pixelata-scura-1-241x300\" data-e-action-hash=\"#elementor-action%3Aaction%3Dlightbox%26settings%3DeyJpZCI6MjM1OCwidXJsIjoiaHR0cHM6XC9cL3VsdHJhc3VvbmkucGRyLXNlcnZlci5pdFwvd3AtY29udGVudFwvdXBsb2Fkc1wvSWFjb2J1Y2NpLU1EVi0xMjAwLTMtUF9QLXBpeGVsYXRhLXNjdXJhLTEtMjQxeDMwMC0xLmpwZyIsInNsaWRlc2hvdyI6IjdjYzE1MmQzIn0%3D\">\n\t\t\t\t\t<div class=\"e-gallery-image elementor-gallery-item__image\" data-thumbnail=\"https:\/\/ultrasuoni.pdr-server.it\/wp-content\/uploads\/Iacobucci-MDV-1200-3-P_P-pixelata-scura-1-241x300-1.jpg\" data-width=\"241\" data-height=\"300\" aria-label=\"\" role=\"img\" ><\/div>\n\t\t\t\t\t\t\t\t\t\t\t<div class=\"elementor-gallery-item__overlay\"><\/div>\n\t\t\t\t\t\t\t\t\t\t\t\t\t\t<\/a>\n\t\t\t\t\t\t\t<a class=\"e-gallery-item elementor-gallery-item elementor-animated-content\" href=\"https:\/\/ultrasuoni.pdr-server.it\/wp-content\/uploads\/passo-300x158-1.jpg\" data-elementor-open-lightbox=\"yes\" data-elementor-lightbox-slideshow=\"7cc152d3\" data-elementor-lightbox-title=\"passo-300x158\" data-e-action-hash=\"#elementor-action%3Aaction%3Dlightbox%26settings%3DeyJpZCI6MjM2MSwidXJsIjoiaHR0cHM6XC9cL3VsdHJhc3VvbmkucGRyLXNlcnZlci5pdFwvd3AtY29udGVudFwvdXBsb2Fkc1wvcGFzc28tMzAweDE1OC0xLmpwZyIsInNsaWRlc2hvdyI6IjdjYzE1MmQzIn0%3D\">\n\t\t\t\t\t<div class=\"e-gallery-image elementor-gallery-item__image\" data-thumbnail=\"https:\/\/ultrasuoni.pdr-server.it\/wp-content\/uploads\/passo-300x158-1.jpg\" data-width=\"300\" data-height=\"158\" aria-label=\"\" role=\"img\" ><\/div>\n\t\t\t\t\t\t\t\t\t\t\t<div class=\"elementor-gallery-item__overlay\"><\/div>\n\t\t\t\t\t\t\t\t\t\t\t\t\t\t<\/a>\n\t\t\t\t\t<\/div>\n\t\t\t\t\t<\/div>\n\t\t\t\t<\/div>\n\t\t\t\t<\/div>\n\t\t\t\t<\/div>\n\t\t<div class=\"elementor-element elementor-element-d818bc2 e-con-full e-flex e-con e-parent\" data-id=\"d818bc2\" data-element_type=\"container\">\n\t\t<div class=\"elementor-element elementor-element-126f7aa e-con-full animated-slow e-flex e-con e-child\" data-id=\"126f7aa\" data-element_type=\"container\" data-settings=\"{&quot;animation&quot;:&quot;none&quot;}\">\n\t\t\t\t<div class=\"elementor-element elementor-element-9647334 elementor-widget elementor-widget-heading\" data-id=\"9647334\" data-element_type=\"widget\" data-widget_type=\"heading.default\">\n\t\t\t\t<div class=\"elementor-widget-container\">\n\t\t\t\t\t<h3 class=\"elementor-heading-title elementor-size-default\">LIFTER<\/h3>\t\t\t\t<\/div>\n\t\t\t\t<\/div>\n\t\t\t\t<div class=\"elementor-element elementor-element-fa9c4f5 elementor-widget-divider--view-line elementor-widget elementor-widget-divider\" data-id=\"fa9c4f5\" data-element_type=\"widget\" data-widget_type=\"divider.default\">\n\t\t\t\t<div class=\"elementor-widget-container\">\n\t\t\t\t\t\t\t<div class=\"elementor-divider\">\n\t\t\t<span class=\"elementor-divider-separator\">\n\t\t\t\t\t\t<\/span>\n\t\t<\/div>\n\t\t\t\t\t\t<\/div>\n\t\t\t\t<\/div>\n\t\t\t\t<div class=\"elementor-element elementor-element-605ae01 elementor-widget__width-initial elementor-widget-tablet__width-inherit elementor-widget elementor-widget-text-editor\" data-id=\"605ae01\" data-element_type=\"widget\" data-widget_type=\"text-editor.default\">\n\t\t\t\t<div class=\"elementor-widget-container\">\n\t\t\t\t\t\t\t\t\t<p>Bei den <strong>automatischen Waschanlagen Moroni Ultrasonic Lifter<\/strong> werden die zu waschenden Teile auf eine Plattform geladen, die sich automatisch in die Waschposition absenkt. Die Wirkung des Ultraschalls wird durch eine Kolbenbewegung erg\u00e4nzt, die die Entfernung von festen R\u00fcckst\u00e4nden aus dem Inneren der Teile beg\u00fcnstigt. Daher eignet sich dieser Anlagentyp besonders f\u00fcr das <strong>Waschen von schweren mechanischen Teilen<\/strong> wie Motoren, Formen, hydraulischen und pneumatischen Einheiten und Zylindern.<\/p>\n\t\t\t\t\t\t\t\t<\/div>\n\t\t\t\t<\/div>\n\t\t\t\t<div class=\"elementor-element elementor-element-2e0000a elementor-widget elementor-widget-image\" data-id=\"2e0000a\" data-element_type=\"widget\" data-widget_type=\"image.default\">\n\t\t\t\t<div class=\"elementor-widget-container\">\n\t\t\t\t\t\t\t\t\t\t\t\t\t\t\t<img fetchpriority=\"high\" decoding=\"async\" width=\"225\" height=\"300\" src=\"https:\/\/ultrasuoni.pdr-server.it\/wp-content\/uploads\/Lifter-simet-web-225x300-2.jpg\" class=\"attachment-large size-large wp-image-2364\" alt=\"Impianti di Lavaggio Ultrasuoni Automatici\" \/>\t\t\t\t\t\t\t\t\t\t\t\t\t\t\t<\/div>\n\t\t\t\t<\/div>\n\t\t\t\t<\/div>\n\t\t<div class=\"elementor-element elementor-element-d43caa9 e-con-full animated-slow e-flex e-con e-child\" data-id=\"d43caa9\" data-element_type=\"container\" data-settings=\"{&quot;animation&quot;:&quot;none&quot;}\">\n\t\t\t\t<div class=\"elementor-element elementor-element-7ebec79 elementor-widget elementor-widget-video\" data-id=\"7ebec79\" data-element_type=\"widget\" data-settings=\"{&quot;video_type&quot;:&quot;vimeo&quot;}\" data-widget_type=\"video.default\">\n\t\t\t\t<div class=\"elementor-widget-container\">\n\t\t\t\t\t\t\t<div class=\"elementor-wrapper elementor-open-inline\">\n\t\t\t<iframe class=\"elementor-video-iframe\" allowfullscreen allow=\"clipboard-write\" title=\"vimeo Video Player\" src=\"https:\/\/player.vimeo.com\/video\/325626116?color&amp;autopause=0&amp;loop=0&amp;muted=0&amp;title=1&amp;portrait=1&amp;byline=1#t=\"><\/iframe>\t\t<\/div>\n\t\t\t\t\t\t<\/div>\n\t\t\t\t<\/div>\n\t\t\t\t<\/div>\n\t\t\t\t<\/div>\n\t\t<div class=\"elementor-element elementor-element-240f821 e-con-full e-flex e-con e-parent\" data-id=\"240f821\" data-element_type=\"container\" data-settings=\"{&quot;background_background&quot;:&quot;classic&quot;}\">\n\t\t<div class=\"elementor-element elementor-element-b857e60 e-con-full animated-slow e-flex e-con e-child\" data-id=\"b857e60\" data-element_type=\"container\" data-settings=\"{&quot;animation&quot;:&quot;none&quot;}\">\n\t\t\t\t<div class=\"elementor-element elementor-element-ab939d3 elementor-widget elementor-widget-heading\" data-id=\"ab939d3\" data-element_type=\"widget\" data-widget_type=\"heading.default\">\n\t\t\t\t<div class=\"elementor-widget-container\">\n\t\t\t\t\t<h3 class=\"elementor-heading-title elementor-size-default\">Serie ROTOLIFTER<\/h3>\t\t\t\t<\/div>\n\t\t\t\t<\/div>\n\t\t\t\t<div class=\"elementor-element elementor-element-5b80eb2 elementor-widget-divider--view-line elementor-widget elementor-widget-divider\" data-id=\"5b80eb2\" data-element_type=\"widget\" data-widget_type=\"divider.default\">\n\t\t\t\t<div class=\"elementor-widget-container\">\n\t\t\t\t\t\t\t<div class=\"elementor-divider\">\n\t\t\t<span class=\"elementor-divider-separator\">\n\t\t\t\t\t\t<\/span>\n\t\t<\/div>\n\t\t\t\t\t\t<\/div>\n\t\t\t\t<\/div>\n\t\t\t\t<div class=\"elementor-element elementor-element-efd0f43 elementor-widget__width-initial elementor-widget-tablet__width-inherit elementor-widget elementor-widget-text-editor\" data-id=\"efd0f43\" data-element_type=\"widget\" data-widget_type=\"text-editor.default\">\n\t\t\t\t<div class=\"elementor-widget-container\">\n\t\t\t\t\t\t\t\t\t<p>Die <strong>Serie Rotolifter von Ultrasuoni Moroni<\/strong>\u00a0umfasst <strong>Ultraschallwaschanlagen mit rotierenden K\u00f6rben (Tumbler)<\/strong>, die f\u00fcr das hochpr\u00e4zise <strong>Waschen von kleinen Metallteilen im Allgemeinen<\/strong>, zur Entfernung von Bearbeitungs\u00f6len und -fetten, aber vor allem zur Entfernung von Sp\u00e4nen und R\u00fcckst\u00e4nden konzipiert sind.<\/p><p>Die kombinierte Wirkung von Ultraschall und langsamer Rotation der Werkst\u00fccke erm\u00f6glicht es, auch die innersten Teile wie Gewinde, Blindbohrungen und hinterschnittene Fl\u00e4chen zu reinigen. Ein weiterer Vorteil der <strong>Tauchrotation<\/strong> besteht darin, dass die zu reinigenden Werkst\u00fccke geschont werden, indem Kollisionen zwischen ihnen vermieden werden, insbesondere bei den empfindlichsten Teilen wie Au\u00dfengewinden oder empfindlichen Hinterschnittfl\u00e4chen.<\/p><p>In der Waschposition f\u00fchrt die Plattform, die sich mit dem rotierenden Material hebt und senkt, eine Auf- und Abw\u00e4rtsbewegung (das so genannte Eintauchen) durch, wobei die Sp\u00e4ne von den gewaschenen Teilen wegbewegt werden.<\/p><p>Die Hightech-Systeme von Ultrasuoni Moroni mit computergest\u00fctzter Programmierung und Steuerung sind vollautomatisch, so dass die einzige Aufgabe des Bedieners darin besteht, die Drehk\u00f6rper zu entnehmen und auf der Ladeplattform zu platzieren.<br \/>Wenden Sie sich an Ultrasuoni Moroni, um ein auf Ihre <strong>Bed\u00fcrfnisse zugeschnittenes System<\/strong> zu erhalten.<\/p>\t\t\t\t\t\t\t\t<\/div>\n\t\t\t\t<\/div>\n\t\t\t\t<div class=\"elementor-element elementor-element-a5be324 elementor-widget elementor-widget-image\" data-id=\"a5be324\" data-element_type=\"widget\" data-widget_type=\"image.default\">\n\t\t\t\t<div class=\"elementor-widget-container\">\n\t\t\t\t\t\t\t\t\t\t\t\t\t\t\t<img decoding=\"async\" width=\"222\" height=\"300\" src=\"https:\/\/ultrasuoni.pdr-server.it\/wp-content\/uploads\/rotolifter_nuovo-222x300-1.jpg\" class=\"attachment-large size-large wp-image-2367\" alt=\"lavatrici a ultrasuoni con cestelli rotanti\" \/>\t\t\t\t\t\t\t\t\t\t\t\t\t\t\t<\/div>\n\t\t\t\t<\/div>\n\t\t\t\t<div class=\"elementor-element elementor-element-69dd45d elementor-widget elementor-widget-heading\" data-id=\"69dd45d\" data-element_type=\"widget\" data-widget_type=\"heading.default\">\n\t\t\t\t<div class=\"elementor-widget-container\">\n\t\t\t\t\t<h3 class=\"elementor-heading-title elementor-size-default\">Schlie\u00dflich wurden seit 1963 zahlreiche weitere automatische Ultraschallsysteme gebaut. Wir sind auf die Konzeption auch nur einer einzigen Anlage spezialisiert, und eine unserer Abteilungen ist ganz auf diese Art von Problemen ausgerichtet.<\/h3>\t\t\t\t<\/div>\n\t\t\t\t<\/div>\n\t\t\t\t<div class=\"elementor-element elementor-element-c074179 elementor-widget-divider--view-line elementor-widget elementor-widget-divider\" data-id=\"c074179\" data-element_type=\"widget\" data-widget_type=\"divider.default\">\n\t\t\t\t<div class=\"elementor-widget-container\">\n\t\t\t\t\t\t\t<div class=\"elementor-divider\">\n\t\t\t<span class=\"elementor-divider-separator\">\n\t\t\t\t\t\t<\/span>\n\t\t<\/div>\n\t\t\t\t\t\t<\/div>\n\t\t\t\t<\/div>\n\t\t\t\t<\/div>\n\t\t<div class=\"elementor-element elementor-element-c28678e e-con-full animated-slow e-flex e-con e-child\" data-id=\"c28678e\" data-element_type=\"container\" data-settings=\"{&quot;animation&quot;:&quot;none&quot;}\">\n\t\t\t\t<div class=\"elementor-element elementor-element-5a48dd2 elementor-widget elementor-widget-video\" data-id=\"5a48dd2\" data-element_type=\"widget\" data-settings=\"{&quot;video_type&quot;:&quot;vimeo&quot;}\" data-widget_type=\"video.default\">\n\t\t\t\t<div class=\"elementor-widget-container\">\n\t\t\t\t\t\t\t<div class=\"elementor-wrapper elementor-open-inline\">\n\t\t\t<iframe class=\"elementor-video-iframe\" allowfullscreen allow=\"clipboard-write\" title=\"vimeo Video Player\" src=\"https:\/\/player.vimeo.com\/video\/278122493?color&amp;autopause=0&amp;loop=0&amp;muted=0&amp;title=1&amp;portrait=1&amp;byline=1#t=\"><\/iframe>\t\t<\/div>\n\t\t\t\t\t\t<\/div>\n\t\t\t\t<\/div>\n\t\t\t\t<div class=\"elementor-element elementor-element-f2c390f elementor-widget elementor-widget-image\" data-id=\"f2c390f\" data-element_type=\"widget\" data-widget_type=\"image.default\">\n\t\t\t\t<div class=\"elementor-widget-container\">\n\t\t\t\t\t\t\t\t\t\t\t\t\t\t\t<img decoding=\"async\" width=\"1016\" height=\"716\" src=\"https:\/\/ultrasuoni.pdr-server.it\/wp-content\/uploads\/Rotolifter.jpg\" class=\"attachment-full size-full wp-image-2370\" alt=\"Rotolifter lavatrici a ultrasuoni con cestelli rotanti\" srcset=\"https:\/\/ultrasuoni.pdr-server.it\/wp-content\/uploads\/Rotolifter.jpg 1016w, https:\/\/ultrasuoni.pdr-server.it\/wp-content\/uploads\/Rotolifter-300x211.jpg 300w, https:\/\/ultrasuoni.pdr-server.it\/wp-content\/uploads\/Rotolifter-768x541.jpg 768w\" sizes=\"(max-width: 1016px) 100vw, 1016px\" \/>\t\t\t\t\t\t\t\t\t\t\t\t\t\t\t<\/div>\n\t\t\t\t<\/div>\n\t\t<div class=\"elementor-element elementor-element-afdc147 e-con-full e-flex e-con e-child\" data-id=\"afdc147\" data-element_type=\"container\">\n\t\t\t\t<div class=\"elementor-element elementor-element-510cbd5 elementor-widget-divider--view-line elementor-widget elementor-widget-divider\" data-id=\"510cbd5\" data-element_type=\"widget\" data-widget_type=\"divider.default\">\n\t\t\t\t<div class=\"elementor-widget-container\">\n\t\t\t\t\t\t\t<div class=\"elementor-divider\">\n\t\t\t<span class=\"elementor-divider-separator\">\n\t\t\t\t\t\t<\/span>\n\t\t<\/div>\n\t\t\t\t\t\t<\/div>\n\t\t\t\t<\/div>\n\t\t\t\t<\/div>\n\t\t\t\t<div class=\"elementor-element elementor-element-f190241 elementor-widget elementor-widget-button\" data-id=\"f190241\" data-element_type=\"widget\" data-widget_type=\"button.default\">\n\t\t\t\t<div class=\"elementor-widget-container\">\n\t\t\t\t\t\t\t\t\t<div class=\"elementor-button-wrapper\">\n\t\t\t\t\t<a class=\"elementor-button elementor-button-link elementor-size-lg\" href=\"#contattaci\">\n\t\t\t\t\t\t<span class=\"elementor-button-content-wrapper\">\n\t\t\t\t\t\t\t\t\t<span class=\"elementor-button-text\">Kontaktiere uns<\/span>\n\t\t\t\t\t<\/span>\n\t\t\t\t\t<\/a>\n\t\t\t\t<\/div>\n\t\t\t\t\t\t\t\t<\/div>\n\t\t\t\t<\/div>\n\t\t\t\t<\/div>\n\t\t\t\t<\/div>\n\t\t\t\t<\/div>\n\t\t","protected":false},"excerpt":{"rendered":"<p>Automatische Ultraschallanlagen und Ultraschall-Reinigungsmaschinen mit rotierenden Bechern Zu den Spitzenprodukten des Moroni-Katalogs geh\u00f6ren automatische Ultraschall-Waschanlagen aller Art, die nicht nur f\u00fcr die Waschphase, sondern auch f\u00fcr die nachfolgenden Behandlungen ideal sind. ORTHAGON-Br\u00fcckenkrananlagen Die automatischen Laufkransysteme Orthagon von Ultrasuoni Moroni\u00a0sind ideal f\u00fcr die Handhabung hoher Lasten, da sie eine hohe Produktivit\u00e4t, einen minimalen Arbeitsaufwand und maximale [&hellip;]<\/p>\n","protected":false},"author":1,"featured_media":0,"parent":3210,"menu_order":0,"comment_status":"closed","ping_status":"closed","template":"","meta":{"footnotes":""},"class_list":["post-3243","page","type-page","status-publish","hentry"],"_links":{"self":[{"href":"https:\/\/ultrasuoni.pdr-server.it\/de\/wp-json\/wp\/v2\/pages\/3243","targetHints":{"allow":["GET"]}}],"collection":[{"href":"https:\/\/ultrasuoni.pdr-server.it\/de\/wp-json\/wp\/v2\/pages"}],"about":[{"href":"https:\/\/ultrasuoni.pdr-server.it\/de\/wp-json\/wp\/v2\/types\/page"}],"author":[{"embeddable":true,"href":"https:\/\/ultrasuoni.pdr-server.it\/de\/wp-json\/wp\/v2\/users\/1"}],"replies":[{"embeddable":true,"href":"https:\/\/ultrasuoni.pdr-server.it\/de\/wp-json\/wp\/v2\/comments?post=3243"}],"version-history":[{"count":3,"href":"https:\/\/ultrasuoni.pdr-server.it\/de\/wp-json\/wp\/v2\/pages\/3243\/revisions"}],"predecessor-version":[{"id":6523,"href":"https:\/\/ultrasuoni.pdr-server.it\/de\/wp-json\/wp\/v2\/pages\/3243\/revisions\/6523"}],"up":[{"embeddable":true,"href":"https:\/\/ultrasuoni.pdr-server.it\/de\/wp-json\/wp\/v2\/pages\/3210"}],"wp:attachment":[{"href":"https:\/\/ultrasuoni.pdr-server.it\/de\/wp-json\/wp\/v2\/media?parent=3243"}],"curies":[{"name":"wp","href":"https:\/\/api.w.org\/{rel}","templated":true}]}}