{"id":3220,"date":"2023-06-06T15:12:51","date_gmt":"2023-06-06T13:12:51","guid":{"rendered":"https:\/\/ultrasuoni.pdr-server.it\/ultraschallreinigungsanlagen\/anlagen-fuer-ultraschallreinigung\/"},"modified":"2024-05-14T15:47:07","modified_gmt":"2024-05-14T13:47:07","slug":"anlagen-fuer-ultraschallreinigung","status":"publish","type":"page","link":"https:\/\/ultrasuoni.pdr-server.it\/de\/ultraschallreinigungsanlagen\/anlagen-fuer-ultraschallreinigung\/","title":{"rendered":"Anlagen f\u00fcr Ultraschallreinigung"},"content":{"rendered":"\t\t<div data-elementor-type=\"wp-page\" data-elementor-id=\"3220\" class=\"elementor elementor-3220 elementor-1200\" data-elementor-post-type=\"page\">\n\t\t\t\t<div class=\"elementor-element elementor-element-3b0309b e-con-full e-flex e-con e-parent\" data-id=\"3b0309b\" data-element_type=\"container\">\n\t\t<div class=\"elementor-element elementor-element-433bf91 e-con-full animated-slow e-flex e-con e-child\" data-id=\"433bf91\" data-element_type=\"container\" data-settings=\"{&quot;animation&quot;:&quot;none&quot;}\">\n\t\t\t\t<div class=\"elementor-element elementor-element-4b63566 elementor-widget__width-initial elementor-widget-tablet__width-initial elementor-widget elementor-widget-heading\" data-id=\"4b63566\" data-element_type=\"widget\" data-widget_type=\"heading.default\">\n\t\t\t\t<div class=\"elementor-widget-container\">\n\t\t\t\t\t<h1 class=\"elementor-heading-title elementor-size-default\">Anlagen f\u00fcr Ultraschallreinigung<\/h1>\t\t\t\t<\/div>\n\t\t\t\t<\/div>\n\t\t\t\t<div class=\"elementor-element elementor-element-b09a617 elementor-widget-divider--view-line elementor-widget elementor-widget-divider\" data-id=\"b09a617\" data-element_type=\"widget\" data-widget_type=\"divider.default\">\n\t\t\t\t<div class=\"elementor-widget-container\">\n\t\t\t\t\t\t\t<div class=\"elementor-divider\">\n\t\t\t<span class=\"elementor-divider-separator\">\n\t\t\t\t\t\t<\/span>\n\t\t<\/div>\n\t\t\t\t\t\t<\/div>\n\t\t\t\t<\/div>\n\t\t\t\t<div class=\"elementor-element elementor-element-04e827f elementor-widget__width-initial elementor-widget-tablet__width-inherit elementor-widget elementor-widget-text-editor\" data-id=\"04e827f\" data-element_type=\"widget\" data-widget_type=\"text-editor.default\">\n\t\t\t\t<div class=\"elementor-widget-container\">\n\t\t\t\t\t\t\t\t\t<p>Ein <b>Ultraschallreinigungsger\u00e4t<\/b> ist die am weitesten verbreitete und beliebteste L\u00f6sung im Bereich der <b>Reinigungwannen<\/b>, um die Arbeit in der Produktion zu unterst\u00fctzen und sie zu entlasten. Im Allgemeinen handelt es sich um ein Instrument, das zur <b>Reinigung von Gegenst\u00e4nden<\/b> unterschiedlicher Art, Beschaffenheit und Gr\u00f6\u00dfe verwendet werden kann und in bestimmten Industriezweigen weit verbreitet ist: vom Schwermetallsektor bis hin zu Kleinteilen und kleineren Gegenst\u00e4nden.<\/p>\n<p>Konkret wird das Ultraschallreinigungsger\u00e4t zur <b>Entfernung von Schmutz- und Fettr\u00fcckst\u00e4nden<\/b> auf Kunststoff- oder Metalloberfl\u00e4chen eingesetzt. Die Gr\u00f6\u00dfe kann je nach Verwendungszweck der <b>Maschine stark variieren<\/b>: kleinere Maschinen k\u00f6nnen f\u00fcr die <b>Reinigung von Schmuck, Uhren<\/b> und deren Mechanismen, kleinen Metallteilen und <b>sogar elektronischen Zigaretten verwendet werden<\/b>; Ultraschall-Reinigungsmaschinen <b>mit hoher Kapazit\u00e4t<\/b> <b>hingegen k\u00f6nnen in der Schwerindustrie f\u00fcr die Reinigung selbst gro\u00dfer<\/b>Maschinen und Ger\u00e4te eingesetzt werden.<\/p>\n<p>Entdecken Sie das Angebot der <a href=\"https:\/\/ultrasuoni.pdr-server.it\/de\/ultraschallreinigungsanlagen\/\"><b>Moroni-Ultraschall-Reinigungsmaschinen<\/b><\/a>.<\/p>\n\t\t\t\t\t\t\t\t<\/div>\n\t\t\t\t<\/div>\n\t\t\t\t<\/div>\n\t\t<div class=\"elementor-element elementor-element-e53492a e-con-full animated-slow e-flex e-con e-child\" data-id=\"e53492a\" data-element_type=\"container\" data-settings=\"{&quot;animation&quot;:&quot;none&quot;}\">\n\t\t\t\t<div class=\"elementor-element elementor-element-4572412 elementor-widget elementor-widget-image\" data-id=\"4572412\" data-element_type=\"widget\" data-widget_type=\"image.default\">\n\t\t\t\t<div class=\"elementor-widget-container\">\n\t\t\t\t\t\t\t\t\t\t\t\t\t\t\t<img fetchpriority=\"high\" decoding=\"async\" width=\"257\" height=\"300\" src=\"https:\/\/ultrasuoni.pdr-server.it\/wp-content\/uploads\/Vasca-Sonox-200-257x300-1.jpeg\" class=\"attachment-full size-full wp-image-2529\" alt=\"lavatrice per lavaggio a ultrasuoni\" \/>\t\t\t\t\t\t\t\t\t\t\t\t\t\t\t<\/div>\n\t\t\t\t<\/div>\n\t\t\t\t<div class=\"elementor-element elementor-element-a607e15 elementor-widget-divider--view-line elementor-widget elementor-widget-divider\" data-id=\"a607e15\" data-element_type=\"widget\" data-widget_type=\"divider.default\">\n\t\t\t\t<div class=\"elementor-widget-container\">\n\t\t\t\t\t\t\t<div class=\"elementor-divider\">\n\t\t\t<span class=\"elementor-divider-separator\">\n\t\t\t\t\t\t<\/span>\n\t\t<\/div>\n\t\t\t\t\t\t<\/div>\n\t\t\t\t<\/div>\n\t\t\t\t<div class=\"elementor-element elementor-element-1024e02 elementor-widget elementor-widget-button\" data-id=\"1024e02\" data-element_type=\"widget\" data-widget_type=\"button.default\">\n\t\t\t\t<div class=\"elementor-widget-container\">\n\t\t\t\t\t\t\t\t\t<div class=\"elementor-button-wrapper\">\n\t\t\t\t\t<a class=\"elementor-button elementor-button-link elementor-size-lg\" href=\"#contattaci\">\n\t\t\t\t\t\t<span class=\"elementor-button-content-wrapper\">\n\t\t\t\t\t\t\t\t\t<span class=\"elementor-button-text\">Kontaktiere uns<\/span>\n\t\t\t\t\t<\/span>\n\t\t\t\t\t<\/a>\n\t\t\t\t<\/div>\n\t\t\t\t\t\t\t\t<\/div>\n\t\t\t\t<\/div>\n\t\t\t\t<\/div>\n\t\t\t\t<\/div>\n\t\t\t\t<\/div>\n\t\t","protected":false},"excerpt":{"rendered":"<p>Ein Ultraschallreinigungsger\u00e4t ist die am weitesten verbreitete und beliebteste L\u00f6sung im Bereich der Reinigungwannen, um die Arbeit in der Produktion zu unterst\u00fctzen und sie zu entlasten. Im Allgemeinen handelt es sich um ein Instrument, das zur Reinigung von Gegenst\u00e4nden unterschiedlicher Art, Beschaffenheit und Gr\u00f6\u00dfe verwendet werden kann und in bestimmten Industriezweigen weit verbreitet ist: vom [&hellip;]<\/p>\n","protected":false},"author":1,"featured_media":0,"parent":3210,"menu_order":0,"comment_status":"closed","ping_status":"closed","template":"","meta":{"footnotes":""},"class_list":["post-3220","page","type-page","status-publish","hentry"],"_links":{"self":[{"href":"https:\/\/ultrasuoni.pdr-server.it\/de\/wp-json\/wp\/v2\/pages\/3220","targetHints":{"allow":["GET"]}}],"collection":[{"href":"https:\/\/ultrasuoni.pdr-server.it\/de\/wp-json\/wp\/v2\/pages"}],"about":[{"href":"https:\/\/ultrasuoni.pdr-server.it\/de\/wp-json\/wp\/v2\/types\/page"}],"author":[{"embeddable":true,"href":"https:\/\/ultrasuoni.pdr-server.it\/de\/wp-json\/wp\/v2\/users\/1"}],"replies":[{"embeddable":true,"href":"https:\/\/ultrasuoni.pdr-server.it\/de\/wp-json\/wp\/v2\/comments?post=3220"}],"version-history":[{"count":0,"href":"https:\/\/ultrasuoni.pdr-server.it\/de\/wp-json\/wp\/v2\/pages\/3220\/revisions"}],"up":[{"embeddable":true,"href":"https:\/\/ultrasuoni.pdr-server.it\/de\/wp-json\/wp\/v2\/pages\/3210"}],"wp:attachment":[{"href":"https:\/\/ultrasuoni.pdr-server.it\/de\/wp-json\/wp\/v2\/media?parent=3220"}],"curies":[{"name":"wp","href":"https:\/\/api.w.org\/{rel}","templated":true}]}}