{"id":3215,"date":"2023-06-06T15:07:38","date_gmt":"2023-06-06T13:07:38","guid":{"rendered":"https:\/\/ultrasuoni.pdr-server.it\/ultraschallreinigungsanlagen\/wanne-fuer-ultraschallreinigung\/"},"modified":"2024-05-14T15:45:28","modified_gmt":"2024-05-14T13:45:28","slug":"wanne-fuer-ultraschallreinigung","status":"publish","type":"page","link":"https:\/\/ultrasuoni.pdr-server.it\/de\/ultraschallreinigungsanlagen\/wanne-fuer-ultraschallreinigung\/","title":{"rendered":"Wanne f\u00fcr Ultraschallreinigung"},"content":{"rendered":"\t\t<div data-elementor-type=\"wp-page\" data-elementor-id=\"3215\" class=\"elementor elementor-3215 elementor-1185\" data-elementor-post-type=\"page\">\n\t\t\t\t<div class=\"elementor-element elementor-element-54e835cf e-con-full e-flex e-con e-parent\" data-id=\"54e835cf\" data-element_type=\"container\">\n\t\t<div class=\"elementor-element elementor-element-19ad22c4 e-con-full animated-slow e-flex e-con e-child\" data-id=\"19ad22c4\" data-element_type=\"container\" data-settings=\"{&quot;animation&quot;:&quot;none&quot;}\">\n\t\t\t\t<div class=\"elementor-element elementor-element-627d056b elementor-widget__width-initial elementor-widget-tablet__width-initial elementor-widget elementor-widget-heading\" data-id=\"627d056b\" data-element_type=\"widget\" data-widget_type=\"heading.default\">\n\t\t\t\t<div class=\"elementor-widget-container\">\n\t\t\t\t\t<h1 class=\"elementor-heading-title elementor-size-default\">Wanne f\u00fcr Ultraschallreinigung<\/h1>\t\t\t\t<\/div>\n\t\t\t\t<\/div>\n\t\t\t\t<div class=\"elementor-element elementor-element-6df3bb6c elementor-widget-divider--view-line elementor-widget elementor-widget-divider\" data-id=\"6df3bb6c\" data-element_type=\"widget\" data-widget_type=\"divider.default\">\n\t\t\t\t<div class=\"elementor-widget-container\">\n\t\t\t\t\t\t\t<div class=\"elementor-divider\">\n\t\t\t<span class=\"elementor-divider-separator\">\n\t\t\t\t\t\t<\/span>\n\t\t<\/div>\n\t\t\t\t\t\t<\/div>\n\t\t\t\t<\/div>\n\t\t\t\t<div class=\"elementor-element elementor-element-745c601c elementor-widget__width-initial elementor-widget-tablet__width-inherit elementor-widget elementor-widget-text-editor\" data-id=\"745c601c\" data-element_type=\"widget\" data-widget_type=\"text-editor.default\">\n\t\t\t\t<div class=\"elementor-widget-container\">\n\t\t\t\t\t\t\t\t\t<p>Die <b>Ultraschallwanne<\/b> ist ein spezielles Ger\u00e4t f\u00fcr die professionelle Reinigung, das sich in bestimmten Industriezweigen gro\u00dfer Beliebtheit erfreut und eine Vielzahl von Einsatzm\u00f6glichkeiten bietet. Sie sind besonders n\u00fctzlich f\u00fcr die <b>Reinigung und Entfettung<\/b> verschiedener Arten von Materialien, Kunststoffen oder Metallen, und sind in verschiedenen Gr\u00f6\u00dfen im Handel erh\u00e4ltlich, um den gew\u00fcnschten Einsatz zu erm\u00f6glichen. Dank ihrer Wirksamkeit garantieren sie optimale Ergebnisse in k\u00fcrzester Zeit und mit minimalem Aufwand.<\/p>\n<p>Das <b>Funktionsprinzip einer Ultraschallwanne<\/b> besteht darin, dass das zu reinigende Objekt in die Wanne getaucht wird. Durch das Vorhandensein einer speziellen Fl\u00fcssigkeit, die den Schallwellen ausgesetzt wird, erzeugt die Maschine einen <b>Kavitationseffekt<\/b>, der durch die Bildung von Blasen die Reinigung der Oberfl\u00e4chen aller Gegenst\u00e4nde erm\u00f6glicht. Dank der ausgezeichneten Ergebnisse findet diese Art von <b>Ultraschallreiniger<\/b> auch im medizinischen Bereich Anwendung.<\/p>\n<p>Entdecken Sie alle <a href=\"https:\/\/ultrasuoni.pdr-server.it\/de\/anwendungen-ultraschall-reinigung\/\"><b>Anwendungsm\u00f6glichkeiten eines Ultraschallreinigers<\/b><\/a>. <\/p>\n\t\t\t\t\t\t\t\t<\/div>\n\t\t\t\t<\/div>\n\t\t\t\t<\/div>\n\t\t<div class=\"elementor-element elementor-element-5afe3fe1 e-con-full animated-slow e-flex e-con e-child\" data-id=\"5afe3fe1\" data-element_type=\"container\" data-settings=\"{&quot;animation&quot;:&quot;none&quot;}\">\n\t\t\t\t<div class=\"elementor-element elementor-element-335c8725 elementor-widget elementor-widget-gallery\" data-id=\"335c8725\" data-element_type=\"widget\" data-settings=\"{&quot;gap&quot;:{&quot;unit&quot;:&quot;px&quot;,&quot;size&quot;:11,&quot;sizes&quot;:[]},&quot;aspect_ratio&quot;:&quot;1:1&quot;,&quot;columns&quot;:3,&quot;lazyload&quot;:&quot;yes&quot;,&quot;gallery_layout&quot;:&quot;grid&quot;,&quot;columns_tablet&quot;:2,&quot;columns_mobile&quot;:1,&quot;gap_tablet&quot;:{&quot;unit&quot;:&quot;px&quot;,&quot;size&quot;:10,&quot;sizes&quot;:[]},&quot;gap_mobile&quot;:{&quot;unit&quot;:&quot;px&quot;,&quot;size&quot;:10,&quot;sizes&quot;:[]},&quot;link_to&quot;:&quot;file&quot;,&quot;overlay_background&quot;:&quot;yes&quot;,&quot;content_hover_animation&quot;:&quot;fade-in&quot;}\" data-widget_type=\"gallery.default\">\n\t\t\t\t<div class=\"elementor-widget-container\">\n\t\t\t\t\t\t\t<div class=\"elementor-gallery__container\">\n\t\t\t\t\t\t\t<a class=\"e-gallery-item elementor-gallery-item elementor-animated-content\" href=\"https:\/\/ultrasuoni.pdr-server.it\/wp-content\/uploads\/MDV-240_3Ds-300x285-2.jpg\" data-elementor-open-lightbox=\"yes\" data-elementor-lightbox-slideshow=\"335c8725\" data-elementor-lightbox-title=\"MDV-240_3Ds-300x285\" data-e-action-hash=\"#elementor-action%3Aaction%3Dlightbox%26settings%3DeyJpZCI6MjI3MSwidXJsIjoiaHR0cHM6XC9cL3VsdHJhc3VvbmkucGRyLXNlcnZlci5pdFwvd3AtY29udGVudFwvdXBsb2Fkc1wvTURWLTI0MF8zRHMtMzAweDI4NS0yLmpwZyIsInNsaWRlc2hvdyI6IjMzNWM4NzI1In0%3D\">\n\t\t\t\t\t<div class=\"e-gallery-image elementor-gallery-item__image\" data-thumbnail=\"https:\/\/ultrasuoni.pdr-server.it\/wp-content\/uploads\/MDV-240_3Ds-300x285-2.jpg\" data-width=\"300\" data-height=\"285\" aria-label=\"lavatrice a ultrasuoni\" role=\"img\" ><\/div>\n\t\t\t\t\t\t\t\t\t\t\t<div class=\"elementor-gallery-item__overlay\"><\/div>\n\t\t\t\t\t\t\t\t\t\t\t\t\t\t<\/a>\n\t\t\t\t\t\t\t<a class=\"e-gallery-item elementor-gallery-item elementor-animated-content\" href=\"https:\/\/ultrasuoni.pdr-server.it\/wp-content\/uploads\/Faber-completa.jpg\" data-elementor-open-lightbox=\"yes\" data-elementor-lightbox-slideshow=\"335c8725\" data-elementor-lightbox-title=\"Faber-completa\" data-e-action-hash=\"#elementor-action%3Aaction%3Dlightbox%26settings%3DeyJpZCI6MjI3NCwidXJsIjoiaHR0cHM6XC9cL3VsdHJhc3VvbmkucGRyLXNlcnZlci5pdFwvd3AtY29udGVudFwvdXBsb2Fkc1wvRmFiZXItY29tcGxldGEuanBnIiwic2xpZGVzaG93IjoiMzM1Yzg3MjUifQ%3D%3D\">\n\t\t\t\t\t<div class=\"e-gallery-image elementor-gallery-item__image\" data-thumbnail=\"https:\/\/ultrasuoni.pdr-server.it\/wp-content\/uploads\/Faber-completa.jpg\" data-width=\"180\" data-height=\"135\" aria-label=\"\" role=\"img\" ><\/div>\n\t\t\t\t\t\t\t\t\t\t\t<div class=\"elementor-gallery-item__overlay\"><\/div>\n\t\t\t\t\t\t\t\t\t\t\t\t\t\t<\/a>\n\t\t\t\t\t<\/div>\n\t\t\t\t\t<\/div>\n\t\t\t\t<\/div>\n\t\t\t\t<div class=\"elementor-element elementor-element-81c7cf3 elementor-widget-divider--view-line elementor-widget elementor-widget-divider\" data-id=\"81c7cf3\" data-element_type=\"widget\" data-widget_type=\"divider.default\">\n\t\t\t\t<div class=\"elementor-widget-container\">\n\t\t\t\t\t\t\t<div class=\"elementor-divider\">\n\t\t\t<span class=\"elementor-divider-separator\">\n\t\t\t\t\t\t<\/span>\n\t\t<\/div>\n\t\t\t\t\t\t<\/div>\n\t\t\t\t<\/div>\n\t\t\t\t<div class=\"elementor-element elementor-element-e88bbed elementor-widget elementor-widget-button\" data-id=\"e88bbed\" data-element_type=\"widget\" data-widget_type=\"button.default\">\n\t\t\t\t<div class=\"elementor-widget-container\">\n\t\t\t\t\t\t\t\t\t<div class=\"elementor-button-wrapper\">\n\t\t\t\t\t<a class=\"elementor-button elementor-button-link elementor-size-lg\" href=\"#contattaci\">\n\t\t\t\t\t\t<span class=\"elementor-button-content-wrapper\">\n\t\t\t\t\t\t\t\t\t<span class=\"elementor-button-text\">Kontaktiere uns<\/span>\n\t\t\t\t\t<\/span>\n\t\t\t\t\t<\/a>\n\t\t\t\t<\/div>\n\t\t\t\t\t\t\t\t<\/div>\n\t\t\t\t<\/div>\n\t\t\t\t<\/div>\n\t\t\t\t<\/div>\n\t\t\t\t<\/div>\n\t\t","protected":false},"excerpt":{"rendered":"<p>Die Ultraschallwanne ist ein spezielles Ger\u00e4t f\u00fcr die professionelle Reinigung, das sich in bestimmten Industriezweigen gro\u00dfer Beliebtheit erfreut und eine Vielzahl von Einsatzm\u00f6glichkeiten bietet. Sie sind besonders n\u00fctzlich f\u00fcr die Reinigung und Entfettung verschiedener Arten von Materialien, Kunststoffen oder Metallen, und sind in verschiedenen Gr\u00f6\u00dfen im Handel erh\u00e4ltlich, um den gew\u00fcnschten Einsatz zu erm\u00f6glichen. Dank [&hellip;]<\/p>\n","protected":false},"author":1,"featured_media":0,"parent":3210,"menu_order":0,"comment_status":"closed","ping_status":"closed","template":"","meta":{"footnotes":""},"class_list":["post-3215","page","type-page","status-publish","hentry"],"_links":{"self":[{"href":"https:\/\/ultrasuoni.pdr-server.it\/de\/wp-json\/wp\/v2\/pages\/3215","targetHints":{"allow":["GET"]}}],"collection":[{"href":"https:\/\/ultrasuoni.pdr-server.it\/de\/wp-json\/wp\/v2\/pages"}],"about":[{"href":"https:\/\/ultrasuoni.pdr-server.it\/de\/wp-json\/wp\/v2\/types\/page"}],"author":[{"embeddable":true,"href":"https:\/\/ultrasuoni.pdr-server.it\/de\/wp-json\/wp\/v2\/users\/1"}],"replies":[{"embeddable":true,"href":"https:\/\/ultrasuoni.pdr-server.it\/de\/wp-json\/wp\/v2\/comments?post=3215"}],"version-history":[{"count":0,"href":"https:\/\/ultrasuoni.pdr-server.it\/de\/wp-json\/wp\/v2\/pages\/3215\/revisions"}],"up":[{"embeddable":true,"href":"https:\/\/ultrasuoni.pdr-server.it\/de\/wp-json\/wp\/v2\/pages\/3210"}],"wp:attachment":[{"href":"https:\/\/ultrasuoni.pdr-server.it\/de\/wp-json\/wp\/v2\/media?parent=3215"}],"curies":[{"name":"wp","href":"https:\/\/api.w.org\/{rel}","templated":true}]}}