{"id":3210,"date":"2023-06-06T14:44:11","date_gmt":"2023-06-06T12:44:11","guid":{"rendered":"https:\/\/ultrasuoni.pdr-server.it\/ultraschallreinigungsanlagen\/"},"modified":"2024-05-14T15:44:49","modified_gmt":"2024-05-14T13:44:49","slug":"ultraschallreinigungsanlagen","status":"publish","type":"page","link":"https:\/\/ultrasuoni.pdr-server.it\/de\/ultraschallreinigungsanlagen\/","title":{"rendered":"Ultraschallreinigungsanlagen"},"content":{"rendered":"\t\t<div data-elementor-type=\"wp-page\" data-elementor-id=\"3210\" class=\"elementor elementor-3210 elementor-1143\" data-elementor-post-type=\"page\">\n\t\t\t\t<div class=\"elementor-element elementor-element-6c6e75d9 e-con-full e-flex e-con e-parent\" data-id=\"6c6e75d9\" data-element_type=\"container\">\n\t\t<div class=\"elementor-element elementor-element-65297c1c e-con-full animated-slow e-flex e-con e-child\" data-id=\"65297c1c\" data-element_type=\"container\" data-settings=\"{&quot;animation&quot;:&quot;none&quot;}\">\n\t\t\t\t<div class=\"elementor-element elementor-element-17cdffee elementor-widget__width-initial elementor-widget-tablet__width-initial elementor-widget elementor-widget-heading\" data-id=\"17cdffee\" data-element_type=\"widget\" data-widget_type=\"heading.default\">\n\t\t\t\t<div class=\"elementor-widget-container\">\n\t\t\t\t\t<h1 class=\"elementor-heading-title elementor-size-default\">Ultraschallreinigungsanlagen<\/h1>\t\t\t\t<\/div>\n\t\t\t\t<\/div>\n\t\t\t\t<div class=\"elementor-element elementor-element-13177ebd elementor-widget-divider--view-line elementor-widget elementor-widget-divider\" data-id=\"13177ebd\" data-element_type=\"widget\" data-widget_type=\"divider.default\">\n\t\t\t\t<div class=\"elementor-widget-container\">\n\t\t\t\t\t\t\t<div class=\"elementor-divider\">\n\t\t\t<span class=\"elementor-divider-separator\">\n\t\t\t\t\t\t<\/span>\n\t\t<\/div>\n\t\t\t\t\t\t<\/div>\n\t\t\t\t<\/div>\n\t\t\t\t<div class=\"elementor-element elementor-element-581e03f3 elementor-widget elementor-widget-heading\" data-id=\"581e03f3\" data-element_type=\"widget\" data-widget_type=\"heading.default\">\n\t\t\t\t<div class=\"elementor-widget-container\">\n\t\t\t\t\t<h3 class=\"elementor-heading-title elementor-size-default\">Produktion Ultraschall-Reinigungsmaschinen und \u2013Wannen<\/h3>\t\t\t\t<\/div>\n\t\t\t\t<\/div>\n\t\t\t\t<div class=\"elementor-element elementor-element-5334105c elementor-widget__width-initial elementor-widget-tablet__width-inherit elementor-widget elementor-widget-text-editor\" data-id=\"5334105c\" data-element_type=\"widget\" data-widget_type=\"text-editor.default\">\n\t\t\t\t<div class=\"elementor-widget-container\">\n\t\t\t\t\t\t\t\t\t<p>Die <strong>Ultraschallreinigungsanlagen von MORONI<\/strong> umfassen Reinigungsmaschinen, Generatoren und Schwinger sowie s\u00e4mtliches <strong>Zubeh\u00f6r f\u00fcr komplette mehrstufige Systeme<\/strong> wie Sp\u00fcl-, Schutz- und Trocknungswannen.<\/p><p>Zur Vervollst\u00e4ndigung der oben genannten <strong>Ultraschall-Produktpalette<\/strong> stellt das Unternehmen <strong><a href=\"\/de\/anwendungen-ultraschall-reinigung\/ultraschallreinigung-von-kleinteilen\/\">automatische F\u00f6rderanlagen<\/a><\/strong> aller Art her.<\/p><p>Im umfangreichen Labor von Moroni k\u00f6nnen Sie <strong>Tests direkt an Ihren Werkst\u00fccken<\/strong> durchf\u00fchren, um sowohl das Ergebnis als auch die tats\u00e4chliche Produktivit\u00e4t des angebotenen Zyklus im Voraus zu testen.<\/p>\t\t\t\t\t\t\t\t<\/div>\n\t\t\t\t<\/div>\n\t\t\t\t<div class=\"elementor-element elementor-element-d7f4cf0 elementor-widget-divider--view-line elementor-widget elementor-widget-divider\" data-id=\"d7f4cf0\" data-element_type=\"widget\" data-widget_type=\"divider.default\">\n\t\t\t\t<div class=\"elementor-widget-container\">\n\t\t\t\t\t\t\t<div class=\"elementor-divider\">\n\t\t\t<span class=\"elementor-divider-separator\">\n\t\t\t\t\t\t<\/span>\n\t\t<\/div>\n\t\t\t\t\t\t<\/div>\n\t\t\t\t<\/div>\n\t\t\t\t<div class=\"elementor-element elementor-element-9fb8ee2 elementor-widget elementor-widget-button\" data-id=\"9fb8ee2\" data-element_type=\"widget\" data-widget_type=\"button.default\">\n\t\t\t\t<div class=\"elementor-widget-container\">\n\t\t\t\t\t\t\t\t\t<div class=\"elementor-button-wrapper\">\n\t\t\t\t\t<a class=\"elementor-button elementor-button-link elementor-size-lg\" href=\"#contattaci\">\n\t\t\t\t\t\t<span class=\"elementor-button-content-wrapper\">\n\t\t\t\t\t\t\t\t\t<span class=\"elementor-button-text\">Kontaktiere uns<\/span>\n\t\t\t\t\t<\/span>\n\t\t\t\t\t<\/a>\n\t\t\t\t<\/div>\n\t\t\t\t\t\t\t\t<\/div>\n\t\t\t\t<\/div>\n\t\t\t\t<\/div>\n\t\t<div class=\"elementor-element elementor-element-44fa9438 e-con-full animated-slow e-flex e-con e-child\" data-id=\"44fa9438\" data-element_type=\"container\" data-settings=\"{&quot;animation&quot;:&quot;none&quot;}\">\n\t\t\t\t<div class=\"elementor-element elementor-element-790f75c4 elementor-widget elementor-widget-heading\" data-id=\"790f75c4\" data-element_type=\"widget\" data-widget_type=\"heading.default\">\n\t\t\t\t<div class=\"elementor-widget-container\">\n\t\t\t\t\t<h3 class=\"elementor-heading-title elementor-size-default\">\u201eDIE GEWISSHEIT DES ERGEBNISSES WIRD SIE NICHTS KOSTEN\u201c<\/h3>\t\t\t\t<\/div>\n\t\t\t\t<\/div>\n\t\t\t\t<div class=\"elementor-element elementor-element-bad508c elementor-widget-divider--view-line elementor-widget elementor-widget-divider\" data-id=\"bad508c\" data-element_type=\"widget\" data-widget_type=\"divider.default\">\n\t\t\t\t<div class=\"elementor-widget-container\">\n\t\t\t\t\t\t\t<div class=\"elementor-divider\">\n\t\t\t<span class=\"elementor-divider-separator\">\n\t\t\t\t\t\t<\/span>\n\t\t<\/div>\n\t\t\t\t\t\t<\/div>\n\t\t\t\t<\/div>\n\t\t\t\t<div class=\"elementor-element elementor-element-4161765 elementor-widget__width-initial elementor-widget-tablet__width-inherit elementor-widget elementor-widget-text-editor\" data-id=\"4161765\" data-element_type=\"widget\" data-widget_type=\"text-editor.default\">\n\t\t\t\t<div class=\"elementor-widget-container\">\n\t\t\t\t\t\t\t\t\t<p>Dank spezieller <strong>Rendering-Programme<\/strong> kann unsere technische Abteilung in kurzer Zeit und in direkter Zusammenarbeit mit Ihnen das f\u00fcr Ihre Bed\u00fcrfnisse am besten geeignete System entwerfen.<\/p>\n\t\t\t\t\t\t\t\t<\/div>\n\t\t\t\t<\/div>\n\t\t<div class=\"elementor-element elementor-element-975eda2 e-flex e-con-boxed e-con e-child\" data-id=\"975eda2\" data-element_type=\"container\">\n\t\t\t\t\t<div class=\"e-con-inner\">\n\t\t<div class=\"elementor-element elementor-element-fc63daa e-con-full e-flex e-con e-child\" data-id=\"fc63daa\" data-element_type=\"container\">\n\t\t\t\t<div class=\"elementor-element elementor-element-4f9e17d elementor-position-top elementor-widget elementor-widget-image-box\" data-id=\"4f9e17d\" data-element_type=\"widget\" data-widget_type=\"image-box.default\">\n\t\t\t\t<div class=\"elementor-widget-container\">\n\t\t\t\t\t<div class=\"elementor-image-box-wrapper\"><figure class=\"elementor-image-box-img\"><a href=\"\/de\/ultraschallreinigungsanlagen\/ultraschallreiniger\/\" tabindex=\"-1\"><img decoding=\"async\" width=\"150\" height=\"150\" src=\"https:\/\/ultrasuoni.pdr-server.it\/wp-content\/uploads\/Sonox-x-sito-nuovo-150x150-1.jpg\" class=\"attachment-full size-full wp-image-2250\" alt=\"vasche sonox ultrasuoni\" \/><\/a><\/figure><div class=\"elementor-image-box-content\"><h3 class=\"elementor-image-box-title\"><a href=\"\/de\/ultraschallreinigungsanlagen\/ultraschallreiniger\/\">Sonox-Wannen<\/a><\/h3><\/div><\/div>\t\t\t\t<\/div>\n\t\t\t\t<\/div>\n\t\t\t\t<\/div>\n\t\t<div class=\"elementor-element elementor-element-94f8037 e-con-full e-flex e-con e-child\" data-id=\"94f8037\" data-element_type=\"container\">\n\t\t\t\t<div class=\"elementor-element elementor-element-d0a70e1 elementor-position-top elementor-widget elementor-widget-image-box\" data-id=\"d0a70e1\" data-element_type=\"widget\" data-widget_type=\"image-box.default\">\n\t\t\t\t<div class=\"elementor-widget-container\">\n\t\t\t\t\t<div class=\"elementor-image-box-wrapper\"><figure class=\"elementor-image-box-img\"><a href=\"\/de\/ultraschallreinigungsanlagen\/ultraschallwannen\/\" tabindex=\"-1\"><img decoding=\"async\" width=\"150\" height=\"150\" src=\"https:\/\/ultrasuoni.pdr-server.it\/wp-content\/uploads\/MDV-240_3Ds-300x285-150x150-1.jpg\" class=\"attachment-full size-full wp-image-2253\" alt=\"lavatrice a ultrasuoni\" \/><\/a><\/figure><div class=\"elementor-image-box-content\"><h3 class=\"elementor-image-box-title\"><a href=\"\/de\/ultraschallreinigungsanlagen\/ultraschallwannen\/\">Grosse Wannen<\/a><\/h3><\/div><\/div>\t\t\t\t<\/div>\n\t\t\t\t<\/div>\n\t\t\t\t<\/div>\n\t\t<div class=\"elementor-element elementor-element-8273422 e-con-full e-flex e-con e-child\" data-id=\"8273422\" data-element_type=\"container\">\n\t\t\t\t<div class=\"elementor-element elementor-element-bd9323b elementor-position-top elementor-widget elementor-widget-image-box\" data-id=\"bd9323b\" data-element_type=\"widget\" data-widget_type=\"image-box.default\">\n\t\t\t\t<div class=\"elementor-widget-container\">\n\t\t\t\t\t<div class=\"elementor-image-box-wrapper\"><figure class=\"elementor-image-box-img\"><a href=\"\/de\/ultraschallreinigungsanlagen\/automatische-ultraschallanlagen\/\" tabindex=\"-1\"><img decoding=\"async\" width=\"150\" height=\"150\" src=\"https:\/\/ultrasuoni.pdr-server.it\/wp-content\/uploads\/lifter-x-sito-nuovo-150x150-1.jpg\" class=\"attachment-full size-full wp-image-2256\" alt=\"impianti automatici ultrasuoni\" \/><\/a><\/figure><div class=\"elementor-image-box-content\"><h3 class=\"elementor-image-box-title\"><a href=\"\/de\/ultraschallreinigungsanlagen\/automatische-ultraschallanlagen\/\">Automatische Anlagen<\/a><\/h3><\/div><\/div>\t\t\t\t<\/div>\n\t\t\t\t<\/div>\n\t\t\t\t<\/div>\n\t\t<div class=\"elementor-element elementor-element-03ccd1f e-con-full e-flex e-con e-child\" data-id=\"03ccd1f\" data-element_type=\"container\">\n\t\t\t\t<div class=\"elementor-element elementor-element-bbd69d7 elementor-position-top elementor-widget elementor-widget-image-box\" data-id=\"bbd69d7\" data-element_type=\"widget\" data-widget_type=\"image-box.default\">\n\t\t\t\t<div class=\"elementor-widget-container\">\n\t\t\t\t\t<div class=\"elementor-image-box-wrapper\"><figure class=\"elementor-image-box-img\"><a href=\"\/de\/ultraschallreinigungsanlagen\/automatische-roboter-ultraschallsysteme-her\/\" tabindex=\"-1\"><img loading=\"lazy\" decoding=\"async\" width=\"150\" height=\"150\" src=\"https:\/\/ultrasuoni.pdr-server.it\/wp-content\/uploads\/mes_deo_cop_chiuso-150x150-1.jpg\" class=\"attachment-full size-full wp-image-2259\" alt=\"impianti di lavaggio ad ultrasuoni\" \/><\/a><\/figure><div class=\"elementor-image-box-content\"><h3 class=\"elementor-image-box-title\"><a href=\"\/de\/ultraschallreinigungsanlagen\/automatische-roboter-ultraschallsysteme-her\/\">Roboter-Anlagen<\/a><\/h3><\/div><\/div>\t\t\t\t<\/div>\n\t\t\t\t<\/div>\n\t\t\t\t<\/div>\n\t\t<div class=\"elementor-element elementor-element-d6e4c2b e-con-full e-flex e-con e-child\" data-id=\"d6e4c2b\" data-element_type=\"container\">\n\t\t\t\t<div class=\"elementor-element elementor-element-54e69c1 elementor-position-top elementor-widget elementor-widget-image-box\" data-id=\"54e69c1\" data-element_type=\"widget\" data-widget_type=\"image-box.default\">\n\t\t\t\t<div class=\"elementor-widget-container\">\n\t\t\t\t\t<div class=\"elementor-image-box-wrapper\"><figure class=\"elementor-image-box-img\"><a href=\"\/de\/ultraschallreinigungsanlagen\/ultraschall-automatik-anlage\/\" tabindex=\"-1\"><img loading=\"lazy\" decoding=\"async\" width=\"150\" height=\"150\" src=\"https:\/\/ultrasuoni.pdr-server.it\/wp-content\/uploads\/DOrica_buona-150x150-1.jpg\" class=\"attachment-full size-full wp-image-2262\" alt=\"macchinari per il lavaggio ad ultrasuoni\" \/><\/a><\/figure><div class=\"elementor-image-box-content\"><h3 class=\"elementor-image-box-title\"><a href=\"\/de\/ultraschallreinigungsanlagen\/ultraschall-automatik-anlage\/\">Schl\u00fcsselfertige Einheiten<\/a><\/h3><\/div><\/div>\t\t\t\t<\/div>\n\t\t\t\t<\/div>\n\t\t\t\t<\/div>\n\t\t<div class=\"elementor-element elementor-element-a2dde4d e-con-full e-flex e-con e-child\" data-id=\"a2dde4d\" data-element_type=\"container\">\n\t\t\t\t<div class=\"elementor-element elementor-element-2122f5e elementor-position-top elementor-widget elementor-widget-image-box\" data-id=\"2122f5e\" data-element_type=\"widget\" data-widget_type=\"image-box.default\">\n\t\t\t\t<div class=\"elementor-widget-container\">\n\t\t\t\t\t<div class=\"elementor-image-box-wrapper\"><figure class=\"elementor-image-box-img\"><a href=\"\/de\/ultraschallreinigungsanlagen\/ultraschallgeneratoren-und-schwinger\/\" tabindex=\"-1\"><img loading=\"lazy\" decoding=\"async\" width=\"150\" height=\"150\" src=\"https:\/\/ultrasuoni.pdr-server.it\/wp-content\/uploads\/Untitled-1.png\" class=\"attachment-full size-full wp-image-2268\" alt=\"generatori e trasduttori ultrasuoni\" \/><\/a><\/figure><div class=\"elementor-image-box-content\"><h3 class=\"elementor-image-box-title\"><a href=\"\/de\/ultraschallreinigungsanlagen\/ultraschallgeneratoren-und-schwinger\/\">Generatoren und Schwinger<\/a><\/h3><\/div><\/div>\t\t\t\t<\/div>\n\t\t\t\t<\/div>\n\t\t\t\t<\/div>\n\t\t\t\t<div class=\"elementor-element elementor-element-05c7d61 elementor-widget__width-initial elementor-widget-tablet__width-inherit elementor-widget elementor-widget-text-editor\" data-id=\"05c7d61\" data-element_type=\"widget\" data-widget_type=\"text-editor.default\">\n\t\t\t\t<div class=\"elementor-widget-container\">\n\t\t\t\t\t\t\t\t\t<p>Mit \u00fcber 50 Jahren Erfahrung haben wir ma\u00dfgeschneiderte <strong>Ultraschallsysteme f\u00fcr die speziellen Bed\u00fcrfnisse<\/strong> unserer Kunden gebaut und sind immer offen f\u00fcr neue Ideen und Anwendungsm\u00f6glichkeiten, die neue M\u00e4rkte erschlie\u00dfen k\u00f6nnen.<\/p>\n\t\t\t\t\t\t\t\t<\/div>\n\t\t\t\t<\/div>\n\t\t\t\t\t<\/div>\n\t\t\t\t<\/div>\n\t\t\t\t<\/div>\n\t\t\t\t<\/div>\n\t\t\t\t<\/div>\n\t\t","protected":false},"excerpt":{"rendered":"<p>Produktion Ultraschall-Reinigungsmaschinen und \u2013Wannen Die Ultraschallreinigungsanlagen von MORONI umfassen Reinigungsmaschinen, Generatoren und Schwinger sowie s\u00e4mtliches Zubeh\u00f6r f\u00fcr komplette mehrstufige Systeme wie Sp\u00fcl-, Schutz- und Trocknungswannen. Zur Vervollst\u00e4ndigung der oben genannten Ultraschall-Produktpalette stellt das Unternehmen automatische F\u00f6rderanlagen aller Art her. Im umfangreichen Labor von Moroni k\u00f6nnen Sie Tests direkt an Ihren Werkst\u00fccken durchf\u00fchren, um sowohl das [&hellip;]<\/p>\n","protected":false},"author":1,"featured_media":0,"parent":0,"menu_order":0,"comment_status":"closed","ping_status":"closed","template":"","meta":{"footnotes":""},"class_list":["post-3210","page","type-page","status-publish","hentry"],"_links":{"self":[{"href":"https:\/\/ultrasuoni.pdr-server.it\/de\/wp-json\/wp\/v2\/pages\/3210","targetHints":{"allow":["GET"]}}],"collection":[{"href":"https:\/\/ultrasuoni.pdr-server.it\/de\/wp-json\/wp\/v2\/pages"}],"about":[{"href":"https:\/\/ultrasuoni.pdr-server.it\/de\/wp-json\/wp\/v2\/types\/page"}],"author":[{"embeddable":true,"href":"https:\/\/ultrasuoni.pdr-server.it\/de\/wp-json\/wp\/v2\/users\/1"}],"replies":[{"embeddable":true,"href":"https:\/\/ultrasuoni.pdr-server.it\/de\/wp-json\/wp\/v2\/comments?post=3210"}],"version-history":[{"count":0,"href":"https:\/\/ultrasuoni.pdr-server.it\/de\/wp-json\/wp\/v2\/pages\/3210\/revisions"}],"wp:attachment":[{"href":"https:\/\/ultrasuoni.pdr-server.it\/de\/wp-json\/wp\/v2\/media?parent=3210"}],"curies":[{"name":"wp","href":"https:\/\/api.w.org\/{rel}","templated":true}]}}