{"id":3193,"date":"2023-06-06T12:16:24","date_gmt":"2023-06-06T10:16:24","guid":{"rendered":"https:\/\/ultrasuoni.pdr-server.it\/anwendungen-ultraschall-reinigung\/pneumatische-ultraschallreinigung\/"},"modified":"2024-05-14T15:38:45","modified_gmt":"2024-05-14T13:38:45","slug":"pneumatische-ultraschallreinigung","status":"publish","type":"page","link":"https:\/\/ultrasuoni.pdr-server.it\/de\/anwendungen-ultraschall-reinigung\/pneumatische-ultraschallreinigung\/","title":{"rendered":"Pneumatische Ultraschallreinigung"},"content":{"rendered":"\t\t<div data-elementor-type=\"wp-page\" data-elementor-id=\"3193\" class=\"elementor elementor-3193 elementor-1029\" data-elementor-post-type=\"page\">\n\t\t\t\t<div class=\"elementor-element elementor-element-2ed13d02 e-con-full e-flex e-con e-parent\" data-id=\"2ed13d02\" data-element_type=\"container\">\n\t\t<div class=\"elementor-element elementor-element-16851939 e-con-full animated-slow e-flex e-con e-child\" data-id=\"16851939\" data-element_type=\"container\" data-settings=\"{&quot;animation&quot;:&quot;none&quot;}\">\n\t\t\t\t<div class=\"elementor-element elementor-element-14b74cd6 elementor-widget__width-initial elementor-widget-tablet__width-initial elementor-widget elementor-widget-heading\" data-id=\"14b74cd6\" data-element_type=\"widget\" data-widget_type=\"heading.default\">\n\t\t\t\t<div class=\"elementor-widget-container\">\n\t\t\t\t\t<h1 class=\"elementor-heading-title elementor-size-default\">Pneumatische Ultraschallreinigung<\/h1>\t\t\t\t<\/div>\n\t\t\t\t<\/div>\n\t\t\t\t<div class=\"elementor-element elementor-element-55e82d8d elementor-widget-divider--view-line elementor-widget elementor-widget-divider\" data-id=\"55e82d8d\" data-element_type=\"widget\" data-widget_type=\"divider.default\">\n\t\t\t\t<div class=\"elementor-widget-container\">\n\t\t\t\t\t\t\t<div class=\"elementor-divider\">\n\t\t\t<span class=\"elementor-divider-separator\">\n\t\t\t\t\t\t<\/span>\n\t\t<\/div>\n\t\t\t\t\t\t<\/div>\n\t\t\t\t<\/div>\n\t\t\t\t<div class=\"elementor-element elementor-element-25409651 elementor-widget elementor-widget-heading\" data-id=\"25409651\" data-element_type=\"widget\" data-widget_type=\"heading.default\">\n\t\t\t\t<div class=\"elementor-widget-container\">\n\t\t\t\t\t<h3 class=\"elementor-heading-title elementor-size-default\">Pneumatische Ultraschallreinigung f\u00fcr Ventile, Verteiler und Kolben<\/h3>\t\t\t\t<\/div>\n\t\t\t\t<\/div>\n\t\t\t\t<div class=\"elementor-element elementor-element-3addb53 elementor-widget__width-initial elementor-widget-tablet__width-inherit elementor-widget elementor-widget-text-editor\" data-id=\"3addb53\" data-element_type=\"widget\" data-widget_type=\"text-editor.default\">\n\t\t\t\t<div class=\"elementor-widget-container\">\n\t\t\t\t\t\t\t\t\t<p><strong>Pneumatisches Waschen mit Ultraschall<\/strong> f\u00fcr Ventile, Verteiler und Kolben Die Anlagen und Reinigungsmaschinen von <strong>Moroni<\/strong> im Bereich der pneumatischen Ultraschallreinigung werden sowohl in der Produktion als auch in den Zwischenstufen eingesetzt. Im Bereich der Pneumatik und Hydraulik erm\u00f6glicht die Wirkung des Ultraschalls das Erreichen aller inneren Teile. Dies erleichtert die Entfernung von Fremdk\u00f6rpern, Sp\u00e4nen, Feilsp\u00e4nen usw.<\/p>\n<p>Auch bei der Wartung reduziert sich der Arbeitsaufwand, da sie eine perfekte Reinigung gew\u00e4hrleistet, ohne dass viele Teile demontiert werden m\u00fcssen. Die Reinigung erfolgt mit alkalischen, w\u00e4ssrigen Reinigungsmitteln in niedriger Konzentration (3-5%) und mittlerer Temperatur (60\u00b0C).<\/p>\n\t\t\t\t\t\t\t\t<\/div>\n\t\t\t\t<\/div>\n\t\t\t\t<div class=\"elementor-element elementor-element-7a93fac elementor-widget elementor-widget-image\" data-id=\"7a93fac\" data-element_type=\"widget\" data-widget_type=\"image.default\">\n\t\t\t\t<div class=\"elementor-widget-container\">\n\t\t\t\t\t\t\t\t\t\t\t\t\t\t\t<img fetchpriority=\"high\" decoding=\"async\" width=\"300\" height=\"267\" src=\"https:\/\/ultrasuoni.pdr-server.it\/wp-content\/uploads\/PneumaticaInsieme2-300x267-1.jpg\" class=\"attachment-large size-large wp-image-2145\" alt=\"Lavaggio Pneumatica Ad Ultrasuoni\" \/>\t\t\t\t\t\t\t\t\t\t\t\t\t\t\t<\/div>\n\t\t\t\t<\/div>\n\t\t\t\t<\/div>\n\t\t<div class=\"elementor-element elementor-element-550fdf1c e-con-full animated-slow e-flex e-con e-child\" data-id=\"550fdf1c\" data-element_type=\"container\" data-settings=\"{&quot;animation&quot;:&quot;none&quot;}\">\n\t\t\t\t<div class=\"elementor-element elementor-element-63fc2ce elementor-widget__width-initial elementor-widget-tablet__width-inherit elementor-widget elementor-widget-text-editor\" data-id=\"63fc2ce\" data-element_type=\"widget\" data-widget_type=\"text-editor.default\">\n\t\t\t\t<div class=\"elementor-widget-container\">\n\t\t\t\t\t\t\t\t\t<p>In der Hydraulik \u00fcbernimmt Moroni die pneumatische <strong>Ultraschallreinigung von Brems- und Kupplungsbaugruppen<\/strong>, Ventilen und Servosteuerungen.<\/p>\n<p>Dar\u00fcber hinaus kann die abschlie\u00dfende Ultraschallreinigung als Test verwendet werden, um sicherzustellen, dass das Produkt absolut frei von Fremdk\u00f6rpern ist, die Fehlfunktionen der Ausr\u00fcstung verursachen k\u00f6nnten.<\/p>\n\t\t\t\t\t\t\t\t<\/div>\n\t\t\t\t<\/div>\n\t\t\t\t<div class=\"elementor-element elementor-element-105138c elementor-widget elementor-widget-gallery\" data-id=\"105138c\" data-element_type=\"widget\" data-settings=\"{&quot;gap&quot;:{&quot;unit&quot;:&quot;px&quot;,&quot;size&quot;:11,&quot;sizes&quot;:[]},&quot;aspect_ratio&quot;:&quot;16:9&quot;,&quot;columns&quot;:3,&quot;lazyload&quot;:&quot;yes&quot;,&quot;gallery_layout&quot;:&quot;grid&quot;,&quot;columns_tablet&quot;:2,&quot;columns_mobile&quot;:1,&quot;gap_tablet&quot;:{&quot;unit&quot;:&quot;px&quot;,&quot;size&quot;:10,&quot;sizes&quot;:[]},&quot;gap_mobile&quot;:{&quot;unit&quot;:&quot;px&quot;,&quot;size&quot;:10,&quot;sizes&quot;:[]},&quot;link_to&quot;:&quot;file&quot;,&quot;overlay_background&quot;:&quot;yes&quot;,&quot;content_hover_animation&quot;:&quot;fade-in&quot;}\" data-widget_type=\"gallery.default\">\n\t\t\t\t<div class=\"elementor-widget-container\">\n\t\t\t\t\t\t\t<div class=\"elementor-gallery__container\">\n\t\t\t\t\t\t\t<a class=\"e-gallery-item elementor-gallery-item elementor-animated-content\" href=\"https:\/\/ultrasuoni.pdr-server.it\/wp-content\/uploads\/wpa2055b13_05-300x142-1.jpg\" data-elementor-open-lightbox=\"yes\" data-elementor-lightbox-slideshow=\"105138c\" data-elementor-lightbox-title=\"wpa2055b13_05-300x142\" data-e-action-hash=\"#elementor-action%3Aaction%3Dlightbox%26settings%3DeyJpZCI6MjE0OCwidXJsIjoiaHR0cHM6XC9cL3VsdHJhc3VvbmkucGRyLXNlcnZlci5pdFwvd3AtY29udGVudFwvdXBsb2Fkc1wvd3BhMjA1NWIxM18wNS0zMDB4MTQyLTEuanBnIiwic2xpZGVzaG93IjoiMTA1MTM4YyJ9\">\n\t\t\t\t\t<div class=\"e-gallery-image elementor-gallery-item__image\" data-thumbnail=\"https:\/\/ultrasuoni.pdr-server.it\/wp-content\/uploads\/wpa2055b13_05-300x142-1.jpg\" data-width=\"300\" data-height=\"142\" aria-label=\"\" role=\"img\" ><\/div>\n\t\t\t\t\t\t\t\t\t\t\t<div class=\"elementor-gallery-item__overlay\"><\/div>\n\t\t\t\t\t\t\t\t\t\t\t\t\t\t<\/a>\n\t\t\t\t\t\t\t<a class=\"e-gallery-item elementor-gallery-item elementor-animated-content\" href=\"https:\/\/ultrasuoni.pdr-server.it\/wp-content\/uploads\/oleodinamica-1-300x125-1.jpg\" data-elementor-open-lightbox=\"yes\" data-elementor-lightbox-slideshow=\"105138c\" data-elementor-lightbox-title=\"oleodinamica-1-300x125\" data-e-action-hash=\"#elementor-action%3Aaction%3Dlightbox%26settings%3DeyJpZCI6MjE1MSwidXJsIjoiaHR0cHM6XC9cL3VsdHJhc3VvbmkucGRyLXNlcnZlci5pdFwvd3AtY29udGVudFwvdXBsb2Fkc1wvb2xlb2RpbmFtaWNhLTEtMzAweDEyNS0xLmpwZyIsInNsaWRlc2hvdyI6IjEwNTEzOGMifQ%3D%3D\">\n\t\t\t\t\t<div class=\"e-gallery-image elementor-gallery-item__image\" data-thumbnail=\"https:\/\/ultrasuoni.pdr-server.it\/wp-content\/uploads\/oleodinamica-1-300x125-1.jpg\" data-width=\"300\" data-height=\"125\" aria-label=\"\" role=\"img\" ><\/div>\n\t\t\t\t\t\t\t\t\t\t\t<div class=\"elementor-gallery-item__overlay\"><\/div>\n\t\t\t\t\t\t\t\t\t\t\t\t\t\t<\/a>\n\t\t\t\t\t<\/div>\n\t\t\t\t\t<\/div>\n\t\t\t\t<\/div>\n\t\t\t\t<div class=\"elementor-element elementor-element-29213f5 elementor-widget-divider--view-line elementor-widget elementor-widget-divider\" data-id=\"29213f5\" data-element_type=\"widget\" data-widget_type=\"divider.default\">\n\t\t\t\t<div class=\"elementor-widget-container\">\n\t\t\t\t\t\t\t<div class=\"elementor-divider\">\n\t\t\t<span class=\"elementor-divider-separator\">\n\t\t\t\t\t\t<\/span>\n\t\t<\/div>\n\t\t\t\t\t\t<\/div>\n\t\t\t\t<\/div>\n\t\t\t\t<div class=\"elementor-element elementor-element-1921965 elementor-widget elementor-widget-button\" data-id=\"1921965\" data-element_type=\"widget\" data-widget_type=\"button.default\">\n\t\t\t\t<div class=\"elementor-widget-container\">\n\t\t\t\t\t\t\t\t\t<div class=\"elementor-button-wrapper\">\n\t\t\t\t\t<a class=\"elementor-button elementor-button-link elementor-size-lg\" href=\"#contattaci\">\n\t\t\t\t\t\t<span class=\"elementor-button-content-wrapper\">\n\t\t\t\t\t\t\t\t\t<span class=\"elementor-button-text\">Kontaktiere uns<\/span>\n\t\t\t\t\t<\/span>\n\t\t\t\t\t<\/a>\n\t\t\t\t<\/div>\n\t\t\t\t\t\t\t\t<\/div>\n\t\t\t\t<\/div>\n\t\t\t\t<\/div>\n\t\t\t\t<\/div>\n\t\t\t\t<\/div>\n\t\t","protected":false},"excerpt":{"rendered":"<p>Pneumatische Ultraschallreinigung f\u00fcr Ventile, Verteiler und Kolben Pneumatisches Waschen mit Ultraschall f\u00fcr Ventile, Verteiler und Kolben Die Anlagen und Reinigungsmaschinen von Moroni im Bereich der pneumatischen Ultraschallreinigung werden sowohl in der Produktion als auch in den Zwischenstufen eingesetzt. Im Bereich der Pneumatik und Hydraulik erm\u00f6glicht die Wirkung des Ultraschalls das Erreichen aller inneren Teile. Dies [&hellip;]<\/p>\n","protected":false},"author":1,"featured_media":0,"parent":3149,"menu_order":0,"comment_status":"closed","ping_status":"closed","template":"","meta":{"footnotes":""},"class_list":["post-3193","page","type-page","status-publish","hentry"],"_links":{"self":[{"href":"https:\/\/ultrasuoni.pdr-server.it\/de\/wp-json\/wp\/v2\/pages\/3193","targetHints":{"allow":["GET"]}}],"collection":[{"href":"https:\/\/ultrasuoni.pdr-server.it\/de\/wp-json\/wp\/v2\/pages"}],"about":[{"href":"https:\/\/ultrasuoni.pdr-server.it\/de\/wp-json\/wp\/v2\/types\/page"}],"author":[{"embeddable":true,"href":"https:\/\/ultrasuoni.pdr-server.it\/de\/wp-json\/wp\/v2\/users\/1"}],"replies":[{"embeddable":true,"href":"https:\/\/ultrasuoni.pdr-server.it\/de\/wp-json\/wp\/v2\/comments?post=3193"}],"version-history":[{"count":0,"href":"https:\/\/ultrasuoni.pdr-server.it\/de\/wp-json\/wp\/v2\/pages\/3193\/revisions"}],"up":[{"embeddable":true,"href":"https:\/\/ultrasuoni.pdr-server.it\/de\/wp-json\/wp\/v2\/pages\/3149"}],"wp:attachment":[{"href":"https:\/\/ultrasuoni.pdr-server.it\/de\/wp-json\/wp\/v2\/media?parent=3193"}],"curies":[{"name":"wp","href":"https:\/\/api.w.org\/{rel}","templated":true}]}}