{"id":3187,"date":"2023-06-06T11:49:58","date_gmt":"2023-06-06T09:49:58","guid":{"rendered":"https:\/\/ultrasuoni.pdr-server.it\/anwendungen-ultraschall-reinigung\/tintenwaschdruck-mit-ultraschall\/"},"modified":"2024-08-02T13:42:24","modified_gmt":"2024-08-02T11:42:24","slug":"tintenwaschdruck-mit-ultraschall","status":"publish","type":"page","link":"https:\/\/ultrasuoni.pdr-server.it\/de\/anwendungen-ultraschall-reinigung\/tintenwaschdruck-mit-ultraschall\/","title":{"rendered":"Tintenwaschdruck mit Ultraschall"},"content":{"rendered":"\t\t<div data-elementor-type=\"wp-page\" data-elementor-id=\"3187\" class=\"elementor elementor-3187 elementor-1003\" data-elementor-post-type=\"page\">\n\t\t\t\t<div class=\"elementor-element elementor-element-336cbfa4 e-con-full e-flex e-con e-parent\" data-id=\"336cbfa4\" data-element_type=\"container\">\n\t\t<div class=\"elementor-element elementor-element-717a8f6e e-con-full animated-slow e-flex e-con e-child\" data-id=\"717a8f6e\" data-element_type=\"container\" data-settings=\"{&quot;animation&quot;:&quot;none&quot;}\">\n\t\t\t\t<div class=\"elementor-element elementor-element-273177f4 elementor-widget__width-initial elementor-widget-tablet__width-initial elementor-widget elementor-widget-heading\" data-id=\"273177f4\" data-element_type=\"widget\" data-widget_type=\"heading.default\">\n\t\t\t\t<div class=\"elementor-widget-container\">\n\t\t\t\t\t<h1 class=\"elementor-heading-title elementor-size-default\">Tintenwaschdruck mit Ultraschall<\/h1>\t\t\t\t<\/div>\n\t\t\t\t<\/div>\n\t\t\t\t<div class=\"elementor-element elementor-element-419777dd elementor-widget-divider--view-line elementor-widget elementor-widget-divider\" data-id=\"419777dd\" data-element_type=\"widget\" data-widget_type=\"divider.default\">\n\t\t\t\t<div class=\"elementor-widget-container\">\n\t\t\t\t\t\t\t<div class=\"elementor-divider\">\n\t\t\t<span class=\"elementor-divider-separator\">\n\t\t\t\t\t\t<\/span>\n\t\t<\/div>\n\t\t\t\t\t\t<\/div>\n\t\t\t\t<\/div>\n\t\t\t\t<div class=\"elementor-element elementor-element-6f2da66f elementor-widget elementor-widget-heading\" data-id=\"6f2da66f\" data-element_type=\"widget\" data-widget_type=\"heading.default\">\n\t\t\t\t<div class=\"elementor-widget-container\">\n\t\t\t\t\t<h3 class=\"elementor-heading-title elementor-size-default\">Reinigung Druck- und Farbwalze<\/h3>\t\t\t\t<\/div>\n\t\t\t\t<\/div>\n\t\t\t\t<div class=\"elementor-element elementor-element-e7b4496 elementor-widget__width-initial elementor-widget-tablet__width-inherit elementor-widget elementor-widget-text-editor\" data-id=\"e7b4496\" data-element_type=\"widget\" data-widget_type=\"text-editor.default\">\n\t\t\t\t<div class=\"elementor-widget-container\">\n\t\t\t\t\t\t\t\t\t<p>DRUCKFARBENW\u00c4SCHE IM ALLGEMEINEN VERLAGSWESEN<\/p>\n<p>Im Verlagswesen im Allgemeinen wird die <strong>Ultraschall-Farbwaschung<\/strong>, wie sie von <strong>Moroni<\/strong> durchgef\u00fchrt wird, immer h\u00e4ufiger f\u00fcr die <strong>Reinigung von Druckwalzen und Farbwerken<\/strong> eingesetzt, aber auch im Offset-, Flexo- und Tiefdruck findet sie Anwendung.<\/p>\n<p>Diese Technik hat den gro\u00dfen Vorteil, dass sie die <strong>Verwendung von Reinigungsmitteln auf Wasserbasis erm\u00f6glicht<\/strong>und den Verzicht auf organische L\u00f6sungsmittel beg\u00fcnstigt, die so giftig und sch\u00e4dlich sind, dass das zust\u00e4ndige Personal Schutzausr\u00fcstung (Handschuhe, Overalls, Masken) tragen muss und die Entsorgung dieser L\u00f6sungsmittel als Sonderm\u00fcll, ein teurer und gef\u00e4hrlicher Vorgang, gro\u00dfe Probleme mit sich bringt.<\/p>\n<p>Au\u00dferdem erfordern besonders sch\u00e4dliche L\u00f6sungsmittel wie Toluol, Xylol oder Phosgen ohne <strong>Ultraschallreinigung<\/strong> enorme Kosten f\u00fcr den Bau von Anlagen zu ihrer Behandlung und f\u00fcr die Bereitstellung von Sicherheitsausr\u00fcstungen f\u00fcr das zust\u00e4ndige Personal.<\/p>\n\t\t\t\t\t\t\t\t<\/div>\n\t\t\t\t<\/div>\n\t\t\t\t<\/div>\n\t\t<div class=\"elementor-element elementor-element-592b7302 e-con-full animated-slow e-flex e-con e-child\" data-id=\"592b7302\" data-element_type=\"container\" data-settings=\"{&quot;animation&quot;:&quot;none&quot;}\">\n\t\t\t\t<div class=\"elementor-element elementor-element-e97f9d5 elementor-widget elementor-widget-heading\" data-id=\"e97f9d5\" data-element_type=\"widget\" data-widget_type=\"heading.default\">\n\t\t\t\t<div class=\"elementor-widget-container\">\n\t\t\t\t\t<h3 class=\"elementor-heading-title elementor-size-default\">Tintenw\u00e4sche mit minimalem Arbeitsaufwand<\/h3>\t\t\t\t<\/div>\n\t\t\t\t<\/div>\n\t\t\t\t<div class=\"elementor-element elementor-element-436bda5 elementor-widget-divider--view-line elementor-widget elementor-widget-divider\" data-id=\"436bda5\" data-element_type=\"widget\" data-widget_type=\"divider.default\">\n\t\t\t\t<div class=\"elementor-widget-container\">\n\t\t\t\t\t\t\t<div class=\"elementor-divider\">\n\t\t\t<span class=\"elementor-divider-separator\">\n\t\t\t\t\t\t<\/span>\n\t\t<\/div>\n\t\t\t\t\t\t<\/div>\n\t\t\t\t<\/div>\n\t\t\t\t<div class=\"elementor-element elementor-element-10cdb27 elementor-widget__width-initial elementor-widget-tablet__width-inherit elementor-widget elementor-widget-text-editor\" data-id=\"10cdb27\" data-element_type=\"widget\" data-widget_type=\"text-editor.default\">\n\t\t\t\t<div class=\"elementor-widget-container\">\n\t\t\t\t\t\t\t\t\t<p><strong>Moroni-Ultraschall-Reinigungsmaschinen<\/strong> werden heute in der Industrie immer h\u00e4ufiger mit gro\u00dfem Erfolg eingesetzt, mit dem zus\u00e4tzlichen Vorteil, dass sie fast keine Arbeitskosten verursachen: die einzige Aufgabe des Personals besteht darin, die Teile auf der mobilen Plattform der Wanne ein- und auszusetzen.<\/p>\n<p><strong>Mit den Reinigungsmaschinen der Serie LIFTER schlie\u00dflich erfolgt das Waschen der Farbe automatisch und in einem f\u00fcr das Personal sicheren Abstand, wodurch die Umwelt geschont wird.<\/strong><\/p>\n<p>Die mit Tinte gef\u00e4rbten Teile werden auf eine Plattform geladen.<br \/>Auf das Kommando von START erfolgt automatisch:<\/p>\n\t\t\t\t\t\t\t\t<\/div>\n\t\t\t\t<\/div>\n\t\t\t\t<div class=\"elementor-element elementor-element-a9bd5a6 elementor-icon-list--layout-traditional elementor-list-item-link-full_width elementor-widget elementor-widget-icon-list\" data-id=\"a9bd5a6\" data-element_type=\"widget\" data-widget_type=\"icon-list.default\">\n\t\t\t\t<div class=\"elementor-widget-container\">\n\t\t\t\t\t\t\t<ul class=\"elementor-icon-list-items\">\n\t\t\t\t\t\t\t<li class=\"elementor-icon-list-item\">\n\t\t\t\t\t\t\t\t\t\t\t<span class=\"elementor-icon-list-icon\">\n\t\t\t\t\t\t\t<i aria-hidden=\"true\" class=\"fas fa-check\"><\/i>\t\t\t\t\t\t<\/span>\n\t\t\t\t\t\t\t\t\t\t<span class=\"elementor-icon-list-text\">senkt sich die Plattform,<\/span>\n\t\t\t\t\t\t\t\t\t<\/li>\n\t\t\t\t\t\t\t\t<li class=\"elementor-icon-list-item\">\n\t\t\t\t\t\t\t\t\t\t\t<span class=\"elementor-icon-list-icon\">\n\t\t\t\t\t\t\t<i aria-hidden=\"true\" class=\"fas fa-check\"><\/i>\t\t\t\t\t\t<\/span>\n\t\t\t\t\t\t\t\t\t\t<span class=\"elementor-icon-list-text\">schlie\u00dft sich der Deckel,<\/span>\n\t\t\t\t\t\t\t\t\t<\/li>\n\t\t\t\t\t\t\t\t<li class=\"elementor-icon-list-item\">\n\t\t\t\t\t\t\t\t\t\t\t<span class=\"elementor-icon-list-icon\">\n\t\t\t\t\t\t\t<i aria-hidden=\"true\" class=\"fas fa-check\"><\/i>\t\t\t\t\t\t<\/span>\n\t\t\t\t\t\t\t\t\t\t<span class=\"elementor-icon-list-text\">schaltet sich der Ultraschall ein<\/span>\n\t\t\t\t\t\t\t\t\t<\/li>\n\t\t\t\t\t\t\t\t<li class=\"elementor-icon-list-item\">\n\t\t\t\t\t\t\t\t\t\t\t<span class=\"elementor-icon-list-icon\">\n\t\t\t\t\t\t\t<i aria-hidden=\"true\" class=\"fas fa-check\"><\/i>\t\t\t\t\t\t<\/span>\n\t\t\t\t\t\t\t\t\t\t<span class=\"elementor-icon-list-text\">beginnt eine Auf- und Abw\u00e4rtsbewegung (Kippen) an deren Ende<\/span>\n\t\t\t\t\t\t\t\t\t<\/li>\n\t\t\t\t\t\t\t\t<li class=\"elementor-icon-list-item\">\n\t\t\t\t\t\t\t\t\t\t\t<span class=\"elementor-icon-list-icon\">\n\t\t\t\t\t\t\t<i aria-hidden=\"true\" class=\"fas fa-check\"><\/i>\t\t\t\t\t\t<\/span>\n\t\t\t\t\t\t\t\t\t\t<span class=\"elementor-icon-list-text\">sich der Deckel \u00f6ffnet und die Plattform hebt sich in die Be-\/Entladeposition<\/span>\n\t\t\t\t\t\t\t\t\t<\/li>\n\t\t\t\t\t\t<\/ul>\n\t\t\t\t\t\t<\/div>\n\t\t\t\t<\/div>\n\t\t\t\t<\/div>\n\t\t\t\t<\/div>\n\t\t<div class=\"elementor-element elementor-element-786e5e28 e-con-full e-flex e-con e-parent\" data-id=\"786e5e28\" data-element_type=\"container\" data-settings=\"{&quot;background_background&quot;:&quot;classic&quot;}\">\n\t\t<div class=\"elementor-element elementor-element-564b42a3 e-con-full animated-slow e-flex e-con e-child\" data-id=\"564b42a3\" data-element_type=\"container\" data-settings=\"{&quot;animation&quot;:&quot;none&quot;}\">\n\t\t\t\t<div class=\"elementor-element elementor-element-cbdce56 elementor-widget elementor-widget-video\" data-id=\"cbdce56\" data-element_type=\"widget\" data-settings=\"{&quot;video_type&quot;:&quot;vimeo&quot;}\" data-widget_type=\"video.default\">\n\t\t\t\t<div class=\"elementor-widget-container\">\n\t\t\t\t\t\t\t<div class=\"elementor-wrapper elementor-open-inline\">\n\t\t\t<iframe class=\"elementor-video-iframe\" allowfullscreen allow=\"clipboard-write\" title=\"vimeo Video Player\" src=\"https:\/\/player.vimeo.com\/video\/233279349?color&amp;autopause=0&amp;loop=0&amp;muted=0&amp;title=1&amp;portrait=1&amp;byline=1#t=\"><\/iframe>\t\t<\/div>\n\t\t\t\t\t\t<\/div>\n\t\t\t\t<\/div>\n\t\t<div class=\"elementor-element elementor-element-c06dc42 e-con-full e-flex e-con e-child\" data-id=\"c06dc42\" data-element_type=\"container\">\n\t\t<div class=\"elementor-element elementor-element-2d4d78e e-flex e-con-boxed e-con e-child\" data-id=\"2d4d78e\" data-element_type=\"container\">\n\t\t\t\t\t<div class=\"e-con-inner\">\n\t\t\t\t<div class=\"elementor-element elementor-element-1950cb0 elementor-widget elementor-widget-image\" data-id=\"1950cb0\" data-element_type=\"widget\" data-widget_type=\"image.default\">\n\t\t\t\t<div class=\"elementor-widget-container\">\n\t\t\t\t\t\t\t\t\t\t\t\t\t\t\t<img fetchpriority=\"high\" decoding=\"async\" width=\"300\" height=\"225\" src=\"https:\/\/ultrasuoni.pdr-server.it\/wp-content\/uploads\/Rakles-sporche-300x225-1.png\" class=\"attachment-large size-large wp-image-2118\" alt=\"Lavaggio Inchiostri Stampa con Ultrasuoni\" \/>\t\t\t\t\t\t\t\t\t\t\t\t\t\t\t<\/div>\n\t\t\t\t<\/div>\n\t\t\t\t\t<\/div>\n\t\t\t\t<\/div>\n\t\t<div class=\"elementor-element elementor-element-03464d2 e-flex e-con-boxed e-con e-child\" data-id=\"03464d2\" data-element_type=\"container\">\n\t\t\t\t\t<div class=\"e-con-inner\">\n\t\t\t\t<div class=\"elementor-element elementor-element-5900763 elementor-widget elementor-widget-image\" data-id=\"5900763\" data-element_type=\"widget\" data-widget_type=\"image.default\">\n\t\t\t\t<div class=\"elementor-widget-container\">\n\t\t\t\t\t\t\t\t\t\t\t\t\t\t\t<img decoding=\"async\" width=\"300\" height=\"225\" src=\"https:\/\/ultrasuoni.pdr-server.it\/wp-content\/uploads\/Rakles-pulite-300x225-1.png\" class=\"attachment-large size-large wp-image-2121\" alt=\"Lavaggio Inchiostri Stampa con Ultrasuoni\" \/>\t\t\t\t\t\t\t\t\t\t\t\t\t\t\t<\/div>\n\t\t\t\t<\/div>\n\t\t\t\t\t<\/div>\n\t\t\t\t<\/div>\n\t\t\t\t<\/div>\n\t\t<div class=\"elementor-element elementor-element-afd2d18 e-con-full e-flex e-con e-child\" data-id=\"afd2d18\" data-element_type=\"container\">\n\t\t<div class=\"elementor-element elementor-element-948b81e e-flex e-con-boxed e-con e-child\" data-id=\"948b81e\" data-element_type=\"container\">\n\t\t\t\t\t<div class=\"e-con-inner\">\n\t\t\t\t<div class=\"elementor-element elementor-element-bb49309 elementor-widget elementor-widget-image\" data-id=\"bb49309\" data-element_type=\"widget\" data-widget_type=\"image.default\">\n\t\t\t\t<div class=\"elementor-widget-container\">\n\t\t\t\t\t\t\t\t\t\t\t\t\t\t\t<img decoding=\"async\" width=\"300\" height=\"225\" src=\"https:\/\/ultrasuoni.pdr-server.it\/wp-content\/uploads\/contenitori-sporchi-300x225-1.png\" class=\"attachment-large size-large wp-image-2124\" alt=\"Lavaggio inchiostri stampa con ultrasuoni\" \/>\t\t\t\t\t\t\t\t\t\t\t\t\t\t\t<\/div>\n\t\t\t\t<\/div>\n\t\t\t\t\t<\/div>\n\t\t\t\t<\/div>\n\t\t<div class=\"elementor-element elementor-element-e2f27a2 e-flex e-con-boxed e-con e-child\" data-id=\"e2f27a2\" data-element_type=\"container\">\n\t\t\t\t\t<div class=\"e-con-inner\">\n\t\t\t\t<div class=\"elementor-element elementor-element-566a274 elementor-widget elementor-widget-image\" data-id=\"566a274\" data-element_type=\"widget\" data-widget_type=\"image.default\">\n\t\t\t\t<div class=\"elementor-widget-container\">\n\t\t\t\t\t\t\t\t\t\t\t\t\t\t\t<img loading=\"lazy\" decoding=\"async\" width=\"300\" height=\"225\" src=\"https:\/\/ultrasuoni.pdr-server.it\/wp-content\/uploads\/contenitori-puliti-300x225-1.png\" class=\"attachment-large size-large wp-image-2127\" alt=\"Lavaggio Inchiostri Stampa con Ultrasuoni\" \/>\t\t\t\t\t\t\t\t\t\t\t\t\t\t\t<\/div>\n\t\t\t\t<\/div>\n\t\t\t\t\t<\/div>\n\t\t\t\t<\/div>\n\t\t\t\t<\/div>\n\t\t<div class=\"elementor-element elementor-element-e4dc0c6 e-con-full e-flex e-con e-child\" data-id=\"e4dc0c6\" data-element_type=\"container\">\n\t\t<div class=\"elementor-element elementor-element-02cca59 e-flex e-con-boxed e-con e-child\" data-id=\"02cca59\" data-element_type=\"container\">\n\t\t\t\t\t<div class=\"e-con-inner\">\n\t\t\t\t<div class=\"elementor-element elementor-element-fa36e74 elementor-widget elementor-widget-image\" data-id=\"fa36e74\" data-element_type=\"widget\" data-widget_type=\"image.default\">\n\t\t\t\t<div class=\"elementor-widget-container\">\n\t\t\t\t\t\t\t\t\t\t\t\t\t\t\t<img loading=\"lazy\" decoding=\"async\" width=\"300\" height=\"225\" src=\"https:\/\/ultrasuoni.pdr-server.it\/wp-content\/uploads\/contenitori-sporchi-zoom-300x225-1.png\" class=\"attachment-large size-large wp-image-2130\" alt=\"Lavaggio inchiostri stampa con ultrasuoni\" \/>\t\t\t\t\t\t\t\t\t\t\t\t\t\t\t<\/div>\n\t\t\t\t<\/div>\n\t\t\t\t\t<\/div>\n\t\t\t\t<\/div>\n\t\t<div class=\"elementor-element elementor-element-e2d3f3c e-flex e-con-boxed e-con e-child\" data-id=\"e2d3f3c\" data-element_type=\"container\">\n\t\t\t\t\t<div class=\"e-con-inner\">\n\t\t\t\t<div class=\"elementor-element elementor-element-99e7f8d elementor-widget elementor-widget-image\" data-id=\"99e7f8d\" data-element_type=\"widget\" data-widget_type=\"image.default\">\n\t\t\t\t<div class=\"elementor-widget-container\">\n\t\t\t\t\t\t\t\t\t\t\t\t\t\t\t<img loading=\"lazy\" decoding=\"async\" width=\"300\" height=\"225\" src=\"https:\/\/ultrasuoni.pdr-server.it\/wp-content\/uploads\/contenitori-puliti-300x225-1.png\" class=\"attachment-large size-large wp-image-2127\" alt=\"Lavaggio Inchiostri Stampa con Ultrasuoni\" \/>\t\t\t\t\t\t\t\t\t\t\t\t\t\t\t<\/div>\n\t\t\t\t<\/div>\n\t\t\t\t\t<\/div>\n\t\t\t\t<\/div>\n\t\t\t\t<\/div>\n\t\t\t\t<\/div>\n\t\t<div class=\"elementor-element elementor-element-53440276 e-con-full animated-slow e-flex e-con e-child\" data-id=\"53440276\" data-element_type=\"container\" data-settings=\"{&quot;animation&quot;:&quot;none&quot;}\">\n\t\t\t\t<div class=\"elementor-element elementor-element-3e55f71 elementor-widget elementor-widget-heading\" data-id=\"3e55f71\" data-element_type=\"widget\" data-widget_type=\"heading.default\">\n\t\t\t\t<div class=\"elementor-widget-container\">\n\t\t\t\t\t<h3 class=\"elementor-heading-title elementor-size-default\">Tintenw\u00e4sche<\/h3>\t\t\t\t<\/div>\n\t\t\t\t<\/div>\n\t\t\t\t<div class=\"elementor-element elementor-element-0ab43ca elementor-widget-divider--view-line elementor-widget elementor-widget-divider\" data-id=\"0ab43ca\" data-element_type=\"widget\" data-widget_type=\"divider.default\">\n\t\t\t\t<div class=\"elementor-widget-container\">\n\t\t\t\t\t\t\t<div class=\"elementor-divider\">\n\t\t\t<span class=\"elementor-divider-separator\">\n\t\t\t\t\t\t<\/span>\n\t\t<\/div>\n\t\t\t\t\t\t<\/div>\n\t\t\t\t<\/div>\n\t\t\t\t<div class=\"elementor-element elementor-element-1987df4 elementor-widget__width-initial elementor-widget-tablet__width-inherit elementor-widget elementor-widget-text-editor\" data-id=\"1987df4\" data-element_type=\"widget\" data-widget_type=\"text-editor.default\">\n\t\t\t\t<div class=\"elementor-widget-container\">\n\t\t\t\t\t\t\t\t\t<p>Die <strong>Ultraschall-Tintenw\u00e4sche<\/strong> erfolgt in Wasser mit alkalischen Reinigungsmitteln bei mittlerer Temperatur (60\u00b0) in niedriger Konzentration (3-5%).<br \/>Die niedrige Konzentration verhindert die Bildung \u00fcberm\u00e4\u00dfiger R\u00fcckst\u00e4nde auf den behandelten Teilen und macht nachfolgende Sp\u00fclungen fast \u00fcberfl\u00fcssig.<\/p>\n\t\t\t\t\t\t\t\t<\/div>\n\t\t\t\t<\/div>\n\t\t<div class=\"elementor-element elementor-element-9ba710d e-con-full e-flex e-con e-child\" data-id=\"9ba710d\" data-element_type=\"container\">\n\t\t<div class=\"elementor-element elementor-element-0673fca e-con-full e-flex e-con e-child\" data-id=\"0673fca\" data-element_type=\"container\">\n\t\t<div class=\"elementor-element elementor-element-c1a3771 e-flex e-con-boxed e-con e-child\" data-id=\"c1a3771\" data-element_type=\"container\">\n\t\t\t\t\t<div class=\"e-con-inner\">\n\t\t\t\t<div class=\"elementor-element elementor-element-e0b239b elementor-widget elementor-widget-image\" data-id=\"e0b239b\" data-element_type=\"widget\" data-widget_type=\"image.default\">\n\t\t\t\t<div class=\"elementor-widget-container\">\n\t\t\t\t\t\t\t\t\t\t\t\t\t\t\t<img loading=\"lazy\" decoding=\"async\" width=\"300\" height=\"225\" src=\"https:\/\/ultrasuoni.pdr-server.it\/wp-content\/uploads\/inch-sporchi-lontano-300x225-1.png\" class=\"attachment-large size-large wp-image-2133\" alt=\"Lavaggio Inchiostri Stampa Con Ultrasuoni\" \/>\t\t\t\t\t\t\t\t\t\t\t\t\t\t\t<\/div>\n\t\t\t\t<\/div>\n\t\t\t\t\t<\/div>\n\t\t\t\t<\/div>\n\t\t<div class=\"elementor-element elementor-element-3e242b5 e-flex e-con-boxed e-con e-child\" data-id=\"3e242b5\" data-element_type=\"container\">\n\t\t\t\t\t<div class=\"e-con-inner\">\n\t\t\t\t<div class=\"elementor-element elementor-element-47147e4 elementor-widget elementor-widget-image\" data-id=\"47147e4\" data-element_type=\"widget\" data-widget_type=\"image.default\">\n\t\t\t\t<div class=\"elementor-widget-container\">\n\t\t\t\t\t\t\t\t\t\t\t\t\t\t\t<img loading=\"lazy\" decoding=\"async\" width=\"300\" height=\"225\" src=\"https:\/\/ultrasuoni.pdr-server.it\/wp-content\/uploads\/inch-puliti-lontano-300x225-1.png\" class=\"attachment-large size-large wp-image-2136\" alt=\"Lavaggio Inchiostri Stampa Con Ultrasuoni\" \/>\t\t\t\t\t\t\t\t\t\t\t\t\t\t\t<\/div>\n\t\t\t\t<\/div>\n\t\t\t\t\t<\/div>\n\t\t\t\t<\/div>\n\t\t\t\t<\/div>\n\t\t<div class=\"elementor-element elementor-element-f858dd1 e-con-full e-flex e-con e-child\" data-id=\"f858dd1\" data-element_type=\"container\">\n\t\t<div class=\"elementor-element elementor-element-c96a666 e-flex e-con-boxed e-con e-child\" data-id=\"c96a666\" data-element_type=\"container\">\n\t\t\t\t\t<div class=\"e-con-inner\">\n\t\t\t\t<div class=\"elementor-element elementor-element-5efdbbb elementor-widget elementor-widget-image\" data-id=\"5efdbbb\" data-element_type=\"widget\" data-widget_type=\"image.default\">\n\t\t\t\t<div class=\"elementor-widget-container\">\n\t\t\t\t\t\t\t\t\t\t\t\t\t\t\t<img loading=\"lazy\" decoding=\"async\" width=\"300\" height=\"225\" src=\"https:\/\/ultrasuoni.pdr-server.it\/wp-content\/uploads\/inch-sporchi-zoom-300x225-1.png\" class=\"attachment-large size-large wp-image-2139\" alt=\"Lavaggio Inchiostri Stampa Con Ultrasuoni\" \/>\t\t\t\t\t\t\t\t\t\t\t\t\t\t\t<\/div>\n\t\t\t\t<\/div>\n\t\t\t\t\t<\/div>\n\t\t\t\t<\/div>\n\t\t<div class=\"elementor-element elementor-element-d8e5bec e-flex e-con-boxed e-con e-child\" data-id=\"d8e5bec\" data-element_type=\"container\">\n\t\t\t\t\t<div class=\"e-con-inner\">\n\t\t\t\t<div class=\"elementor-element elementor-element-4a60dae elementor-widget elementor-widget-image\" data-id=\"4a60dae\" data-element_type=\"widget\" data-widget_type=\"image.default\">\n\t\t\t\t<div class=\"elementor-widget-container\">\n\t\t\t\t\t\t\t\t\t\t\t\t\t\t\t<img loading=\"lazy\" decoding=\"async\" width=\"300\" height=\"225\" src=\"https:\/\/ultrasuoni.pdr-server.it\/wp-content\/uploads\/inch-puliti-zoom-300x225-1.png\" class=\"attachment-large size-large wp-image-2142\" alt=\"Lavaggio Inchiostri Stampa Con Ultrasuoni\" \/>\t\t\t\t\t\t\t\t\t\t\t\t\t\t\t<\/div>\n\t\t\t\t<\/div>\n\t\t\t\t\t<\/div>\n\t\t\t\t<\/div>\n\t\t\t\t<\/div>\n\t\t\t\t<\/div>\n\t\t<div class=\"elementor-element elementor-element-102127b4 e-con-full e-flex e-con e-child\" data-id=\"102127b4\" data-element_type=\"container\">\n\t\t\t\t<div class=\"elementor-element elementor-element-60d90c71 elementor-widget-divider--view-line elementor-widget elementor-widget-divider\" data-id=\"60d90c71\" data-element_type=\"widget\" data-widget_type=\"divider.default\">\n\t\t\t\t<div class=\"elementor-widget-container\">\n\t\t\t\t\t\t\t<div class=\"elementor-divider\">\n\t\t\t<span class=\"elementor-divider-separator\">\n\t\t\t\t\t\t<\/span>\n\t\t<\/div>\n\t\t\t\t\t\t<\/div>\n\t\t\t\t<\/div>\n\t\t\t\t<\/div>\n\t\t\t\t<div class=\"elementor-element elementor-element-35d0d22c elementor-widget elementor-widget-button\" data-id=\"35d0d22c\" data-element_type=\"widget\" data-widget_type=\"button.default\">\n\t\t\t\t<div class=\"elementor-widget-container\">\n\t\t\t\t\t\t\t\t\t<div class=\"elementor-button-wrapper\">\n\t\t\t\t\t<a class=\"elementor-button elementor-button-link elementor-size-lg\" href=\"#contattaci\">\n\t\t\t\t\t\t<span class=\"elementor-button-content-wrapper\">\n\t\t\t\t\t\t\t\t\t<span class=\"elementor-button-text\">Kontaktiere uns<\/span>\n\t\t\t\t\t<\/span>\n\t\t\t\t\t<\/a>\n\t\t\t\t<\/div>\n\t\t\t\t\t\t\t\t<\/div>\n\t\t\t\t<\/div>\n\t\t\t\t<\/div>\n\t\t\t\t<\/div>\n\t\t\t\t<\/div>\n\t\t","protected":false},"excerpt":{"rendered":"<p>Reinigung Druck- und Farbwalze DRUCKFARBENW\u00c4SCHE IM ALLGEMEINEN VERLAGSWESEN Im Verlagswesen im Allgemeinen wird die Ultraschall-Farbwaschung, wie sie von Moroni durchgef\u00fchrt wird, immer h\u00e4ufiger f\u00fcr die Reinigung von Druckwalzen und Farbwerken eingesetzt, aber auch im Offset-, Flexo- und Tiefdruck findet sie Anwendung. Diese Technik hat den gro\u00dfen Vorteil, dass sie die Verwendung von Reinigungsmitteln auf Wasserbasis [&hellip;]<\/p>\n","protected":false},"author":1,"featured_media":0,"parent":3149,"menu_order":0,"comment_status":"closed","ping_status":"closed","template":"","meta":{"footnotes":""},"class_list":["post-3187","page","type-page","status-publish","hentry"],"_links":{"self":[{"href":"https:\/\/ultrasuoni.pdr-server.it\/de\/wp-json\/wp\/v2\/pages\/3187","targetHints":{"allow":["GET"]}}],"collection":[{"href":"https:\/\/ultrasuoni.pdr-server.it\/de\/wp-json\/wp\/v2\/pages"}],"about":[{"href":"https:\/\/ultrasuoni.pdr-server.it\/de\/wp-json\/wp\/v2\/types\/page"}],"author":[{"embeddable":true,"href":"https:\/\/ultrasuoni.pdr-server.it\/de\/wp-json\/wp\/v2\/users\/1"}],"replies":[{"embeddable":true,"href":"https:\/\/ultrasuoni.pdr-server.it\/de\/wp-json\/wp\/v2\/comments?post=3187"}],"version-history":[{"count":1,"href":"https:\/\/ultrasuoni.pdr-server.it\/de\/wp-json\/wp\/v2\/pages\/3187\/revisions"}],"predecessor-version":[{"id":6134,"href":"https:\/\/ultrasuoni.pdr-server.it\/de\/wp-json\/wp\/v2\/pages\/3187\/revisions\/6134"}],"up":[{"embeddable":true,"href":"https:\/\/ultrasuoni.pdr-server.it\/de\/wp-json\/wp\/v2\/pages\/3149"}],"wp:attachment":[{"href":"https:\/\/ultrasuoni.pdr-server.it\/de\/wp-json\/wp\/v2\/media?parent=3187"}],"curies":[{"name":"wp","href":"https:\/\/api.w.org\/{rel}","templated":true}]}}