{"id":3182,"date":"2023-06-06T11:25:44","date_gmt":"2023-06-06T09:25:44","guid":{"rendered":"https:\/\/ultrasuoni.pdr-server.it\/anwendungen-ultraschall-reinigung\/waschen-polymerisationsplatten-mit-ultraschall\/"},"modified":"2025-09-16T11:27:02","modified_gmt":"2025-09-16T09:27:02","slug":"waschen-polymerisationsplatten-mit-ultraschall","status":"publish","type":"page","link":"https:\/\/ultrasuoni.pdr-server.it\/de\/anwendungen-ultraschall-reinigung\/waschen-polymerisationsplatten-mit-ultraschall\/","title":{"rendered":"Waschen Polymerisationsplatten mit Ultraschall"},"content":{"rendered":"\t\t<div data-elementor-type=\"wp-page\" data-elementor-id=\"3182\" class=\"elementor elementor-3182 elementor-945\" data-elementor-post-type=\"page\">\n\t\t\t\t<div class=\"elementor-element elementor-element-1ceb5ca0 e-con-full e-flex e-con e-parent\" data-id=\"1ceb5ca0\" data-element_type=\"container\">\n\t\t<div class=\"elementor-element elementor-element-48470603 e-con-full animated-slow e-flex e-con e-child\" data-id=\"48470603\" data-element_type=\"container\" data-settings=\"{&quot;animation&quot;:&quot;none&quot;}\">\n\t\t\t\t<div class=\"elementor-element elementor-element-93a00b4 elementor-widget__width-initial elementor-widget-tablet__width-initial elementor-widget elementor-widget-heading\" data-id=\"93a00b4\" data-element_type=\"widget\" data-widget_type=\"heading.default\">\n\t\t\t\t<div class=\"elementor-widget-container\">\n\t\t\t\t\t<h1 class=\"elementor-heading-title elementor-size-default\">Waschen Polymerisationsplatten mit Ultraschall<\/h1>\t\t\t\t<\/div>\n\t\t\t\t<\/div>\n\t\t\t\t<div class=\"elementor-element elementor-element-1a111cb0 elementor-widget-divider--view-line elementor-widget elementor-widget-divider\" data-id=\"1a111cb0\" data-element_type=\"widget\" data-widget_type=\"divider.default\">\n\t\t\t\t<div class=\"elementor-widget-container\">\n\t\t\t\t\t\t\t<div class=\"elementor-divider\">\n\t\t\t<span class=\"elementor-divider-separator\">\n\t\t\t\t\t\t<\/span>\n\t\t<\/div>\n\t\t\t\t\t\t<\/div>\n\t\t\t\t<\/div>\n\t\t\t\t<div class=\"elementor-element elementor-element-512b39ab elementor-widget elementor-widget-heading\" data-id=\"512b39ab\" data-element_type=\"widget\" data-widget_type=\"heading.default\">\n\t\t\t\t<div class=\"elementor-widget-container\">\n\t\t\t\t\t<h3 class=\"elementor-heading-title elementor-size-default\">Entfetten und Waschen von Wasserh\u00e4hnen mit Ultraschall<\/h3>\t\t\t\t<\/div>\n\t\t\t\t<\/div>\n\t\t\t\t<div class=\"elementor-element elementor-element-eaf0dff elementor-widget__width-initial elementor-widget-tablet__width-inherit elementor-widget elementor-widget-text-editor\" data-id=\"eaf0dff\" data-element_type=\"widget\" data-widget_type=\"text-editor.default\">\n\t\t\t\t<div class=\"elementor-widget-container\">\n\t\t\t\t\t\t\t\t\t<p><strong>POLYMERISATIONSPLATTEN<\/strong><\/p>\n<p>Das <strong>Waschen von Polymerisationsplatten mit Ultraschall<\/strong> l\u00f6st eines der Hauptprobleme bei galvanischen Behandlungen. Dabei handelt es sich um die Reinigung der Oberfl\u00e4chen von Fett-, \u00d6l-, Staub-, Schleifmittelr\u00fcckst\u00e4nden und anderen Bestandteilen, die eine einwandfreie Haftung der eingebrachten Metalle und deren anschlie\u00dfendes Abbl\u00e4ttern verhindern. In der letzten Phase sollten die Oberfl\u00e4chen durch <strong>Polieren<\/strong> auf Hochglanz gebracht werden. Bei diesem Verfahren werden die Oberfl\u00e4chen mit Filzen geb\u00fcrstet, die mit pflanzlichen oder tierischen Fetten und Schleifmitteln (z. B. Korund, Tonerde, Tripoli-Pulver usw.) impr\u00e4gniert sind.<\/p>\n\t\t\t\t\t\t\t\t<\/div>\n\t\t\t\t<\/div>\n\t\t\t\t<\/div>\n\t\t<div class=\"elementor-element elementor-element-340b62bf e-con-full animated-slow e-flex e-con e-child\" data-id=\"340b62bf\" data-element_type=\"container\" data-settings=\"{&quot;animation&quot;:&quot;none&quot;}\">\n\t\t\t\t<div class=\"elementor-element elementor-element-141d6459 elementor-widget elementor-widget-heading\" data-id=\"141d6459\" data-element_type=\"widget\" data-widget_type=\"heading.default\">\n\t\t\t\t<div class=\"elementor-widget-container\">\n\t\t\t\t\t<h3 class=\"elementor-heading-title elementor-size-default\">Maschine f\u00fcr Polymerisationsplattne<\/h3>\t\t\t\t<\/div>\n\t\t\t\t<\/div>\n\t\t\t\t<div class=\"elementor-element elementor-element-7206881 elementor-widget elementor-widget-image\" data-id=\"7206881\" data-element_type=\"widget\" data-widget_type=\"image.default\">\n\t\t\t\t<div class=\"elementor-widget-container\">\n\t\t\t\t\t\t\t\t\t\t\t\t\t\t\t<img fetchpriority=\"high\" decoding=\"async\" width=\"300\" height=\"275\" src=\"https:\/\/ultrasuoni.pdr-server.it\/wp-content\/uploads\/macchina_pulimentatura-300x275-1.jpg\" class=\"attachment-full size-full wp-image-2112\" alt=\"Lavaggio Pastelle Polimentatura con Ultrasuoni\" \/>\t\t\t\t\t\t\t\t\t\t\t\t\t\t\t<\/div>\n\t\t\t\t<\/div>\n\t\t\t\t<\/div>\n\t\t\t\t<\/div>\n\t\t<div class=\"elementor-element elementor-element-26495f1d e-con-full e-flex e-con e-parent\" data-id=\"26495f1d\" data-element_type=\"container\" data-settings=\"{&quot;background_background&quot;:&quot;classic&quot;}\">\n\t\t<div class=\"elementor-element elementor-element-2026f482 e-con-full animated-slow e-flex e-con e-child\" data-id=\"2026f482\" data-element_type=\"container\" data-settings=\"{&quot;animation&quot;:&quot;none&quot;}\">\n\t\t\t\t<div class=\"elementor-element elementor-element-baf5d9a elementor-widget__width-initial elementor-widget-tablet__width-inherit elementor-widget elementor-widget-text-editor\" data-id=\"baf5d9a\" data-element_type=\"widget\" data-widget_type=\"text-editor.default\">\n\t\t\t\t<div class=\"elementor-widget-container\">\n\t\t\t\t\t\t\t\t\t<p>Einmal durchgef\u00fchrt, m\u00fcssen alle R\u00fcckst\u00e4nde aus jedem Teil und jeder Spalte entfernt werden. Wo eine einfache elektrolytische Entfettung nicht ausreicht, um diese R\u00fcckst\u00e4nde perfekt zu entfernen, kommt der unersetzliche Beitrag des Ultraschallpolierens ins Spiel. Letzteres hat sich als eine wesentlich effizientere und wirtschaftlichere Technik erwiesen.<\/p><p>Bei diesem Verfahren werden <a href=\"\/de\/anwendungen-ultraschall-reinigung\/ultraschallreinigung-von-schiffs-und-flugmotoren\/\">TAUCHSCHWINGER<\/a> eingesetzt, die die Wirkung des Ultraschalls direkt in die N\u00e4he der Teile bringen und alle Schmutzr\u00fcckst\u00e4nde schnell und wirksam entfernen.<\/p>\t\t\t\t\t\t\t\t<\/div>\n\t\t\t\t<\/div>\n\t\t\t\t<div class=\"elementor-element elementor-element-3f749c1 elementor-widget elementor-widget-heading\" data-id=\"3f749c1\" data-element_type=\"widget\" data-widget_type=\"heading.default\">\n\t\t\t\t<div class=\"elementor-widget-container\">\n\t\t\t\t\t<h3 class=\"elementor-heading-title elementor-size-default\">Verschiedene Arten von Tauchschwingern<\/h3>\t\t\t\t<\/div>\n\t\t\t\t<\/div>\n\t\t\t\t<div class=\"elementor-element elementor-element-4d08730 elementor-widget elementor-widget-image\" data-id=\"4d08730\" data-element_type=\"widget\" data-widget_type=\"image.default\">\n\t\t\t\t<div class=\"elementor-widget-container\">\n\t\t\t\t\t\t\t\t\t\t\t\t\t\t\t<img decoding=\"async\" width=\"300\" height=\"254\" src=\"https:\/\/ultrasuoni.pdr-server.it\/wp-content\/uploads\/Immersible-transducers-300x254-1.jpg\" class=\"attachment-full size-full wp-image-2115\" alt=\"lavaggio pastelle polimentatura con ultrasuoni\" \/>\t\t\t\t\t\t\t\t\t\t\t\t\t\t\t<\/div>\n\t\t\t\t<\/div>\n\t\t\t\t<div class=\"elementor-element elementor-element-95eb5d8 elementor-widget__width-initial elementor-widget-tablet__width-inherit elementor-widget elementor-widget-text-editor\" data-id=\"95eb5d8\" data-element_type=\"widget\" data-widget_type=\"text-editor.default\">\n\t\t\t\t<div class=\"elementor-widget-container\">\n\t\t\t\t\t\t\t\t\t<p><strong>Ultrasuoni Moroni<\/strong> arbeitet seit Jahren mit Reinigungsmitteln auf Wasserbasis, da diese eine wirksame, sichere und wirtschaftliche Alternative zu organischen L\u00f6sungsmitteln darstellen. Organische L\u00f6sungsmittel, die normalerweise zum <strong>Waschen von Polymerisationsplatten<\/strong> verwendet werden, verd\u00fcnnen das Fett, entfernen es aber nicht. Bei der anschlie\u00dfenden Verwendung verstopft das Fett das L\u00f6sungsmittel, wodurch das Ergebnis noch schlechter wird. Hinzu kommen die hohen Kosten f\u00fcr die Entsorgung, die nicht nur umweltsch\u00e4dlich, sondern auch kostspielig ist. Nicht zuletzt gibt es gesundheitliche Risiken f\u00fcr das Reinigungspersonal.<\/p>\t\t\t\t\t\t\t\t<\/div>\n\t\t\t\t<\/div>\n\t\t\t\t<\/div>\n\t\t<div class=\"elementor-element elementor-element-4ff855c3 e-con-full animated-slow e-flex e-con e-child\" data-id=\"4ff855c3\" data-element_type=\"container\" data-settings=\"{&quot;animation&quot;:&quot;none&quot;}\">\n\t\t\t\t<div class=\"elementor-element elementor-element-149e5459 elementor-widget elementor-widget-heading\" data-id=\"149e5459\" data-element_type=\"widget\" data-widget_type=\"heading.default\">\n\t\t\t\t<div class=\"elementor-widget-container\">\n\t\t\t\t\t<h3 class=\"elementor-heading-title elementor-size-default\">W\u00c4SSRIGE REINIGUNGSMITTEL ODER ORGANISCHE L\u00d6SUNGSMITTEL?<\/h3>\t\t\t\t<\/div>\n\t\t\t\t<\/div>\n\t\t\t\t<div class=\"elementor-element elementor-element-12c12d91 elementor-widget-divider--view-line elementor-widget elementor-widget-divider\" data-id=\"12c12d91\" data-element_type=\"widget\" data-widget_type=\"divider.default\">\n\t\t\t\t<div class=\"elementor-widget-container\">\n\t\t\t\t\t\t\t<div class=\"elementor-divider\">\n\t\t\t<span class=\"elementor-divider-separator\">\n\t\t\t\t\t\t<\/span>\n\t\t<\/div>\n\t\t\t\t\t\t<\/div>\n\t\t\t\t<\/div>\n\t\t\t\t<div class=\"elementor-element elementor-element-79d4cdb elementor-widget__width-initial elementor-widget-tablet__width-inherit elementor-widget elementor-widget-text-editor\" data-id=\"79d4cdb\" data-element_type=\"widget\" data-widget_type=\"text-editor.default\">\n\t\t\t\t<div class=\"elementor-widget-container\">\n\t\t\t\t\t\t\t\t\t<p>Das <strong>Waschen von Polymerisationsplatten<\/strong> ist das gr\u00f6\u00dfte Problem bei der Vorbereitung auf nachfolgende elektrolytische, galvanische, lackierende, PVD- oder Vakuummetallisierungsverfahren. Au\u00dferdem weist die Oberfl\u00e4che des behandelten Werkst\u00fccks am Ende des L\u00f6sungsmittelwaschens typische Staubpartikel auf, die anorganische Schleifmittel sind. Diese haben sich, gerade weil sie anorganisch sind, nicht im organischen L\u00f6sungsmittel gel\u00f6st und bleiben auf der Oberfl\u00e4che des Werkst\u00fccks zur\u00fcck, was eine anschlie\u00dfende manuelle Entfernung (Abreiben) erforderlich macht.<\/p>\n<p>Im Gegensatz dazu erreicht die Ultraschallreinigung in w\u00e4ssrigem Reinigungsmittel die innersten Teile, genau dort, wo die Paste am st\u00e4rksten verdickt ist, und sprengt buchst\u00e4blich das festgehaltene und veresterte Fett. Die Schleifmittel (Tonerde, Tripoli-Pulver, Korund usw.), die von dem Fett befreit wurden, das sie wie festgeklebt hielt, werden ebenfalls von der Oberfl\u00e4che des Werkst\u00fccks entfernt und am Boden der Wanne abgelagert.<\/p>\n\t\t\t\t\t\t\t\t<\/div>\n\t\t\t\t<\/div>\n\t\t\t\t<div class=\"elementor-element elementor-element-267bf2e elementor-widget elementor-widget-heading\" data-id=\"267bf2e\" data-element_type=\"widget\" data-widget_type=\"heading.default\">\n\t\t\t\t<div class=\"elementor-widget-container\">\n\t\t\t\t\t<h3 class=\"elementor-heading-title elementor-size-default\">MORONI BAUT SEIT JAHREN NUR ANLAGEN, DIE MIT WASSERBASIERTEN REINIGUNGSMITTELN ARBEITEN.<\/h3>\t\t\t\t<\/div>\n\t\t\t\t<\/div>\n\t\t<div class=\"elementor-element elementor-element-1b33c1e6 e-con-full e-flex e-con e-child\" data-id=\"1b33c1e6\" data-element_type=\"container\">\n\t\t\t\t<div class=\"elementor-element elementor-element-715e839e elementor-widget-divider--view-line elementor-widget elementor-widget-divider\" data-id=\"715e839e\" data-element_type=\"widget\" data-widget_type=\"divider.default\">\n\t\t\t\t<div class=\"elementor-widget-container\">\n\t\t\t\t\t\t\t<div class=\"elementor-divider\">\n\t\t\t<span class=\"elementor-divider-separator\">\n\t\t\t\t\t\t<\/span>\n\t\t<\/div>\n\t\t\t\t\t\t<\/div>\n\t\t\t\t<\/div>\n\t\t\t\t<\/div>\n\t\t\t\t<div class=\"elementor-element elementor-element-6e7a55ca elementor-widget elementor-widget-button\" data-id=\"6e7a55ca\" data-element_type=\"widget\" data-widget_type=\"button.default\">\n\t\t\t\t<div class=\"elementor-widget-container\">\n\t\t\t\t\t\t\t\t\t<div class=\"elementor-button-wrapper\">\n\t\t\t\t\t<a class=\"elementor-button elementor-button-link elementor-size-lg\" href=\"#contattaci\">\n\t\t\t\t\t\t<span class=\"elementor-button-content-wrapper\">\n\t\t\t\t\t\t\t\t\t<span class=\"elementor-button-text\">Kontaktiere uns<\/span>\n\t\t\t\t\t<\/span>\n\t\t\t\t\t<\/a>\n\t\t\t\t<\/div>\n\t\t\t\t\t\t\t\t<\/div>\n\t\t\t\t<\/div>\n\t\t\t\t<\/div>\n\t\t\t\t<\/div>\n\t\t\t\t<\/div>\n\t\t","protected":false},"excerpt":{"rendered":"<p>Entfetten und Waschen von Wasserh\u00e4hnen mit Ultraschall POLYMERISATIONSPLATTEN Das Waschen von Polymerisationsplatten mit Ultraschall l\u00f6st eines der Hauptprobleme bei galvanischen Behandlungen. Dabei handelt es sich um die Reinigung der Oberfl\u00e4chen von Fett-, \u00d6l-, Staub-, Schleifmittelr\u00fcckst\u00e4nden und anderen Bestandteilen, die eine einwandfreie Haftung der eingebrachten Metalle und deren anschlie\u00dfendes Abbl\u00e4ttern verhindern. In der letzten Phase sollten [&hellip;]<\/p>\n","protected":false},"author":1,"featured_media":0,"parent":3149,"menu_order":0,"comment_status":"closed","ping_status":"closed","template":"","meta":{"footnotes":""},"class_list":["post-3182","page","type-page","status-publish","hentry"],"_links":{"self":[{"href":"https:\/\/ultrasuoni.pdr-server.it\/de\/wp-json\/wp\/v2\/pages\/3182","targetHints":{"allow":["GET"]}}],"collection":[{"href":"https:\/\/ultrasuoni.pdr-server.it\/de\/wp-json\/wp\/v2\/pages"}],"about":[{"href":"https:\/\/ultrasuoni.pdr-server.it\/de\/wp-json\/wp\/v2\/types\/page"}],"author":[{"embeddable":true,"href":"https:\/\/ultrasuoni.pdr-server.it\/de\/wp-json\/wp\/v2\/users\/1"}],"replies":[{"embeddable":true,"href":"https:\/\/ultrasuoni.pdr-server.it\/de\/wp-json\/wp\/v2\/comments?post=3182"}],"version-history":[{"count":3,"href":"https:\/\/ultrasuoni.pdr-server.it\/de\/wp-json\/wp\/v2\/pages\/3182\/revisions"}],"predecessor-version":[{"id":6511,"href":"https:\/\/ultrasuoni.pdr-server.it\/de\/wp-json\/wp\/v2\/pages\/3182\/revisions\/6511"}],"up":[{"embeddable":true,"href":"https:\/\/ultrasuoni.pdr-server.it\/de\/wp-json\/wp\/v2\/pages\/3149"}],"wp:attachment":[{"href":"https:\/\/ultrasuoni.pdr-server.it\/de\/wp-json\/wp\/v2\/media?parent=3182"}],"curies":[{"name":"wp","href":"https:\/\/api.w.org\/{rel}","templated":true}]}}