{"id":3154,"date":"2023-05-15T16:17:48","date_gmt":"2023-05-15T14:17:48","guid":{"rendered":"https:\/\/ultrasuoni.pdr-server.it\/anwendungen-ultraschall-reinigung\/ultraschallreinigung-von-kleinteilen\/"},"modified":"2024-05-14T15:27:13","modified_gmt":"2024-05-14T13:27:13","slug":"ultraschallreinigung-von-kleinteilen","status":"publish","type":"page","link":"https:\/\/ultrasuoni.pdr-server.it\/de\/anwendungen-ultraschall-reinigung\/ultraschallreinigung-von-kleinteilen\/","title":{"rendered":"Ultraschallreinigung von Kleinteilen"},"content":{"rendered":"\t\t<div data-elementor-type=\"wp-page\" data-elementor-id=\"3154\" class=\"elementor elementor-3154 elementor-685\" data-elementor-post-type=\"page\">\n\t\t\t\t<div class=\"elementor-element elementor-element-a713bd0 e-con-full e-flex e-con e-parent\" data-id=\"a713bd0\" data-element_type=\"container\">\n\t\t<div class=\"elementor-element elementor-element-a888a68 e-con-full animated-slow e-flex e-con e-child\" data-id=\"a888a68\" data-element_type=\"container\" data-settings=\"{&quot;animation&quot;:&quot;none&quot;}\">\n\t\t\t\t<div class=\"elementor-element elementor-element-6fed77e elementor-widget__width-initial elementor-widget-tablet__width-initial elementor-widget elementor-widget-heading\" data-id=\"6fed77e\" data-element_type=\"widget\" data-widget_type=\"heading.default\">\n\t\t\t\t<div class=\"elementor-widget-container\">\n\t\t\t\t\t<h1 class=\"elementor-heading-title elementor-size-default\">Ultraschallreinigung von Kleinteilen<\/h1>\t\t\t\t<\/div>\n\t\t\t\t<\/div>\n\t\t\t\t<div class=\"elementor-element elementor-element-0b01f29 elementor-widget-divider--view-line elementor-widget elementor-widget-divider\" data-id=\"0b01f29\" data-element_type=\"widget\" data-widget_type=\"divider.default\">\n\t\t\t\t<div class=\"elementor-widget-container\">\n\t\t\t\t\t\t\t<div class=\"elementor-divider\">\n\t\t\t<span class=\"elementor-divider-separator\">\n\t\t\t\t\t\t<\/span>\n\t\t<\/div>\n\t\t\t\t\t\t<\/div>\n\t\t\t\t<\/div>\n\t\t\t\t<div class=\"elementor-element elementor-element-a77cec8 elementor-widget elementor-widget-image\" data-id=\"a77cec8\" data-element_type=\"widget\" data-widget_type=\"image.default\">\n\t\t\t\t<div class=\"elementor-widget-container\">\n\t\t\t\t\t\t\t\t\t\t\t\t\t\t\t<img fetchpriority=\"high\" decoding=\"async\" width=\"591\" height=\"223\" src=\"https:\/\/ultrasuoni.pdr-server.it\/wp-content\/uploads\/minuteria_tranciati.jpg\" class=\"attachment-large size-large wp-image-1995\" alt=\"Lavaggio Minuteria con Ultrasuoni\" srcset=\"https:\/\/ultrasuoni.pdr-server.it\/wp-content\/uploads\/minuteria_tranciati.jpg 591w, https:\/\/ultrasuoni.pdr-server.it\/wp-content\/uploads\/minuteria_tranciati-300x113.jpg 300w\" sizes=\"(max-width: 591px) 100vw, 591px\" \/>\t\t\t\t\t\t\t\t\t\t\t\t\t\t\t<\/div>\n\t\t\t\t<\/div>\n\t\t\t\t<div class=\"elementor-element elementor-element-ce5b435 elementor-widget elementor-widget-heading\" data-id=\"ce5b435\" data-element_type=\"widget\" data-widget_type=\"heading.default\">\n\t\t\t\t<div class=\"elementor-widget-container\">\n\t\t\t\t\t<h3 class=\"elementor-heading-title elementor-size-default\">Waschen von Nadeln und Kan\u00fclen, Anschl\u00fcssen, Ventilen<\/h3>\t\t\t\t<\/div>\n\t\t\t\t<\/div>\n\t\t\t\t<div class=\"elementor-element elementor-element-089ebfd elementor-widget__width-initial elementor-widget-tablet__width-inherit elementor-widget elementor-widget-text-editor\" data-id=\"089ebfd\" data-element_type=\"widget\" data-widget_type=\"text-editor.default\">\n\t\t\t\t<div class=\"elementor-widget-container\">\n\t\t\t\t\t\t\t\t\t<p>Eine der wichtigsten von <strong>Moroni<\/strong> angebotenen Dienstleistungen ist der Bau von <strong>Ultraschall-Kleinteilwaschanlagen<\/strong>, die ideal f\u00fcr Pr\u00e4zisionsmetallteile, aber auch f\u00fcr verschiedene mechanische Komponenten wie Anschl\u00fcsse und Ventile sind.<\/p>\n\t\t\t\t\t\t\t\t<\/div>\n\t\t\t\t<\/div>\n\t\t\t\t<\/div>\n\t\t<div class=\"elementor-element elementor-element-0781d6a e-con-full animated-slow e-flex e-con e-child\" data-id=\"0781d6a\" data-element_type=\"container\" data-settings=\"{&quot;animation&quot;:&quot;none&quot;}\">\n\t\t\t\t<div class=\"elementor-element elementor-element-a7809bd elementor-widget__width-initial elementor-widget-tablet__width-inherit elementor-widget elementor-widget-text-editor\" data-id=\"a7809bd\" data-element_type=\"widget\" data-widget_type=\"text-editor.default\">\n\t\t\t\t<div class=\"elementor-widget-container\">\n\t\t\t\t\t\t\t\t\t<p>F\u00fcr das Waschen kleiner Teile mit Ultraschall sind in der Regel mehrstufige Behandlungen erforderlich:<\/p>\n\t\t\t\t\t\t\t\t<\/div>\n\t\t\t\t<\/div>\n\t\t\t\t<div class=\"elementor-element elementor-element-5ef430b elementor-icon-list--layout-traditional elementor-list-item-link-full_width elementor-widget elementor-widget-icon-list\" data-id=\"5ef430b\" data-element_type=\"widget\" data-widget_type=\"icon-list.default\">\n\t\t\t\t<div class=\"elementor-widget-container\">\n\t\t\t\t\t\t\t<ul class=\"elementor-icon-list-items\">\n\t\t\t\t\t\t\t<li class=\"elementor-icon-list-item\">\n\t\t\t\t\t\t\t\t\t\t\t<span class=\"elementor-icon-list-icon\">\n\t\t\t\t\t\t\t<i aria-hidden=\"true\" class=\"fas fa-check\"><\/i>\t\t\t\t\t\t<\/span>\n\t\t\t\t\t\t\t\t\t\t<span class=\"elementor-icon-list-text\">Vorw\u00e4schen;<\/span>\n\t\t\t\t\t\t\t\t\t<\/li>\n\t\t\t\t\t\t\t\t<li class=\"elementor-icon-list-item\">\n\t\t\t\t\t\t\t\t\t\t\t<span class=\"elementor-icon-list-icon\">\n\t\t\t\t\t\t\t<i aria-hidden=\"true\" class=\"fas fa-check\"><\/i>\t\t\t\t\t\t<\/span>\n\t\t\t\t\t\t\t\t\t\t<span class=\"elementor-icon-list-text\">Mehrere <strong>Ultraschallw\u00e4schen<\/strong>;<\/span>\n\t\t\t\t\t\t\t\t\t<\/li>\n\t\t\t\t\t\t\t\t<li class=\"elementor-icon-list-item\">\n\t\t\t\t\t\t\t\t\t\t\t<span class=\"elementor-icon-list-icon\">\n\t\t\t\t\t\t\t<i aria-hidden=\"true\" class=\"fas fa-check\"><\/i>\t\t\t\t\t\t<\/span>\n\t\t\t\t\t\t\t\t\t\t<span class=\"elementor-icon-list-text\">Sp\u00fclen in Leitungswasser;<\/span>\n\t\t\t\t\t\t\t\t\t<\/li>\n\t\t\t\t\t\t\t\t<li class=\"elementor-icon-list-item\">\n\t\t\t\t\t\t\t\t\t\t\t<span class=\"elementor-icon-list-icon\">\n\t\t\t\t\t\t\t<i aria-hidden=\"true\" class=\"fas fa-check\"><\/i>\t\t\t\t\t\t<\/span>\n\t\t\t\t\t\t\t\t\t\t<span class=\"elementor-icon-list-text\">Sp\u00fclen mit demineralisiertem Wasser;<\/span>\n\t\t\t\t\t\t\t\t\t<\/li>\n\t\t\t\t\t\t\t\t<li class=\"elementor-icon-list-item\">\n\t\t\t\t\t\t\t\t\t\t\t<span class=\"elementor-icon-list-icon\">\n\t\t\t\t\t\t\t<i aria-hidden=\"true\" class=\"fas fa-check\"><\/i>\t\t\t\t\t\t<\/span>\n\t\t\t\t\t\t\t\t\t\t<span class=\"elementor-icon-list-text\">Oxidationsschutz und -vorbeugung;<\/span>\n\t\t\t\t\t\t\t\t\t<\/li>\n\t\t\t\t\t\t\t\t<li class=\"elementor-icon-list-item\">\n\t\t\t\t\t\t\t\t\t\t\t<span class=\"elementor-icon-list-icon\">\n\t\t\t\t\t\t\t<i aria-hidden=\"true\" class=\"fas fa-check\"><\/i>\t\t\t\t\t\t<\/span>\n\t\t\t\t\t\t\t\t\t\t<span class=\"elementor-icon-list-text\">Trocknung.<\/span>\n\t\t\t\t\t\t\t\t\t<\/li>\n\t\t\t\t\t\t<\/ul>\n\t\t\t\t\t\t<\/div>\n\t\t\t\t<\/div>\n\t\t\t\t<div class=\"elementor-element elementor-element-f9c416d elementor-widget__width-initial elementor-widget-tablet__width-inherit elementor-widget elementor-widget-text-editor\" data-id=\"f9c416d\" data-element_type=\"widget\" data-widget_type=\"text-editor.default\">\n\t\t\t\t<div class=\"elementor-widget-container\">\n\t\t\t\t\t\t\t\t\t<p>Zu diesem Zweck werden zunehmend <strong>automatische ROBOT-F\u00f6rderer<\/strong> eingesetzt..<\/p>\n\t\t\t\t\t\t\t\t<\/div>\n\t\t\t\t<\/div>\n\t\t\t\t<div class=\"elementor-element elementor-element-3a13d21 elementor-widget elementor-widget-video\" data-id=\"3a13d21\" data-element_type=\"widget\" data-settings=\"{&quot;video_type&quot;:&quot;vimeo&quot;}\" data-widget_type=\"video.default\">\n\t\t\t\t<div class=\"elementor-widget-container\">\n\t\t\t\t\t\t\t<div class=\"elementor-wrapper elementor-open-inline\">\n\t\t\t<iframe class=\"elementor-video-iframe\" allowfullscreen allow=\"clipboard-write\" title=\"vimeo Video Player\" src=\"https:\/\/player.vimeo.com\/video\/233273582?color&amp;autopause=0&amp;loop=0&amp;muted=0&amp;title=1&amp;portrait=1&amp;byline=1#t=\"><\/iframe>\t\t<\/div>\n\t\t\t\t\t\t<\/div>\n\t\t\t\t<\/div>\n\t\t\t\t<\/div>\n\t\t\t\t<\/div>\n\t\t<div class=\"elementor-element elementor-element-3715c64 e-con-full e-flex e-con e-parent\" data-id=\"3715c64\" data-element_type=\"container\" data-settings=\"{&quot;background_background&quot;:&quot;classic&quot;}\">\n\t\t<div class=\"elementor-element elementor-element-dd09ff1 e-con-full animated-slow e-flex e-con e-child\" data-id=\"dd09ff1\" data-element_type=\"container\" data-settings=\"{&quot;animation&quot;:&quot;none&quot;}\">\n\t\t\t\t<div class=\"elementor-element elementor-element-82b3f0d elementor-widget elementor-widget-heading\" data-id=\"82b3f0d\" data-element_type=\"widget\" data-widget_type=\"heading.default\">\n\t\t\t\t<div class=\"elementor-widget-container\">\n\t\t\t\t\t<h3 class=\"elementor-heading-title elementor-size-default\">\u00dcBERLEGENHEIT W\u00c4SSRIGER REINIGUNGSMITTEL GEGEN\u00dcBER ORGANISCHEN L\u00d6SUNGSMITTELN BEI VERSCHIEDENEN MECHANISCHEN WASCHVORG\u00c4NGEN<\/h3>\t\t\t\t<\/div>\n\t\t\t\t<\/div>\n\t\t\t\t<div class=\"elementor-element elementor-element-1ac3b88 elementor-widget-divider--view-line elementor-widget elementor-widget-divider\" data-id=\"1ac3b88\" data-element_type=\"widget\" data-widget_type=\"divider.default\">\n\t\t\t\t<div class=\"elementor-widget-container\">\n\t\t\t\t\t\t\t<div class=\"elementor-divider\">\n\t\t\t<span class=\"elementor-divider-separator\">\n\t\t\t\t\t\t<\/span>\n\t\t<\/div>\n\t\t\t\t\t\t<\/div>\n\t\t\t\t<\/div>\n\t\t\t\t<div class=\"elementor-element elementor-element-f16dfed elementor-widget__width-initial elementor-widget-tablet__width-inherit elementor-widget elementor-widget-text-editor\" data-id=\"f16dfed\" data-element_type=\"widget\" data-widget_type=\"text-editor.default\">\n\t\t\t\t<div class=\"elementor-widget-container\">\n\t\t\t\t\t\t\t\t\t<p>Beim Waschen von Kleinteilen mit Ultraschall ist die Verwendung von <strong>w\u00e4ssrigen Reinigungsmitteln<\/strong> wesentlich effizienter und wirtschaftlicher. Sie ist der Entfettung mit organischen L\u00f6sungsmitteln eindeutig vorzuziehen.<\/p>\n<p>Denn das L\u00f6sungsmittel verd\u00fcnnt das Fett, entfernt es aber nicht. Solange das L\u00f6sungsmittel sauber ist, kann das Ergebnis akzeptabel sein, aber wenn das L\u00f6sungsmittel mit Fett verstopft ist, wird das Ergebnis schlechter. Um ein akzeptables Ergebnis zu erzielen, w\u00e4re eine kontinuierliche <strong>Destillation im geschlossenen Kreislauf<\/strong> erforderlich, was erhebliche Probleme beim Energieverbrauch mit sich bringt. Hinzu kommen die Folgen in Bezug auf die Umweltverschmutzung und die Entsorgung des verbrauchten L\u00f6sungsmittels.<\/p>\n<p>Au\u00dferdem entstehen am Ende der <strong>L\u00f6sungsmittelw\u00e4sche<\/strong> typische St\u00e4ube, d. h. anorganische R\u00fcckst\u00e4nde (Schleifmittel, Verschnitt, Sp\u00e4ne) auf der Oberfl\u00e4che des behandelten Werkst\u00fccks. Diese anorganischen R\u00fcckst\u00e4nde l\u00f6sen sich nicht in den organischen L\u00f6sungsmitteln und bleiben auf der Oberfl\u00e4che des Werkst\u00fccks, so dass sie manuell entfernt werden m\u00fcssen (&#8222;Abschleifen&#8220;).<\/p>\n<p>Ein Beispiel f\u00fcr ein sehr schwieriges mechanisches Pr\u00e4zisionswaschen ist das <strong>Waschen von Kugelschreiberspitzen<\/strong> mit einem Durchmesser von 0,9 mm, die mit Dreh\u00f6l verschmutzt sind, wof\u00fcr es ratsam ist, Reinigungsmittel auf Wasserbasis zu verwenden.<\/p>\n\t\t\t\t\t\t\t\t<\/div>\n\t\t\t\t<\/div>\n\t\t\t\t<\/div>\n\t\t<div class=\"elementor-element elementor-element-2a12c22 e-con-full animated-slow e-flex e-con e-child\" data-id=\"2a12c22\" data-element_type=\"container\" data-settings=\"{&quot;animation&quot;:&quot;none&quot;}\">\n\t\t\t\t<div class=\"elementor-element elementor-element-e20a390 elementor-widget elementor-widget-video\" data-id=\"e20a390\" data-element_type=\"widget\" data-settings=\"{&quot;youtube_url&quot;:&quot;https:\\\/\\\/youtu.be\\\/D8iXArPaEpA&quot;,&quot;video_type&quot;:&quot;youtube&quot;,&quot;controls&quot;:&quot;yes&quot;}\" data-widget_type=\"video.default\">\n\t\t\t\t<div class=\"elementor-widget-container\">\n\t\t\t\t\t\t\t<div class=\"elementor-wrapper elementor-open-inline\">\n\t\t\t<div class=\"elementor-video\"><\/div>\t\t<\/div>\n\t\t\t\t\t\t<\/div>\n\t\t\t\t<\/div>\n\t\t<div class=\"elementor-element elementor-element-6c86ded e-con-full e-flex e-con e-child\" data-id=\"6c86ded\" data-element_type=\"container\">\n\t\t\t\t<div class=\"elementor-element elementor-element-2f32279 elementor-widget__width-initial elementor-widget-tablet__width-inherit elementor-widget elementor-widget-text-editor\" data-id=\"2f32279\" data-element_type=\"widget\" data-widget_type=\"text-editor.default\">\n\t\t\t\t<div class=\"elementor-widget-container\">\n\t\t\t\t\t\t\t\t\t<p><strong>Kugelschreiberspitzen, Durchmesser 0,9 mm, verschmutzt mit Dreh\u00f6l<\/strong><\/p>\n\t\t\t\t\t\t\t\t<\/div>\n\t\t\t\t<\/div>\n\t\t\t\t<div class=\"elementor-element elementor-element-fe88f77 elementor-widget elementor-widget-gallery\" data-id=\"fe88f77\" data-element_type=\"widget\" data-settings=\"{&quot;columns&quot;:2,&quot;lazyload&quot;:&quot;yes&quot;,&quot;gallery_layout&quot;:&quot;grid&quot;,&quot;columns_tablet&quot;:2,&quot;columns_mobile&quot;:1,&quot;gap&quot;:{&quot;unit&quot;:&quot;px&quot;,&quot;size&quot;:10,&quot;sizes&quot;:[]},&quot;gap_tablet&quot;:{&quot;unit&quot;:&quot;px&quot;,&quot;size&quot;:10,&quot;sizes&quot;:[]},&quot;gap_mobile&quot;:{&quot;unit&quot;:&quot;px&quot;,&quot;size&quot;:10,&quot;sizes&quot;:[]},&quot;link_to&quot;:&quot;file&quot;,&quot;aspect_ratio&quot;:&quot;3:2&quot;,&quot;overlay_background&quot;:&quot;yes&quot;,&quot;content_hover_animation&quot;:&quot;fade-in&quot;}\" data-widget_type=\"gallery.default\">\n\t\t\t\t<div class=\"elementor-widget-container\">\n\t\t\t\t\t\t\t<div class=\"elementor-gallery__container\">\n\t\t\t\t\t\t\t<a class=\"e-gallery-item elementor-gallery-item elementor-animated-content\" href=\"https:\/\/ultrasuoni.pdr-server.it\/wp-content\/uploads\/oleodinamica-1-150x150-1.jpg\" data-elementor-open-lightbox=\"yes\" data-elementor-lightbox-slideshow=\"fe88f77\" data-elementor-lightbox-title=\"oleodinamica-1-150x150\" data-e-action-hash=\"#elementor-action%3Aaction%3Dlightbox%26settings%3DeyJpZCI6MTk5OCwidXJsIjoiaHR0cHM6XC9cL3VsdHJhc3VvbmkucGRyLXNlcnZlci5pdFwvd3AtY29udGVudFwvdXBsb2Fkc1wvb2xlb2RpbmFtaWNhLTEtMTUweDE1MC0xLmpwZyIsInNsaWRlc2hvdyI6ImZlODhmNzcifQ%3D%3D\">\n\t\t\t\t\t<div class=\"e-gallery-image elementor-gallery-item__image\" data-thumbnail=\"https:\/\/ultrasuoni.pdr-server.it\/wp-content\/uploads\/oleodinamica-1-150x150-1.jpg\" data-width=\"150\" data-height=\"150\" aria-label=\"\" role=\"img\" ><\/div>\n\t\t\t\t\t\t\t\t\t\t\t<div class=\"elementor-gallery-item__overlay\"><\/div>\n\t\t\t\t\t\t\t\t\t\t\t\t\t\t<\/a>\n\t\t\t\t\t\t\t<a class=\"e-gallery-item elementor-gallery-item elementor-animated-content\" href=\"https:\/\/ultrasuoni.pdr-server.it\/wp-content\/uploads\/burattatura-acciaio-aps-14-2-300x167-150x150-1.jpg\" data-elementor-open-lightbox=\"yes\" data-elementor-lightbox-slideshow=\"fe88f77\" data-elementor-lightbox-title=\"burattatura-acciaio-aps-14-2-300x167-150x150\" data-e-action-hash=\"#elementor-action%3Aaction%3Dlightbox%26settings%3DeyJpZCI6MjAwMSwidXJsIjoiaHR0cHM6XC9cL3VsdHJhc3VvbmkucGRyLXNlcnZlci5pdFwvd3AtY29udGVudFwvdXBsb2Fkc1wvYnVyYXR0YXR1cmEtYWNjaWFpby1hcHMtMTQtMi0zMDB4MTY3LTE1MHgxNTAtMS5qcGciLCJzbGlkZXNob3ciOiJmZTg4Zjc3In0%3D\">\n\t\t\t\t\t<div class=\"e-gallery-image elementor-gallery-item__image\" data-thumbnail=\"https:\/\/ultrasuoni.pdr-server.it\/wp-content\/uploads\/burattatura-acciaio-aps-14-2-300x167-150x150-1.jpg\" data-width=\"150\" data-height=\"150\" aria-label=\"\" role=\"img\" ><\/div>\n\t\t\t\t\t\t\t\t\t\t\t<div class=\"elementor-gallery-item__overlay\"><\/div>\n\t\t\t\t\t\t\t\t\t\t\t\t\t\t<\/a>\n\t\t\t\t\t<\/div>\n\t\t\t\t\t<\/div>\n\t\t\t\t<\/div>\n\t\t\t\t<div class=\"elementor-element elementor-element-9cd8cc1 elementor-widget-divider--view-line elementor-widget elementor-widget-divider\" data-id=\"9cd8cc1\" data-element_type=\"widget\" data-widget_type=\"divider.default\">\n\t\t\t\t<div class=\"elementor-widget-container\">\n\t\t\t\t\t\t\t<div class=\"elementor-divider\">\n\t\t\t<span class=\"elementor-divider-separator\">\n\t\t\t\t\t\t<\/span>\n\t\t<\/div>\n\t\t\t\t\t\t<\/div>\n\t\t\t\t<\/div>\n\t\t\t\t<\/div>\n\t\t\t\t<div class=\"elementor-element elementor-element-32734aa elementor-widget elementor-widget-button\" data-id=\"32734aa\" data-element_type=\"widget\" data-widget_type=\"button.default\">\n\t\t\t\t<div class=\"elementor-widget-container\">\n\t\t\t\t\t\t\t\t\t<div class=\"elementor-button-wrapper\">\n\t\t\t\t\t<a class=\"elementor-button elementor-button-link elementor-size-lg\" href=\"#contattaci\">\n\t\t\t\t\t\t<span class=\"elementor-button-content-wrapper\">\n\t\t\t\t\t\t\t\t\t<span class=\"elementor-button-text\">Kontaktiere uns<\/span>\n\t\t\t\t\t<\/span>\n\t\t\t\t\t<\/a>\n\t\t\t\t<\/div>\n\t\t\t\t\t\t\t\t<\/div>\n\t\t\t\t<\/div>\n\t\t\t\t<\/div>\n\t\t\t\t<\/div>\n\t\t\t\t<\/div>\n\t\t","protected":false},"excerpt":{"rendered":"<p>Ultraschallreinigung von Kleinteilen Waschen von Nadeln und Kan\u00fclen, Anschl\u00fcssen, Ventilen Eine der wichtigsten von Moroni angebotenen Dienstleistungen ist der Bau von Ultraschall-Kleinteilwaschanlagen, die ideal f\u00fcr Pr\u00e4zisionsmetallteile, aber auch f\u00fcr verschiedene mechanische Komponenten wie Anschl\u00fcsse und Ventile sind. F\u00fcr das Waschen kleiner Teile mit Ultraschall sind in der Regel mehrstufige Behandlungen erforderlich: Vorw\u00e4schen; Mehrere Ultraschallw\u00e4schen; Sp\u00fclen [&hellip;]<\/p>\n","protected":false},"author":1,"featured_media":0,"parent":3149,"menu_order":0,"comment_status":"closed","ping_status":"closed","template":"","meta":{"footnotes":""},"class_list":["post-3154","page","type-page","status-publish","hentry"],"_links":{"self":[{"href":"https:\/\/ultrasuoni.pdr-server.it\/de\/wp-json\/wp\/v2\/pages\/3154","targetHints":{"allow":["GET"]}}],"collection":[{"href":"https:\/\/ultrasuoni.pdr-server.it\/de\/wp-json\/wp\/v2\/pages"}],"about":[{"href":"https:\/\/ultrasuoni.pdr-server.it\/de\/wp-json\/wp\/v2\/types\/page"}],"author":[{"embeddable":true,"href":"https:\/\/ultrasuoni.pdr-server.it\/de\/wp-json\/wp\/v2\/users\/1"}],"replies":[{"embeddable":true,"href":"https:\/\/ultrasuoni.pdr-server.it\/de\/wp-json\/wp\/v2\/comments?post=3154"}],"version-history":[{"count":0,"href":"https:\/\/ultrasuoni.pdr-server.it\/de\/wp-json\/wp\/v2\/pages\/3154\/revisions"}],"up":[{"embeddable":true,"href":"https:\/\/ultrasuoni.pdr-server.it\/de\/wp-json\/wp\/v2\/pages\/3149"}],"wp:attachment":[{"href":"https:\/\/ultrasuoni.pdr-server.it\/de\/wp-json\/wp\/v2\/media?parent=3154"}],"curies":[{"name":"wp","href":"https:\/\/api.w.org\/{rel}","templated":true}]}}