{"id":3144,"date":"2023-05-12T11:59:52","date_gmt":"2023-05-12T09:59:52","guid":{"rendered":"https:\/\/ultrasuoni.pdr-server.it\/prinzip-der-ultraschall-reinigung\/"},"modified":"2024-05-13T18:08:59","modified_gmt":"2024-05-13T16:08:59","slug":"prinzip-der-ultraschall-reinigung","status":"publish","type":"page","link":"https:\/\/ultrasuoni.pdr-server.it\/de\/prinzip-der-ultraschall-reinigung\/","title":{"rendered":"Prinzip der Ultraschall-Reinigung"},"content":{"rendered":"\t\t<div data-elementor-type=\"wp-page\" data-elementor-id=\"3144\" class=\"elementor elementor-3144 elementor-424\" data-elementor-post-type=\"page\">\n\t\t\t\t<div class=\"elementor-element elementor-element-be5b598 e-flex e-con-boxed e-con e-parent\" data-id=\"be5b598\" data-element_type=\"container\" data-settings=\"{&quot;background_background&quot;:&quot;classic&quot;}\">\n\t\t\t\t\t<div class=\"e-con-inner\">\n\t\t\t\t<div class=\"elementor-element elementor-element-b3ea739 elementor-widget__width-initial elementor-widget-tablet__width-initial elementor-widget elementor-widget-heading\" data-id=\"b3ea739\" data-element_type=\"widget\" data-widget_type=\"heading.default\">\n\t\t\t\t<div class=\"elementor-widget-container\">\n\t\t\t\t\t<h1 class=\"elementor-heading-title elementor-size-default\">Prinzip der<br> Ultraschall-Reinigung<\/h1>\t\t\t\t<\/div>\n\t\t\t\t<\/div>\n\t\t\t\t\t<\/div>\n\t\t\t\t<\/div>\n\t\t<div class=\"elementor-element elementor-element-438e88b e-con-full e-flex e-con e-parent\" data-id=\"438e88b\" data-element_type=\"container\">\n\t\t<div class=\"elementor-element elementor-element-fefe267 e-con-full animated-slow e-flex e-con e-child\" data-id=\"fefe267\" data-element_type=\"container\" data-settings=\"{&quot;animation&quot;:&quot;none&quot;}\">\n\t\t\t\t<div class=\"elementor-element elementor-element-3df5650 elementor-widget elementor-widget-heading\" data-id=\"3df5650\" data-element_type=\"widget\" data-widget_type=\"heading.default\">\n\t\t\t\t<div class=\"elementor-widget-container\">\n\t\t\t\t\t<h2 class=\"elementor-heading-title elementor-size-default\">Ultraschall-Reinigung und -Entfetten<\/h2>\t\t\t\t<\/div>\n\t\t\t\t<\/div>\n\t\t\t\t<div class=\"elementor-element elementor-element-7642f56 elementor-widget-divider--view-line elementor-widget elementor-widget-divider\" data-id=\"7642f56\" data-element_type=\"widget\" data-widget_type=\"divider.default\">\n\t\t\t\t<div class=\"elementor-widget-container\">\n\t\t\t\t\t\t\t<div class=\"elementor-divider\">\n\t\t\t<span class=\"elementor-divider-separator\">\n\t\t\t\t\t\t<\/span>\n\t\t<\/div>\n\t\t\t\t\t\t<\/div>\n\t\t\t\t<\/div>\n\t\t\t\t<div class=\"elementor-element elementor-element-c14fa71 elementor-widget elementor-widget-heading\" data-id=\"c14fa71\" data-element_type=\"widget\" data-widget_type=\"heading.default\">\n\t\t\t\t<div class=\"elementor-widget-container\">\n\t\t\t\t\t<h3 class=\"elementor-heading-title elementor-size-default\">Die Auswaschung<\/h3>\t\t\t\t<\/div>\n\t\t\t\t<\/div>\n\t\t\t\t<div class=\"elementor-element elementor-element-180e42a elementor-widget__width-initial elementor-widget-tablet__width-inherit elementor-widget elementor-widget-text-editor\" data-id=\"180e42a\" data-element_type=\"widget\" data-widget_type=\"text-editor.default\">\n\t\t\t\t<div class=\"elementor-widget-container\">\n\t\t\t\t\t\t\t\t\t<p>Kurz gesagt besteht das Prinzip der Ultraschallreinigung darin, in einem Becken, das Wasser mit Reinigungsmitteln enth\u00e4lt, Hochfrequenzwellen (<strong>Vibrationen<\/strong>) zu erzeugen.<\/p>\n<p>Dazu werden an den W\u00e4nden oder am Boden eines Edelstahlbeh\u00e4lters <strong>PZT-Schwinger (piezoelektrisch Schwinger)<\/strong> in engem Kontakt mit dem Stahl angebracht, die von einem <strong>GENERATOR<\/strong> in Schwingungen mit einer Frequenz von 33.000 Hz und mehr versetzt werden.<\/p>\n<p>Die Vibrationen erzeugen Wellen in der Fl\u00fcssigkeit, die sich im gesamten Beh\u00e4ltervolumen ausbreiten und die Oberfl\u00e4che der zu reinigenden Teile erreichen.<\/p>\n<p>Diese Wellen haben einen sinusf\u00f6rmigen Verlauf, d.h. sie wechseln sich mit einer Kompressions- und einer Dekompressionsphase (Halbwelle) ab.<\/p>\n<p>W\u00e4hrend der Dekompressionshalbwelle bilden sich Mikroblasen aus Vakuum (<strong>KAVITATIONEN<\/strong>), die in der nachfolgenden Kompressionshalbwelle sofort implodieren und dabei Dr\u00fccke von bis zu 1000 bar erreichen.<\/p>\n<p>Dieses aus der Hydraulik bekannte Ph\u00e4nomen bewirkt eine mechanische Zerkleinerung von Schmutz aller Art auf molekularer<\/p>\n<p>Ebene. Interessant f\u00fcr unseren Waschzweck ist, dass die Kavitationen auch auf das Innerste der zu behandelnden Teile einwirken, auf die verborgensten Stellen, die mit anderen Systemen nicht erreicht werden k\u00f6nnen. Das Ergebnis ist absolut und unvergleichbar mit jedem anderen Reinigungssystem, wie Spr\u00fchen, Quirlen, Zentrifugieren oder anderen.<\/p>\n\t\t\t\t\t\t\t\t<\/div>\n\t\t\t\t<\/div>\n\t\t\t\t<\/div>\n\t\t<div class=\"elementor-element elementor-element-f58fd64 e-con-full e-flex e-con e-child\" data-id=\"f58fd64\" data-element_type=\"container\">\n\t\t\t\t<div class=\"elementor-element elementor-element-4b6974e animated-slow elementor-widget elementor-widget-image\" data-id=\"4b6974e\" data-element_type=\"widget\" data-settings=\"{&quot;_animation&quot;:&quot;none&quot;}\" data-widget_type=\"image.default\">\n\t\t\t\t<div class=\"elementor-widget-container\">\n\t\t\t\t\t\t\t\t\t\t\t\t\t\t\t<img fetchpriority=\"high\" decoding=\"async\" width=\"295\" height=\"444\" src=\"https:\/\/ultrasuoni.pdr-server.it\/wp-content\/uploads\/bubbles.jpg\" class=\"attachment-large size-large wp-image-1962\" alt=\"principio lavaggio con ultrasuoni\" srcset=\"https:\/\/ultrasuoni.pdr-server.it\/wp-content\/uploads\/bubbles.jpg 295w, https:\/\/ultrasuoni.pdr-server.it\/wp-content\/uploads\/bubbles-199x300.jpg 199w\" sizes=\"(max-width: 295px) 100vw, 295px\" \/>\t\t\t\t\t\t\t\t\t\t\t\t\t\t\t<\/div>\n\t\t\t\t<\/div>\n\t\t<div class=\"elementor-element elementor-element-d8c1d6f e-con-full e-flex e-con e-child\" data-id=\"d8c1d6f\" data-element_type=\"container\">\n\t\t<div class=\"elementor-element elementor-element-8f312e4 e-flex e-con-boxed e-con e-child\" data-id=\"8f312e4\" data-element_type=\"container\">\n\t\t\t\t\t<div class=\"e-con-inner\">\n\t\t\t\t<div class=\"elementor-element elementor-element-698b35e elementor-widget elementor-widget-image\" data-id=\"698b35e\" data-element_type=\"widget\" data-widget_type=\"image.default\">\n\t\t\t\t<div class=\"elementor-widget-container\">\n\t\t\t\t\t\t\t\t\t\t\t\t\t\t\t<img decoding=\"async\" width=\"150\" height=\"150\" src=\"https:\/\/ultrasuoni.pdr-server.it\/wp-content\/uploads\/foto_becker_c-150x150-1.jpg\" class=\"attachment-large size-large wp-image-1953\" alt=\"Cavitazione Lavaggio Ultrasuoni\" \/>\t\t\t\t\t\t\t\t\t\t\t\t\t\t\t<\/div>\n\t\t\t\t<\/div>\n\t\t\t\t\t<\/div>\n\t\t\t\t<\/div>\n\t\t<div class=\"elementor-element elementor-element-36908f0 e-flex e-con-boxed e-con e-child\" data-id=\"36908f0\" data-element_type=\"container\">\n\t\t\t\t\t<div class=\"e-con-inner\">\n\t\t\t\t<div class=\"elementor-element elementor-element-09cba35 elementor-widget elementor-widget-image\" data-id=\"09cba35\" data-element_type=\"widget\" data-widget_type=\"image.default\">\n\t\t\t\t<div class=\"elementor-widget-container\">\n\t\t\t\t\t\t\t\t\t\t\t\t\t\t\t<img decoding=\"async\" width=\"150\" height=\"105\" src=\"https:\/\/ultrasuoni.pdr-server.it\/wp-content\/uploads\/foto-rifrazione-150x105-1.jpg\" class=\"attachment-large size-large wp-image-1956\" alt=\"foto-rifrazione\" \/>\t\t\t\t\t\t\t\t\t\t\t\t\t\t\t<\/div>\n\t\t\t\t<\/div>\n\t\t\t\t\t<\/div>\n\t\t\t\t<\/div>\n\t\t\t\t<\/div>\n\t\t\t\t<\/div>\n\t\t\t\t<\/div>\n\t\t<div class=\"elementor-element elementor-element-a2b2d18 e-con-full e-flex e-con e-parent\" data-id=\"a2b2d18\" data-element_type=\"container\" data-settings=\"{&quot;background_background&quot;:&quot;classic&quot;}\">\n\t\t<div class=\"elementor-element elementor-element-2060afd e-con-full animated-slow e-flex e-con e-child\" data-id=\"2060afd\" data-element_type=\"container\" data-settings=\"{&quot;animation&quot;:&quot;none&quot;}\">\n\t\t\t\t<div class=\"elementor-element elementor-element-b0af58f elementor-widget elementor-widget-text-editor\" data-id=\"b0af58f\" data-element_type=\"widget\" data-widget_type=\"text-editor.default\">\n\t\t\t\t<div class=\"elementor-widget-container\">\n\t\t\t\t\t\t\t\t\t<p>Die Energie f\u00fcr diese mechanische Aktion wird von einem Generator geliefert, so dass ein klassisches System aus den folgenden Elementen besteht:<\/p>\n\t\t\t\t\t\t\t\t<\/div>\n\t\t\t\t<\/div>\n\t\t\t\t<div class=\"elementor-element elementor-element-a26a428 elementor-widget elementor-widget-heading\" data-id=\"a26a428\" data-element_type=\"widget\" data-widget_type=\"heading.default\">\n\t\t\t\t<div class=\"elementor-widget-container\">\n\t\t\t\t\t<h3 class=\"elementor-heading-title elementor-size-default\">GENERATOR + SCHWINGER + WANNE<\/h3>\t\t\t\t<\/div>\n\t\t\t\t<\/div>\n\t\t\t\t<div class=\"elementor-element elementor-element-9c16b14 elementor-widget elementor-widget-image\" data-id=\"9c16b14\" data-element_type=\"widget\" data-widget_type=\"image.default\">\n\t\t\t\t<div class=\"elementor-widget-container\">\n\t\t\t\t\t\t\t\t\t\t\t\t\t\t\t<img loading=\"lazy\" decoding=\"async\" width=\"350\" height=\"192\" src=\"https:\/\/ultrasuoni.pdr-server.it\/wp-content\/uploads\/principio_x_sito_nuovo.gif\" class=\"attachment-large size-large wp-image-1959\" alt=\"principio lavaggio ultrasuoni\" \/>\t\t\t\t\t\t\t\t\t\t\t\t\t\t\t<\/div>\n\t\t\t\t<\/div>\n\t\t\t\t<\/div>\n\t\t<div class=\"elementor-element elementor-element-3b43aeb e-con-full animated-slow e-flex e-con e-child\" data-id=\"3b43aeb\" data-element_type=\"container\" data-settings=\"{&quot;animation&quot;:&quot;none&quot;}\">\n\t\t\t\t<div class=\"elementor-element elementor-element-63b6263 elementor-widget elementor-widget-heading\" data-id=\"63b6263\" data-element_type=\"widget\" data-widget_type=\"heading.default\">\n\t\t\t\t<div class=\"elementor-widget-container\">\n\t\t\t\t\t<h2 class=\"elementor-heading-title elementor-size-default\">Warum eine Ultraschallreinigung<\/h2>\t\t\t\t<\/div>\n\t\t\t\t<\/div>\n\t\t\t\t<div class=\"elementor-element elementor-element-010f026 elementor-widget-divider--view-line elementor-widget elementor-widget-divider\" data-id=\"010f026\" data-element_type=\"widget\" data-widget_type=\"divider.default\">\n\t\t\t\t<div class=\"elementor-widget-container\">\n\t\t\t\t\t\t\t<div class=\"elementor-divider\">\n\t\t\t<span class=\"elementor-divider-separator\">\n\t\t\t\t\t\t<\/span>\n\t\t<\/div>\n\t\t\t\t\t\t<\/div>\n\t\t\t\t<\/div>\n\t\t\t\t<div class=\"elementor-element elementor-element-3171488 elementor-widget__width-initial elementor-widget-tablet__width-inherit elementor-widget elementor-widget-text-editor\" data-id=\"3171488\" data-element_type=\"widget\" data-widget_type=\"text-editor.default\">\n\t\t\t\t<div class=\"elementor-widget-container\">\n\t\t\t\t\t\t\t\t\t<p>Wir wiederholen, dass die erzeugten Wellen einen sinusf\u00f6rmigen Verlauf haben, so dass sich positive und negative Halbwellen abwechseln: in der positiven Phase (Kompression) wird der Schmutz aufgebrochen, zerkleinert, pulverisiert, und in der negativen Phase (Dekompression) wird er aufgesaugt und von der Oberfl\u00e4che des Werkst\u00fccks entfernt.<br \/>Die Waschfl\u00fcssigkeit (Wasser mit Reinigungsmittel und daher geringer Oberfl\u00e4chenspannung) erreicht jedes Innere des Werkst\u00fccks, und mit der Fl\u00fcssigkeit entstehen die oben genannten Wellenz\u00fcge.<\/p>\n<p><strong>Die innersten, verborgenen, unzug\u00e4nglichen Teile sind von der Wirkung des Ultraschalls betroffen.<\/strong><\/p>\n\t\t\t\t\t\t\t\t<\/div>\n\t\t\t\t<\/div>\n\t\t\t\t<div class=\"elementor-element elementor-element-63807d4 elementor-widget-divider--view-line elementor-widget elementor-widget-divider\" data-id=\"63807d4\" data-element_type=\"widget\" data-widget_type=\"divider.default\">\n\t\t\t\t<div class=\"elementor-widget-container\">\n\t\t\t\t\t\t\t<div class=\"elementor-divider\">\n\t\t\t<span class=\"elementor-divider-separator\">\n\t\t\t\t\t\t<\/span>\n\t\t<\/div>\n\t\t\t\t\t\t<\/div>\n\t\t\t\t<\/div>\n\t\t\t\t<div class=\"elementor-element elementor-element-a10b236 elementor-widget__width-initial elementor-widget-tablet__width-inherit elementor-widget elementor-widget-text-editor\" data-id=\"a10b236\" data-element_type=\"widget\" data-widget_type=\"text-editor.default\">\n\t\t\t\t<div class=\"elementor-widget-container\">\n\t\t\t\t\t\t\t\t\t<strong>Wer sich eingehender mit dem Thema befassen m\u00f6chte, findet alle spezifischen Argumente zur Erkl\u00e4rung des Themas auf der Seite <a href=\"\/de\/ultraschall-waschtechniken\/\">TECHNIK<\/a>.<\/strong>\t\t\t\t\t\t\t\t<\/div>\n\t\t\t\t<\/div>\n\t\t\t\t<div class=\"elementor-element elementor-element-c9f99c1 elementor-widget elementor-widget-button\" data-id=\"c9f99c1\" data-element_type=\"widget\" data-widget_type=\"button.default\">\n\t\t\t\t<div class=\"elementor-widget-container\">\n\t\t\t\t\t\t\t\t\t<div class=\"elementor-button-wrapper\">\n\t\t\t\t\t<a class=\"elementor-button elementor-button-link elementor-size-lg\" href=\"#contattaci\">\n\t\t\t\t\t\t<span class=\"elementor-button-content-wrapper\">\n\t\t\t\t\t\t\t\t\t<span class=\"elementor-button-text\">Kontaktiere uns<\/span>\n\t\t\t\t\t<\/span>\n\t\t\t\t\t<\/a>\n\t\t\t\t<\/div>\n\t\t\t\t\t\t\t\t<\/div>\n\t\t\t\t<\/div>\n\t\t\t\t<\/div>\n\t\t\t\t<\/div>\n\t\t\t\t<\/div>\n\t\t","protected":false},"excerpt":{"rendered":"<p>Prinzip der Ultraschall-Reinigung Ultraschall-Reinigung und -Entfetten Die Auswaschung Kurz gesagt besteht das Prinzip der Ultraschallreinigung darin, in einem Becken, das Wasser mit Reinigungsmitteln enth\u00e4lt, Hochfrequenzwellen (Vibrationen) zu erzeugen. Dazu werden an den W\u00e4nden oder am Boden eines Edelstahlbeh\u00e4lters PZT-Schwinger (piezoelektrisch Schwinger) in engem Kontakt mit dem Stahl angebracht, die von einem GENERATOR in Schwingungen mit [&hellip;]<\/p>\n","protected":false},"author":1,"featured_media":0,"parent":0,"menu_order":0,"comment_status":"closed","ping_status":"closed","template":"","meta":{"footnotes":""},"class_list":["post-3144","page","type-page","status-publish","hentry"],"_links":{"self":[{"href":"https:\/\/ultrasuoni.pdr-server.it\/de\/wp-json\/wp\/v2\/pages\/3144","targetHints":{"allow":["GET"]}}],"collection":[{"href":"https:\/\/ultrasuoni.pdr-server.it\/de\/wp-json\/wp\/v2\/pages"}],"about":[{"href":"https:\/\/ultrasuoni.pdr-server.it\/de\/wp-json\/wp\/v2\/types\/page"}],"author":[{"embeddable":true,"href":"https:\/\/ultrasuoni.pdr-server.it\/de\/wp-json\/wp\/v2\/users\/1"}],"replies":[{"embeddable":true,"href":"https:\/\/ultrasuoni.pdr-server.it\/de\/wp-json\/wp\/v2\/comments?post=3144"}],"version-history":[{"count":0,"href":"https:\/\/ultrasuoni.pdr-server.it\/de\/wp-json\/wp\/v2\/pages\/3144\/revisions"}],"wp:attachment":[{"href":"https:\/\/ultrasuoni.pdr-server.it\/de\/wp-json\/wp\/v2\/media?parent=3144"}],"curies":[{"name":"wp","href":"https:\/\/api.w.org\/{rel}","templated":true}]}}