{"id":3138,"date":"2023-05-12T11:46:13","date_gmt":"2023-05-12T09:46:13","guid":{"rendered":"https:\/\/ultrasuoni.pdr-server.it\/agentur\/"},"modified":"2025-09-16T11:22:08","modified_gmt":"2025-09-16T09:22:08","slug":"firma","status":"publish","type":"page","link":"https:\/\/ultrasuoni.pdr-server.it\/de\/firma\/","title":{"rendered":"Firma"},"content":{"rendered":"\t\t<div data-elementor-type=\"wp-page\" data-elementor-id=\"3138\" class=\"elementor elementor-3138 elementor-420\" data-elementor-post-type=\"page\">\n\t\t\t\t<div class=\"elementor-element elementor-element-549c1ba e-flex e-con-boxed e-con e-parent\" data-id=\"549c1ba\" data-element_type=\"container\" data-settings=\"{&quot;background_background&quot;:&quot;video&quot;,&quot;background_video_link&quot;:&quot;https:\\\/\\\/vimeo.com\\\/233273582&quot;,&quot;background_play_on_mobile&quot;:&quot;yes&quot;}\">\n\t\t\t\t\t<div class=\"e-con-inner\">\n\t\t<div class=\"elementor-background-video-container\">\n\t\t\t\t\t\t\t<div class=\"elementor-background-video-embed\"><\/div>\n\t\t\t\t\t\t<\/div>\t\t<div class=\"elementor-element elementor-element-5fa8d5f elementor-widget__width-initial elementor-widget-tablet__width-initial elementor-widget elementor-widget-heading\" data-id=\"5fa8d5f\" data-element_type=\"widget\" data-widget_type=\"heading.default\">\n\t\t\t\t<div class=\"elementor-widget-container\">\n\t\t\t\t\t<h1 class=\"elementor-heading-title elementor-size-default\">Ultrasuoni Moroni<br> <span style=\"font-size: 29px\">seit 1963<\/span><\/h1>\t\t\t\t<\/div>\n\t\t\t\t<\/div>\n\t\t\t\t\t<\/div>\n\t\t\t\t<\/div>\n\t\t<div class=\"elementor-element elementor-element-c5c2b0f e-con-full e-flex e-con e-parent\" data-id=\"c5c2b0f\" data-element_type=\"container\">\n\t\t<div class=\"elementor-element elementor-element-c6912c8 e-con-full animated-slow e-flex e-con e-child\" data-id=\"c6912c8\" data-element_type=\"container\" data-settings=\"{&quot;animation&quot;:&quot;none&quot;}\">\n\t\t\t\t<div class=\"elementor-element elementor-element-d23fe17 elementor-widget elementor-widget-heading\" data-id=\"d23fe17\" data-element_type=\"widget\" data-widget_type=\"heading.default\">\n\t\t\t\t<div class=\"elementor-widget-container\">\n\t\t\t\t\t<h2 class=\"elementor-heading-title elementor-size-default\">Ultrasuoni Moroni stellt Ultraschall-Waschanlagen seit 1963 her.<\/h2>\t\t\t\t<\/div>\n\t\t\t\t<\/div>\n\t\t\t\t<div class=\"elementor-element elementor-element-9a8f5e8 elementor-widget-divider--view-line elementor-widget elementor-widget-divider\" data-id=\"9a8f5e8\" data-element_type=\"widget\" data-widget_type=\"divider.default\">\n\t\t\t\t<div class=\"elementor-widget-container\">\n\t\t\t\t\t\t\t<div class=\"elementor-divider\">\n\t\t\t<span class=\"elementor-divider-separator\">\n\t\t\t\t\t\t<\/span>\n\t\t<\/div>\n\t\t\t\t\t\t<\/div>\n\t\t\t\t<\/div>\n\t\t\t\t<div class=\"elementor-element elementor-element-d0aacba elementor-widget__width-initial elementor-widget-tablet__width-inherit elementor-widget elementor-widget-text-editor\" data-id=\"d0aacba\" data-element_type=\"widget\" data-widget_type=\"text-editor.default\">\n\t\t\t\t<div class=\"elementor-widget-container\">\n\t\t\t\t\t\t\t\t\t<p>Sie hat alle Technologien der Branche \u00fcbernommen: von Rotationsgeneratoren \u00fcber solche mit SCR bis hin zu den heutigen Generatoren mit IGBT, von magnetostriktiven Schwingern bis hin zu den neuesten piezoelektrischen Elementen, die gesinterte Keramikmaterialien aus Blei- und Barium-Titanat und -Zirkonat verwenden.<\/p>\n<p>Damit ist ein H\u00f6chstma\u00df an Fachwissen und Erfahrung gew\u00e4hrleistet, was zu einer schnellen Auswahl des am besten geeigneten Systems f\u00fcr die jeweiligen Anforderungen des Einzelfalls f\u00fchrt.<\/p>\n<p>In den einfachsten F\u00e4llen kann eine einzige Ultraschallwanne ausreichen, um ein Problem zu l\u00f6sen, in anderen F\u00e4llen muss ein Behandlungszyklus erstellt werden, der mehrere Stufen umfassen kann, z. B:<\/p>\n\t\t\t\t\t\t\t\t<\/div>\n\t\t\t\t<\/div>\n\t\t\t\t<div class=\"elementor-element elementor-element-64a71ae elementor-icon-list--layout-traditional elementor-list-item-link-full_width elementor-widget elementor-widget-icon-list\" data-id=\"64a71ae\" data-element_type=\"widget\" data-widget_type=\"icon-list.default\">\n\t\t\t\t<div class=\"elementor-widget-container\">\n\t\t\t\t\t\t\t<ul class=\"elementor-icon-list-items\">\n\t\t\t\t\t\t\t<li class=\"elementor-icon-list-item\">\n\t\t\t\t\t\t\t\t\t\t\t<span class=\"elementor-icon-list-icon\">\n\t\t\t\t\t\t\t<i aria-hidden=\"true\" class=\"fas fa-check\"><\/i>\t\t\t\t\t\t<\/span>\n\t\t\t\t\t\t\t\t\t\t<span class=\"elementor-icon-list-text\">Vorwaschen in Hei\u00dfwaschmittel<\/span>\n\t\t\t\t\t\t\t\t\t<\/li>\n\t\t\t\t\t\t\t\t<li class=\"elementor-icon-list-item\">\n\t\t\t\t\t\t\t\t\t\t\t<span class=\"elementor-icon-list-icon\">\n\t\t\t\t\t\t\t<i aria-hidden=\"true\" class=\"fas fa-check\"><\/i>\t\t\t\t\t\t<\/span>\n\t\t\t\t\t\t\t\t\t\t<span class=\"elementor-icon-list-text\">Ultraschallwaschen in hei\u00dfem Waschmittel<\/span>\n\t\t\t\t\t\t\t\t\t<\/li>\n\t\t\t\t\t\t\t\t<li class=\"elementor-icon-list-item\">\n\t\t\t\t\t\t\t\t\t\t\t<span class=\"elementor-icon-list-icon\">\n\t\t\t\t\t\t\t<i aria-hidden=\"true\" class=\"fas fa-check\"><\/i>\t\t\t\t\t\t<\/span>\n\t\t\t\t\t\t\t\t\t\t<span class=\"elementor-icon-list-text\">Sp\u00fclung in Einweg-Leitungswasser<\/span>\n\t\t\t\t\t\t\t\t\t<\/li>\n\t\t\t\t\t\t\t\t<li class=\"elementor-icon-list-item\">\n\t\t\t\t\t\t\t\t\t\t\t<span class=\"elementor-icon-list-icon\">\n\t\t\t\t\t\t\t<i aria-hidden=\"true\" class=\"fas fa-check\"><\/i>\t\t\t\t\t\t<\/span>\n\t\t\t\t\t\t\t\t\t\t<span class=\"elementor-icon-list-text\">Sp\u00fclen in aufbereitetem (demineralisiertem) Wasser<\/span>\n\t\t\t\t\t\t\t\t\t<\/li>\n\t\t\t\t\t\t\t\t<li class=\"elementor-icon-list-item\">\n\t\t\t\t\t\t\t\t\t\t\t<span class=\"elementor-icon-list-icon\">\n\t\t\t\t\t\t\t<i aria-hidden=\"true\" class=\"fas fa-check\"><\/i>\t\t\t\t\t\t<\/span>\n\t\t\t\t\t\t\t\t\t\t<span class=\"elementor-icon-list-text\">Schutz gegen Oxidation<\/span>\n\t\t\t\t\t\t\t\t\t<\/li>\n\t\t\t\t\t\t\t\t<li class=\"elementor-icon-list-item\">\n\t\t\t\t\t\t\t\t\t\t\t<span class=\"elementor-icon-list-icon\">\n\t\t\t\t\t\t\t<i aria-hidden=\"true\" class=\"fas fa-check\"><\/i>\t\t\t\t\t\t<\/span>\n\t\t\t\t\t\t\t\t\t\t<span class=\"elementor-icon-list-text\">Trocknen mit verschiedenen Systemen<\/span>\n\t\t\t\t\t\t\t\t\t<\/li>\n\t\t\t\t\t\t<\/ul>\n\t\t\t\t\t\t<\/div>\n\t\t\t\t<\/div>\n\t\t\t\t<\/div>\n\t\t<div class=\"elementor-element elementor-element-46745fe e-con-full e-flex e-con e-child\" data-id=\"46745fe\" data-element_type=\"container\">\n\t\t\t\t<div class=\"elementor-element elementor-element-f0f2a3a animated-slow elementor-widget elementor-widget-image\" data-id=\"f0f2a3a\" data-element_type=\"widget\" data-settings=\"{&quot;_animation&quot;:&quot;none&quot;}\" data-widget_type=\"image.default\">\n\t\t\t\t<div class=\"elementor-widget-container\">\n\t\t\t\t\t\t\t\t\t\t\t\t\t\t\t<img fetchpriority=\"high\" decoding=\"async\" width=\"800\" height=\"565\" src=\"https:\/\/ultrasuoni.pdr-server.it\/wp-content\/uploads\/MDV-150-6-AMF.jpg\" class=\"attachment-large size-large wp-image-1941\" alt=\"ciclo lavaggio ultrasuoni\" srcset=\"https:\/\/ultrasuoni.pdr-server.it\/wp-content\/uploads\/MDV-150-6-AMF.jpg 924w, https:\/\/ultrasuoni.pdr-server.it\/wp-content\/uploads\/MDV-150-6-AMF-300x212.jpg 300w, https:\/\/ultrasuoni.pdr-server.it\/wp-content\/uploads\/MDV-150-6-AMF-768x542.jpg 768w\" sizes=\"(max-width: 800px) 100vw, 800px\" \/>\t\t\t\t\t\t\t\t\t\t\t\t\t\t\t<\/div>\n\t\t\t\t<\/div>\n\t\t\t\t<\/div>\n\t\t\t\t<\/div>\n\t\t<div class=\"elementor-element elementor-element-b1e4eab e-con-full e-flex e-con e-parent\" data-id=\"b1e4eab\" data-element_type=\"container\" data-settings=\"{&quot;background_background&quot;:&quot;classic&quot;}\">\n\t\t<div class=\"elementor-element elementor-element-c6ddc79 e-con-full e-flex e-con e-child\" data-id=\"c6ddc79\" data-element_type=\"container\">\n\t\t\t\t<div class=\"elementor-element elementor-element-d1e33bf animated-slow elementor-widget elementor-widget-image\" data-id=\"d1e33bf\" data-element_type=\"widget\" data-settings=\"{&quot;_animation&quot;:&quot;none&quot;}\" data-widget_type=\"image.default\">\n\t\t\t\t<div class=\"elementor-widget-container\">\n\t\t\t\t\t\t\t\t\t\t\t\t\t\t\t<img decoding=\"async\" width=\"800\" height=\"674\" src=\"https:\/\/ultrasuoni.pdr-server.it\/wp-content\/uploads\/mes_deo_cop_chiuso-1024x863.jpg\" class=\"attachment-large size-large wp-image-1944\" alt=\"impianti di lavaggio ad ultrasuoni\" srcset=\"https:\/\/ultrasuoni.pdr-server.it\/wp-content\/uploads\/mes_deo_cop_chiuso-1024x863.jpg 1024w, https:\/\/ultrasuoni.pdr-server.it\/wp-content\/uploads\/mes_deo_cop_chiuso-300x253.jpg 300w, https:\/\/ultrasuoni.pdr-server.it\/wp-content\/uploads\/mes_deo_cop_chiuso-768x647.jpg 768w, https:\/\/ultrasuoni.pdr-server.it\/wp-content\/uploads\/mes_deo_cop_chiuso.jpg 1181w\" sizes=\"(max-width: 800px) 100vw, 800px\" \/>\t\t\t\t\t\t\t\t\t\t\t\t\t\t\t<\/div>\n\t\t\t\t<\/div>\n\t\t\t\t<\/div>\n\t\t<div class=\"elementor-element elementor-element-c10b22e e-con-full animated-slow e-flex e-con e-child\" data-id=\"c10b22e\" data-element_type=\"container\" data-settings=\"{&quot;animation&quot;:&quot;none&quot;}\">\n\t\t\t\t<div class=\"elementor-element elementor-element-e7cd9b9 elementor-widget__width-initial elementor-widget-tablet__width-inherit elementor-widget elementor-widget-text-editor\" data-id=\"e7cd9b9\" data-element_type=\"widget\" data-widget_type=\"text-editor.default\">\n\t\t\t\t<div class=\"elementor-widget-container\">\n\t\t\t\t\t\t\t\t\t<p>Sobald der Zyklus bestimmt ist, kann nach praktischen Simulationstests in unserem gro\u00dfen Labor, das mit allen Arten von Systemen ausgestattet ist, eine Entscheidung \u00fcber die m\u00f6gliche Automatisierung mit <a href=\"\/macchinari-lavaggio-ultrasuoni\/impianti-ultrasuoni-automatici\/\">verschiedenen<\/a> Arten von F\u00f6rderern, mit Br\u00fcckenkr\u00e4nen f\u00fcr sehr schwere K\u00f6rbe, Schritt f\u00fcr Schritt, <a href=\"\/macchinari-lavaggio-ultrasuoni\/impianti-ultrasuoni-robot\/\">mit agilen selbstlernenden Robotern<\/a>, mit <a href=\"\/macchinari-lavaggio-ultrasuoni\/impianti-ultrasuoni-automatici\/\">LIFTER-Systemen<\/a> getroffen werden.<\/p>\n<p>Die endg\u00fcltige Entscheidung wird erst dann getroffen, wenn alle m\u00f6glichen Pr\u00fcfungen, sowohl in Bezug auf die Ergebnisse als auch auf die Produktivit\u00e4t das Werk ohne \u00dcberraschungen sicher gemacht haben, mit der Berechnung des Verbrauchs und der Produktionskosten.<\/p>\n<p>MORONI ist auf der ganzen Welt mit Anlagen vertreten, die seit mehr als drei\u00dfig Jahren in Betrieb und immer auf dem neuesten Stand der Technik sind.<\/p>\n<p>Die gesamte Dokumentation f\u00fcr Ersatzteile, Schaltpl\u00e4ne und Funktionsdiagramme der Automatisierungsprogramme wird aufbewahrt.<\/p>\n<p>In den letzten Jahren hat sich unsere Forschung auf die Behandlung mit wasserbasierten Reinigungsmitteln konzentriert und wir k\u00f6nnen sagen, dass es heute kein Waschproblem mehr gibt, das nicht auf diese Weise gel\u00f6st werden kann.<br \/>Damit sind alle Behandlungen mit organischen L\u00f6sungsmitteln \u00fcberfl\u00fcssig geworden, die kostspielig, gef\u00e4hrlich und sch\u00e4dlich sind, und deren Auswirkungen auf das Personal und die Umwelt inzwischen gut dokumentiert sind.<\/p>\n\t\t\t\t\t\t\t\t<\/div>\n\t\t\t\t<\/div>\n\t\t\t\t<div class=\"elementor-element elementor-element-56e722a elementor-widget-divider--view-line elementor-widget elementor-widget-divider\" data-id=\"56e722a\" data-element_type=\"widget\" data-widget_type=\"divider.default\">\n\t\t\t\t<div class=\"elementor-widget-container\">\n\t\t\t\t\t\t\t<div class=\"elementor-divider\">\n\t\t\t<span class=\"elementor-divider-separator\">\n\t\t\t\t\t\t<\/span>\n\t\t<\/div>\n\t\t\t\t\t\t<\/div>\n\t\t\t\t<\/div>\n\t\t\t\t<div class=\"elementor-element elementor-element-ce7ccf9 elementor-widget__width-initial elementor-widget-tablet__width-inherit elementor-widget elementor-widget-text-editor\" data-id=\"ce7ccf9\" data-element_type=\"widget\" data-widget_type=\"text-editor.default\">\n\t\t\t\t<div class=\"elementor-widget-container\">\n\t\t\t\t\t\t\t\t\t<p><strong>Wenn Sie sich an Ultrasuoni Moroni wenden, kaufen Sie vielleicht nicht die Anlage, aber Sie k\u00f6nnen sicher sein, dass Sie den korrektesten und sachlichsten Rat erhalten, wie Ihr Ultraschallreinigungsproblem angegangen werden sollte.<\/strong><\/p>\t\t\t\t\t\t\t\t<\/div>\n\t\t\t\t<\/div>\n\t\t\t\t<div class=\"elementor-element elementor-element-a427451 elementor-widget elementor-widget-button\" data-id=\"a427451\" data-element_type=\"widget\" data-widget_type=\"button.default\">\n\t\t\t\t<div class=\"elementor-widget-container\">\n\t\t\t\t\t\t\t\t\t<div class=\"elementor-button-wrapper\">\n\t\t\t\t\t<a class=\"elementor-button elementor-button-link elementor-size-lg\" href=\"#contattaci\">\n\t\t\t\t\t\t<span class=\"elementor-button-content-wrapper\">\n\t\t\t\t\t\t\t\t\t<span class=\"elementor-button-text\">Kontaktiere uns<\/span>\n\t\t\t\t\t<\/span>\n\t\t\t\t\t<\/a>\n\t\t\t\t<\/div>\n\t\t\t\t\t\t\t\t<\/div>\n\t\t\t\t<\/div>\n\t\t\t\t<\/div>\n\t\t\t\t<\/div>\n\t\t\t\t<\/div>\n\t\t","protected":false},"excerpt":{"rendered":"<p>Ultrasuoni Moroni seit 1963 Ultrasuoni Moroni stellt Ultraschall-Waschanlagen seit 1963 her. Sie hat alle Technologien der Branche \u00fcbernommen: von Rotationsgeneratoren \u00fcber solche mit SCR bis hin zu den heutigen Generatoren mit IGBT, von magnetostriktiven Schwingern bis hin zu den neuesten piezoelektrischen Elementen, die gesinterte Keramikmaterialien aus Blei- und Barium-Titanat und -Zirkonat verwenden. Damit ist ein [&hellip;]<\/p>\n","protected":false},"author":1,"featured_media":0,"parent":0,"menu_order":0,"comment_status":"closed","ping_status":"closed","template":"","meta":{"footnotes":""},"class_list":["post-3138","page","type-page","status-publish","hentry"],"_links":{"self":[{"href":"https:\/\/ultrasuoni.pdr-server.it\/de\/wp-json\/wp\/v2\/pages\/3138","targetHints":{"allow":["GET"]}}],"collection":[{"href":"https:\/\/ultrasuoni.pdr-server.it\/de\/wp-json\/wp\/v2\/pages"}],"about":[{"href":"https:\/\/ultrasuoni.pdr-server.it\/de\/wp-json\/wp\/v2\/types\/page"}],"author":[{"embeddable":true,"href":"https:\/\/ultrasuoni.pdr-server.it\/de\/wp-json\/wp\/v2\/users\/1"}],"replies":[{"embeddable":true,"href":"https:\/\/ultrasuoni.pdr-server.it\/de\/wp-json\/wp\/v2\/comments?post=3138"}],"version-history":[{"count":6,"href":"https:\/\/ultrasuoni.pdr-server.it\/de\/wp-json\/wp\/v2\/pages\/3138\/revisions"}],"predecessor-version":[{"id":6496,"href":"https:\/\/ultrasuoni.pdr-server.it\/de\/wp-json\/wp\/v2\/pages\/3138\/revisions\/6496"}],"wp:attachment":[{"href":"https:\/\/ultrasuoni.pdr-server.it\/de\/wp-json\/wp\/v2\/media?parent=3138"}],"curies":[{"name":"wp","href":"https:\/\/api.w.org\/{rel}","templated":true}]}}